{"id":1896,"date":"2017-03-02T12:25:11","date_gmt":"2017-03-02T11:25:11","guid":{"rendered":"https:\/\/comvote-eveyikli.savviihq.com\/verhuur\/"},"modified":"2020-11-19T14:15:21","modified_gmt":"2020-11-19T13:15:21","slug":"miete","status":"publish","type":"page","link":"https:\/\/www.votex-bison.com\/de\/miete\/","title":{"rendered":"Miet-Stapler"},"content":{"rendered":"<div class=\"wpb-content-wrapper\"><p>[vc_row][vc_column width=&#8220;1\/2&#8243; text_align=&#8220;justify&#8220;][vc_column_text]Votex Bison\u00a0h\u00e4lt einige\u00a0Ger\u00e4ten f\u00fcr Kurz- und Langzeitmieten bereit gegen attraktiven Preisen!<br \/>\nIn Zusammenarbeit mit unseren zuverl\u00e4ssigen H\u00e4ndlernetz k\u00f6nnen wir in ganz Europa eine geeignete L\u00f6sung bieten.<\/p>\n<p>Ger\u00e4te k\u00f6nnen ab vier Wochen bis zu einer unbegrenzten Dauer gemietet\u00a0 werden.[\/vc_column_text][vc_btn title=&#8220;Kontakt&#8220; color=&#8220;danger&#8220; css_animation=&#8220;bounceIn&#8220; link=&#8220;url:https%3A%2F%2Fvotex-bison.com%2Fde%2Fcontact-votex-bison%2F||target:%20_blank|&#8220;][\/vc_column][vc_column width=&#8220;1\/2&#8243;][vc_gallery type=&#8220;image_grid&#8220; images=&#8220;6561,6416,5906,5912,2326,5872,1733,1240,6360&#8243;][\/vc_column][\/vc_row][vc_row][vc_column][\/vc_column][\/vc_row]<\/p>\n<\/div>","protected":false},"excerpt":{"rendered":"<p>[vc_row][vc_column width=&#8220;1\/2&#8243; text_align=&#8220;justify&#8220;][vc_column_text]Votex Bison\u00a0h\u00e4lt einige\u00a0Ger\u00e4ten f\u00fcr Kurz- und Langzeitmieten bereit gegen attraktiven Preisen! In Zusammenarbeit mit unseren zuverl\u00e4ssigen H\u00e4ndlernetz k\u00f6nnen wir in ganz Europa eine geeignete L\u00f6sung bieten. Ger\u00e4te k\u00f6nnen ab vier Wochen bis zu einer unbegrenzten Dauer gemietet\u00a0 werden.[\/vc_column_text][vc_btn title=&#8220;Kontakt&#8220; color=&#8220;danger&#8220; css_animation=&#8220;bounceIn&#8220; link=&#8220;url:https%3A%2F%2Fvotex-bison.com%2Fde%2Fcontact-votex-bison%2F||target:%20_blank|&#8220;][\/vc_column][vc_column width=&#8220;1\/2&#8243;][vc_gallery type=&#8220;image_grid&#8220; images=&#8220;6561,6416,5906,5912,2326,5872,1733,1240,6360&#8243;][\/vc_column][\/vc_row][vc_row][vc_column][\/vc_column][\/vc_row]<\/p>\n","protected":false},"author":2,"featured_media":0,"parent":0,"menu_order":0,"comment_status":"closed","ping_status":"closed","template":"","meta":{"footnotes":""},"class_list":["post-1896","page","type-page","status-publish","hentry"],"yoast_head":"<!-- This site is optimized with the Yoast SEO plugin v27.4 - https:\/\/yoast.com\/product\/yoast-seo-wordpress\/ -->\n<title>Miet-Stapler - Votex Bison<\/title>\n<meta name=\"description\" content=\"Votex Bison h\u00e4lt einige Ger\u00e4ten f\u00fcr Kurz- und Langzeitmieten bereit gegen attraktiven Preisen!In Zusammenarbeit mit unseren zuverl\u00e4ssigen H\u00e4ndlernetz k\u00f6nnen wir in ganz Europa eine geeignete L\u00f6sung bieten.Ger\u00e4te k\u00f6nnen ab vier Wochen bis zu einer unbegrenzten Dauer gemietet werden.\" \/>\n<meta name=\"robots\" content=\"index, follow, max-snippet:-1, max-image-preview:large, max-video-preview:-1\" \/>\n<link rel=\"canonical\" href=\"https:\/\/www.votex-bison.com\/de\/miete\/\" \/>\n<meta property=\"og:locale\" content=\"de_DE\" \/>\n<meta property=\"og:type\" content=\"article\" \/>\n<meta property=\"og:title\" content=\"Miet-Stapler - Votex Bison\" \/>\n<meta property=\"og:description\" content=\"Votex Bison h\u00e4lt einige Ger\u00e4ten f\u00fcr Kurz- und Langzeitmieten bereit gegen attraktiven Preisen!In Zusammenarbeit mit unseren zuverl\u00e4ssigen H\u00e4ndlernetz k\u00f6nnen wir in ganz Europa eine geeignete L\u00f6sung bieten.Ger\u00e4te k\u00f6nnen ab vier Wochen bis zu einer unbegrenzten Dauer gemietet werden.\" \/>\n<meta property=\"og:url\" content=\"https:\/\/www.votex-bison.com\/de\/miete\/\" \/>\n<meta property=\"og:site_name\" content=\"Votex Bison\" \/>\n<meta property=\"article:publisher\" content=\"https:\/\/www.facebook.com\/votexbison\/\" \/>\n<meta property=\"article:modified_time\" content=\"2020-11-19T13:15:21+00:00\" \/>\n<meta name=\"twitter:card\" content=\"summary_large_image\" \/>\n<meta name=\"twitter:site\" content=\"@votexbison\" \/>\n<meta name=\"twitter:label1\" content=\"Gesch\u00e4tzte Lesezeit\" \/>\n\t<meta name=\"twitter:data1\" content=\"1\u00a0Minute\" \/>\n<script type=\"application\/ld+json\" class=\"yoast-schema-graph\">{\"@context\":\"https:\\\/\\\/schema.org\",\"@graph\":[{\"@type\":\"WebPage\",\"@id\":\"https:\\\/\\\/www.votex-bison.com\\\/de\\\/miete\\\/\",\"url\":\"https:\\\/\\\/www.votex-bison.com\\\/de\\\/miete\\\/\",\"name\":\"Miet-Stapler - Votex Bison\",\"isPartOf\":{\"@id\":\"https:\\\/\\\/www.votex-bison.com\\\/#website\"},\"datePublished\":\"2017-03-02T11:25:11+00:00\",\"dateModified\":\"2020-11-19T13:15:21+00:00\",\"description\":\"Votex Bison h\u00e4lt einige Ger\u00e4ten f\u00fcr Kurz- und Langzeitmieten bereit gegen attraktiven Preisen!In Zusammenarbeit mit unseren zuverl\u00e4ssigen H\u00e4ndlernetz k\u00f6nnen wir in ganz Europa eine geeignete L\u00f6sung bieten.Ger\u00e4te k\u00f6nnen ab vier Wochen bis zu einer unbegrenzten Dauer gemietet werden.\",\"breadcrumb\":{\"@id\":\"https:\\\/\\\/www.votex-bison.com\\\/de\\\/miete\\\/#breadcrumb\"},\"inLanguage\":\"de\",\"potentialAction\":[{\"@type\":\"ReadAction\",\"target\":[\"https:\\\/\\\/www.votex-bison.com\\\/de\\\/miete\\\/\"]}]},{\"@type\":\"BreadcrumbList\",\"@id\":\"https:\\\/\\\/www.votex-bison.com\\\/de\\\/miete\\\/#breadcrumb\",\"itemListElement\":[{\"@type\":\"ListItem\",\"position\":1,\"name\":\"Home\",\"item\":\"https:\\\/\\\/www.votex-bison.com\\\/de\\\/\"},{\"@type\":\"ListItem\",\"position\":2,\"name\":\"Miet-Stapler\"}]},{\"@type\":\"WebSite\",\"@id\":\"https:\\\/\\\/www.votex-bison.com\\\/#website\",\"url\":\"https:\\\/\\\/www.votex-bison.com\\\/\",\"name\":\"Votex Bison\",\"description\":\"The power of perfection\",\"publisher\":{\"@id\":\"https:\\\/\\\/www.votex-bison.com\\\/#organization\"},\"potentialAction\":[{\"@type\":\"SearchAction\",\"target\":{\"@type\":\"EntryPoint\",\"urlTemplate\":\"https:\\\/\\\/www.votex-bison.com\\\/?s={search_term_string}\"},\"query-input\":{\"@type\":\"PropertyValueSpecification\",\"valueRequired\":true,\"valueName\":\"search_term_string\"}}],\"inLanguage\":\"de\"},{\"@type\":\"Organization\",\"@id\":\"https:\\\/\\\/www.votex-bison.com\\\/#organization\",\"name\":\"Votex Bison\",\"url\":\"https:\\\/\\\/www.votex-bison.com\\\/\",\"logo\":{\"@type\":\"ImageObject\",\"inLanguage\":\"de\",\"@id\":\"https:\\\/\\\/www.votex-bison.com\\\/#\\\/schema\\\/logo\\\/image\\\/\",\"url\":\"https:\\\/\\\/comvote-eveyikli.savviihq.com\\\/wp-content\\\/uploads\\\/2017\\\/02\\\/logo-votex-bison.jpg\",\"contentUrl\":\"https:\\\/\\\/comvote-eveyikli.savviihq.com\\\/wp-content\\\/uploads\\\/2017\\\/02\\\/logo-votex-bison.jpg\",\"width\":352,\"height\":144,\"caption\":\"Votex Bison\"},\"image\":{\"@id\":\"https:\\\/\\\/www.votex-bison.com\\\/#\\\/schema\\\/logo\\\/image\\\/\"},\"sameAs\":[\"https:\\\/\\\/www.facebook.com\\\/votexbison\\\/\",\"https:\\\/\\\/x.com\\\/votexbison\",\"https:\\\/\\\/www.linkedin.com\\\/company\\\/votex-bison-material-handling-b-v-\",\"https:\\\/\\\/www.youtube.com\\\/user\\\/VotexBison\"]}]}<\/script>\n<!-- \/ Yoast SEO plugin. -->","yoast_head_json":{"title":"Miet-Stapler - Votex Bison","description":"Votex Bison h\u00e4lt einige Ger\u00e4ten f\u00fcr Kurz- und Langzeitmieten bereit gegen attraktiven Preisen!In Zusammenarbeit mit unseren zuverl\u00e4ssigen H\u00e4ndlernetz k\u00f6nnen wir in ganz Europa eine geeignete L\u00f6sung bieten.Ger\u00e4te k\u00f6nnen ab vier Wochen bis zu einer unbegrenzten Dauer gemietet werden.","robots":{"index":"index","follow":"follow","max-snippet":"max-snippet:-1","max-image-preview":"max-image-preview:large","max-video-preview":"max-video-preview:-1"},"canonical":"https:\/\/www.votex-bison.com\/de\/miete\/","og_locale":"de_DE","og_type":"article","og_title":"Miet-Stapler - Votex Bison","og_description":"Votex Bison h\u00e4lt einige Ger\u00e4ten f\u00fcr Kurz- und Langzeitmieten bereit gegen attraktiven Preisen!In Zusammenarbeit mit unseren zuverl\u00e4ssigen H\u00e4ndlernetz k\u00f6nnen wir in ganz Europa eine geeignete L\u00f6sung bieten.Ger\u00e4te k\u00f6nnen ab vier Wochen bis zu einer unbegrenzten Dauer gemietet werden.","og_url":"https:\/\/www.votex-bison.com\/de\/miete\/","og_site_name":"Votex Bison","article_publisher":"https:\/\/www.facebook.com\/votexbison\/","article_modified_time":"2020-11-19T13:15:21+00:00","twitter_card":"summary_large_image","twitter_site":"@votexbison","twitter_misc":{"Gesch\u00e4tzte Lesezeit":"1\u00a0Minute"},"schema":{"@context":"https:\/\/schema.org","@graph":[{"@type":"WebPage","@id":"https:\/\/www.votex-bison.com\/de\/miete\/","url":"https:\/\/www.votex-bison.com\/de\/miete\/","name":"Miet-Stapler - Votex Bison","isPartOf":{"@id":"https:\/\/www.votex-bison.com\/#website"},"datePublished":"2017-03-02T11:25:11+00:00","dateModified":"2020-11-19T13:15:21+00:00","description":"Votex Bison h\u00e4lt einige Ger\u00e4ten f\u00fcr Kurz- und Langzeitmieten bereit gegen attraktiven Preisen!In Zusammenarbeit mit unseren zuverl\u00e4ssigen H\u00e4ndlernetz k\u00f6nnen wir in ganz Europa eine geeignete L\u00f6sung bieten.Ger\u00e4te k\u00f6nnen ab vier Wochen bis zu einer unbegrenzten Dauer gemietet werden.","breadcrumb":{"@id":"https:\/\/www.votex-bison.com\/de\/miete\/#breadcrumb"},"inLanguage":"de","potentialAction":[{"@type":"ReadAction","target":["https:\/\/www.votex-bison.com\/de\/miete\/"]}]},{"@type":"BreadcrumbList","@id":"https:\/\/www.votex-bison.com\/de\/miete\/#breadcrumb","itemListElement":[{"@type":"ListItem","position":1,"name":"Home","item":"https:\/\/www.votex-bison.com\/de\/"},{"@type":"ListItem","position":2,"name":"Miet-Stapler"}]},{"@type":"WebSite","@id":"https:\/\/www.votex-bison.com\/#website","url":"https:\/\/www.votex-bison.com\/","name":"Votex Bison","description":"The power of perfection","publisher":{"@id":"https:\/\/www.votex-bison.com\/#organization"},"potentialAction":[{"@type":"SearchAction","target":{"@type":"EntryPoint","urlTemplate":"https:\/\/www.votex-bison.com\/?s={search_term_string}"},"query-input":{"@type":"PropertyValueSpecification","valueRequired":true,"valueName":"search_term_string"}}],"inLanguage":"de"},{"@type":"Organization","@id":"https:\/\/www.votex-bison.com\/#organization","name":"Votex Bison","url":"https:\/\/www.votex-bison.com\/","logo":{"@type":"ImageObject","inLanguage":"de","@id":"https:\/\/www.votex-bison.com\/#\/schema\/logo\/image\/","url":"https:\/\/comvote-eveyikli.savviihq.com\/wp-content\/uploads\/2017\/02\/logo-votex-bison.jpg","contentUrl":"https:\/\/comvote-eveyikli.savviihq.com\/wp-content\/uploads\/2017\/02\/logo-votex-bison.jpg","width":352,"height":144,"caption":"Votex Bison"},"image":{"@id":"https:\/\/www.votex-bison.com\/#\/schema\/logo\/image\/"},"sameAs":["https:\/\/www.facebook.com\/votexbison\/","https:\/\/x.com\/votexbison","https:\/\/www.linkedin.com\/company\/votex-bison-material-handling-b-v-","https:\/\/www.youtube.com\/user\/VotexBison"]}]}},"_links":{"self":[{"href":"https:\/\/www.votex-bison.com\/de\/wp-json\/wp\/v2\/pages\/1896","targetHints":{"allow":["GET"]}}],"collection":[{"href":"https:\/\/www.votex-bison.com\/de\/wp-json\/wp\/v2\/pages"}],"about":[{"href":"https:\/\/www.votex-bison.com\/de\/wp-json\/wp\/v2\/types\/page"}],"author":[{"embeddable":true,"href":"https:\/\/www.votex-bison.com\/de\/wp-json\/wp\/v2\/users\/2"}],"replies":[{"embeddable":true,"href":"https:\/\/www.votex-bison.com\/de\/wp-json\/wp\/v2\/comments?post=1896"}],"version-history":[{"count":5,"href":"https:\/\/www.votex-bison.com\/de\/wp-json\/wp\/v2\/pages\/1896\/revisions"}],"predecessor-version":[{"id":8122,"href":"https:\/\/www.votex-bison.com\/de\/wp-json\/wp\/v2\/pages\/1896\/revisions\/8122"}],"wp:attachment":[{"href":"https:\/\/www.votex-bison.com\/de\/wp-json\/wp\/v2\/media?parent=1896"}],"curies":[{"name":"wp","href":"https:\/\/api.w.org\/{rel}","templated":true}]}}