{"id":1919,"date":"2017-03-02T12:33:09","date_gmt":"2017-03-02T11:33:09","guid":{"rendered":"https:\/\/comvote-eveyikli.savviihq.com\/staal\/"},"modified":"2025-02-28T21:30:10","modified_gmt":"2025-02-28T20:30:10","slug":"stahl","status":"publish","type":"page","link":"https:\/\/www.votex-bison.com\/de\/branchen\/stahl\/","title":{"rendered":"Stahlindustrie"},"content":{"rendered":"<div class=\"wpb-content-wrapper\"><p>[vc_row][vc_column width=&#8220;1\/2&#8243; text_align=&#8220;justify&#8220;][vc_column_text css=&#8220;&#8220; css_params=&#8220;&#8220;]<\/p>\n<h3 data-start=\"51\" data-end=\"128\"><strong data-start=\"55\" data-end=\"126\">VOTEX BISON, BULMOR &amp; MKF \u2013 ELEKTRISCHE POWER F\u00dcR MAXIMALE LEISTUNG<\/strong><\/h3>\n<p data-start=\"130\" data-end=\"418\">Nachhaltig, kraftvoll und emissionsfrei \u2013 mit den elektrischen Seitenstaplern und Kompaktstaplern von <strong data-start=\"232\" data-end=\"263\">Votex Bison, Bulmor und MKF<\/strong> optimieren Sie Ihre innerbetriebliche Logistik auf h\u00f6chstem Niveau. <strong data-start=\"332\" data-end=\"416\">Keine Emissionen, keine Kraftstoffkosten \u2013 aber maximale Effizienz und Leistung!<\/strong><\/p>\n<p data-start=\"420\" data-end=\"681\">W\u00e4hlen Sie die passende Energiequelle f\u00fcr Ihren Betrieb:<br data-start=\"476\" data-end=\"479\" \/>\u2714 <strong data-start=\"481\" data-end=\"518\">Zuverl\u00e4ssige Blei-S\u00e4ure-Batterien<\/strong> \u2013 bew\u00e4hrte Technologie, kosteneffizient und robust.<br data-start=\"570\" data-end=\"573\" \/>\u2714 <strong data-start=\"575\" data-end=\"607\">Innovative Lithium-Batterien<\/strong> \u2013 k\u00fcrzere Ladezeiten, l\u00e4ngere Lebensdauer und h\u00f6chste Energieeffizienz.<\/p>\n<p data-start=\"683\" data-end=\"969\">Dank <strong data-start=\"688\" data-end=\"740\">leistungsstarker 80V AC-, 96V- oder 640V-Motoren<\/strong> und gro\u00dfz\u00fcgiger Batteriekapazit\u00e4ten bieten unsere Maschinen lange Einsatzzeiten und h\u00f6chste Produktivit\u00e4t.<br \/>\nMit <strong data-start=\"852\" data-end=\"886\">elektrischen Transportl\u00f6sungen<\/strong> reduzieren Sie Ausfallzeiten, senken Betriebskosten und steigern Ihre Effizienz.<\/p>\n<p data-start=\"971\" data-end=\"1122\"> <strong data-start=\"974\" data-end=\"1011\">100 % elektrisch \u2013 0 % Emissionen<\/strong><br data-start=\"1011\" data-end=\"1014\" \/> <strong data-start=\"1017\" data-end=\"1063\">Geringe Wartungskosten &amp; maximale Leistung<\/strong><br data-start=\"1063\" data-end=\"1066\" \/> <strong data-start=\"1069\" data-end=\"1120\">Ausgestattet mit modernster Batterietechnologie<\/strong><\/p>\n<p data-start=\"1124\" data-end=\"1251\">Steigen Sie um auf die Zukunft der innerbetrieblichen Logistik.<br \/>\n<strong data-start=\"1188\" data-end=\"1249\">Setzen Sie auf die Power von Votex Bison, Bulmor und MKF!<\/strong><\/p>\n<p>[\/vc_column_text][vc_btn title=&#8220;Produkte anzeigen&#8220; style=&#8220;flat&#8220; color=&#8220;green&#8220; css_animation=&#8220;bounceInDown&#8220; link=&#8220;url:https%3A%2F%2Fvotex-bison.com%2Fde%2Fprodukte%2F||target:%20_blank|&#8220;][\/vc_column][vc_column width=&#8220;1\/2&#8243;][vc_gallery type=&#8220;image_grid&#8220; images=&#8220;1688,1625,1670,5288,6190,9718&#8243; css=&#8220;&#8220; css_params=&#8220;&#8220;][\/vc_column][\/vc_row]<\/p>\n<\/div>","protected":false},"excerpt":{"rendered":"<p>[vc_row][vc_column width=&#8220;1\/2&#8243; text_align=&#8220;justify&#8220;][vc_column_text css=&#8220;&#8220; css_params=&#8220;&#8220;] VOTEX BISON, BULMOR &amp; MKF \u2013 ELEKTRISCHE POWER F\u00dcR MAXIMALE LEISTUNG Nachhaltig, kraftvoll und emissionsfrei \u2013 mit den elektrischen Seitenstaplern und Kompaktstaplern von Votex Bison, Bulmor und MKF optimieren Sie Ihre innerbetriebliche Logistik auf h\u00f6chstem Niveau. Keine Emissionen, keine Kraftstoffkosten \u2013 aber maximale Effizienz und Leistung! W\u00e4hlen Sie die passende [&hellip;]<\/p>\n","protected":false},"author":2,"featured_media":0,"parent":1941,"menu_order":0,"comment_status":"closed","ping_status":"closed","template":"","meta":{"footnotes":""},"class_list":["post-1919","page","type-page","status-publish","hentry"],"yoast_head":"<!-- This site is optimized with the Yoast SEO plugin v27.4 - https:\/\/yoast.com\/product\/yoast-seo-wordpress\/ -->\n<title>Votex Bison Material Handling B.V. in der stahlindustrie<\/title>\n<meta name=\"description\" content=\"Votex Bison Elektro 4 Wege Seitenstapler in der Stahlindustrie ohne Abgase, werden die Arbeitsumgebung nicht mit CO-Emissionen verunreinigt.\" \/>\n<meta name=\"robots\" content=\"index, follow, max-snippet:-1, max-image-preview:large, max-video-preview:-1\" \/>\n<link rel=\"canonical\" href=\"https:\/\/www.votex-bison.com\/de\/branchen\/stahl\/\" \/>\n<meta property=\"og:locale\" content=\"de_DE\" \/>\n<meta property=\"og:type\" content=\"article\" \/>\n<meta property=\"og:title\" content=\"Votex Bison Material Handling B.V. in der stahlindustrie\" \/>\n<meta property=\"og:description\" content=\"Votex Bison Elektro 4 Wege Seitenstapler in der Stahlindustrie ohne Abgase, werden die Arbeitsumgebung nicht mit CO-Emissionen verunreinigt.\" \/>\n<meta property=\"og:url\" content=\"https:\/\/www.votex-bison.com\/de\/branchen\/stahl\/\" \/>\n<meta property=\"og:site_name\" content=\"Votex Bison\" \/>\n<meta property=\"article:publisher\" content=\"https:\/\/www.facebook.com\/votexbison\/\" \/>\n<meta property=\"article:modified_time\" content=\"2025-02-28T20:30:10+00:00\" \/>\n<meta name=\"twitter:card\" content=\"summary_large_image\" \/>\n<meta name=\"twitter:site\" content=\"@votexbison\" \/>\n<meta name=\"twitter:label1\" content=\"Gesch\u00e4tzte Lesezeit\" \/>\n\t<meta name=\"twitter:data1\" content=\"2\u00a0Minuten\" \/>\n<script type=\"application\/ld+json\" class=\"yoast-schema-graph\">{\"@context\":\"https:\\\/\\\/schema.org\",\"@graph\":[{\"@type\":\"WebPage\",\"@id\":\"https:\\\/\\\/www.votex-bison.com\\\/de\\\/branchen\\\/stahl\\\/\",\"url\":\"https:\\\/\\\/www.votex-bison.com\\\/de\\\/branchen\\\/stahl\\\/\",\"name\":\"Votex Bison Material Handling B.V. in der stahlindustrie\",\"isPartOf\":{\"@id\":\"https:\\\/\\\/www.votex-bison.com\\\/#website\"},\"datePublished\":\"2017-03-02T11:33:09+00:00\",\"dateModified\":\"2025-02-28T20:30:10+00:00\",\"description\":\"Votex Bison Elektro 4 Wege Seitenstapler in der Stahlindustrie ohne Abgase, werden die Arbeitsumgebung nicht mit CO-Emissionen verunreinigt.\",\"breadcrumb\":{\"@id\":\"https:\\\/\\\/www.votex-bison.com\\\/de\\\/branchen\\\/stahl\\\/#breadcrumb\"},\"inLanguage\":\"de\",\"potentialAction\":[{\"@type\":\"ReadAction\",\"target\":[\"https:\\\/\\\/www.votex-bison.com\\\/de\\\/branchen\\\/stahl\\\/\"]}]},{\"@type\":\"BreadcrumbList\",\"@id\":\"https:\\\/\\\/www.votex-bison.com\\\/de\\\/branchen\\\/stahl\\\/#breadcrumb\",\"itemListElement\":[{\"@type\":\"ListItem\",\"position\":1,\"name\":\"Home\",\"item\":\"https:\\\/\\\/www.votex-bison.com\\\/de\\\/\"},{\"@type\":\"ListItem\",\"position\":2,\"name\":\"Branchen\",\"item\":\"https:\\\/\\\/www.votex-bison.com\\\/de\\\/branchen\\\/\"},{\"@type\":\"ListItem\",\"position\":3,\"name\":\"Stahlindustrie\"}]},{\"@type\":\"WebSite\",\"@id\":\"https:\\\/\\\/www.votex-bison.com\\\/#website\",\"url\":\"https:\\\/\\\/www.votex-bison.com\\\/\",\"name\":\"Votex Bison\",\"description\":\"The power of perfection\",\"publisher\":{\"@id\":\"https:\\\/\\\/www.votex-bison.com\\\/#organization\"},\"potentialAction\":[{\"@type\":\"SearchAction\",\"target\":{\"@type\":\"EntryPoint\",\"urlTemplate\":\"https:\\\/\\\/www.votex-bison.com\\\/?s={search_term_string}\"},\"query-input\":{\"@type\":\"PropertyValueSpecification\",\"valueRequired\":true,\"valueName\":\"search_term_string\"}}],\"inLanguage\":\"de\"},{\"@type\":\"Organization\",\"@id\":\"https:\\\/\\\/www.votex-bison.com\\\/#organization\",\"name\":\"Votex Bison\",\"url\":\"https:\\\/\\\/www.votex-bison.com\\\/\",\"logo\":{\"@type\":\"ImageObject\",\"inLanguage\":\"de\",\"@id\":\"https:\\\/\\\/www.votex-bison.com\\\/#\\\/schema\\\/logo\\\/image\\\/\",\"url\":\"https:\\\/\\\/comvote-eveyikli.savviihq.com\\\/wp-content\\\/uploads\\\/2017\\\/02\\\/logo-votex-bison.jpg\",\"contentUrl\":\"https:\\\/\\\/comvote-eveyikli.savviihq.com\\\/wp-content\\\/uploads\\\/2017\\\/02\\\/logo-votex-bison.jpg\",\"width\":352,\"height\":144,\"caption\":\"Votex Bison\"},\"image\":{\"@id\":\"https:\\\/\\\/www.votex-bison.com\\\/#\\\/schema\\\/logo\\\/image\\\/\"},\"sameAs\":[\"https:\\\/\\\/www.facebook.com\\\/votexbison\\\/\",\"https:\\\/\\\/x.com\\\/votexbison\",\"https:\\\/\\\/www.linkedin.com\\\/company\\\/votex-bison-material-handling-b-v-\",\"https:\\\/\\\/www.youtube.com\\\/user\\\/VotexBison\"]}]}<\/script>\n<!-- \/ Yoast SEO plugin. -->","yoast_head_json":{"title":"Votex Bison Material Handling B.V. in der stahlindustrie","description":"Votex Bison Elektro 4 Wege Seitenstapler in der Stahlindustrie ohne Abgase, werden die Arbeitsumgebung nicht mit CO-Emissionen verunreinigt.","robots":{"index":"index","follow":"follow","max-snippet":"max-snippet:-1","max-image-preview":"max-image-preview:large","max-video-preview":"max-video-preview:-1"},"canonical":"https:\/\/www.votex-bison.com\/de\/branchen\/stahl\/","og_locale":"de_DE","og_type":"article","og_title":"Votex Bison Material Handling B.V. in der stahlindustrie","og_description":"Votex Bison Elektro 4 Wege Seitenstapler in der Stahlindustrie ohne Abgase, werden die Arbeitsumgebung nicht mit CO-Emissionen verunreinigt.","og_url":"https:\/\/www.votex-bison.com\/de\/branchen\/stahl\/","og_site_name":"Votex Bison","article_publisher":"https:\/\/www.facebook.com\/votexbison\/","article_modified_time":"2025-02-28T20:30:10+00:00","twitter_card":"summary_large_image","twitter_site":"@votexbison","twitter_misc":{"Gesch\u00e4tzte Lesezeit":"2\u00a0Minuten"},"schema":{"@context":"https:\/\/schema.org","@graph":[{"@type":"WebPage","@id":"https:\/\/www.votex-bison.com\/de\/branchen\/stahl\/","url":"https:\/\/www.votex-bison.com\/de\/branchen\/stahl\/","name":"Votex Bison Material Handling B.V. in der stahlindustrie","isPartOf":{"@id":"https:\/\/www.votex-bison.com\/#website"},"datePublished":"2017-03-02T11:33:09+00:00","dateModified":"2025-02-28T20:30:10+00:00","description":"Votex Bison Elektro 4 Wege Seitenstapler in der Stahlindustrie ohne Abgase, werden die Arbeitsumgebung nicht mit CO-Emissionen verunreinigt.","breadcrumb":{"@id":"https:\/\/www.votex-bison.com\/de\/branchen\/stahl\/#breadcrumb"},"inLanguage":"de","potentialAction":[{"@type":"ReadAction","target":["https:\/\/www.votex-bison.com\/de\/branchen\/stahl\/"]}]},{"@type":"BreadcrumbList","@id":"https:\/\/www.votex-bison.com\/de\/branchen\/stahl\/#breadcrumb","itemListElement":[{"@type":"ListItem","position":1,"name":"Home","item":"https:\/\/www.votex-bison.com\/de\/"},{"@type":"ListItem","position":2,"name":"Branchen","item":"https:\/\/www.votex-bison.com\/de\/branchen\/"},{"@type":"ListItem","position":3,"name":"Stahlindustrie"}]},{"@type":"WebSite","@id":"https:\/\/www.votex-bison.com\/#website","url":"https:\/\/www.votex-bison.com\/","name":"Votex Bison","description":"The power of perfection","publisher":{"@id":"https:\/\/www.votex-bison.com\/#organization"},"potentialAction":[{"@type":"SearchAction","target":{"@type":"EntryPoint","urlTemplate":"https:\/\/www.votex-bison.com\/?s={search_term_string}"},"query-input":{"@type":"PropertyValueSpecification","valueRequired":true,"valueName":"search_term_string"}}],"inLanguage":"de"},{"@type":"Organization","@id":"https:\/\/www.votex-bison.com\/#organization","name":"Votex Bison","url":"https:\/\/www.votex-bison.com\/","logo":{"@type":"ImageObject","inLanguage":"de","@id":"https:\/\/www.votex-bison.com\/#\/schema\/logo\/image\/","url":"https:\/\/comvote-eveyikli.savviihq.com\/wp-content\/uploads\/2017\/02\/logo-votex-bison.jpg","contentUrl":"https:\/\/comvote-eveyikli.savviihq.com\/wp-content\/uploads\/2017\/02\/logo-votex-bison.jpg","width":352,"height":144,"caption":"Votex Bison"},"image":{"@id":"https:\/\/www.votex-bison.com\/#\/schema\/logo\/image\/"},"sameAs":["https:\/\/www.facebook.com\/votexbison\/","https:\/\/x.com\/votexbison","https:\/\/www.linkedin.com\/company\/votex-bison-material-handling-b-v-","https:\/\/www.youtube.com\/user\/VotexBison"]}]}},"_links":{"self":[{"href":"https:\/\/www.votex-bison.com\/de\/wp-json\/wp\/v2\/pages\/1919","targetHints":{"allow":["GET"]}}],"collection":[{"href":"https:\/\/www.votex-bison.com\/de\/wp-json\/wp\/v2\/pages"}],"about":[{"href":"https:\/\/www.votex-bison.com\/de\/wp-json\/wp\/v2\/types\/page"}],"author":[{"embeddable":true,"href":"https:\/\/www.votex-bison.com\/de\/wp-json\/wp\/v2\/users\/2"}],"replies":[{"embeddable":true,"href":"https:\/\/www.votex-bison.com\/de\/wp-json\/wp\/v2\/comments?post=1919"}],"version-history":[{"count":5,"href":"https:\/\/www.votex-bison.com\/de\/wp-json\/wp\/v2\/pages\/1919\/revisions"}],"predecessor-version":[{"id":10084,"href":"https:\/\/www.votex-bison.com\/de\/wp-json\/wp\/v2\/pages\/1919\/revisions\/10084"}],"up":[{"embeddable":true,"href":"https:\/\/www.votex-bison.com\/de\/wp-json\/wp\/v2\/pages\/1941"}],"wp:attachment":[{"href":"https:\/\/www.votex-bison.com\/de\/wp-json\/wp\/v2\/media?parent=1919"}],"curies":[{"name":"wp","href":"https:\/\/api.w.org\/{rel}","templated":true}]}}