{"id":1924,"date":"2017-03-02T12:31:40","date_gmt":"2017-03-02T11:31:40","guid":{"rendered":"https:\/\/comvote-eveyikli.savviihq.com\/kunststof\/"},"modified":"2025-02-28T21:45:05","modified_gmt":"2025-02-28T20:45:05","slug":"kunststof","status":"publish","type":"page","link":"https:\/\/www.votex-bison.com\/de\/branchen\/kunststof\/","title":{"rendered":"Kunststoff"},"content":{"rendered":"<div class=\"wpb-content-wrapper\"><p>[vc_row][vc_column width=&#8220;1\/2&#8243; text_align=&#8220;justify&#8220;][vc_column_text css=&#8220;&#8220; css_params=&#8220;&#8220;]<\/p>\n<h3 data-start=\"0\" data-end=\"93\"><strong data-start=\"4\" data-end=\"91\">VOTEX BISON &amp; DIE KUNSTSTOFFBRANCHE \u2013 LEISTUNGSSTARK, EFFIZIENT &amp; 100 % ELEKTRISCH!<\/strong><\/h3>\n<p data-start=\"95\" data-end=\"371\">Maximale Effizienz und transportschonendes Handling \u2013 darauf kommt es in der Kunststoffindustrie an.<br \/>\n<strong data-start=\"196\" data-end=\"211\">Votex Bison<\/strong> bietet die perfekte elektrische Seitenstapler-L\u00f6sung f\u00fcr das sichere und m\u00fchelose Bewegen von Kunststoffprofilen. <strong data-start=\"326\" data-end=\"369\">Schnell, zuverl\u00e4ssig und emissionsfrei!<\/strong><\/p>\n<p data-start=\"373\" data-end=\"699\">Unsere Seitenstapler sind speziell f\u00fcr den Transport von Profilen in <strong data-start=\"442\" data-end=\"494\">standardisierten und speziellen Langgutkassetten<\/strong> entwickelt, sodass Ihre Logistik reibungslos und ohne Besch\u00e4digungen abl\u00e4uft.<br \/>\nOb Lagerung, innerbetrieblicher Transport oder Be- und Entladen \u2013 mit <strong data-start=\"643\" data-end=\"658\">Votex Bison<\/strong> setzen Sie auf Leistung und Pr\u00e4zision.<\/p>\n<p data-start=\"701\" data-end=\"947\"> <strong data-start=\"704\" data-end=\"779\">Erh\u00e4ltlich mit der Batterietechnologie, die zu Ihrem Unternehmen passt:<\/strong><br data-start=\"779\" data-end=\"782\" \/>\u2714 <strong data-start=\"784\" data-end=\"808\">Blei-S\u00e4ure-Batterien<\/strong> \u2013 robust, bew\u00e4hrt und kosteneffizient.<br data-start=\"847\" data-end=\"850\" \/>\u2714 <strong data-start=\"852\" data-end=\"873\">Lithium-Batterien<\/strong> \u2013 k\u00fcrzere Ladezeiten, l\u00e4ngere Lebensdauer und h\u00f6chste Energieeffizienz.<\/p>\n<p data-start=\"949\" data-end=\"1151\"> <strong data-start=\"952\" data-end=\"1008\">100 % elektrisch \u2013 0 % Emissionen, maximale Leistung<\/strong><br data-start=\"1008\" data-end=\"1011\" \/> <strong data-start=\"1014\" data-end=\"1096\">Sicherer, effizienter und besch\u00e4digungsfreier Transport von Kunststoffprofilen<\/strong><br data-start=\"1096\" data-end=\"1099\" \/> <strong data-start=\"1102\" data-end=\"1149\">Geeignet f\u00fcr Standard- und Spezialkassetten<\/strong><\/p>\n<p data-start=\"1153\" data-end=\"1278\"><strong data-start=\"1156\" data-end=\"1276\">Setzen Sie auf die Kraft von Votex Bison \u2013 Ihr Spezialist f\u00fcr innerbetrieblichen Transport in der Kunststoffbranche!<\/strong><\/p>\n<p>[\/vc_column_text][vc_btn title=&#8220;Produkt anzeigen&#8220; style=&#8220;flat&#8220; color=&#8220;green&#8220; align=&#8220;left&#8220; css_animation=&#8220;bounceInDown&#8220; link=&#8220;url:https%3A%2F%2Fvotex-bison.com%2Fde%2Fprodukte%2F||target:%20_blank|&#8220;][\/vc_column][vc_column width=&#8220;1\/2&#8243;][vc_gallery type=&#8220;image_grid&#8220; images=&#8220;6561,6437,6434,1595,1592,1586,6279&#8243;][\/vc_column][\/vc_row]<\/p>\n<\/div>","protected":false},"excerpt":{"rendered":"<p>[vc_row][vc_column width=&#8220;1\/2&#8243; text_align=&#8220;justify&#8220;][vc_column_text css=&#8220;&#8220; css_params=&#8220;&#8220;] VOTEX BISON &amp; DIE KUNSTSTOFFBRANCHE \u2013 LEISTUNGSSTARK, EFFIZIENT &amp; 100 % ELEKTRISCH! Maximale Effizienz und transportschonendes Handling \u2013 darauf kommt es in der Kunststoffindustrie an. Votex Bison bietet die perfekte elektrische Seitenstapler-L\u00f6sung f\u00fcr das sichere und m\u00fchelose Bewegen von Kunststoffprofilen. Schnell, zuverl\u00e4ssig und emissionsfrei! Unsere Seitenstapler sind speziell f\u00fcr den [&hellip;]<\/p>\n","protected":false},"author":2,"featured_media":0,"parent":1941,"menu_order":0,"comment_status":"closed","ping_status":"closed","template":"","meta":{"footnotes":""},"class_list":["post-1924","page","type-page","status-publish","hentry"],"yoast_head":"<!-- This site is optimized with the Yoast SEO plugin v27.4 - https:\/\/yoast.com\/product\/yoast-seo-wordpress\/ -->\n<title>Votex Bison baut Seitenstapler, f\u00fcr Handling von Kunststoffprofilen<\/title>\n<meta name=\"description\" content=\"Votex Bison baut seit vielen Jahren Seitenstapler, die f\u00fcr das Handling von Kunststoffprofilen geeignet sind und die Hersteller von Kunststoffprofilen in Standard- und Spezialkassetten f\u00fcr Langgut transportieren.\" \/>\n<meta name=\"robots\" content=\"index, follow, max-snippet:-1, max-image-preview:large, max-video-preview:-1\" \/>\n<link rel=\"canonical\" href=\"https:\/\/www.votex-bison.com\/de\/branchen\/kunststof\/\" \/>\n<meta property=\"og:locale\" content=\"de_DE\" \/>\n<meta property=\"og:type\" content=\"article\" \/>\n<meta property=\"og:title\" content=\"Votex Bison baut Seitenstapler, f\u00fcr Handling von Kunststoffprofilen\" \/>\n<meta property=\"og:description\" content=\"Votex Bison baut seit vielen Jahren Seitenstapler, die f\u00fcr das Handling von Kunststoffprofilen geeignet sind und die Hersteller von Kunststoffprofilen in Standard- und Spezialkassetten f\u00fcr Langgut transportieren.\" \/>\n<meta property=\"og:url\" content=\"https:\/\/www.votex-bison.com\/de\/branchen\/kunststof\/\" \/>\n<meta property=\"og:site_name\" content=\"Votex Bison\" \/>\n<meta property=\"article:publisher\" content=\"https:\/\/www.facebook.com\/votexbison\/\" \/>\n<meta property=\"article:modified_time\" content=\"2025-02-28T20:45:05+00:00\" \/>\n<meta name=\"twitter:card\" content=\"summary_large_image\" \/>\n<meta name=\"twitter:site\" content=\"@votexbison\" \/>\n<meta name=\"twitter:label1\" content=\"Gesch\u00e4tzte Lesezeit\" \/>\n\t<meta name=\"twitter:data1\" content=\"3\u00a0Minuten\" \/>\n<script type=\"application\/ld+json\" class=\"yoast-schema-graph\">{\"@context\":\"https:\\\/\\\/schema.org\",\"@graph\":[{\"@type\":\"WebPage\",\"@id\":\"https:\\\/\\\/www.votex-bison.com\\\/de\\\/branchen\\\/kunststof\\\/\",\"url\":\"https:\\\/\\\/www.votex-bison.com\\\/de\\\/branchen\\\/kunststof\\\/\",\"name\":\"Votex Bison baut Seitenstapler, f\u00fcr Handling von Kunststoffprofilen\",\"isPartOf\":{\"@id\":\"https:\\\/\\\/www.votex-bison.com\\\/#website\"},\"datePublished\":\"2017-03-02T11:31:40+00:00\",\"dateModified\":\"2025-02-28T20:45:05+00:00\",\"description\":\"Votex Bison baut seit vielen Jahren Seitenstapler, die f\u00fcr das Handling von Kunststoffprofilen geeignet sind und die Hersteller von Kunststoffprofilen in Standard- und Spezialkassetten f\u00fcr Langgut transportieren.\",\"breadcrumb\":{\"@id\":\"https:\\\/\\\/www.votex-bison.com\\\/de\\\/branchen\\\/kunststof\\\/#breadcrumb\"},\"inLanguage\":\"de\",\"potentialAction\":[{\"@type\":\"ReadAction\",\"target\":[\"https:\\\/\\\/www.votex-bison.com\\\/de\\\/branchen\\\/kunststof\\\/\"]}]},{\"@type\":\"BreadcrumbList\",\"@id\":\"https:\\\/\\\/www.votex-bison.com\\\/de\\\/branchen\\\/kunststof\\\/#breadcrumb\",\"itemListElement\":[{\"@type\":\"ListItem\",\"position\":1,\"name\":\"Home\",\"item\":\"https:\\\/\\\/www.votex-bison.com\\\/de\\\/\"},{\"@type\":\"ListItem\",\"position\":2,\"name\":\"Branchen\",\"item\":\"https:\\\/\\\/www.votex-bison.com\\\/de\\\/branchen\\\/\"},{\"@type\":\"ListItem\",\"position\":3,\"name\":\"Kunststoff\"}]},{\"@type\":\"WebSite\",\"@id\":\"https:\\\/\\\/www.votex-bison.com\\\/#website\",\"url\":\"https:\\\/\\\/www.votex-bison.com\\\/\",\"name\":\"Votex Bison\",\"description\":\"The power of perfection\",\"publisher\":{\"@id\":\"https:\\\/\\\/www.votex-bison.com\\\/#organization\"},\"potentialAction\":[{\"@type\":\"SearchAction\",\"target\":{\"@type\":\"EntryPoint\",\"urlTemplate\":\"https:\\\/\\\/www.votex-bison.com\\\/?s={search_term_string}\"},\"query-input\":{\"@type\":\"PropertyValueSpecification\",\"valueRequired\":true,\"valueName\":\"search_term_string\"}}],\"inLanguage\":\"de\"},{\"@type\":\"Organization\",\"@id\":\"https:\\\/\\\/www.votex-bison.com\\\/#organization\",\"name\":\"Votex Bison\",\"url\":\"https:\\\/\\\/www.votex-bison.com\\\/\",\"logo\":{\"@type\":\"ImageObject\",\"inLanguage\":\"de\",\"@id\":\"https:\\\/\\\/www.votex-bison.com\\\/#\\\/schema\\\/logo\\\/image\\\/\",\"url\":\"https:\\\/\\\/comvote-eveyikli.savviihq.com\\\/wp-content\\\/uploads\\\/2017\\\/02\\\/logo-votex-bison.jpg\",\"contentUrl\":\"https:\\\/\\\/comvote-eveyikli.savviihq.com\\\/wp-content\\\/uploads\\\/2017\\\/02\\\/logo-votex-bison.jpg\",\"width\":352,\"height\":144,\"caption\":\"Votex Bison\"},\"image\":{\"@id\":\"https:\\\/\\\/www.votex-bison.com\\\/#\\\/schema\\\/logo\\\/image\\\/\"},\"sameAs\":[\"https:\\\/\\\/www.facebook.com\\\/votexbison\\\/\",\"https:\\\/\\\/x.com\\\/votexbison\",\"https:\\\/\\\/www.linkedin.com\\\/company\\\/votex-bison-material-handling-b-v-\",\"https:\\\/\\\/www.youtube.com\\\/user\\\/VotexBison\"]}]}<\/script>\n<!-- \/ Yoast SEO plugin. -->","yoast_head_json":{"title":"Votex Bison baut Seitenstapler, f\u00fcr Handling von Kunststoffprofilen","description":"Votex Bison baut seit vielen Jahren Seitenstapler, die f\u00fcr das Handling von Kunststoffprofilen geeignet sind und die Hersteller von Kunststoffprofilen in Standard- und Spezialkassetten f\u00fcr Langgut transportieren.","robots":{"index":"index","follow":"follow","max-snippet":"max-snippet:-1","max-image-preview":"max-image-preview:large","max-video-preview":"max-video-preview:-1"},"canonical":"https:\/\/www.votex-bison.com\/de\/branchen\/kunststof\/","og_locale":"de_DE","og_type":"article","og_title":"Votex Bison baut Seitenstapler, f\u00fcr Handling von Kunststoffprofilen","og_description":"Votex Bison baut seit vielen Jahren Seitenstapler, die f\u00fcr das Handling von Kunststoffprofilen geeignet sind und die Hersteller von Kunststoffprofilen in Standard- und Spezialkassetten f\u00fcr Langgut transportieren.","og_url":"https:\/\/www.votex-bison.com\/de\/branchen\/kunststof\/","og_site_name":"Votex Bison","article_publisher":"https:\/\/www.facebook.com\/votexbison\/","article_modified_time":"2025-02-28T20:45:05+00:00","twitter_card":"summary_large_image","twitter_site":"@votexbison","twitter_misc":{"Gesch\u00e4tzte Lesezeit":"3\u00a0Minuten"},"schema":{"@context":"https:\/\/schema.org","@graph":[{"@type":"WebPage","@id":"https:\/\/www.votex-bison.com\/de\/branchen\/kunststof\/","url":"https:\/\/www.votex-bison.com\/de\/branchen\/kunststof\/","name":"Votex Bison baut Seitenstapler, f\u00fcr Handling von Kunststoffprofilen","isPartOf":{"@id":"https:\/\/www.votex-bison.com\/#website"},"datePublished":"2017-03-02T11:31:40+00:00","dateModified":"2025-02-28T20:45:05+00:00","description":"Votex Bison baut seit vielen Jahren Seitenstapler, die f\u00fcr das Handling von Kunststoffprofilen geeignet sind und die Hersteller von Kunststoffprofilen in Standard- und Spezialkassetten f\u00fcr Langgut transportieren.","breadcrumb":{"@id":"https:\/\/www.votex-bison.com\/de\/branchen\/kunststof\/#breadcrumb"},"inLanguage":"de","potentialAction":[{"@type":"ReadAction","target":["https:\/\/www.votex-bison.com\/de\/branchen\/kunststof\/"]}]},{"@type":"BreadcrumbList","@id":"https:\/\/www.votex-bison.com\/de\/branchen\/kunststof\/#breadcrumb","itemListElement":[{"@type":"ListItem","position":1,"name":"Home","item":"https:\/\/www.votex-bison.com\/de\/"},{"@type":"ListItem","position":2,"name":"Branchen","item":"https:\/\/www.votex-bison.com\/de\/branchen\/"},{"@type":"ListItem","position":3,"name":"Kunststoff"}]},{"@type":"WebSite","@id":"https:\/\/www.votex-bison.com\/#website","url":"https:\/\/www.votex-bison.com\/","name":"Votex Bison","description":"The power of perfection","publisher":{"@id":"https:\/\/www.votex-bison.com\/#organization"},"potentialAction":[{"@type":"SearchAction","target":{"@type":"EntryPoint","urlTemplate":"https:\/\/www.votex-bison.com\/?s={search_term_string}"},"query-input":{"@type":"PropertyValueSpecification","valueRequired":true,"valueName":"search_term_string"}}],"inLanguage":"de"},{"@type":"Organization","@id":"https:\/\/www.votex-bison.com\/#organization","name":"Votex Bison","url":"https:\/\/www.votex-bison.com\/","logo":{"@type":"ImageObject","inLanguage":"de","@id":"https:\/\/www.votex-bison.com\/#\/schema\/logo\/image\/","url":"https:\/\/comvote-eveyikli.savviihq.com\/wp-content\/uploads\/2017\/02\/logo-votex-bison.jpg","contentUrl":"https:\/\/comvote-eveyikli.savviihq.com\/wp-content\/uploads\/2017\/02\/logo-votex-bison.jpg","width":352,"height":144,"caption":"Votex Bison"},"image":{"@id":"https:\/\/www.votex-bison.com\/#\/schema\/logo\/image\/"},"sameAs":["https:\/\/www.facebook.com\/votexbison\/","https:\/\/x.com\/votexbison","https:\/\/www.linkedin.com\/company\/votex-bison-material-handling-b-v-","https:\/\/www.youtube.com\/user\/VotexBison"]}]}},"_links":{"self":[{"href":"https:\/\/www.votex-bison.com\/de\/wp-json\/wp\/v2\/pages\/1924","targetHints":{"allow":["GET"]}}],"collection":[{"href":"https:\/\/www.votex-bison.com\/de\/wp-json\/wp\/v2\/pages"}],"about":[{"href":"https:\/\/www.votex-bison.com\/de\/wp-json\/wp\/v2\/types\/page"}],"author":[{"embeddable":true,"href":"https:\/\/www.votex-bison.com\/de\/wp-json\/wp\/v2\/users\/2"}],"replies":[{"embeddable":true,"href":"https:\/\/www.votex-bison.com\/de\/wp-json\/wp\/v2\/comments?post=1924"}],"version-history":[{"count":5,"href":"https:\/\/www.votex-bison.com\/de\/wp-json\/wp\/v2\/pages\/1924\/revisions"}],"predecessor-version":[{"id":10088,"href":"https:\/\/www.votex-bison.com\/de\/wp-json\/wp\/v2\/pages\/1924\/revisions\/10088"}],"up":[{"embeddable":true,"href":"https:\/\/www.votex-bison.com\/de\/wp-json\/wp\/v2\/pages\/1941"}],"wp:attachment":[{"href":"https:\/\/www.votex-bison.com\/de\/wp-json\/wp\/v2\/media?parent=1924"}],"curies":[{"name":"wp","href":"https:\/\/api.w.org\/{rel}","templated":true}]}}