{"id":1929,"date":"2017-03-02T12:14:50","date_gmt":"2017-03-02T11:14:50","guid":{"rendered":"https:\/\/comvote-eveyikli.savviihq.com\/onderdelen-2\/"},"modified":"2025-03-03T08:20:39","modified_gmt":"2025-03-03T07:20:39","slug":"ersatzteile-spareparts-votex-bison-bulmor-mkf","status":"publish","type":"page","link":"https:\/\/www.votex-bison.com\/de\/ersatzteile-spareparts-votex-bison-bulmor-mkf\/","title":{"rendered":"Ersatzteile Votex-Bison, Bulmor en MKF"},"content":{"rendered":"<div class=\"wpb-content-wrapper\"><p>[vc_row][vc_column width=&#8220;1\/2&#8243; text_align=&#8220;justify&#8220;][vc_column_text css=&#8220;&#8220; css_params=&#8220;&#8220;]<\/p>\n<p data-start=\"131\" data-end=\"205\"><strong data-start=\"131\" data-end=\"203\">Ersatzteile von Votex Bison \u2013 Schnell, Zuverl\u00e4ssig, Immer Verf\u00fcgbar!<\/strong><\/p>\n<p data-start=\"207\" data-end=\"455\">Bei <strong data-start=\"211\" data-end=\"226\">Votex Bison<\/strong> erhalten Sie lagerhaltige Ersatzteile <strong data-start=\"265\" data-end=\"296\">sofort und ohne Verz\u00f6gerung<\/strong>.<br \/>\nSollte ein seltenes Ersatzteil nicht direkt verf\u00fcgbar sein, sorgen wir f\u00fcr eine <strong data-start=\"378\" data-end=\"402\">umgehende Bestellung<\/strong>, damit Sie schnellstm\u00f6glich weiterarbeiten k\u00f6nnen.<br \/>\nAuch f\u00fcr \u00e4ltere Fahrzeugmodelle sind wir Ihr verl\u00e4sslicher Partner: <strong data-start=\"525\" data-end=\"556\">Selbst nach Produktionsende<\/strong> stellen wir sicher, dass Sie die passenden Ersatzteile erhalten.<\/p>\n<p data-start=\"625\" data-end=\"761\">\u2705 <strong data-start=\"627\" data-end=\"649\">Schnelle Lieferung<\/strong><br data-start=\"649\" data-end=\"652\" \/>\u2705 <strong data-start=\"654\" data-end=\"701\">Originalqualit\u00e4t f\u00fcr maximale Langlebigkeit<\/strong><br data-start=\"701\" data-end=\"704\" \/>\u2705 <strong data-start=\"706\" data-end=\"759\">Zuverl\u00e4ssige Versorgung \u2013 auch f\u00fcr \u00e4ltere Modelle<\/strong><\/p>\n<p data-start=\"763\" data-end=\"865\">Damit wir Ihre Anfrage <strong data-start=\"786\" data-end=\"807\">sofort bearbeiten<\/strong> k\u00f6nnen, halten Sie bitte folgende Informationen bereit:<\/p>\n<p data-start=\"867\" data-end=\"995\"> <strong data-start=\"870\" data-end=\"889\">Maschinennummer<\/strong><br data-start=\"889\" data-end=\"892\" \/> <strong data-start=\"895\" data-end=\"908\">Ger\u00e4tetyp<\/strong><br data-start=\"908\" data-end=\"911\" \/> <strong data-start=\"914\" data-end=\"925\">Baujahr<\/strong><br data-start=\"925\" data-end=\"928\" \/> <strong data-start=\"931\" data-end=\"951\">Teilebezeichnung<\/strong><br data-start=\"951\" data-end=\"954\" \/> <strong data-start=\"957\" data-end=\"970\">St\u00fcckzahl<\/strong><br data-start=\"970\" data-end=\"973\" \/> <strong data-start=\"976\" data-end=\"993\">Bestellnummer<\/strong><\/p>\n<p data-start=\"997\" data-end=\"1080\">Bestellen Sie direkt \u00fcber Ihren H\u00e4ndler oder kontaktieren Sie Votex Bison!<\/p>\n<p><strong>Ersatzteile<br \/>\n<\/strong><span style=\"color: #ff0000;\"><strong>T: +31 (0) 40 8200322<\/strong><\/span>[\/vc_column_text][vc_btn title=&#8220;Ersatzteile&#8220; color=&#8220;danger&#8220; css_animation=&#8220;zoomIn&#8220; link=&#8220;url:https%3A%2F%2Fvotex-bison.com%2Fde%2Fvotex-bison-service-parts%2F||target:%20_blank|&#8220;][\/vc_column][vc_column width=&#8220;1\/2&#8243;][vc_gallery type=&#8220;image_grid&#8220; images=&#8220;2130,5806,5791,5424,5427,2133&#8243; css=&#8220;&#8220;][\/vc_column][\/vc_row]<\/p>\n<\/div>","protected":false},"excerpt":{"rendered":"<p>[vc_row][vc_column width=&#8220;1\/2&#8243; text_align=&#8220;justify&#8220;][vc_column_text css=&#8220;&#8220; css_params=&#8220;&#8220;] Ersatzteile von Votex Bison \u2013 Schnell, Zuverl\u00e4ssig, Immer Verf\u00fcgbar! Bei Votex Bison erhalten Sie lagerhaltige Ersatzteile sofort und ohne Verz\u00f6gerung. Sollte ein seltenes Ersatzteil nicht direkt verf\u00fcgbar sein, sorgen wir f\u00fcr eine umgehende Bestellung, damit Sie schnellstm\u00f6glich weiterarbeiten k\u00f6nnen. Auch f\u00fcr \u00e4ltere Fahrzeugmodelle sind wir Ihr verl\u00e4sslicher Partner: Selbst nach [&hellip;]<\/p>\n","protected":false},"author":2,"featured_media":0,"parent":0,"menu_order":0,"comment_status":"closed","ping_status":"closed","template":"","meta":{"footnotes":""},"class_list":["post-1929","page","type-page","status-publish","hentry"],"yoast_head":"<!-- This site is optimized with the Yoast SEO plugin v27.4 - https:\/\/yoast.com\/product\/yoast-seo-wordpress\/ -->\n<title>Ersatzteile Votex-Bison, Bulmor en MKF - Votex Bison<\/title>\n<meta name=\"description\" content=\"Votex Bison Seitenstapler kann alle lagerhaltige Ersatzteile sofort versenden. Ist ein selten nachgefragtes Ersatzteil nicht unmittelbar verf\u00fcgbar, wird es umgehend bestellt. Auf den Ersatzteilservice k\u00f6nnen sich auch Kunden mit \u00e4lteren Fahrzeug-Modellen verlassen. Denn selbst nach Produktionsende versorgen wir Sie weiter mit entsprechenden Ersatzteilen.\" \/>\n<meta name=\"robots\" content=\"index, follow, max-snippet:-1, max-image-preview:large, max-video-preview:-1\" \/>\n<link rel=\"canonical\" href=\"https:\/\/www.votex-bison.com\/de\/ersatzteile-spareparts-votex-bison-bulmor-mkf\/\" \/>\n<meta property=\"og:locale\" content=\"de_DE\" \/>\n<meta property=\"og:type\" content=\"article\" \/>\n<meta property=\"og:title\" content=\"Ersatzteile Votex-Bison, Bulmor en MKF - Votex Bison\" \/>\n<meta property=\"og:description\" content=\"Votex Bison Seitenstapler kann alle lagerhaltige Ersatzteile sofort versenden. Ist ein selten nachgefragtes Ersatzteil nicht unmittelbar verf\u00fcgbar, wird es umgehend bestellt. Auf den Ersatzteilservice k\u00f6nnen sich auch Kunden mit \u00e4lteren Fahrzeug-Modellen verlassen. Denn selbst nach Produktionsende versorgen wir Sie weiter mit entsprechenden Ersatzteilen.\" \/>\n<meta property=\"og:url\" content=\"https:\/\/www.votex-bison.com\/de\/ersatzteile-spareparts-votex-bison-bulmor-mkf\/\" \/>\n<meta property=\"og:site_name\" content=\"Votex Bison\" \/>\n<meta property=\"article:publisher\" content=\"https:\/\/www.facebook.com\/votexbison\/\" \/>\n<meta property=\"article:modified_time\" content=\"2025-03-03T07:20:39+00:00\" \/>\n<meta name=\"twitter:card\" content=\"summary_large_image\" \/>\n<meta name=\"twitter:site\" content=\"@votexbison\" \/>\n<meta name=\"twitter:label1\" content=\"Gesch\u00e4tzte Lesezeit\" \/>\n\t<meta name=\"twitter:data1\" content=\"1\u00a0Minute\" \/>\n<script type=\"application\/ld+json\" class=\"yoast-schema-graph\">{\"@context\":\"https:\\\/\\\/schema.org\",\"@graph\":[{\"@type\":\"WebPage\",\"@id\":\"https:\\\/\\\/www.votex-bison.com\\\/de\\\/ersatzteile-spareparts-votex-bison-bulmor-mkf\\\/\",\"url\":\"https:\\\/\\\/www.votex-bison.com\\\/de\\\/ersatzteile-spareparts-votex-bison-bulmor-mkf\\\/\",\"name\":\"Ersatzteile Votex-Bison, Bulmor en MKF - Votex Bison\",\"isPartOf\":{\"@id\":\"https:\\\/\\\/www.votex-bison.com\\\/#website\"},\"datePublished\":\"2017-03-02T11:14:50+00:00\",\"dateModified\":\"2025-03-03T07:20:39+00:00\",\"description\":\"Votex Bison Seitenstapler kann alle lagerhaltige Ersatzteile sofort versenden. Ist ein selten nachgefragtes Ersatzteil nicht unmittelbar verf\u00fcgbar, wird es umgehend bestellt. Auf den Ersatzteilservice k\u00f6nnen sich auch Kunden mit \u00e4lteren Fahrzeug-Modellen verlassen. Denn selbst nach Produktionsende versorgen wir Sie weiter mit entsprechenden Ersatzteilen.\",\"breadcrumb\":{\"@id\":\"https:\\\/\\\/www.votex-bison.com\\\/de\\\/ersatzteile-spareparts-votex-bison-bulmor-mkf\\\/#breadcrumb\"},\"inLanguage\":\"de\",\"potentialAction\":[{\"@type\":\"ReadAction\",\"target\":[\"https:\\\/\\\/www.votex-bison.com\\\/de\\\/ersatzteile-spareparts-votex-bison-bulmor-mkf\\\/\"]}]},{\"@type\":\"BreadcrumbList\",\"@id\":\"https:\\\/\\\/www.votex-bison.com\\\/de\\\/ersatzteile-spareparts-votex-bison-bulmor-mkf\\\/#breadcrumb\",\"itemListElement\":[{\"@type\":\"ListItem\",\"position\":1,\"name\":\"Home\",\"item\":\"https:\\\/\\\/www.votex-bison.com\\\/de\\\/\"},{\"@type\":\"ListItem\",\"position\":2,\"name\":\"Ersatzteile Votex-Bison, Bulmor en MKF\"}]},{\"@type\":\"WebSite\",\"@id\":\"https:\\\/\\\/www.votex-bison.com\\\/#website\",\"url\":\"https:\\\/\\\/www.votex-bison.com\\\/\",\"name\":\"Votex Bison\",\"description\":\"The power of perfection\",\"publisher\":{\"@id\":\"https:\\\/\\\/www.votex-bison.com\\\/#organization\"},\"potentialAction\":[{\"@type\":\"SearchAction\",\"target\":{\"@type\":\"EntryPoint\",\"urlTemplate\":\"https:\\\/\\\/www.votex-bison.com\\\/?s={search_term_string}\"},\"query-input\":{\"@type\":\"PropertyValueSpecification\",\"valueRequired\":true,\"valueName\":\"search_term_string\"}}],\"inLanguage\":\"de\"},{\"@type\":\"Organization\",\"@id\":\"https:\\\/\\\/www.votex-bison.com\\\/#organization\",\"name\":\"Votex Bison\",\"url\":\"https:\\\/\\\/www.votex-bison.com\\\/\",\"logo\":{\"@type\":\"ImageObject\",\"inLanguage\":\"de\",\"@id\":\"https:\\\/\\\/www.votex-bison.com\\\/#\\\/schema\\\/logo\\\/image\\\/\",\"url\":\"https:\\\/\\\/comvote-eveyikli.savviihq.com\\\/wp-content\\\/uploads\\\/2017\\\/02\\\/logo-votex-bison.jpg\",\"contentUrl\":\"https:\\\/\\\/comvote-eveyikli.savviihq.com\\\/wp-content\\\/uploads\\\/2017\\\/02\\\/logo-votex-bison.jpg\",\"width\":352,\"height\":144,\"caption\":\"Votex Bison\"},\"image\":{\"@id\":\"https:\\\/\\\/www.votex-bison.com\\\/#\\\/schema\\\/logo\\\/image\\\/\"},\"sameAs\":[\"https:\\\/\\\/www.facebook.com\\\/votexbison\\\/\",\"https:\\\/\\\/x.com\\\/votexbison\",\"https:\\\/\\\/www.linkedin.com\\\/company\\\/votex-bison-material-handling-b-v-\",\"https:\\\/\\\/www.youtube.com\\\/user\\\/VotexBison\"]}]}<\/script>\n<!-- \/ Yoast SEO plugin. -->","yoast_head_json":{"title":"Ersatzteile Votex-Bison, Bulmor en MKF - Votex Bison","description":"Votex Bison Seitenstapler kann alle lagerhaltige Ersatzteile sofort versenden. Ist ein selten nachgefragtes Ersatzteil nicht unmittelbar verf\u00fcgbar, wird es umgehend bestellt. Auf den Ersatzteilservice k\u00f6nnen sich auch Kunden mit \u00e4lteren Fahrzeug-Modellen verlassen. Denn selbst nach Produktionsende versorgen wir Sie weiter mit entsprechenden Ersatzteilen.","robots":{"index":"index","follow":"follow","max-snippet":"max-snippet:-1","max-image-preview":"max-image-preview:large","max-video-preview":"max-video-preview:-1"},"canonical":"https:\/\/www.votex-bison.com\/de\/ersatzteile-spareparts-votex-bison-bulmor-mkf\/","og_locale":"de_DE","og_type":"article","og_title":"Ersatzteile Votex-Bison, Bulmor en MKF - Votex Bison","og_description":"Votex Bison Seitenstapler kann alle lagerhaltige Ersatzteile sofort versenden. Ist ein selten nachgefragtes Ersatzteil nicht unmittelbar verf\u00fcgbar, wird es umgehend bestellt. Auf den Ersatzteilservice k\u00f6nnen sich auch Kunden mit \u00e4lteren Fahrzeug-Modellen verlassen. Denn selbst nach Produktionsende versorgen wir Sie weiter mit entsprechenden Ersatzteilen.","og_url":"https:\/\/www.votex-bison.com\/de\/ersatzteile-spareparts-votex-bison-bulmor-mkf\/","og_site_name":"Votex Bison","article_publisher":"https:\/\/www.facebook.com\/votexbison\/","article_modified_time":"2025-03-03T07:20:39+00:00","twitter_card":"summary_large_image","twitter_site":"@votexbison","twitter_misc":{"Gesch\u00e4tzte Lesezeit":"1\u00a0Minute"},"schema":{"@context":"https:\/\/schema.org","@graph":[{"@type":"WebPage","@id":"https:\/\/www.votex-bison.com\/de\/ersatzteile-spareparts-votex-bison-bulmor-mkf\/","url":"https:\/\/www.votex-bison.com\/de\/ersatzteile-spareparts-votex-bison-bulmor-mkf\/","name":"Ersatzteile Votex-Bison, Bulmor en MKF - Votex Bison","isPartOf":{"@id":"https:\/\/www.votex-bison.com\/#website"},"datePublished":"2017-03-02T11:14:50+00:00","dateModified":"2025-03-03T07:20:39+00:00","description":"Votex Bison Seitenstapler kann alle lagerhaltige Ersatzteile sofort versenden. Ist ein selten nachgefragtes Ersatzteil nicht unmittelbar verf\u00fcgbar, wird es umgehend bestellt. Auf den Ersatzteilservice k\u00f6nnen sich auch Kunden mit \u00e4lteren Fahrzeug-Modellen verlassen. Denn selbst nach Produktionsende versorgen wir Sie weiter mit entsprechenden Ersatzteilen.","breadcrumb":{"@id":"https:\/\/www.votex-bison.com\/de\/ersatzteile-spareparts-votex-bison-bulmor-mkf\/#breadcrumb"},"inLanguage":"de","potentialAction":[{"@type":"ReadAction","target":["https:\/\/www.votex-bison.com\/de\/ersatzteile-spareparts-votex-bison-bulmor-mkf\/"]}]},{"@type":"BreadcrumbList","@id":"https:\/\/www.votex-bison.com\/de\/ersatzteile-spareparts-votex-bison-bulmor-mkf\/#breadcrumb","itemListElement":[{"@type":"ListItem","position":1,"name":"Home","item":"https:\/\/www.votex-bison.com\/de\/"},{"@type":"ListItem","position":2,"name":"Ersatzteile Votex-Bison, Bulmor en MKF"}]},{"@type":"WebSite","@id":"https:\/\/www.votex-bison.com\/#website","url":"https:\/\/www.votex-bison.com\/","name":"Votex Bison","description":"The power of perfection","publisher":{"@id":"https:\/\/www.votex-bison.com\/#organization"},"potentialAction":[{"@type":"SearchAction","target":{"@type":"EntryPoint","urlTemplate":"https:\/\/www.votex-bison.com\/?s={search_term_string}"},"query-input":{"@type":"PropertyValueSpecification","valueRequired":true,"valueName":"search_term_string"}}],"inLanguage":"de"},{"@type":"Organization","@id":"https:\/\/www.votex-bison.com\/#organization","name":"Votex Bison","url":"https:\/\/www.votex-bison.com\/","logo":{"@type":"ImageObject","inLanguage":"de","@id":"https:\/\/www.votex-bison.com\/#\/schema\/logo\/image\/","url":"https:\/\/comvote-eveyikli.savviihq.com\/wp-content\/uploads\/2017\/02\/logo-votex-bison.jpg","contentUrl":"https:\/\/comvote-eveyikli.savviihq.com\/wp-content\/uploads\/2017\/02\/logo-votex-bison.jpg","width":352,"height":144,"caption":"Votex Bison"},"image":{"@id":"https:\/\/www.votex-bison.com\/#\/schema\/logo\/image\/"},"sameAs":["https:\/\/www.facebook.com\/votexbison\/","https:\/\/x.com\/votexbison","https:\/\/www.linkedin.com\/company\/votex-bison-material-handling-b-v-","https:\/\/www.youtube.com\/user\/VotexBison"]}]}},"_links":{"self":[{"href":"https:\/\/www.votex-bison.com\/de\/wp-json\/wp\/v2\/pages\/1929","targetHints":{"allow":["GET"]}}],"collection":[{"href":"https:\/\/www.votex-bison.com\/de\/wp-json\/wp\/v2\/pages"}],"about":[{"href":"https:\/\/www.votex-bison.com\/de\/wp-json\/wp\/v2\/types\/page"}],"author":[{"embeddable":true,"href":"https:\/\/www.votex-bison.com\/de\/wp-json\/wp\/v2\/users\/2"}],"replies":[{"embeddable":true,"href":"https:\/\/www.votex-bison.com\/de\/wp-json\/wp\/v2\/comments?post=1929"}],"version-history":[{"count":5,"href":"https:\/\/www.votex-bison.com\/de\/wp-json\/wp\/v2\/pages\/1929\/revisions"}],"predecessor-version":[{"id":10115,"href":"https:\/\/www.votex-bison.com\/de\/wp-json\/wp\/v2\/pages\/1929\/revisions\/10115"}],"wp:attachment":[{"href":"https:\/\/www.votex-bison.com\/de\/wp-json\/wp\/v2\/media?parent=1929"}],"curies":[{"name":"wp","href":"https:\/\/api.w.org\/{rel}","templated":true}]}}