{"id":1931,"date":"2017-03-02T12:07:56","date_gmt":"2017-03-02T11:07:56","guid":{"rendered":"https:\/\/comvote-eveyikli.savviihq.com\/advies\/"},"modified":"2025-05-14T13:11:44","modified_gmt":"2025-05-14T11:11:44","slug":"beratung-votex-bison-seitenstapler","status":"publish","type":"page","link":"https:\/\/www.votex-bison.com\/de\/beratung-votex-bison-seitenstapler\/","title":{"rendered":"Beratung"},"content":{"rendered":"<div class=\"wpb-content-wrapper\"><p>[vc_row][vc_column width=&#8220;1\/2&#8243; text_align=&#8220;justify&#8220;][vc_column_text css=&#8220;&#8220; css_params=&#8220;&#8220;]<\/p>\n<h3 data-start=\"0\" data-end=\"94\"><strong data-start=\"4\" data-end=\"94\">Maximieren Sie die Effizienz Ihrer Logistik mit Votex Bison \u2013 Nachhaltig und Innovativ<\/strong><\/h3>\n<p data-start=\"96\" data-end=\"650\">Bei <strong data-start=\"100\" data-end=\"115\">Votex Bison<\/strong> setzen wir uns daf\u00fcr ein, Ihnen die <strong data-start=\"152\" data-end=\"194\">besten und kosteneffektivsten L\u00f6sungen<\/strong> f\u00fcr jede logistische Herausforderung zu bieten \u2013 mit einem klaren Fokus auf <strong data-start=\"271\" data-end=\"289\">Nachhaltigkeit<\/strong>. Dank unserer <strong data-start=\"304\" data-end=\"321\">Marktstellung<\/strong>, umfangreichen Erfahrung und flexiblen Struktur sind wir in der Lage, <strong data-start=\"392\" data-end=\"430\">ma\u00dfgeschneiderte Transportl\u00f6sungen<\/strong> anzubieten, die perfekt auf Ihre spezifischen Bed\u00fcrfnisse abgestimmt sind. Unsere <strong data-start=\"513\" data-end=\"537\">fachkundige Beratung<\/strong> hilft Ihnen nicht nur, die beste Wahl zu treffen, sondern sorgt auch daf\u00fcr, dass Ihr System stets optimal l\u00e4uft.<\/p>\n<p data-start=\"652\" data-end=\"1261\">Die Produktivit\u00e4t Ihres Logistikteams beginnt mit dem Komfort des Fahrers. Unsere <strong data-start=\"734\" data-end=\"771\">elektrischen 4-Wege-Seitenstapler<\/strong> und Transportger\u00e4te sind so konzipiert, dass sie <strong data-start=\"821\" data-end=\"845\">M\u00fcdigkeit reduzieren<\/strong> und durch <strong data-start=\"856\" data-end=\"888\">\u00fcberlegene Fahreigenschaften<\/strong> den Arbeitsalltag sowohl komfortabel als auch angenehm gestalten. So k\u00f6nnen Ihre Fahrer ihre Aufgaben schnell, sicher und mit Freude erledigen, was zu einer <strong data-start=\"1046\" data-end=\"1071\">h\u00f6heren Tagesleistung<\/strong> f\u00fchrt. Dar\u00fcber hinaus sorgt der <strong data-start=\"1104\" data-end=\"1130\">emissionsfreie Betrieb<\/strong> unserer Maschinen f\u00fcr ein <strong data-start=\"1157\" data-end=\"1195\">umweltfreundlicheres Arbeitsumfeld<\/strong> und reduziert den \u00f6kologischen Fu\u00dfabdruck Ihrer Logistikprozesse.<\/p>\n<p data-start=\"1263\" data-end=\"1870\">Als Pioniere im Bereich <strong data-start=\"1287\" data-end=\"1324\">Seitenstapler und Transportger\u00e4te<\/strong> verf\u00fcgen wir \u00fcber tiefgehendes technisches Wissen und Erfahrung, die wir gerne mit Ihnen teilen. Vom <strong data-start=\"1426\" data-end=\"1443\">Produktdesign<\/strong> bis hin zu <strong data-start=\"1455\" data-end=\"1485\">ma\u00dfgeschneiderten L\u00f6sungen<\/strong> \u2013 wir verstehen die Details von Konstruktion, Komponenten und Systemen wie kein anderer. Ob Sie eine <strong data-start=\"1587\" data-end=\"1615\">spezielle Fahrzeugl\u00f6sung<\/strong> ben\u00f6tigen oder <strong data-start=\"1631\" data-end=\"1663\">elektrische Antriebsl\u00f6sungen<\/strong> in komplexen Umgebungen suchen \u2013 wir bieten Ihnen die <strong data-start=\"1718\" data-end=\"1745\">Pr\u00e4zision und Expertise<\/strong>, die Sie ben\u00f6tigen, um Ihre Logistikprozesse zu optimieren und gleichzeitig <strong data-start=\"1822\" data-end=\"1869\">Ihren \u00f6kologischen Fu\u00dfabdruck zu minimieren<\/strong>.<\/p>\n<p data-start=\"1872\" data-end=\"2149\" data-is-last-node=\"\" data-is-only-node=\"\">Unsere <strong data-start=\"1879\" data-end=\"1899\">Beratungsdienste<\/strong> helfen Ihnen dabei, Ihre Prozesse zu <strong data-start=\"1937\" data-end=\"1989\">beschleunigen, zu vereinfachen und zu optimieren<\/strong>. <strong data-start=\"1991\" data-end=\"2017\">W\u00e4hlen Sie Votex Bison<\/strong> und erleben Sie, wie wir Ihre logistischen Herausforderungen in <strong data-start=\"2082\" data-end=\"2137\">nachhaltige, effizientere und profitablere L\u00f6sungen<\/strong> verwandeln.<\/p>\n<p>[\/vc_column_text][\/vc_column][vc_column width=&#8220;1\/2&#8243;][vc_gallery type=&#8220;image_grid&#8220; images=&#8220;5574,5771,5288,5777,5412,5768&#8243;][vc_single_image image=&#8220;10393&#8243; img_size=&#8220;full&#8220; css=&#8220;&#8220; label=&#8220;&#8220; css_params=&#8220;&#8220;][\/vc_column][\/vc_row][vc_row][vc_column][\/vc_column][\/vc_row]<\/p>\n<\/div>","protected":false},"excerpt":{"rendered":"<p>[vc_row][vc_column width=&#8220;1\/2&#8243; text_align=&#8220;justify&#8220;][vc_column_text css=&#8220;&#8220; css_params=&#8220;&#8220;] Maximieren Sie die Effizienz Ihrer Logistik mit Votex Bison \u2013 Nachhaltig und Innovativ Bei Votex Bison setzen wir uns daf\u00fcr ein, Ihnen die besten und kosteneffektivsten L\u00f6sungen f\u00fcr jede logistische Herausforderung zu bieten \u2013 mit einem klaren Fokus auf Nachhaltigkeit. Dank unserer Marktstellung, umfangreichen Erfahrung und flexiblen Struktur sind wir [&hellip;]<\/p>\n","protected":false},"author":2,"featured_media":0,"parent":0,"menu_order":0,"comment_status":"closed","ping_status":"closed","template":"","meta":{"footnotes":""},"class_list":["post-1931","page","type-page","status-publish","hentry"],"yoast_head":"<!-- This site is optimized with the Yoast SEO plugin v27.4 - https:\/\/yoast.com\/product\/yoast-seo-wordpress\/ -->\n<title>Individuelle Beratung \u2013 Votex Bison Seitenstapler f\u00fcr Ihre Logistikl\u00f6sun<\/title>\n<meta name=\"description\" content=\"Fachkundige Beratung von Votex Bison: Wir helfen Ihnen, den passenden Seitenstapler f\u00fcr Ihre Anforderungen zu finden.\" \/>\n<meta name=\"robots\" content=\"index, follow, max-snippet:-1, max-image-preview:large, max-video-preview:-1\" \/>\n<link rel=\"canonical\" href=\"https:\/\/www.votex-bison.com\/de\/beratung-votex-bison-seitenstapler\/\" \/>\n<meta property=\"og:locale\" content=\"de_DE\" \/>\n<meta property=\"og:type\" content=\"article\" \/>\n<meta property=\"og:title\" content=\"Beratung - Votex Bison f\u00fcr komplexe intralogistischen Prozesse\" \/>\n<meta property=\"og:description\" content=\"F\u00fcr komplexe Prozesse gibt es keine einfachen L\u00f6sungen. Auf den ersten Blick sind es die engen Verzahnungen der intralogistischen Prozesse.\" \/>\n<meta property=\"og:url\" content=\"https:\/\/www.votex-bison.com\/de\/beratung-votex-bison-seitenstapler\/\" \/>\n<meta property=\"og:site_name\" content=\"Votex Bison\" \/>\n<meta property=\"article:publisher\" content=\"https:\/\/www.facebook.com\/votexbison\/\" \/>\n<meta property=\"article:modified_time\" content=\"2025-05-14T11:11:44+00:00\" \/>\n<meta property=\"og:image\" content=\"https:\/\/www.votex-bison.com\/wp-content\/uploads\/2017\/03\/Branche-Staal-Votex-Bison-6.jpg\" \/>\n\t<meta property=\"og:image:width\" content=\"1920\" \/>\n\t<meta property=\"og:image:height\" content=\"1280\" \/>\n\t<meta property=\"og:image:type\" content=\"image\/jpeg\" \/>\n<meta name=\"twitter:card\" content=\"summary_large_image\" \/>\n<meta name=\"twitter:site\" content=\"@votexbison\" \/>\n<meta name=\"twitter:label1\" content=\"Gesch\u00e4tzte Lesezeit\" \/>\n\t<meta name=\"twitter:data1\" content=\"2\u00a0Minuten\" \/>\n<script type=\"application\/ld+json\" class=\"yoast-schema-graph\">{\"@context\":\"https:\\\/\\\/schema.org\",\"@graph\":[{\"@type\":\"WebPage\",\"@id\":\"https:\\\/\\\/www.votex-bison.com\\\/de\\\/beratung-votex-bison-seitenstapler\\\/\",\"url\":\"https:\\\/\\\/www.votex-bison.com\\\/de\\\/beratung-votex-bison-seitenstapler\\\/\",\"name\":\"Individuelle Beratung \u2013 Votex Bison Seitenstapler f\u00fcr Ihre Logistikl\u00f6sun\",\"isPartOf\":{\"@id\":\"https:\\\/\\\/www.votex-bison.com\\\/#website\"},\"datePublished\":\"2017-03-02T11:07:56+00:00\",\"dateModified\":\"2025-05-14T11:11:44+00:00\",\"description\":\"Fachkundige Beratung von Votex Bison: Wir helfen Ihnen, den passenden Seitenstapler f\u00fcr Ihre Anforderungen zu finden.\",\"breadcrumb\":{\"@id\":\"https:\\\/\\\/www.votex-bison.com\\\/de\\\/beratung-votex-bison-seitenstapler\\\/#breadcrumb\"},\"inLanguage\":\"de\",\"potentialAction\":[{\"@type\":\"ReadAction\",\"target\":[\"https:\\\/\\\/www.votex-bison.com\\\/de\\\/beratung-votex-bison-seitenstapler\\\/\"]}]},{\"@type\":\"BreadcrumbList\",\"@id\":\"https:\\\/\\\/www.votex-bison.com\\\/de\\\/beratung-votex-bison-seitenstapler\\\/#breadcrumb\",\"itemListElement\":[{\"@type\":\"ListItem\",\"position\":1,\"name\":\"Home\",\"item\":\"https:\\\/\\\/www.votex-bison.com\\\/de\\\/\"},{\"@type\":\"ListItem\",\"position\":2,\"name\":\"Beratung\"}]},{\"@type\":\"WebSite\",\"@id\":\"https:\\\/\\\/www.votex-bison.com\\\/#website\",\"url\":\"https:\\\/\\\/www.votex-bison.com\\\/\",\"name\":\"Votex Bison\",\"description\":\"The power of perfection\",\"publisher\":{\"@id\":\"https:\\\/\\\/www.votex-bison.com\\\/#organization\"},\"potentialAction\":[{\"@type\":\"SearchAction\",\"target\":{\"@type\":\"EntryPoint\",\"urlTemplate\":\"https:\\\/\\\/www.votex-bison.com\\\/?s={search_term_string}\"},\"query-input\":{\"@type\":\"PropertyValueSpecification\",\"valueRequired\":true,\"valueName\":\"search_term_string\"}}],\"inLanguage\":\"de\"},{\"@type\":\"Organization\",\"@id\":\"https:\\\/\\\/www.votex-bison.com\\\/#organization\",\"name\":\"Votex Bison\",\"url\":\"https:\\\/\\\/www.votex-bison.com\\\/\",\"logo\":{\"@type\":\"ImageObject\",\"inLanguage\":\"de\",\"@id\":\"https:\\\/\\\/www.votex-bison.com\\\/#\\\/schema\\\/logo\\\/image\\\/\",\"url\":\"https:\\\/\\\/comvote-eveyikli.savviihq.com\\\/wp-content\\\/uploads\\\/2017\\\/02\\\/logo-votex-bison.jpg\",\"contentUrl\":\"https:\\\/\\\/comvote-eveyikli.savviihq.com\\\/wp-content\\\/uploads\\\/2017\\\/02\\\/logo-votex-bison.jpg\",\"width\":352,\"height\":144,\"caption\":\"Votex Bison\"},\"image\":{\"@id\":\"https:\\\/\\\/www.votex-bison.com\\\/#\\\/schema\\\/logo\\\/image\\\/\"},\"sameAs\":[\"https:\\\/\\\/www.facebook.com\\\/votexbison\\\/\",\"https:\\\/\\\/x.com\\\/votexbison\",\"https:\\\/\\\/www.linkedin.com\\\/company\\\/votex-bison-material-handling-b-v-\",\"https:\\\/\\\/www.youtube.com\\\/user\\\/VotexBison\"]}]}<\/script>\n<!-- \/ Yoast SEO plugin. -->","yoast_head_json":{"title":"Individuelle Beratung \u2013 Votex Bison Seitenstapler f\u00fcr Ihre Logistikl\u00f6sun","description":"Fachkundige Beratung von Votex Bison: Wir helfen Ihnen, den passenden Seitenstapler f\u00fcr Ihre Anforderungen zu finden.","robots":{"index":"index","follow":"follow","max-snippet":"max-snippet:-1","max-image-preview":"max-image-preview:large","max-video-preview":"max-video-preview:-1"},"canonical":"https:\/\/www.votex-bison.com\/de\/beratung-votex-bison-seitenstapler\/","og_locale":"de_DE","og_type":"article","og_title":"Beratung - Votex Bison f\u00fcr komplexe intralogistischen Prozesse","og_description":"F\u00fcr komplexe Prozesse gibt es keine einfachen L\u00f6sungen. Auf den ersten Blick sind es die engen Verzahnungen der intralogistischen Prozesse.","og_url":"https:\/\/www.votex-bison.com\/de\/beratung-votex-bison-seitenstapler\/","og_site_name":"Votex Bison","article_publisher":"https:\/\/www.facebook.com\/votexbison\/","article_modified_time":"2025-05-14T11:11:44+00:00","og_image":[{"width":1920,"height":1280,"url":"https:\/\/www.votex-bison.com\/wp-content\/uploads\/2017\/03\/Branche-Staal-Votex-Bison-6.jpg","type":"image\/jpeg"}],"twitter_card":"summary_large_image","twitter_site":"@votexbison","twitter_misc":{"Gesch\u00e4tzte Lesezeit":"2\u00a0Minuten"},"schema":{"@context":"https:\/\/schema.org","@graph":[{"@type":"WebPage","@id":"https:\/\/www.votex-bison.com\/de\/beratung-votex-bison-seitenstapler\/","url":"https:\/\/www.votex-bison.com\/de\/beratung-votex-bison-seitenstapler\/","name":"Individuelle Beratung \u2013 Votex Bison Seitenstapler f\u00fcr Ihre Logistikl\u00f6sun","isPartOf":{"@id":"https:\/\/www.votex-bison.com\/#website"},"datePublished":"2017-03-02T11:07:56+00:00","dateModified":"2025-05-14T11:11:44+00:00","description":"Fachkundige Beratung von Votex Bison: Wir helfen Ihnen, den passenden Seitenstapler f\u00fcr Ihre Anforderungen zu finden.","breadcrumb":{"@id":"https:\/\/www.votex-bison.com\/de\/beratung-votex-bison-seitenstapler\/#breadcrumb"},"inLanguage":"de","potentialAction":[{"@type":"ReadAction","target":["https:\/\/www.votex-bison.com\/de\/beratung-votex-bison-seitenstapler\/"]}]},{"@type":"BreadcrumbList","@id":"https:\/\/www.votex-bison.com\/de\/beratung-votex-bison-seitenstapler\/#breadcrumb","itemListElement":[{"@type":"ListItem","position":1,"name":"Home","item":"https:\/\/www.votex-bison.com\/de\/"},{"@type":"ListItem","position":2,"name":"Beratung"}]},{"@type":"WebSite","@id":"https:\/\/www.votex-bison.com\/#website","url":"https:\/\/www.votex-bison.com\/","name":"Votex Bison","description":"The power of perfection","publisher":{"@id":"https:\/\/www.votex-bison.com\/#organization"},"potentialAction":[{"@type":"SearchAction","target":{"@type":"EntryPoint","urlTemplate":"https:\/\/www.votex-bison.com\/?s={search_term_string}"},"query-input":{"@type":"PropertyValueSpecification","valueRequired":true,"valueName":"search_term_string"}}],"inLanguage":"de"},{"@type":"Organization","@id":"https:\/\/www.votex-bison.com\/#organization","name":"Votex Bison","url":"https:\/\/www.votex-bison.com\/","logo":{"@type":"ImageObject","inLanguage":"de","@id":"https:\/\/www.votex-bison.com\/#\/schema\/logo\/image\/","url":"https:\/\/comvote-eveyikli.savviihq.com\/wp-content\/uploads\/2017\/02\/logo-votex-bison.jpg","contentUrl":"https:\/\/comvote-eveyikli.savviihq.com\/wp-content\/uploads\/2017\/02\/logo-votex-bison.jpg","width":352,"height":144,"caption":"Votex Bison"},"image":{"@id":"https:\/\/www.votex-bison.com\/#\/schema\/logo\/image\/"},"sameAs":["https:\/\/www.facebook.com\/votexbison\/","https:\/\/x.com\/votexbison","https:\/\/www.linkedin.com\/company\/votex-bison-material-handling-b-v-","https:\/\/www.youtube.com\/user\/VotexBison"]}]}},"_links":{"self":[{"href":"https:\/\/www.votex-bison.com\/de\/wp-json\/wp\/v2\/pages\/1931","targetHints":{"allow":["GET"]}}],"collection":[{"href":"https:\/\/www.votex-bison.com\/de\/wp-json\/wp\/v2\/pages"}],"about":[{"href":"https:\/\/www.votex-bison.com\/de\/wp-json\/wp\/v2\/types\/page"}],"author":[{"embeddable":true,"href":"https:\/\/www.votex-bison.com\/de\/wp-json\/wp\/v2\/users\/2"}],"replies":[{"embeddable":true,"href":"https:\/\/www.votex-bison.com\/de\/wp-json\/wp\/v2\/comments?post=1931"}],"version-history":[{"count":5,"href":"https:\/\/www.votex-bison.com\/de\/wp-json\/wp\/v2\/pages\/1931\/revisions"}],"predecessor-version":[{"id":10898,"href":"https:\/\/www.votex-bison.com\/de\/wp-json\/wp\/v2\/pages\/1931\/revisions\/10898"}],"wp:attachment":[{"href":"https:\/\/www.votex-bison.com\/de\/wp-json\/wp\/v2\/media?parent=1931"}],"curies":[{"name":"wp","href":"https:\/\/api.w.org\/{rel}","templated":true}]}}