{"id":1934,"date":"2017-03-02T12:06:13","date_gmt":"2017-03-02T11:06:13","guid":{"rendered":"https:\/\/comvote-eveyikli.savviihq.com\/onderhoud-en-service\/"},"modified":"2025-03-03T08:30:29","modified_gmt":"2025-03-03T07:30:29","slug":"wartung-und-service","status":"publish","type":"page","link":"https:\/\/www.votex-bison.com\/de\/wartung-und-service\/","title":{"rendered":"Wartung &#038; Service"},"content":{"rendered":"<div class=\"wpb-content-wrapper\"><p>[vc_row][vc_column width=&#8220;1\/2&#8243; text_align=&#8220;justify&#8220;][vc_column_text css=&#8220;&#8220; css_params=&#8220;&#8220;]<\/p>\n<h3 data-start=\"0\" data-end=\"86\"><strong data-start=\"4\" data-end=\"84\">VOTEX BISON \u2013 H\u00d6CHSTE ZUVERL\u00c4SSIGKEIT UND KUNDENN\u00c4HE<\/strong><\/h3>\n<p data-start=\"88\" data-end=\"362\"><strong data-start=\"88\" data-end=\"155\">Nachbetreuung, Service, Beratung und individuelle Unterst\u00fctzung<\/strong> \u2013 bei <strong data-start=\"162\" data-end=\"177\">Votex Bison<\/strong> endet unser Engagement nicht mit der Auslieferung einer Maschine. Unsere <strong data-start=\"251\" data-end=\"276\">After-Sales-Abteilung<\/strong> pflegt einen engen, kontinuierlichen Austausch mit unseren <strong data-start=\"336\" data-end=\"359\">H\u00e4ndlern und Kunden<\/strong>.<\/p>\n<p data-start=\"364\" data-end=\"653\"><strong data-start=\"364\" data-end=\"436\">Eine exzellente Maschine zu konstruieren, ist nur der erste Schritt.<\/strong><br \/>\nWirkliche Wertsch\u00f6pfung entsteht durch ein tiefgehendes Verst\u00e4ndnis der <strong data-start=\"509\" data-end=\"553\">Bed\u00fcrfnisse, Erfahrungen und Erwartungen<\/strong> unserer Anwender \u2013 ein zentraler Anspruch eines verantwortungsbewussten Herstellers und Partners.<\/p>\n<p data-start=\"655\" data-end=\"793\">\u2705 <strong data-start=\"657\" data-end=\"687\">H\u00f6chste Betriebssicherheit<\/strong><br data-start=\"687\" data-end=\"690\" \/>\u2705 <strong data-start=\"692\" data-end=\"730\">Maximale Performance \u2013 Tag f\u00fcr Tag<\/strong><br data-start=\"730\" data-end=\"733\" \/>\u2705 <strong data-start=\"735\" data-end=\"791\">Individuelle Betreuung und ma\u00dfgeschneiderte L\u00f6sungen<\/strong><\/p>\n<p data-start=\"795\" data-end=\"972\">Dank unserer kundenorientierten Philosophie bleiben <strong data-start=\"847\" data-end=\"872\">Votex Bison Maschinen<\/strong> jederzeit leistungsf\u00e4hig, zuverl\u00e4ssig und wirtschaftlich \u2013 <strong data-start=\"932\" data-end=\"970\">f\u00fcr eine Zukunft ohne Kompromisse.<\/strong><\/p>\n<p><strong>Wartung und Service<br \/>\n<span style=\"color: #ff0000;\">T: +31 (0) 40 8200322<\/span><\/strong>[\/vc_column_text][vc_btn title=&#8220;Wartung und Service&#8220; color=&#8220;danger&#8220; link=&#8220;url:https%3A%2F%2Fvotex-bison.com%2Fde%2Fvotex-bison-service-parts%2F||target:%20_blank|&#8220;][\/vc_column][vc_column width=&#8220;1\/2&#8243;][vc_gallery type=&#8220;image_grid&#8220; images=&#8220;5824,5821,5806,5797,5791,5812&#8243;][\/vc_column][\/vc_row]<\/p>\n<\/div>","protected":false},"excerpt":{"rendered":"<p>[vc_row][vc_column width=&#8220;1\/2&#8243; text_align=&#8220;justify&#8220;][vc_column_text css=&#8220;&#8220; css_params=&#8220;&#8220;] VOTEX BISON \u2013 H\u00d6CHSTE ZUVERL\u00c4SSIGKEIT UND KUNDENN\u00c4HE Nachbetreuung, Service, Beratung und individuelle Unterst\u00fctzung \u2013 bei Votex Bison endet unser Engagement nicht mit der Auslieferung einer Maschine. Unsere After-Sales-Abteilung pflegt einen engen, kontinuierlichen Austausch mit unseren H\u00e4ndlern und Kunden. Eine exzellente Maschine zu konstruieren, ist nur der erste Schritt. Wirkliche Wertsch\u00f6pfung [&hellip;]<\/p>\n","protected":false},"author":2,"featured_media":0,"parent":0,"menu_order":0,"comment_status":"closed","ping_status":"closed","template":"","meta":{"footnotes":""},"class_list":["post-1934","page","type-page","status-publish","hentry"],"yoast_head":"<!-- This site is optimized with the Yoast SEO plugin v27.4 - https:\/\/yoast.com\/product\/yoast-seo-wordpress\/ -->\n<title>Votex Bison Material Handling wartung und service<\/title>\n<meta name=\"description\" content=\"Votex Bison Material Handling, Durch vorausschauende Wartung, schnelle Reparaturen vor Ort und bei Bedarf stellt Votex Bison maximale Performance sicher.\" \/>\n<meta name=\"robots\" content=\"index, follow, max-snippet:-1, max-image-preview:large, max-video-preview:-1\" \/>\n<link rel=\"canonical\" href=\"https:\/\/www.votex-bison.com\/de\/wartung-und-service\/\" \/>\n<meta property=\"og:locale\" content=\"de_DE\" \/>\n<meta property=\"og:type\" content=\"article\" \/>\n<meta property=\"og:title\" content=\"Votex Bison Material Handling wartung und service\" \/>\n<meta property=\"og:description\" content=\"Votex Bison Material Handling, Durch vorausschauende Wartung, schnelle Reparaturen vor Ort und bei Bedarf stellt Votex Bison maximale Performance sicher.\" \/>\n<meta property=\"og:url\" content=\"https:\/\/www.votex-bison.com\/de\/wartung-und-service\/\" \/>\n<meta property=\"og:site_name\" content=\"Votex Bison\" \/>\n<meta property=\"article:publisher\" content=\"https:\/\/www.facebook.com\/votexbison\/\" \/>\n<meta property=\"article:modified_time\" content=\"2025-03-03T07:30:29+00:00\" \/>\n<meta name=\"twitter:card\" content=\"summary_large_image\" \/>\n<meta name=\"twitter:site\" content=\"@votexbison\" \/>\n<meta name=\"twitter:label1\" content=\"Gesch\u00e4tzte Lesezeit\" \/>\n\t<meta name=\"twitter:data1\" content=\"2\u00a0Minuten\" \/>\n<script type=\"application\/ld+json\" class=\"yoast-schema-graph\">{\"@context\":\"https:\\\/\\\/schema.org\",\"@graph\":[{\"@type\":\"WebPage\",\"@id\":\"https:\\\/\\\/www.votex-bison.com\\\/de\\\/wartung-und-service\\\/\",\"url\":\"https:\\\/\\\/www.votex-bison.com\\\/de\\\/wartung-und-service\\\/\",\"name\":\"Votex Bison Material Handling wartung und service\",\"isPartOf\":{\"@id\":\"https:\\\/\\\/www.votex-bison.com\\\/#website\"},\"datePublished\":\"2017-03-02T11:06:13+00:00\",\"dateModified\":\"2025-03-03T07:30:29+00:00\",\"description\":\"Votex Bison Material Handling, Durch vorausschauende Wartung, schnelle Reparaturen vor Ort und bei Bedarf stellt Votex Bison maximale Performance sicher.\",\"breadcrumb\":{\"@id\":\"https:\\\/\\\/www.votex-bison.com\\\/de\\\/wartung-und-service\\\/#breadcrumb\"},\"inLanguage\":\"de\",\"potentialAction\":[{\"@type\":\"ReadAction\",\"target\":[\"https:\\\/\\\/www.votex-bison.com\\\/de\\\/wartung-und-service\\\/\"]}]},{\"@type\":\"BreadcrumbList\",\"@id\":\"https:\\\/\\\/www.votex-bison.com\\\/de\\\/wartung-und-service\\\/#breadcrumb\",\"itemListElement\":[{\"@type\":\"ListItem\",\"position\":1,\"name\":\"Home\",\"item\":\"https:\\\/\\\/www.votex-bison.com\\\/de\\\/\"},{\"@type\":\"ListItem\",\"position\":2,\"name\":\"Wartung &#038; Service\"}]},{\"@type\":\"WebSite\",\"@id\":\"https:\\\/\\\/www.votex-bison.com\\\/#website\",\"url\":\"https:\\\/\\\/www.votex-bison.com\\\/\",\"name\":\"Votex Bison\",\"description\":\"The power of perfection\",\"publisher\":{\"@id\":\"https:\\\/\\\/www.votex-bison.com\\\/#organization\"},\"potentialAction\":[{\"@type\":\"SearchAction\",\"target\":{\"@type\":\"EntryPoint\",\"urlTemplate\":\"https:\\\/\\\/www.votex-bison.com\\\/?s={search_term_string}\"},\"query-input\":{\"@type\":\"PropertyValueSpecification\",\"valueRequired\":true,\"valueName\":\"search_term_string\"}}],\"inLanguage\":\"de\"},{\"@type\":\"Organization\",\"@id\":\"https:\\\/\\\/www.votex-bison.com\\\/#organization\",\"name\":\"Votex Bison\",\"url\":\"https:\\\/\\\/www.votex-bison.com\\\/\",\"logo\":{\"@type\":\"ImageObject\",\"inLanguage\":\"de\",\"@id\":\"https:\\\/\\\/www.votex-bison.com\\\/#\\\/schema\\\/logo\\\/image\\\/\",\"url\":\"https:\\\/\\\/comvote-eveyikli.savviihq.com\\\/wp-content\\\/uploads\\\/2017\\\/02\\\/logo-votex-bison.jpg\",\"contentUrl\":\"https:\\\/\\\/comvote-eveyikli.savviihq.com\\\/wp-content\\\/uploads\\\/2017\\\/02\\\/logo-votex-bison.jpg\",\"width\":352,\"height\":144,\"caption\":\"Votex Bison\"},\"image\":{\"@id\":\"https:\\\/\\\/www.votex-bison.com\\\/#\\\/schema\\\/logo\\\/image\\\/\"},\"sameAs\":[\"https:\\\/\\\/www.facebook.com\\\/votexbison\\\/\",\"https:\\\/\\\/x.com\\\/votexbison\",\"https:\\\/\\\/www.linkedin.com\\\/company\\\/votex-bison-material-handling-b-v-\",\"https:\\\/\\\/www.youtube.com\\\/user\\\/VotexBison\"]}]}<\/script>\n<!-- \/ Yoast SEO plugin. -->","yoast_head_json":{"title":"Votex Bison Material Handling wartung und service","description":"Votex Bison Material Handling, Durch vorausschauende Wartung, schnelle Reparaturen vor Ort und bei Bedarf stellt Votex Bison maximale Performance sicher.","robots":{"index":"index","follow":"follow","max-snippet":"max-snippet:-1","max-image-preview":"max-image-preview:large","max-video-preview":"max-video-preview:-1"},"canonical":"https:\/\/www.votex-bison.com\/de\/wartung-und-service\/","og_locale":"de_DE","og_type":"article","og_title":"Votex Bison Material Handling wartung und service","og_description":"Votex Bison Material Handling, Durch vorausschauende Wartung, schnelle Reparaturen vor Ort und bei Bedarf stellt Votex Bison maximale Performance sicher.","og_url":"https:\/\/www.votex-bison.com\/de\/wartung-und-service\/","og_site_name":"Votex Bison","article_publisher":"https:\/\/www.facebook.com\/votexbison\/","article_modified_time":"2025-03-03T07:30:29+00:00","twitter_card":"summary_large_image","twitter_site":"@votexbison","twitter_misc":{"Gesch\u00e4tzte Lesezeit":"2\u00a0Minuten"},"schema":{"@context":"https:\/\/schema.org","@graph":[{"@type":"WebPage","@id":"https:\/\/www.votex-bison.com\/de\/wartung-und-service\/","url":"https:\/\/www.votex-bison.com\/de\/wartung-und-service\/","name":"Votex Bison Material Handling wartung und service","isPartOf":{"@id":"https:\/\/www.votex-bison.com\/#website"},"datePublished":"2017-03-02T11:06:13+00:00","dateModified":"2025-03-03T07:30:29+00:00","description":"Votex Bison Material Handling, Durch vorausschauende Wartung, schnelle Reparaturen vor Ort und bei Bedarf stellt Votex Bison maximale Performance sicher.","breadcrumb":{"@id":"https:\/\/www.votex-bison.com\/de\/wartung-und-service\/#breadcrumb"},"inLanguage":"de","potentialAction":[{"@type":"ReadAction","target":["https:\/\/www.votex-bison.com\/de\/wartung-und-service\/"]}]},{"@type":"BreadcrumbList","@id":"https:\/\/www.votex-bison.com\/de\/wartung-und-service\/#breadcrumb","itemListElement":[{"@type":"ListItem","position":1,"name":"Home","item":"https:\/\/www.votex-bison.com\/de\/"},{"@type":"ListItem","position":2,"name":"Wartung &#038; Service"}]},{"@type":"WebSite","@id":"https:\/\/www.votex-bison.com\/#website","url":"https:\/\/www.votex-bison.com\/","name":"Votex Bison","description":"The power of perfection","publisher":{"@id":"https:\/\/www.votex-bison.com\/#organization"},"potentialAction":[{"@type":"SearchAction","target":{"@type":"EntryPoint","urlTemplate":"https:\/\/www.votex-bison.com\/?s={search_term_string}"},"query-input":{"@type":"PropertyValueSpecification","valueRequired":true,"valueName":"search_term_string"}}],"inLanguage":"de"},{"@type":"Organization","@id":"https:\/\/www.votex-bison.com\/#organization","name":"Votex Bison","url":"https:\/\/www.votex-bison.com\/","logo":{"@type":"ImageObject","inLanguage":"de","@id":"https:\/\/www.votex-bison.com\/#\/schema\/logo\/image\/","url":"https:\/\/comvote-eveyikli.savviihq.com\/wp-content\/uploads\/2017\/02\/logo-votex-bison.jpg","contentUrl":"https:\/\/comvote-eveyikli.savviihq.com\/wp-content\/uploads\/2017\/02\/logo-votex-bison.jpg","width":352,"height":144,"caption":"Votex Bison"},"image":{"@id":"https:\/\/www.votex-bison.com\/#\/schema\/logo\/image\/"},"sameAs":["https:\/\/www.facebook.com\/votexbison\/","https:\/\/x.com\/votexbison","https:\/\/www.linkedin.com\/company\/votex-bison-material-handling-b-v-","https:\/\/www.youtube.com\/user\/VotexBison"]}]}},"_links":{"self":[{"href":"https:\/\/www.votex-bison.com\/de\/wp-json\/wp\/v2\/pages\/1934","targetHints":{"allow":["GET"]}}],"collection":[{"href":"https:\/\/www.votex-bison.com\/de\/wp-json\/wp\/v2\/pages"}],"about":[{"href":"https:\/\/www.votex-bison.com\/de\/wp-json\/wp\/v2\/types\/page"}],"author":[{"embeddable":true,"href":"https:\/\/www.votex-bison.com\/de\/wp-json\/wp\/v2\/users\/2"}],"replies":[{"embeddable":true,"href":"https:\/\/www.votex-bison.com\/de\/wp-json\/wp\/v2\/comments?post=1934"}],"version-history":[{"count":5,"href":"https:\/\/www.votex-bison.com\/de\/wp-json\/wp\/v2\/pages\/1934\/revisions"}],"predecessor-version":[{"id":10117,"href":"https:\/\/www.votex-bison.com\/de\/wp-json\/wp\/v2\/pages\/1934\/revisions\/10117"}],"wp:attachment":[{"href":"https:\/\/www.votex-bison.com\/de\/wp-json\/wp\/v2\/media?parent=1934"}],"curies":[{"name":"wp","href":"https:\/\/api.w.org\/{rel}","templated":true}]}}