{"id":1936,"date":"2017-03-02T12:05:28","date_gmt":"2017-03-02T11:05:28","guid":{"rendered":"https:\/\/comvote-eveyikli.savviihq.com\/modernisering\/"},"modified":"2025-02-28T22:53:43","modified_gmt":"2025-02-28T21:53:43","slug":"modernisering-revision","status":"publish","type":"page","link":"https:\/\/www.votex-bison.com\/de\/modernisering-revision\/","title":{"rendered":"Revision und Modernisierung"},"content":{"rendered":"<div class=\"wpb-content-wrapper\"><p>[vc_row][vc_column width=&#8220;1\/2&#8243; text_align=&#8220;justify&#8220;][vc_column_text css=&#8220;&#8220; css_params=&#8220;&#8220;]<\/p>\n<h3 data-start=\"0\" data-end=\"74\"><strong data-start=\"4\" data-end=\"74\">VOTEX BISON \u2013 OPTIMIEREN SIE IHRE MASCHINEN MIT UNSERER EXPERTISE!<\/strong><\/h3>\n<p data-start=\"76\" data-end=\"522\">Unsere <strong data-start=\"83\" data-end=\"119\">erfahrenen Votex Bison-Techniker<\/strong> sorgen daf\u00fcr, dass jedes Bauteil Ihrer Maschine in einwandfreiem Zustand bleibt. Durch <strong data-start=\"207\" data-end=\"243\">gr\u00fcndliche visuelle Inspektionen<\/strong>, <strong data-start=\"245\" data-end=\"266\">pr\u00e4zise Messungen<\/strong> und <strong data-start=\"271\" data-end=\"292\">funktionale Tests<\/strong> identifizieren wir schnell m\u00f6gliche Schwachstellen, sowohl an der <strong data-start=\"359\" data-end=\"378\">Maschine selbst<\/strong> als auch an <strong data-start=\"391\" data-end=\"416\">einzelnen Komponenten<\/strong>. So stellen wir sicher, dass keine Details \u00fcbersehen werden und Ihre Maschine stets optimal funktioniert.<\/p>\n<h3 data-start=\"524\" data-end=\"587\"><strong data-start=\"528\" data-end=\"587\">Vorbereitung und Modernisierung: BEREIT F\u00dcR DIE ZUKUNFT<\/strong><\/h3>\n<p data-start=\"589\" data-end=\"1215\">Unsere Techniker arbeiten eng mit Ihrem zust\u00e4ndigen Team zusammen, um festzustellen, ob Ihre <strong data-start=\"682\" data-end=\"706\">Votex Bison-Maschine<\/strong> f\u00fcr das <strong data-start=\"715\" data-end=\"742\">Modernisierungsprogramm<\/strong> geeignet ist. Ist dies der Fall, werden alle <strong data-start=\"788\" data-end=\"804\">mechanischen<\/strong> und <strong data-start=\"809\" data-end=\"837\">elektrischen Komponenten<\/strong>, mit besonderem Augenmerk auf <strong data-start=\"868\" data-end=\"898\">sicherheitsrelevante Teile<\/strong>, sorgf\u00e4ltig \u00fcberpr\u00fcft und bei Bedarf durch <strong data-start=\"942\" data-end=\"979\">originale Votex Bison-Ersatzteile<\/strong> ersetzt. So gew\u00e4hrleisten wir, dass Ihre Maschine nicht nur <strong data-start=\"1040\" data-end=\"1066\">ausgezeichnet arbeitet<\/strong>, sondern auch <strong data-start=\"1081\" data-end=\"1096\">zuverl\u00e4ssig<\/strong> und <strong data-start=\"1101\" data-end=\"1115\">nachhaltig<\/strong> bleibt, was die Lebensdauer Ihrer Maschine erheblich verl\u00e4ngert und die Gesamtbetriebskosten senkt.<\/p>\n<h3 data-start=\"1217\" data-end=\"1269\"><strong data-start=\"1221\" data-end=\"1269\">Geben Sie Ihren Maschinen ein zweites Leben!<\/strong><\/h3>\n<p data-start=\"1271\" data-end=\"1618\">Mit <strong data-start=\"1275\" data-end=\"1290\">Votex Bison<\/strong> holen Sie das Beste aus Ihren Maschinen heraus und tragen gleichzeitig zu einer <strong data-start=\"1371\" data-end=\"1390\">kostenbewussten<\/strong> und <strong data-start=\"1395\" data-end=\"1410\">effizienten<\/strong> Betriebsf\u00fchrung bei. <strong data-start=\"1432\" data-end=\"1479\">Informieren Sie sich \u00fcber die M\u00f6glichkeiten<\/strong> und erfahren Sie, wie wir Ihre Ausr\u00fcstung f\u00fcr <strong data-start=\"1526\" data-end=\"1552\">maximale Produktivit\u00e4t<\/strong>, <strong data-start=\"1554\" data-end=\"1573\">Zuverl\u00e4ssigkeit<\/strong> und <strong data-start=\"1578\" data-end=\"1596\">Nachhaltigkeit<\/strong> modernisieren k\u00f6nnen!<\/p>\n<p>[\/vc_column_text][\/vc_column][vc_column width=&#8220;1\/2&#8243;][vc_gallery type=&#8220;image_grid&#8220; images=&#8220;2456,5427,2462,5424,2465,2133&#8243;][\/vc_column][\/vc_row][vc_row][vc_column][\/vc_column][\/vc_row]<\/p>\n<\/div>","protected":false},"excerpt":{"rendered":"<p>[vc_row][vc_column width=&#8220;1\/2&#8243; text_align=&#8220;justify&#8220;][vc_column_text css=&#8220;&#8220; css_params=&#8220;&#8220;] VOTEX BISON \u2013 OPTIMIEREN SIE IHRE MASCHINEN MIT UNSERER EXPERTISE! Unsere erfahrenen Votex Bison-Techniker sorgen daf\u00fcr, dass jedes Bauteil Ihrer Maschine in einwandfreiem Zustand bleibt. Durch gr\u00fcndliche visuelle Inspektionen, pr\u00e4zise Messungen und funktionale Tests identifizieren wir schnell m\u00f6gliche Schwachstellen, sowohl an der Maschine selbst als auch an einzelnen Komponenten. So [&hellip;]<\/p>\n","protected":false},"author":2,"featured_media":0,"parent":0,"menu_order":0,"comment_status":"closed","ping_status":"closed","template":"","meta":{"footnotes":""},"class_list":["post-1936","page","type-page","status-publish","hentry"],"yoast_head":"<!-- This site is optimized with the Yoast SEO plugin v27.5 - https:\/\/yoast.com\/product\/yoast-seo-wordpress\/ -->\n<title>Revision und Modernisierung - Votex Bison<\/title>\n<meta name=\"description\" content=\"Revision und Modernisierung - Votex Bison\" \/>\n<meta name=\"robots\" content=\"index, follow, max-snippet:-1, max-image-preview:large, max-video-preview:-1\" \/>\n<link rel=\"canonical\" href=\"https:\/\/www.votex-bison.com\/de\/modernisering-revision\/\" \/>\n<meta property=\"og:locale\" content=\"de_DE\" \/>\n<meta property=\"og:type\" content=\"article\" \/>\n<meta property=\"og:title\" content=\"Revision und Modernisierung - Votex Bison\" \/>\n<meta property=\"og:description\" content=\"Revision und Modernisierung - Votex Bison\" \/>\n<meta property=\"og:url\" content=\"https:\/\/www.votex-bison.com\/de\/modernisering-revision\/\" \/>\n<meta property=\"og:site_name\" content=\"Votex Bison\" \/>\n<meta property=\"article:publisher\" content=\"https:\/\/www.facebook.com\/votexbison\/\" \/>\n<meta property=\"article:modified_time\" content=\"2025-02-28T21:53:43+00:00\" \/>\n<meta name=\"twitter:card\" content=\"summary_large_image\" \/>\n<meta name=\"twitter:site\" content=\"@votexbison\" \/>\n<meta name=\"twitter:label1\" content=\"Gesch\u00e4tzte Lesezeit\" \/>\n\t<meta name=\"twitter:data1\" content=\"3\u00a0Minuten\" \/>\n<script type=\"application\/ld+json\" class=\"yoast-schema-graph\">{\"@context\":\"https:\\\/\\\/schema.org\",\"@graph\":[{\"@type\":\"WebPage\",\"@id\":\"https:\\\/\\\/www.votex-bison.com\\\/de\\\/modernisering-revision\\\/\",\"url\":\"https:\\\/\\\/www.votex-bison.com\\\/de\\\/modernisering-revision\\\/\",\"name\":\"Revision und Modernisierung - Votex Bison\",\"isPartOf\":{\"@id\":\"https:\\\/\\\/www.votex-bison.com\\\/#website\"},\"datePublished\":\"2017-03-02T11:05:28+00:00\",\"dateModified\":\"2025-02-28T21:53:43+00:00\",\"description\":\"Revision und Modernisierung - Votex Bison\",\"breadcrumb\":{\"@id\":\"https:\\\/\\\/www.votex-bison.com\\\/de\\\/modernisering-revision\\\/#breadcrumb\"},\"inLanguage\":\"de\",\"potentialAction\":[{\"@type\":\"ReadAction\",\"target\":[\"https:\\\/\\\/www.votex-bison.com\\\/de\\\/modernisering-revision\\\/\"]}]},{\"@type\":\"BreadcrumbList\",\"@id\":\"https:\\\/\\\/www.votex-bison.com\\\/de\\\/modernisering-revision\\\/#breadcrumb\",\"itemListElement\":[{\"@type\":\"ListItem\",\"position\":1,\"name\":\"Home\",\"item\":\"https:\\\/\\\/www.votex-bison.com\\\/de\\\/\"},{\"@type\":\"ListItem\",\"position\":2,\"name\":\"Revision und Modernisierung\"}]},{\"@type\":\"WebSite\",\"@id\":\"https:\\\/\\\/www.votex-bison.com\\\/#website\",\"url\":\"https:\\\/\\\/www.votex-bison.com\\\/\",\"name\":\"Votex Bison\",\"description\":\"The power of perfection\",\"publisher\":{\"@id\":\"https:\\\/\\\/www.votex-bison.com\\\/#organization\"},\"potentialAction\":[{\"@type\":\"SearchAction\",\"target\":{\"@type\":\"EntryPoint\",\"urlTemplate\":\"https:\\\/\\\/www.votex-bison.com\\\/?s={search_term_string}\"},\"query-input\":{\"@type\":\"PropertyValueSpecification\",\"valueRequired\":true,\"valueName\":\"search_term_string\"}}],\"inLanguage\":\"de\"},{\"@type\":\"Organization\",\"@id\":\"https:\\\/\\\/www.votex-bison.com\\\/#organization\",\"name\":\"Votex Bison\",\"url\":\"https:\\\/\\\/www.votex-bison.com\\\/\",\"logo\":{\"@type\":\"ImageObject\",\"inLanguage\":\"de\",\"@id\":\"https:\\\/\\\/www.votex-bison.com\\\/#\\\/schema\\\/logo\\\/image\\\/\",\"url\":\"https:\\\/\\\/comvote-eveyikli.savviihq.com\\\/wp-content\\\/uploads\\\/2017\\\/02\\\/logo-votex-bison.jpg\",\"contentUrl\":\"https:\\\/\\\/comvote-eveyikli.savviihq.com\\\/wp-content\\\/uploads\\\/2017\\\/02\\\/logo-votex-bison.jpg\",\"width\":352,\"height\":144,\"caption\":\"Votex Bison\"},\"image\":{\"@id\":\"https:\\\/\\\/www.votex-bison.com\\\/#\\\/schema\\\/logo\\\/image\\\/\"},\"sameAs\":[\"https:\\\/\\\/www.facebook.com\\\/votexbison\\\/\",\"https:\\\/\\\/x.com\\\/votexbison\",\"https:\\\/\\\/www.linkedin.com\\\/company\\\/votex-bison-material-handling-b-v-\",\"https:\\\/\\\/www.youtube.com\\\/user\\\/VotexBison\"]}]}<\/script>\n<!-- \/ Yoast SEO plugin. -->","yoast_head_json":{"title":"Revision und Modernisierung - Votex Bison","description":"Revision und Modernisierung - Votex Bison","robots":{"index":"index","follow":"follow","max-snippet":"max-snippet:-1","max-image-preview":"max-image-preview:large","max-video-preview":"max-video-preview:-1"},"canonical":"https:\/\/www.votex-bison.com\/de\/modernisering-revision\/","og_locale":"de_DE","og_type":"article","og_title":"Revision und Modernisierung - Votex Bison","og_description":"Revision und Modernisierung - Votex Bison","og_url":"https:\/\/www.votex-bison.com\/de\/modernisering-revision\/","og_site_name":"Votex Bison","article_publisher":"https:\/\/www.facebook.com\/votexbison\/","article_modified_time":"2025-02-28T21:53:43+00:00","twitter_card":"summary_large_image","twitter_site":"@votexbison","twitter_misc":{"Gesch\u00e4tzte Lesezeit":"3\u00a0Minuten"},"schema":{"@context":"https:\/\/schema.org","@graph":[{"@type":"WebPage","@id":"https:\/\/www.votex-bison.com\/de\/modernisering-revision\/","url":"https:\/\/www.votex-bison.com\/de\/modernisering-revision\/","name":"Revision und Modernisierung - Votex Bison","isPartOf":{"@id":"https:\/\/www.votex-bison.com\/#website"},"datePublished":"2017-03-02T11:05:28+00:00","dateModified":"2025-02-28T21:53:43+00:00","description":"Revision und Modernisierung - Votex Bison","breadcrumb":{"@id":"https:\/\/www.votex-bison.com\/de\/modernisering-revision\/#breadcrumb"},"inLanguage":"de","potentialAction":[{"@type":"ReadAction","target":["https:\/\/www.votex-bison.com\/de\/modernisering-revision\/"]}]},{"@type":"BreadcrumbList","@id":"https:\/\/www.votex-bison.com\/de\/modernisering-revision\/#breadcrumb","itemListElement":[{"@type":"ListItem","position":1,"name":"Home","item":"https:\/\/www.votex-bison.com\/de\/"},{"@type":"ListItem","position":2,"name":"Revision und Modernisierung"}]},{"@type":"WebSite","@id":"https:\/\/www.votex-bison.com\/#website","url":"https:\/\/www.votex-bison.com\/","name":"Votex Bison","description":"The power of perfection","publisher":{"@id":"https:\/\/www.votex-bison.com\/#organization"},"potentialAction":[{"@type":"SearchAction","target":{"@type":"EntryPoint","urlTemplate":"https:\/\/www.votex-bison.com\/?s={search_term_string}"},"query-input":{"@type":"PropertyValueSpecification","valueRequired":true,"valueName":"search_term_string"}}],"inLanguage":"de"},{"@type":"Organization","@id":"https:\/\/www.votex-bison.com\/#organization","name":"Votex Bison","url":"https:\/\/www.votex-bison.com\/","logo":{"@type":"ImageObject","inLanguage":"de","@id":"https:\/\/www.votex-bison.com\/#\/schema\/logo\/image\/","url":"https:\/\/comvote-eveyikli.savviihq.com\/wp-content\/uploads\/2017\/02\/logo-votex-bison.jpg","contentUrl":"https:\/\/comvote-eveyikli.savviihq.com\/wp-content\/uploads\/2017\/02\/logo-votex-bison.jpg","width":352,"height":144,"caption":"Votex Bison"},"image":{"@id":"https:\/\/www.votex-bison.com\/#\/schema\/logo\/image\/"},"sameAs":["https:\/\/www.facebook.com\/votexbison\/","https:\/\/x.com\/votexbison","https:\/\/www.linkedin.com\/company\/votex-bison-material-handling-b-v-","https:\/\/www.youtube.com\/user\/VotexBison"]}]}},"_links":{"self":[{"href":"https:\/\/www.votex-bison.com\/de\/wp-json\/wp\/v2\/pages\/1936","targetHints":{"allow":["GET"]}}],"collection":[{"href":"https:\/\/www.votex-bison.com\/de\/wp-json\/wp\/v2\/pages"}],"about":[{"href":"https:\/\/www.votex-bison.com\/de\/wp-json\/wp\/v2\/types\/page"}],"author":[{"embeddable":true,"href":"https:\/\/www.votex-bison.com\/de\/wp-json\/wp\/v2\/users\/2"}],"replies":[{"embeddable":true,"href":"https:\/\/www.votex-bison.com\/de\/wp-json\/wp\/v2\/comments?post=1936"}],"version-history":[{"count":5,"href":"https:\/\/www.votex-bison.com\/de\/wp-json\/wp\/v2\/pages\/1936\/revisions"}],"predecessor-version":[{"id":10106,"href":"https:\/\/www.votex-bison.com\/de\/wp-json\/wp\/v2\/pages\/1936\/revisions\/10106"}],"wp:attachment":[{"href":"https:\/\/www.votex-bison.com\/de\/wp-json\/wp\/v2\/media?parent=1936"}],"curies":[{"name":"wp","href":"https:\/\/api.w.org\/{rel}","templated":true}]}}