{"id":1938,"date":"2017-03-02T11:21:18","date_gmt":"2017-03-02T10:21:18","guid":{"rendered":"https:\/\/comvote-eveyikli.savviihq.com\/onderdelen\/"},"modified":"2025-03-03T10:31:47","modified_gmt":"2025-03-03T09:31:47","slug":"reparatur-von-schaeden","status":"publish","type":"page","link":"https:\/\/www.votex-bison.com\/de\/reparatur-von-schaeden\/","title":{"rendered":"Reparatur von Sch\u00e4den"},"content":{"rendered":"<div class=\"wpb-content-wrapper\"><p>[vc_row][vc_column width=&#8220;1\/2&#8243; text_align=&#8220;justify&#8220;][vc_column_text css=&#8220;&#8220; css_params=&#8220;&#8220;]<\/p>\n<p data-start=\"0\" data-end=\"78\"><strong data-start=\"0\" data-end=\"78\">Sicherheit an erster Stelle, schnelle Wiederinbetriebnahme mit Votex Bison<\/strong><\/p>\n<p data-start=\"80\" data-end=\"327\">Sicherheit hat f\u00fcr uns h\u00f6chste Priorit\u00e4t, aber wir wissen, dass Unf\u00e4lle manchmal unvermeidlich sind. Sollte doch einmal etwas mit Ihrem Votex Bison Stapler passieren, stehen wir bereit, um ihn so schnell wie m\u00f6glich wieder einsatzbereit zu machen.<\/p>\n<p data-start=\"329\" data-end=\"617\">Wenn die Reparatur vor Ort nicht durchgef\u00fchrt werden kann, bieten wir Ihnen eine <strong data-start=\"410\" data-end=\"444\">schnelle und effiziente L\u00f6sung<\/strong>. Mit unserem eigenen Transportteam holen wir Ihren Votex Bison Stapler umgehend ab und bringen ihn in unsere Fachwerkstatt, wo wir die erforderlichen Reparaturen vornehmen.<\/p>\n<p data-start=\"619\" data-end=\"829\" data-is-last-node=\"\" data-is-only-node=\"\"><strong data-start=\"619\" data-end=\"665\">Ihr Gesch\u00e4ft hat f\u00fcr uns oberste Priorit\u00e4t<\/strong>. Wir sorgen daf\u00fcr, dass Ihre Maschinen so schnell wie m\u00f6glich wieder in Top-Zustand sind, damit Ihre Logistikprozesse ohne Unterbrechung fortgef\u00fchrt werden k\u00f6nnen.<\/p>\n<p>[\/vc_column_text][\/vc_column][vc_column width=&#8220;1\/2&#8243;][vc_gallery type=&#8220;image_grid&#8220; images=&#8220;2152,6030,1260,4840&#8243;][\/vc_column][\/vc_row]<\/p>\n<\/div>","protected":false},"excerpt":{"rendered":"<p>[vc_row][vc_column width=&#8220;1\/2&#8243; text_align=&#8220;justify&#8220;][vc_column_text css=&#8220;&#8220; css_params=&#8220;&#8220;] Sicherheit an erster Stelle, schnelle Wiederinbetriebnahme mit Votex Bison Sicherheit hat f\u00fcr uns h\u00f6chste Priorit\u00e4t, aber wir wissen, dass Unf\u00e4lle manchmal unvermeidlich sind. Sollte doch einmal etwas mit Ihrem Votex Bison Stapler passieren, stehen wir bereit, um ihn so schnell wie m\u00f6glich wieder einsatzbereit zu machen. Wenn die Reparatur vor [&hellip;]<\/p>\n","protected":false},"author":2,"featured_media":0,"parent":0,"menu_order":0,"comment_status":"closed","ping_status":"closed","template":"","meta":{"footnotes":""},"class_list":["post-1938","page","type-page","status-publish","hentry"],"yoast_head":"<!-- This site is optimized with the Yoast SEO plugin v27.4 - https:\/\/yoast.com\/product\/yoast-seo-wordpress\/ -->\n<title>Reparatur von Sch\u00e4den - Votex Bison<\/title>\n<meta name=\"description\" content=\"Reparatur von Sch\u00e4den - Votex Bison\" \/>\n<meta name=\"robots\" content=\"index, follow, max-snippet:-1, max-image-preview:large, max-video-preview:-1\" \/>\n<link rel=\"canonical\" href=\"https:\/\/www.votex-bison.com\/de\/reparatur-von-schaeden\/\" \/>\n<meta property=\"og:locale\" content=\"de_DE\" \/>\n<meta property=\"og:type\" content=\"article\" \/>\n<meta property=\"og:title\" content=\"Reparatur von Sch\u00e4den - Votex Bison\" \/>\n<meta property=\"og:description\" content=\"Reparatur von Sch\u00e4den - Votex Bison\" \/>\n<meta property=\"og:url\" content=\"https:\/\/www.votex-bison.com\/de\/reparatur-von-schaeden\/\" \/>\n<meta property=\"og:site_name\" content=\"Votex Bison\" \/>\n<meta property=\"article:publisher\" content=\"https:\/\/www.facebook.com\/votexbison\/\" \/>\n<meta property=\"article:modified_time\" content=\"2025-03-03T09:31:47+00:00\" \/>\n<meta name=\"twitter:card\" content=\"summary_large_image\" \/>\n<meta name=\"twitter:site\" content=\"@votexbison\" \/>\n<meta name=\"twitter:label1\" content=\"Gesch\u00e4tzte Lesezeit\" \/>\n\t<meta name=\"twitter:data1\" content=\"2\u00a0Minuten\" \/>\n<script type=\"application\/ld+json\" class=\"yoast-schema-graph\">{\"@context\":\"https:\\\/\\\/schema.org\",\"@graph\":[{\"@type\":\"WebPage\",\"@id\":\"https:\\\/\\\/www.votex-bison.com\\\/de\\\/reparatur-von-schaeden\\\/\",\"url\":\"https:\\\/\\\/www.votex-bison.com\\\/de\\\/reparatur-von-schaeden\\\/\",\"name\":\"Reparatur von Sch\u00e4den - Votex Bison\",\"isPartOf\":{\"@id\":\"https:\\\/\\\/www.votex-bison.com\\\/#website\"},\"datePublished\":\"2017-03-02T10:21:18+00:00\",\"dateModified\":\"2025-03-03T09:31:47+00:00\",\"description\":\"Reparatur von Sch\u00e4den - Votex Bison\",\"breadcrumb\":{\"@id\":\"https:\\\/\\\/www.votex-bison.com\\\/de\\\/reparatur-von-schaeden\\\/#breadcrumb\"},\"inLanguage\":\"de\",\"potentialAction\":[{\"@type\":\"ReadAction\",\"target\":[\"https:\\\/\\\/www.votex-bison.com\\\/de\\\/reparatur-von-schaeden\\\/\"]}]},{\"@type\":\"BreadcrumbList\",\"@id\":\"https:\\\/\\\/www.votex-bison.com\\\/de\\\/reparatur-von-schaeden\\\/#breadcrumb\",\"itemListElement\":[{\"@type\":\"ListItem\",\"position\":1,\"name\":\"Home\",\"item\":\"https:\\\/\\\/www.votex-bison.com\\\/de\\\/\"},{\"@type\":\"ListItem\",\"position\":2,\"name\":\"Reparatur von Sch\u00e4den\"}]},{\"@type\":\"WebSite\",\"@id\":\"https:\\\/\\\/www.votex-bison.com\\\/#website\",\"url\":\"https:\\\/\\\/www.votex-bison.com\\\/\",\"name\":\"Votex Bison\",\"description\":\"The power of perfection\",\"publisher\":{\"@id\":\"https:\\\/\\\/www.votex-bison.com\\\/#organization\"},\"potentialAction\":[{\"@type\":\"SearchAction\",\"target\":{\"@type\":\"EntryPoint\",\"urlTemplate\":\"https:\\\/\\\/www.votex-bison.com\\\/?s={search_term_string}\"},\"query-input\":{\"@type\":\"PropertyValueSpecification\",\"valueRequired\":true,\"valueName\":\"search_term_string\"}}],\"inLanguage\":\"de\"},{\"@type\":\"Organization\",\"@id\":\"https:\\\/\\\/www.votex-bison.com\\\/#organization\",\"name\":\"Votex Bison\",\"url\":\"https:\\\/\\\/www.votex-bison.com\\\/\",\"logo\":{\"@type\":\"ImageObject\",\"inLanguage\":\"de\",\"@id\":\"https:\\\/\\\/www.votex-bison.com\\\/#\\\/schema\\\/logo\\\/image\\\/\",\"url\":\"https:\\\/\\\/comvote-eveyikli.savviihq.com\\\/wp-content\\\/uploads\\\/2017\\\/02\\\/logo-votex-bison.jpg\",\"contentUrl\":\"https:\\\/\\\/comvote-eveyikli.savviihq.com\\\/wp-content\\\/uploads\\\/2017\\\/02\\\/logo-votex-bison.jpg\",\"width\":352,\"height\":144,\"caption\":\"Votex Bison\"},\"image\":{\"@id\":\"https:\\\/\\\/www.votex-bison.com\\\/#\\\/schema\\\/logo\\\/image\\\/\"},\"sameAs\":[\"https:\\\/\\\/www.facebook.com\\\/votexbison\\\/\",\"https:\\\/\\\/x.com\\\/votexbison\",\"https:\\\/\\\/www.linkedin.com\\\/company\\\/votex-bison-material-handling-b-v-\",\"https:\\\/\\\/www.youtube.com\\\/user\\\/VotexBison\"]}]}<\/script>\n<!-- \/ Yoast SEO plugin. -->","yoast_head_json":{"title":"Reparatur von Sch\u00e4den - Votex Bison","description":"Reparatur von Sch\u00e4den - Votex Bison","robots":{"index":"index","follow":"follow","max-snippet":"max-snippet:-1","max-image-preview":"max-image-preview:large","max-video-preview":"max-video-preview:-1"},"canonical":"https:\/\/www.votex-bison.com\/de\/reparatur-von-schaeden\/","og_locale":"de_DE","og_type":"article","og_title":"Reparatur von Sch\u00e4den - Votex Bison","og_description":"Reparatur von Sch\u00e4den - Votex Bison","og_url":"https:\/\/www.votex-bison.com\/de\/reparatur-von-schaeden\/","og_site_name":"Votex Bison","article_publisher":"https:\/\/www.facebook.com\/votexbison\/","article_modified_time":"2025-03-03T09:31:47+00:00","twitter_card":"summary_large_image","twitter_site":"@votexbison","twitter_misc":{"Gesch\u00e4tzte Lesezeit":"2\u00a0Minuten"},"schema":{"@context":"https:\/\/schema.org","@graph":[{"@type":"WebPage","@id":"https:\/\/www.votex-bison.com\/de\/reparatur-von-schaeden\/","url":"https:\/\/www.votex-bison.com\/de\/reparatur-von-schaeden\/","name":"Reparatur von Sch\u00e4den - Votex Bison","isPartOf":{"@id":"https:\/\/www.votex-bison.com\/#website"},"datePublished":"2017-03-02T10:21:18+00:00","dateModified":"2025-03-03T09:31:47+00:00","description":"Reparatur von Sch\u00e4den - Votex Bison","breadcrumb":{"@id":"https:\/\/www.votex-bison.com\/de\/reparatur-von-schaeden\/#breadcrumb"},"inLanguage":"de","potentialAction":[{"@type":"ReadAction","target":["https:\/\/www.votex-bison.com\/de\/reparatur-von-schaeden\/"]}]},{"@type":"BreadcrumbList","@id":"https:\/\/www.votex-bison.com\/de\/reparatur-von-schaeden\/#breadcrumb","itemListElement":[{"@type":"ListItem","position":1,"name":"Home","item":"https:\/\/www.votex-bison.com\/de\/"},{"@type":"ListItem","position":2,"name":"Reparatur von Sch\u00e4den"}]},{"@type":"WebSite","@id":"https:\/\/www.votex-bison.com\/#website","url":"https:\/\/www.votex-bison.com\/","name":"Votex Bison","description":"The power of perfection","publisher":{"@id":"https:\/\/www.votex-bison.com\/#organization"},"potentialAction":[{"@type":"SearchAction","target":{"@type":"EntryPoint","urlTemplate":"https:\/\/www.votex-bison.com\/?s={search_term_string}"},"query-input":{"@type":"PropertyValueSpecification","valueRequired":true,"valueName":"search_term_string"}}],"inLanguage":"de"},{"@type":"Organization","@id":"https:\/\/www.votex-bison.com\/#organization","name":"Votex Bison","url":"https:\/\/www.votex-bison.com\/","logo":{"@type":"ImageObject","inLanguage":"de","@id":"https:\/\/www.votex-bison.com\/#\/schema\/logo\/image\/","url":"https:\/\/comvote-eveyikli.savviihq.com\/wp-content\/uploads\/2017\/02\/logo-votex-bison.jpg","contentUrl":"https:\/\/comvote-eveyikli.savviihq.com\/wp-content\/uploads\/2017\/02\/logo-votex-bison.jpg","width":352,"height":144,"caption":"Votex Bison"},"image":{"@id":"https:\/\/www.votex-bison.com\/#\/schema\/logo\/image\/"},"sameAs":["https:\/\/www.facebook.com\/votexbison\/","https:\/\/x.com\/votexbison","https:\/\/www.linkedin.com\/company\/votex-bison-material-handling-b-v-","https:\/\/www.youtube.com\/user\/VotexBison"]}]}},"_links":{"self":[{"href":"https:\/\/www.votex-bison.com\/de\/wp-json\/wp\/v2\/pages\/1938","targetHints":{"allow":["GET"]}}],"collection":[{"href":"https:\/\/www.votex-bison.com\/de\/wp-json\/wp\/v2\/pages"}],"about":[{"href":"https:\/\/www.votex-bison.com\/de\/wp-json\/wp\/v2\/types\/page"}],"author":[{"embeddable":true,"href":"https:\/\/www.votex-bison.com\/de\/wp-json\/wp\/v2\/users\/2"}],"replies":[{"embeddable":true,"href":"https:\/\/www.votex-bison.com\/de\/wp-json\/wp\/v2\/comments?post=1938"}],"version-history":[{"count":5,"href":"https:\/\/www.votex-bison.com\/de\/wp-json\/wp\/v2\/pages\/1938\/revisions"}],"predecessor-version":[{"id":10176,"href":"https:\/\/www.votex-bison.com\/de\/wp-json\/wp\/v2\/pages\/1938\/revisions\/10176"}],"wp:attachment":[{"href":"https:\/\/www.votex-bison.com\/de\/wp-json\/wp\/v2\/media?parent=1938"}],"curies":[{"name":"wp","href":"https:\/\/api.w.org\/{rel}","templated":true}]}}