{"id":1953,"date":"2017-02-20T10:15:09","date_gmt":"2017-02-20T09:15:09","guid":{"rendered":"https:\/\/comvote-eveyikli.savviihq.com\/opleiding\/"},"modified":"2024-03-12T13:20:25","modified_gmt":"2024-03-12T12:20:25","slug":"ausbildung","status":"publish","type":"page","link":"https:\/\/www.votex-bison.com\/de\/ausbildung\/","title":{"rendered":"Ausbildung"},"content":{"rendered":"<div class=\"wpb-content-wrapper\"><p>[vc_row][vc_column width=&#8220;1\/2&#8243;][vc_column_text]<strong>Offiziell anerkanntes Ausbildungsunternehmen<\/strong><\/p>\n<p>Votex Bison Material Handling B.V. ist ein offiziell anerkanntes Ausbildungsunternehmen nach den Standards der Wissens- und Ausbildungszentren der Berufsbildungsstiftung (SBB).<br \/>\nDies garantiert die Qualit\u00e4t unserer beruflichen Praxis.<\/p>\n<p>Wir bieten regelm\u00e4\u00dfig Praktika f\u00fcr Studenten an, die im Rahmen ihrer Ausbildung wertvolle Berufserfahrung sammeln m\u00f6chten.[\/vc_column_text][vc_single_image image=&#8220;1066&#8243; img_size=&#8220;medium&#8220; alignment=&#8220;center&#8220;][\/vc_column][vc_column width=&#8220;1\/2&#8243;]<div class=\"porto-image-frame \"><img decoding=\"async\" alt=\"zijladers seitenstapler sideloader\" src=\"\/\/www.votex-bison.com\/wp-content\/uploads\/2020\/05\/Votex-Bison-Trainingen-engineering.jpg\" class=\"img-responsive img-rounded\" width=\"1920\" height=\"1280\"><\/div>[\/vc_column][\/vc_row]<\/p>\n<\/div>","protected":false},"excerpt":{"rendered":"<p>[vc_row][vc_column width=&#8220;1\/2&#8243;][vc_column_text]Offiziell anerkanntes Ausbildungsunternehmen Votex Bison Material Handling B.V. ist ein offiziell anerkanntes Ausbildungsunternehmen nach den Standards der Wissens- und Ausbildungszentren der Berufsbildungsstiftung (SBB). Dies garantiert die Qualit\u00e4t unserer beruflichen Praxis. Wir bieten regelm\u00e4\u00dfig Praktika f\u00fcr Studenten an, die im Rahmen ihrer Ausbildung wertvolle Berufserfahrung sammeln m\u00f6chten.[\/vc_column_text][vc_single_image image=&#8220;1066&#8243; img_size=&#8220;medium&#8220; alignment=&#8220;center&#8220;][\/vc_column][vc_column width=&#8220;1\/2&#8243;][\/vc_column][\/vc_row]<\/p>\n","protected":false},"author":1,"featured_media":0,"parent":0,"menu_order":10,"comment_status":"closed","ping_status":"closed","template":"","meta":{"footnotes":""},"class_list":["post-1953","page","type-page","status-publish","hentry"],"yoast_head":"<!-- This site is optimized with the Yoast SEO plugin v27.4 - https:\/\/yoast.com\/product\/yoast-seo-wordpress\/ -->\n<title>Ausbildung - Votex Bison erkend leerbedrijf<\/title>\n<meta name=\"description\" content=\"Votex Bison Material Handling B.V. is een officieel erkend leerbedrijf volgens de normen van de kennis- en opleidingscentra van SBB.\" \/>\n<meta name=\"robots\" content=\"index, follow, max-snippet:-1, max-image-preview:large, max-video-preview:-1\" \/>\n<link rel=\"canonical\" href=\"https:\/\/www.votex-bison.com\/de\/ausbildung\/\" \/>\n<meta property=\"og:locale\" content=\"de_DE\" \/>\n<meta property=\"og:type\" content=\"article\" \/>\n<meta property=\"og:title\" content=\"Ausbildung - Votex Bison erkend leerbedrijf\" \/>\n<meta property=\"og:description\" content=\"Votex Bison Material Handling B.V. is een officieel erkend leerbedrijf volgens de normen van de kennis- en opleidingscentra van SBB.\" \/>\n<meta property=\"og:url\" content=\"https:\/\/www.votex-bison.com\/de\/ausbildung\/\" \/>\n<meta property=\"og:site_name\" content=\"Votex Bison\" \/>\n<meta property=\"article:publisher\" content=\"https:\/\/www.facebook.com\/votexbison\/\" \/>\n<meta property=\"article:modified_time\" content=\"2024-03-12T12:20:25+00:00\" \/>\n<meta name=\"twitter:card\" content=\"summary_large_image\" \/>\n<meta name=\"twitter:site\" content=\"@votexbison\" \/>\n<meta name=\"twitter:label1\" content=\"Gesch\u00e4tzte Lesezeit\" \/>\n\t<meta name=\"twitter:data1\" content=\"1\u00a0Minute\" \/>\n<script type=\"application\/ld+json\" class=\"yoast-schema-graph\">{\"@context\":\"https:\\\/\\\/schema.org\",\"@graph\":[{\"@type\":\"WebPage\",\"@id\":\"https:\\\/\\\/www.votex-bison.com\\\/de\\\/ausbildung\\\/\",\"url\":\"https:\\\/\\\/www.votex-bison.com\\\/de\\\/ausbildung\\\/\",\"name\":\"Ausbildung - Votex Bison erkend leerbedrijf\",\"isPartOf\":{\"@id\":\"https:\\\/\\\/www.votex-bison.com\\\/#website\"},\"datePublished\":\"2017-02-20T09:15:09+00:00\",\"dateModified\":\"2024-03-12T12:20:25+00:00\",\"description\":\"Votex Bison Material Handling B.V. is een officieel erkend leerbedrijf volgens de normen van de kennis- en opleidingscentra van SBB.\",\"breadcrumb\":{\"@id\":\"https:\\\/\\\/www.votex-bison.com\\\/de\\\/ausbildung\\\/#breadcrumb\"},\"inLanguage\":\"de\",\"potentialAction\":[{\"@type\":\"ReadAction\",\"target\":[\"https:\\\/\\\/www.votex-bison.com\\\/de\\\/ausbildung\\\/\"]}]},{\"@type\":\"BreadcrumbList\",\"@id\":\"https:\\\/\\\/www.votex-bison.com\\\/de\\\/ausbildung\\\/#breadcrumb\",\"itemListElement\":[{\"@type\":\"ListItem\",\"position\":1,\"name\":\"Home\",\"item\":\"https:\\\/\\\/www.votex-bison.com\\\/de\\\/\"},{\"@type\":\"ListItem\",\"position\":2,\"name\":\"Ausbildung\"}]},{\"@type\":\"WebSite\",\"@id\":\"https:\\\/\\\/www.votex-bison.com\\\/#website\",\"url\":\"https:\\\/\\\/www.votex-bison.com\\\/\",\"name\":\"Votex Bison\",\"description\":\"The power of perfection\",\"publisher\":{\"@id\":\"https:\\\/\\\/www.votex-bison.com\\\/#organization\"},\"potentialAction\":[{\"@type\":\"SearchAction\",\"target\":{\"@type\":\"EntryPoint\",\"urlTemplate\":\"https:\\\/\\\/www.votex-bison.com\\\/?s={search_term_string}\"},\"query-input\":{\"@type\":\"PropertyValueSpecification\",\"valueRequired\":true,\"valueName\":\"search_term_string\"}}],\"inLanguage\":\"de\"},{\"@type\":\"Organization\",\"@id\":\"https:\\\/\\\/www.votex-bison.com\\\/#organization\",\"name\":\"Votex Bison\",\"url\":\"https:\\\/\\\/www.votex-bison.com\\\/\",\"logo\":{\"@type\":\"ImageObject\",\"inLanguage\":\"de\",\"@id\":\"https:\\\/\\\/www.votex-bison.com\\\/#\\\/schema\\\/logo\\\/image\\\/\",\"url\":\"https:\\\/\\\/comvote-eveyikli.savviihq.com\\\/wp-content\\\/uploads\\\/2017\\\/02\\\/logo-votex-bison.jpg\",\"contentUrl\":\"https:\\\/\\\/comvote-eveyikli.savviihq.com\\\/wp-content\\\/uploads\\\/2017\\\/02\\\/logo-votex-bison.jpg\",\"width\":352,\"height\":144,\"caption\":\"Votex Bison\"},\"image\":{\"@id\":\"https:\\\/\\\/www.votex-bison.com\\\/#\\\/schema\\\/logo\\\/image\\\/\"},\"sameAs\":[\"https:\\\/\\\/www.facebook.com\\\/votexbison\\\/\",\"https:\\\/\\\/x.com\\\/votexbison\",\"https:\\\/\\\/www.linkedin.com\\\/company\\\/votex-bison-material-handling-b-v-\",\"https:\\\/\\\/www.youtube.com\\\/user\\\/VotexBison\"]}]}<\/script>\n<!-- \/ Yoast SEO plugin. -->","yoast_head_json":{"title":"Ausbildung - Votex Bison erkend leerbedrijf","description":"Votex Bison Material Handling B.V. is een officieel erkend leerbedrijf volgens de normen van de kennis- en opleidingscentra van SBB.","robots":{"index":"index","follow":"follow","max-snippet":"max-snippet:-1","max-image-preview":"max-image-preview:large","max-video-preview":"max-video-preview:-1"},"canonical":"https:\/\/www.votex-bison.com\/de\/ausbildung\/","og_locale":"de_DE","og_type":"article","og_title":"Ausbildung - Votex Bison erkend leerbedrijf","og_description":"Votex Bison Material Handling B.V. is een officieel erkend leerbedrijf volgens de normen van de kennis- en opleidingscentra van SBB.","og_url":"https:\/\/www.votex-bison.com\/de\/ausbildung\/","og_site_name":"Votex Bison","article_publisher":"https:\/\/www.facebook.com\/votexbison\/","article_modified_time":"2024-03-12T12:20:25+00:00","twitter_card":"summary_large_image","twitter_site":"@votexbison","twitter_misc":{"Gesch\u00e4tzte Lesezeit":"1\u00a0Minute"},"schema":{"@context":"https:\/\/schema.org","@graph":[{"@type":"WebPage","@id":"https:\/\/www.votex-bison.com\/de\/ausbildung\/","url":"https:\/\/www.votex-bison.com\/de\/ausbildung\/","name":"Ausbildung - Votex Bison erkend leerbedrijf","isPartOf":{"@id":"https:\/\/www.votex-bison.com\/#website"},"datePublished":"2017-02-20T09:15:09+00:00","dateModified":"2024-03-12T12:20:25+00:00","description":"Votex Bison Material Handling B.V. is een officieel erkend leerbedrijf volgens de normen van de kennis- en opleidingscentra van SBB.","breadcrumb":{"@id":"https:\/\/www.votex-bison.com\/de\/ausbildung\/#breadcrumb"},"inLanguage":"de","potentialAction":[{"@type":"ReadAction","target":["https:\/\/www.votex-bison.com\/de\/ausbildung\/"]}]},{"@type":"BreadcrumbList","@id":"https:\/\/www.votex-bison.com\/de\/ausbildung\/#breadcrumb","itemListElement":[{"@type":"ListItem","position":1,"name":"Home","item":"https:\/\/www.votex-bison.com\/de\/"},{"@type":"ListItem","position":2,"name":"Ausbildung"}]},{"@type":"WebSite","@id":"https:\/\/www.votex-bison.com\/#website","url":"https:\/\/www.votex-bison.com\/","name":"Votex Bison","description":"The power of perfection","publisher":{"@id":"https:\/\/www.votex-bison.com\/#organization"},"potentialAction":[{"@type":"SearchAction","target":{"@type":"EntryPoint","urlTemplate":"https:\/\/www.votex-bison.com\/?s={search_term_string}"},"query-input":{"@type":"PropertyValueSpecification","valueRequired":true,"valueName":"search_term_string"}}],"inLanguage":"de"},{"@type":"Organization","@id":"https:\/\/www.votex-bison.com\/#organization","name":"Votex Bison","url":"https:\/\/www.votex-bison.com\/","logo":{"@type":"ImageObject","inLanguage":"de","@id":"https:\/\/www.votex-bison.com\/#\/schema\/logo\/image\/","url":"https:\/\/comvote-eveyikli.savviihq.com\/wp-content\/uploads\/2017\/02\/logo-votex-bison.jpg","contentUrl":"https:\/\/comvote-eveyikli.savviihq.com\/wp-content\/uploads\/2017\/02\/logo-votex-bison.jpg","width":352,"height":144,"caption":"Votex Bison"},"image":{"@id":"https:\/\/www.votex-bison.com\/#\/schema\/logo\/image\/"},"sameAs":["https:\/\/www.facebook.com\/votexbison\/","https:\/\/x.com\/votexbison","https:\/\/www.linkedin.com\/company\/votex-bison-material-handling-b-v-","https:\/\/www.youtube.com\/user\/VotexBison"]}]}},"_links":{"self":[{"href":"https:\/\/www.votex-bison.com\/de\/wp-json\/wp\/v2\/pages\/1953","targetHints":{"allow":["GET"]}}],"collection":[{"href":"https:\/\/www.votex-bison.com\/de\/wp-json\/wp\/v2\/pages"}],"about":[{"href":"https:\/\/www.votex-bison.com\/de\/wp-json\/wp\/v2\/types\/page"}],"author":[{"embeddable":true,"href":"https:\/\/www.votex-bison.com\/de\/wp-json\/wp\/v2\/users\/1"}],"replies":[{"embeddable":true,"href":"https:\/\/www.votex-bison.com\/de\/wp-json\/wp\/v2\/comments?post=1953"}],"version-history":[{"count":5,"href":"https:\/\/www.votex-bison.com\/de\/wp-json\/wp\/v2\/pages\/1953\/revisions"}],"predecessor-version":[{"id":9474,"href":"https:\/\/www.votex-bison.com\/de\/wp-json\/wp\/v2\/pages\/1953\/revisions\/9474"}],"wp:attachment":[{"href":"https:\/\/www.votex-bison.com\/de\/wp-json\/wp\/v2\/media?parent=1953"}],"curies":[{"name":"wp","href":"https:\/\/api.w.org\/{rel}","templated":true}]}}