{"id":2933,"date":"2018-08-10T15:36:30","date_gmt":"2018-08-10T13:36:30","guid":{"rendered":"https:\/\/comvote-eveyikli.savviihq.com\/?page_id=2933"},"modified":"2020-04-02T13:01:00","modified_gmt":"2020-04-02T11:01:00","slug":"datenschutz","status":"publish","type":"page","link":"https:\/\/www.votex-bison.com\/de\/datenschutz\/","title":{"rendered":"Datenschutz"},"content":{"rendered":"<div class=\"wpb-content-wrapper\"><p>[vc_row][vc_column text_align=&#8220;justify&#8220;][vc_column_text]<strong>Erfassung und Verwendung personenbezogener Daten von Kunden, Lieferanten und anderen Auftragnehmern <\/strong><\/p>\n<p>Wir m\u00f6chten Sie darauf hinweisen, dass wir die personenbezogenen Daten, die Sie an uns \u00fcbermitteln, erfassen und verwenden, da dies notwendig ist, um einen etwaigen Vertrag mit Ihnen zu schlie\u00dfen und auszuf\u00fchren. Dies gilt sowohl f\u00fcr unsere (potenziellen) Kunden als auch f\u00fcr Parteien, bei denen wir Sachen einkaufen und\/oder die wir mit der Erbringung von Dienstleistungen beauftragen.<\/p>\n<p>Wenn Sie ein (potenzieller) Kunde von uns sind, verwenden wir Ihre Daten, um Ihnen ein Angebot zuschicken zu k\u00f6nnen, um zu bestimmen, welchen Spezifikationen oder W\u00fcnschen eine bestimmte Sache oder Dienstleistung gen\u00fcgen muss, um Sachen liefern oder Dienstleistungen f\u00fcr Sie erbringen zu k\u00f6nnen, um Rechnungen ausstellen zu k\u00f6nnen und um schnell und effizient mit Ihnen \u00fcber die Ausf\u00fchrung des Vertrags kommunizieren zu k\u00f6nnen.<\/p>\n<p>Wenn Sie ein (potenzieller) Lieferant oder Auftragnehmer von uns sind, ben\u00f6tigen wir Ihre personenbezogenen Daten ebenfalls f\u00fcr den Abschluss und die Ausf\u00fchrung des Vertrags. Beim Einkauf ist dies notwendig, um mitteilen zu k\u00f6nnen, welchen Spezifikationen oder W\u00fcnschen eine bestimmte Sache oder Dienstleistung aus unserer Sicht gen\u00fcgen muss, um ein Angebot einholen oder eine Bestellung bei Ihnen aufgeben zu k\u00f6nnen, um Ihre Rechnungen bezahlen zu k\u00f6nnen und um schnell und effizient mit Ihnen \u00fcber andere Aspekte des Vertrags kommunizieren zu k\u00f6nnen.<\/p>\n<p>Sie sind nicht verpflichtet, uns Ihre personenbezogenen Daten zu \u00fcbermitteln. Wenn Sie uns keine oder unzureichende personenbezogene\/n Daten \u00fcbermitteln, besteht jedoch die M\u00f6glichkeit, dass wir die oben genannten T\u00e4tigkeiten nicht ausf\u00fchren k\u00f6nnen.<\/p>\n<p><strong>Direktmarketing an Kunden und Auftragnehmer <\/strong><\/p>\n<p><strong>OPTION 1 (wenn Sie zwischen einmaligen Kunden und Kunden, mit denen Sie eine dauerhafte Gesch\u00e4ftsbeziehung unterhalten, unterscheiden und nur die Kunden anschreiben werden, mit denen Sie eine dauerhafte Beziehung unterhalten): <\/strong><\/p>\n<p>Wenn Sie regelm\u00e4\u00dfig bei uns bestellen, werden wir die von Ihnen angegebenen personenbezogenen Daten speichern und verwenden, um Sie k\u00fcnftig pers\u00f6nlich per E-Mail \u00fcber unsere bestehenden sowie neuen Produkte und Dienstleistungen zu informieren und Ihnen eventuell ein Angebot zu unterbreiten. Wir haben an der Verwendung Ihrer personenbezogenen Daten f\u00fcr diesen Zweck ein gerechtfertigtes Interesse, das aus dem Verkauf unserer Produkte und Dienstleistungen besteht. Immer dann, wenn wir Ihnen eine Mail mit Werbung zuschicken, haben Sie die M\u00f6glichkeit, uns mitzuteilen, dass Sie keine Werbung mehr w\u00fcnschen. Siehe daf\u00fcr den Abmeldelink unten in jedem Mailing.<\/p>\n<p>Wenn Sie einmaliger Kunde bei uns sind, werden wir Ihnen erst nach Ihrer Zustimmung Werbung zuschicken.<\/p>\n<p><strong>OPTION 2 (wenn Sie nicht zwischen einmaligen Kunden und Kunden, mit denen Sie eine dauerhafte Gesch\u00e4ftsbeziehung unterhalten, unterscheiden und somit all Ihre Kunden um deren Zustimmung f\u00fcr Direktmarketing bitten): <\/strong>Wenn Sie uns Ihre entsprechende Zustimmung erteilt haben, werden wir die von Ihnen angegebenen personenbezogenen Daten speichern und verwenden, um Sie k\u00fcnftig pers\u00f6nlich per E-Mail \u00fcber unsere bestehenden sowie neuen Produkte und Dienstleistungen zu informieren und Ihnen eventuell ein Angebot zu unterbreiten. Immer dann, wenn wir Ihnen eine Mail mit Werbung zuschicken, haben Sie die M\u00f6glichkeit, uns mitzuteilen, dass Sie keine Werbung mehr w\u00fcnschen. Siehe daf\u00fcr den Abmeldelink unten in jedem Mailing.<\/p>\n<p><strong>Dauer der Speicherung personenbezogener Daten von Kunden, Lieferanten und Auftragnehmern<\/strong><\/p>\n<p>Wenn Sie ein Angebot von uns angefordert haben, aber kein Kunde von uns geworden sind, werden wir Ihre Daten sp\u00e4testens ein Jahr nach unserem letzten Kontakt l\u00f6schen. Auch dann, wenn wir ein Angebot von Ihnen erhalten haben, aber kein Kunde von Ihnen geworden sind, werden Ihre personenbezogenen Daten sp\u00e4testens ein Jahr nach unserem letzten Kontakt gel\u00f6scht. Wenn Sie Kunde von uns oder wir Kunde von Ihnen geworden sind, werden wir Ihre personenbezogenen Daten f\u00fcr die Dauer von sieben Jahren nach Ende des Gesch\u00e4ftsjahres, in dem der mit Ihnen geschlossene Vertrag vollst\u00e4ndig erf\u00fcllt wurde, speichern. Der Zeitraum von sieben Jahren entspricht dem Zeitraum, in dem wir verpflichtet sind, unsere Unterlagen f\u00fcr das Finanzamt aufzubewahren. Nach Ablauf dieses Zeitraums werden wir Ihre personenbezogenen Daten l\u00f6schen.<\/p>\n<p><strong>Erfassung und Verwendung personenbezogener Daten von anderen Gesch\u00e4ftspartnern<\/strong><\/p>\n<p>Wir m\u00f6chten Sie darauf hinweisen, dass wir die personenbezogenen Daten, die Sie an uns \u00fcbermitteln, erfassen und verwenden, da Sie uns Ihre Zustimmung erteilt haben oder da dies f\u00fcr die Wahrnehmung unserer berechtigten Interessen notwendig ist. Wir verarbeiten die folgenden Daten: Name, Adresse und Kontaktdaten.<\/p>\n<p>Wenn Sie eine Gesch\u00e4ftsbeziehung mit uns unterhalten, verwenden wir Ihre Daten, damit wir uns f\u00fcr Zwecke, die f\u00fcr unser Unternehmen von Belang sind, mit Ihnen in Verbindung setzen k\u00f6nnen. Dazu geh\u00f6ren beispielsweise die Besprechung einer m\u00f6glichen Zusammenarbeit, die Verschaffung und Einholung von Informationen und die Instandhaltung unseres Netzwerks.<\/p>\n<p>Sie sind nicht verpflichtet, uns Ihre personenbezogenen Daten zu \u00fcbermitteln. Wenn Sie uns keine oder unzureichende personenbezogene\/n Daten \u00fcbermitteln, besteht jedoch die M\u00f6glichkeit, dass wir die oben genannten Zwecke nicht erf\u00fcllen k\u00f6nnen.<\/p>\n<p><strong>Direktmarketing an andere Gesch\u00e4ftskontakte<\/strong><\/p>\n<p>Wenn Sie uns Ihre entsprechende Zustimmung erteilt haben, werden wir die von Ihnen angegebenen personenbezogenen Daten speichern und verwenden, um Sie k\u00fcnftig pers\u00f6nlich per E-Mail \u00fcber unsere bestehenden sowie neuen Produkte und Dienstleistungen zu informieren und Ihnen eventuell ein Angebot zu unterbreiten. Immer dann, wenn wir Ihnen eine Mail mit Werbung zuschicken, haben Sie die M\u00f6glichkeit, uns mitzuteilen, dass Sie keine Werbung mehr w\u00fcnschen. Siehe daf\u00fcr den Abmeldelink unten in jedem Mailing.<\/p>\n<p><strong>Dauer der Speicherung personenbezogener Daten anderer Gesch\u00e4ftskontakte<\/strong><\/p>\n<p>Wir werden Ihre personenbezogenen Daten sp\u00e4testens ein Jahr nach unserem letzten Kontakt l\u00f6schen.<\/p>\n<p><strong>Cookies<\/strong><br \/>\nCookies sind kleine Textdateien, die w\u00e4hrend des Besuchs unserer Website auf Ihrem Computer, Tablet oder Smartphone abgelegt werden. In diesen Textdateien werden Informationen gespeichert, die die Website bei einem sp\u00e4teren Besuch wiedererkennt.<\/p>\n<p>Unsere Website nutzt Tracking Cookies, sofern Sie zugestimmt haben. Diese Cookies haben den Zweck, Informationen zu Ihrem Internetverhalten zu erfassen, so dass wir Ihnen gezielte Angebote f\u00fcr Produkte oder Dienstleistungen schicken k\u00f6nnen. Sie d\u00fcrfen Ihre Zustimmung jederzeit widerrufen. Ihre Daten werden maximal ein Jahr gespeichert.<\/p>\n<p>Dar\u00fcber hinaus legen wir funktionale Cookies ab. Diese Cookies haben den Zweck, die Nutzung unserer Website zu vereinfachen. Dazu geh\u00f6rt etwa die Speicherung von Produkten in Ihrem Warenkorb oder die Speicherung Ihrer Login-Daten w\u00e4hrend Ihres Besuchs.<\/p>\n<p>Mithilfe analytischer Cookies k\u00f6nnen wir sehen, welche Seiten innerhalb unserer Website besucht und welche Bereiche angeklickt werden. Zu diesem Zweck nutzen wir Google Analytics. Die Informationen, die Google auf diese Weise erfasst, werden so weit wie m\u00f6glich anonymisiert.<\/p>\n<p><strong>Weitergabe an Dritte<\/strong><\/p>\n<p>In Verbindung mit der Ausf\u00fchrung eines etwaigen mit Ihnen geschlossenen Vertrags besteht die M\u00f6glichkeit, dass wir Ihre personenbezogenen Daten an Dritte, die uns mit Teilen, Materialien und Produkten beliefern oder in unserem Auftrag Arbeiten verrichten, weitergeben m\u00fcssen. Dar\u00fcber hinaus nutzen wir f\u00fcr die Speicherung (von Teilen) unserer Verkaufs- und Einkaufsverwaltung und unseres Kundenbestands, zu denen auch Ihre personenbezogenen Daten geh\u00f6ren, externe Serverkapazit\u00e4ten. Ihre personenbezogenen Daten werden aus diesem Grund an unseren Anbieter dieser Serverkapazit\u00e4ten weitergegeben. Dar\u00fcber hinaus nutzen wir Microsoft Office und die zugeh\u00f6rigen Speicherm\u00f6glichkeiten f\u00fcr E-Mails und andere Dateien. Da wir einen Newsletter-Verteilerdienst nutzen, werden Ihre personenbezogenen Daten schlie\u00dflich auch an den Anbieter dieses Dienstes weitergegeben.<\/p>\n<p><strong>Ihre Rechte<\/strong><\/p>\n<p>Sie haben das Recht, Ihre eigenen personenbezogenen Daten einzusehen. Wenn Anlass dazu besteht, k\u00f6nnen Sie Ihre personenbezogenen Daten auch erg\u00e4nzen oder berichtigen lassen. Dar\u00fcber hinaus haben Sie das Recht, Ihre personenbezogenen Daten l\u00f6schen oder deren Verwendung beschr\u00e4nken zu lassen. Sie k\u00f6nnen der Erfassung und Verwendung Ihrer Daten auch uns gegen\u00fcber widersprechen oder eine Beschwerde bei der niederl\u00e4ndischen Datenaufsichtsbeh\u00f6rde [Autorit\u00e4t Person gegeben] einreichen. Auf Ihren Wunsch stellen wir Ihnen Ihre personenbezogenen Daten auch zur Verf\u00fcgung oder \u00fcbertragen diese an eine andere Stelle. Zur Aus\u00fcbung Ihrer Rechte wenden Sie sich bitte an: (Votex Bison Material Handling B.V., Croy 30, NL5653 LD, Eindhoven, Telefon: +31402262319,Email: <a href=\"mailto:info@votex-bison.com\">info@votex-bison.com<\/a> auch dann, wenn Sie Fragen haben oder weitere Informationen \u00fcber die Erfassung und Verwendung Ihrer personenbezogenen Daten w\u00fcnschen, k\u00f6nnen Sie selbstverst\u00e4ndlich Kontakt mit uns aufnehmen.[\/vc_column_text][\/vc_column][\/vc_row]<\/p>\n<\/div>","protected":false},"excerpt":{"rendered":"<p>[vc_row][vc_column text_align=&#8220;justify&#8220;][vc_column_text]Erfassung und Verwendung personenbezogener Daten von Kunden, Lieferanten und anderen Auftragnehmern Wir m\u00f6chten Sie darauf hinweisen, dass wir die personenbezogenen Daten, die Sie an uns \u00fcbermitteln, erfassen und verwenden, da dies notwendig ist, um einen etwaigen Vertrag mit Ihnen zu schlie\u00dfen und auszuf\u00fchren. Dies gilt sowohl f\u00fcr unsere (potenziellen) Kunden als auch f\u00fcr Parteien, [&hellip;]<\/p>\n","protected":false},"author":1,"featured_media":0,"parent":0,"menu_order":0,"comment_status":"closed","ping_status":"closed","template":"","meta":{"footnotes":""},"class_list":["post-2933","page","type-page","status-publish","hentry"],"yoast_head":"<!-- This site is optimized with the Yoast SEO plugin v27.4 - https:\/\/yoast.com\/product\/yoast-seo-wordpress\/ -->\n<title>Datenschutz - Votex Bison<\/title>\n<meta name=\"description\" content=\"Datenschutz - Votex Bison\" \/>\n<meta name=\"robots\" content=\"index, follow, max-snippet:-1, max-image-preview:large, max-video-preview:-1\" \/>\n<link rel=\"canonical\" href=\"https:\/\/www.votex-bison.com\/de\/datenschutz\/\" \/>\n<meta property=\"og:locale\" content=\"de_DE\" \/>\n<meta property=\"og:type\" content=\"article\" \/>\n<meta property=\"og:title\" content=\"Datenschutz - Votex Bison\" \/>\n<meta property=\"og:description\" content=\"Datenschutz - Votex Bison\" \/>\n<meta property=\"og:url\" content=\"https:\/\/www.votex-bison.com\/de\/datenschutz\/\" \/>\n<meta property=\"og:site_name\" content=\"Votex Bison\" \/>\n<meta property=\"article:publisher\" content=\"https:\/\/www.facebook.com\/votexbison\/\" \/>\n<meta property=\"article:modified_time\" content=\"2020-04-02T11:01:00+00:00\" \/>\n<meta name=\"twitter:card\" content=\"summary_large_image\" \/>\n<meta name=\"twitter:site\" content=\"@votexbison\" \/>\n<meta name=\"twitter:label1\" content=\"Gesch\u00e4tzte Lesezeit\" \/>\n\t<meta name=\"twitter:data1\" content=\"7\u00a0Minuten\" \/>\n<script type=\"application\/ld+json\" class=\"yoast-schema-graph\">{\"@context\":\"https:\\\/\\\/schema.org\",\"@graph\":[{\"@type\":\"WebPage\",\"@id\":\"https:\\\/\\\/www.votex-bison.com\\\/de\\\/datenschutz\\\/\",\"url\":\"https:\\\/\\\/www.votex-bison.com\\\/de\\\/datenschutz\\\/\",\"name\":\"Datenschutz - Votex Bison\",\"isPartOf\":{\"@id\":\"https:\\\/\\\/www.votex-bison.com\\\/#website\"},\"datePublished\":\"2018-08-10T13:36:30+00:00\",\"dateModified\":\"2020-04-02T11:01:00+00:00\",\"description\":\"Datenschutz - Votex Bison\",\"breadcrumb\":{\"@id\":\"https:\\\/\\\/www.votex-bison.com\\\/de\\\/datenschutz\\\/#breadcrumb\"},\"inLanguage\":\"de\",\"potentialAction\":[{\"@type\":\"ReadAction\",\"target\":[\"https:\\\/\\\/www.votex-bison.com\\\/de\\\/datenschutz\\\/\"]}]},{\"@type\":\"BreadcrumbList\",\"@id\":\"https:\\\/\\\/www.votex-bison.com\\\/de\\\/datenschutz\\\/#breadcrumb\",\"itemListElement\":[{\"@type\":\"ListItem\",\"position\":1,\"name\":\"Home\",\"item\":\"https:\\\/\\\/www.votex-bison.com\\\/de\\\/\"},{\"@type\":\"ListItem\",\"position\":2,\"name\":\"Datenschutz\"}]},{\"@type\":\"WebSite\",\"@id\":\"https:\\\/\\\/www.votex-bison.com\\\/#website\",\"url\":\"https:\\\/\\\/www.votex-bison.com\\\/\",\"name\":\"Votex Bison\",\"description\":\"The power of perfection\",\"publisher\":{\"@id\":\"https:\\\/\\\/www.votex-bison.com\\\/#organization\"},\"potentialAction\":[{\"@type\":\"SearchAction\",\"target\":{\"@type\":\"EntryPoint\",\"urlTemplate\":\"https:\\\/\\\/www.votex-bison.com\\\/?s={search_term_string}\"},\"query-input\":{\"@type\":\"PropertyValueSpecification\",\"valueRequired\":true,\"valueName\":\"search_term_string\"}}],\"inLanguage\":\"de\"},{\"@type\":\"Organization\",\"@id\":\"https:\\\/\\\/www.votex-bison.com\\\/#organization\",\"name\":\"Votex Bison\",\"url\":\"https:\\\/\\\/www.votex-bison.com\\\/\",\"logo\":{\"@type\":\"ImageObject\",\"inLanguage\":\"de\",\"@id\":\"https:\\\/\\\/www.votex-bison.com\\\/#\\\/schema\\\/logo\\\/image\\\/\",\"url\":\"https:\\\/\\\/comvote-eveyikli.savviihq.com\\\/wp-content\\\/uploads\\\/2017\\\/02\\\/logo-votex-bison.jpg\",\"contentUrl\":\"https:\\\/\\\/comvote-eveyikli.savviihq.com\\\/wp-content\\\/uploads\\\/2017\\\/02\\\/logo-votex-bison.jpg\",\"width\":352,\"height\":144,\"caption\":\"Votex Bison\"},\"image\":{\"@id\":\"https:\\\/\\\/www.votex-bison.com\\\/#\\\/schema\\\/logo\\\/image\\\/\"},\"sameAs\":[\"https:\\\/\\\/www.facebook.com\\\/votexbison\\\/\",\"https:\\\/\\\/x.com\\\/votexbison\",\"https:\\\/\\\/www.linkedin.com\\\/company\\\/votex-bison-material-handling-b-v-\",\"https:\\\/\\\/www.youtube.com\\\/user\\\/VotexBison\"]}]}<\/script>\n<!-- \/ Yoast SEO plugin. -->","yoast_head_json":{"title":"Datenschutz - Votex Bison","description":"Datenschutz - Votex Bison","robots":{"index":"index","follow":"follow","max-snippet":"max-snippet:-1","max-image-preview":"max-image-preview:large","max-video-preview":"max-video-preview:-1"},"canonical":"https:\/\/www.votex-bison.com\/de\/datenschutz\/","og_locale":"de_DE","og_type":"article","og_title":"Datenschutz - Votex Bison","og_description":"Datenschutz - Votex Bison","og_url":"https:\/\/www.votex-bison.com\/de\/datenschutz\/","og_site_name":"Votex Bison","article_publisher":"https:\/\/www.facebook.com\/votexbison\/","article_modified_time":"2020-04-02T11:01:00+00:00","twitter_card":"summary_large_image","twitter_site":"@votexbison","twitter_misc":{"Gesch\u00e4tzte Lesezeit":"7\u00a0Minuten"},"schema":{"@context":"https:\/\/schema.org","@graph":[{"@type":"WebPage","@id":"https:\/\/www.votex-bison.com\/de\/datenschutz\/","url":"https:\/\/www.votex-bison.com\/de\/datenschutz\/","name":"Datenschutz - Votex Bison","isPartOf":{"@id":"https:\/\/www.votex-bison.com\/#website"},"datePublished":"2018-08-10T13:36:30+00:00","dateModified":"2020-04-02T11:01:00+00:00","description":"Datenschutz - Votex Bison","breadcrumb":{"@id":"https:\/\/www.votex-bison.com\/de\/datenschutz\/#breadcrumb"},"inLanguage":"de","potentialAction":[{"@type":"ReadAction","target":["https:\/\/www.votex-bison.com\/de\/datenschutz\/"]}]},{"@type":"BreadcrumbList","@id":"https:\/\/www.votex-bison.com\/de\/datenschutz\/#breadcrumb","itemListElement":[{"@type":"ListItem","position":1,"name":"Home","item":"https:\/\/www.votex-bison.com\/de\/"},{"@type":"ListItem","position":2,"name":"Datenschutz"}]},{"@type":"WebSite","@id":"https:\/\/www.votex-bison.com\/#website","url":"https:\/\/www.votex-bison.com\/","name":"Votex Bison","description":"The power of perfection","publisher":{"@id":"https:\/\/www.votex-bison.com\/#organization"},"potentialAction":[{"@type":"SearchAction","target":{"@type":"EntryPoint","urlTemplate":"https:\/\/www.votex-bison.com\/?s={search_term_string}"},"query-input":{"@type":"PropertyValueSpecification","valueRequired":true,"valueName":"search_term_string"}}],"inLanguage":"de"},{"@type":"Organization","@id":"https:\/\/www.votex-bison.com\/#organization","name":"Votex Bison","url":"https:\/\/www.votex-bison.com\/","logo":{"@type":"ImageObject","inLanguage":"de","@id":"https:\/\/www.votex-bison.com\/#\/schema\/logo\/image\/","url":"https:\/\/comvote-eveyikli.savviihq.com\/wp-content\/uploads\/2017\/02\/logo-votex-bison.jpg","contentUrl":"https:\/\/comvote-eveyikli.savviihq.com\/wp-content\/uploads\/2017\/02\/logo-votex-bison.jpg","width":352,"height":144,"caption":"Votex Bison"},"image":{"@id":"https:\/\/www.votex-bison.com\/#\/schema\/logo\/image\/"},"sameAs":["https:\/\/www.facebook.com\/votexbison\/","https:\/\/x.com\/votexbison","https:\/\/www.linkedin.com\/company\/votex-bison-material-handling-b-v-","https:\/\/www.youtube.com\/user\/VotexBison"]}]}},"_links":{"self":[{"href":"https:\/\/www.votex-bison.com\/de\/wp-json\/wp\/v2\/pages\/2933","targetHints":{"allow":["GET"]}}],"collection":[{"href":"https:\/\/www.votex-bison.com\/de\/wp-json\/wp\/v2\/pages"}],"about":[{"href":"https:\/\/www.votex-bison.com\/de\/wp-json\/wp\/v2\/types\/page"}],"author":[{"embeddable":true,"href":"https:\/\/www.votex-bison.com\/de\/wp-json\/wp\/v2\/users\/1"}],"replies":[{"embeddable":true,"href":"https:\/\/www.votex-bison.com\/de\/wp-json\/wp\/v2\/comments?post=2933"}],"version-history":[{"count":3,"href":"https:\/\/www.votex-bison.com\/de\/wp-json\/wp\/v2\/pages\/2933\/revisions"}],"predecessor-version":[{"id":6804,"href":"https:\/\/www.votex-bison.com\/de\/wp-json\/wp\/v2\/pages\/2933\/revisions\/6804"}],"wp:attachment":[{"href":"https:\/\/www.votex-bison.com\/de\/wp-json\/wp\/v2\/media?parent=2933"}],"curies":[{"name":"wp","href":"https:\/\/api.w.org\/{rel}","templated":true}]}}