{"id":579,"date":"2017-02-20T10:53:31","date_gmt":"2017-02-20T09:53:31","guid":{"rendered":"https:\/\/comvote-eveyikli.savviihq.com\/?page_id=579"},"modified":"2025-02-26T15:49:17","modified_gmt":"2025-02-26T14:49:17","slug":"messen","status":"publish","type":"page","link":"https:\/\/www.votex-bison.com\/de\/neuigkeiten\/messen\/","title":{"rendered":"Messen"},"content":{"rendered":"<div class=\"wpb-content-wrapper\"><p>[vc_row][vc_column][vc_column_text css=&#8220;&#8220; css_params=&#8220;&#8220;]<span style=\"font-size: 16px;\">UNSERE AKTUELLEN MESSETERMINE FINDEN SIE HIER:<\/span><\/p>\n<p data-start=\"0\" data-end=\"44\"><strong data-start=\"0\" data-end=\"42\">Besuchen Sie uns auf der Logimat 2025!<\/strong><\/p>\n<p data-start=\"46\" data-end=\"297\">Wir laden Sie herzlich ein, uns auf der <strong data-start=\"86\" data-end=\"102\">Logimat 2025<\/strong> zu besuchen, die vom <strong data-start=\"124\" data-end=\"144\">11. bis 13. M\u00e4rz<\/strong> in Stuttgart stattfindet.<br \/>\nSie finden uns in <strong data-start=\"189\" data-end=\"212\">Halle 10, Stand F51<\/strong> \u2013 kommen Sie vorbei und entdecken Sie unsere innovativen L\u00f6sungen aus erster Hand!<\/p>\n<p data-start=\"299\" data-end=\"407\" data-is-last-node=\"\" data-is-only-node=\"\">Wir freuen uns auf spannende Gespr\u00e4che und darauf, Sie pers\u00f6nlich begr\u00fc\u00dfen zu d\u00fcrfen.<br \/>\nBis bald in Stuttgart!<\/p>\n<p>[\/vc_column_text][\/vc_column][\/vc_row]<\/p>\n<\/div>","protected":false},"excerpt":{"rendered":"<p>[vc_row][vc_column][vc_column_text css=&#8220;&#8220; css_params=&#8220;&#8220;]UNSERE AKTUELLEN MESSETERMINE FINDEN SIE HIER: Besuchen Sie uns auf der Logimat 2025! Wir laden Sie herzlich ein, uns auf der Logimat 2025 zu besuchen, die vom 11. bis 13. M\u00e4rz in Stuttgart stattfindet. Sie finden uns in Halle 10, Stand F51 \u2013 kommen Sie vorbei und entdecken Sie unsere innovativen L\u00f6sungen aus [&hellip;]<\/p>\n","protected":false},"author":1,"featured_media":0,"parent":973,"menu_order":1,"comment_status":"closed","ping_status":"closed","template":"","meta":{"footnotes":""},"class_list":["post-579","page","type-page","status-publish","hentry"],"yoast_head":"<!-- This site is optimized with the Yoast SEO plugin v27.4 - https:\/\/yoast.com\/product\/yoast-seo-wordpress\/ -->\n<title>Messen - Votex Bison<\/title>\n<meta name=\"description\" content=\"Votex Bison Material Handling B.V. UNSERE AKTUELLEN MESSETERMINE FINDEN SIE HIER: Aktuell sind keine Messen Geplant!\" \/>\n<meta name=\"robots\" content=\"index, follow, max-snippet:-1, max-image-preview:large, max-video-preview:-1\" \/>\n<link rel=\"canonical\" href=\"https:\/\/www.votex-bison.com\/de\/neuigkeiten\/messen\/\" \/>\n<meta property=\"og:locale\" content=\"de_DE\" \/>\n<meta property=\"og:type\" content=\"article\" \/>\n<meta property=\"og:title\" content=\"Messen - Votex Bison\" \/>\n<meta property=\"og:description\" content=\"Votex Bison Material Handling B.V. UNSERE AKTUELLEN MESSETERMINE FINDEN SIE HIER: Aktuell sind keine Messen Geplant!\" \/>\n<meta property=\"og:url\" content=\"https:\/\/www.votex-bison.com\/de\/neuigkeiten\/messen\/\" \/>\n<meta property=\"og:site_name\" content=\"Votex Bison\" \/>\n<meta property=\"article:publisher\" content=\"https:\/\/www.facebook.com\/votexbison\/\" \/>\n<meta property=\"article:modified_time\" content=\"2025-02-26T14:49:17+00:00\" \/>\n<meta name=\"twitter:card\" content=\"summary_large_image\" \/>\n<meta name=\"twitter:site\" content=\"@votexbison\" \/>\n<meta name=\"twitter:label1\" content=\"Gesch\u00e4tzte Lesezeit\" \/>\n\t<meta name=\"twitter:data1\" content=\"1\u00a0Minute\" \/>\n<script type=\"application\/ld+json\" class=\"yoast-schema-graph\">{\"@context\":\"https:\\\/\\\/schema.org\",\"@graph\":[{\"@type\":\"WebPage\",\"@id\":\"https:\\\/\\\/www.votex-bison.com\\\/de\\\/neuigkeiten\\\/messen\\\/\",\"url\":\"https:\\\/\\\/www.votex-bison.com\\\/de\\\/neuigkeiten\\\/messen\\\/\",\"name\":\"Messen - Votex Bison\",\"isPartOf\":{\"@id\":\"https:\\\/\\\/www.votex-bison.com\\\/#website\"},\"datePublished\":\"2017-02-20T09:53:31+00:00\",\"dateModified\":\"2025-02-26T14:49:17+00:00\",\"description\":\"Votex Bison Material Handling B.V. UNSERE AKTUELLEN MESSETERMINE FINDEN SIE HIER: Aktuell sind keine Messen Geplant!\",\"breadcrumb\":{\"@id\":\"https:\\\/\\\/www.votex-bison.com\\\/de\\\/neuigkeiten\\\/messen\\\/#breadcrumb\"},\"inLanguage\":\"de\",\"potentialAction\":[{\"@type\":\"ReadAction\",\"target\":[\"https:\\\/\\\/www.votex-bison.com\\\/de\\\/neuigkeiten\\\/messen\\\/\"]}]},{\"@type\":\"BreadcrumbList\",\"@id\":\"https:\\\/\\\/www.votex-bison.com\\\/de\\\/neuigkeiten\\\/messen\\\/#breadcrumb\",\"itemListElement\":[{\"@type\":\"ListItem\",\"position\":1,\"name\":\"Home\",\"item\":\"https:\\\/\\\/www.votex-bison.com\\\/de\\\/\"},{\"@type\":\"ListItem\",\"position\":2,\"name\":\"Neuigkeiten\",\"item\":\"https:\\\/\\\/www.votex-bison.com\\\/de\\\/neuigkeiten\\\/\"},{\"@type\":\"ListItem\",\"position\":3,\"name\":\"Messen\"}]},{\"@type\":\"WebSite\",\"@id\":\"https:\\\/\\\/www.votex-bison.com\\\/#website\",\"url\":\"https:\\\/\\\/www.votex-bison.com\\\/\",\"name\":\"Votex Bison\",\"description\":\"The power of perfection\",\"publisher\":{\"@id\":\"https:\\\/\\\/www.votex-bison.com\\\/#organization\"},\"potentialAction\":[{\"@type\":\"SearchAction\",\"target\":{\"@type\":\"EntryPoint\",\"urlTemplate\":\"https:\\\/\\\/www.votex-bison.com\\\/?s={search_term_string}\"},\"query-input\":{\"@type\":\"PropertyValueSpecification\",\"valueRequired\":true,\"valueName\":\"search_term_string\"}}],\"inLanguage\":\"de\"},{\"@type\":\"Organization\",\"@id\":\"https:\\\/\\\/www.votex-bison.com\\\/#organization\",\"name\":\"Votex Bison\",\"url\":\"https:\\\/\\\/www.votex-bison.com\\\/\",\"logo\":{\"@type\":\"ImageObject\",\"inLanguage\":\"de\",\"@id\":\"https:\\\/\\\/www.votex-bison.com\\\/#\\\/schema\\\/logo\\\/image\\\/\",\"url\":\"https:\\\/\\\/comvote-eveyikli.savviihq.com\\\/wp-content\\\/uploads\\\/2017\\\/02\\\/logo-votex-bison.jpg\",\"contentUrl\":\"https:\\\/\\\/comvote-eveyikli.savviihq.com\\\/wp-content\\\/uploads\\\/2017\\\/02\\\/logo-votex-bison.jpg\",\"width\":352,\"height\":144,\"caption\":\"Votex Bison\"},\"image\":{\"@id\":\"https:\\\/\\\/www.votex-bison.com\\\/#\\\/schema\\\/logo\\\/image\\\/\"},\"sameAs\":[\"https:\\\/\\\/www.facebook.com\\\/votexbison\\\/\",\"https:\\\/\\\/x.com\\\/votexbison\",\"https:\\\/\\\/www.linkedin.com\\\/company\\\/votex-bison-material-handling-b-v-\",\"https:\\\/\\\/www.youtube.com\\\/user\\\/VotexBison\"]}]}<\/script>\n<!-- \/ Yoast SEO plugin. -->","yoast_head_json":{"title":"Messen - Votex Bison","description":"Votex Bison Material Handling B.V. UNSERE AKTUELLEN MESSETERMINE FINDEN SIE HIER: Aktuell sind keine Messen Geplant!","robots":{"index":"index","follow":"follow","max-snippet":"max-snippet:-1","max-image-preview":"max-image-preview:large","max-video-preview":"max-video-preview:-1"},"canonical":"https:\/\/www.votex-bison.com\/de\/neuigkeiten\/messen\/","og_locale":"de_DE","og_type":"article","og_title":"Messen - Votex Bison","og_description":"Votex Bison Material Handling B.V. UNSERE AKTUELLEN MESSETERMINE FINDEN SIE HIER: Aktuell sind keine Messen Geplant!","og_url":"https:\/\/www.votex-bison.com\/de\/neuigkeiten\/messen\/","og_site_name":"Votex Bison","article_publisher":"https:\/\/www.facebook.com\/votexbison\/","article_modified_time":"2025-02-26T14:49:17+00:00","twitter_card":"summary_large_image","twitter_site":"@votexbison","twitter_misc":{"Gesch\u00e4tzte Lesezeit":"1\u00a0Minute"},"schema":{"@context":"https:\/\/schema.org","@graph":[{"@type":"WebPage","@id":"https:\/\/www.votex-bison.com\/de\/neuigkeiten\/messen\/","url":"https:\/\/www.votex-bison.com\/de\/neuigkeiten\/messen\/","name":"Messen - Votex Bison","isPartOf":{"@id":"https:\/\/www.votex-bison.com\/#website"},"datePublished":"2017-02-20T09:53:31+00:00","dateModified":"2025-02-26T14:49:17+00:00","description":"Votex Bison Material Handling B.V. UNSERE AKTUELLEN MESSETERMINE FINDEN SIE HIER: Aktuell sind keine Messen Geplant!","breadcrumb":{"@id":"https:\/\/www.votex-bison.com\/de\/neuigkeiten\/messen\/#breadcrumb"},"inLanguage":"de","potentialAction":[{"@type":"ReadAction","target":["https:\/\/www.votex-bison.com\/de\/neuigkeiten\/messen\/"]}]},{"@type":"BreadcrumbList","@id":"https:\/\/www.votex-bison.com\/de\/neuigkeiten\/messen\/#breadcrumb","itemListElement":[{"@type":"ListItem","position":1,"name":"Home","item":"https:\/\/www.votex-bison.com\/de\/"},{"@type":"ListItem","position":2,"name":"Neuigkeiten","item":"https:\/\/www.votex-bison.com\/de\/neuigkeiten\/"},{"@type":"ListItem","position":3,"name":"Messen"}]},{"@type":"WebSite","@id":"https:\/\/www.votex-bison.com\/#website","url":"https:\/\/www.votex-bison.com\/","name":"Votex Bison","description":"The power of perfection","publisher":{"@id":"https:\/\/www.votex-bison.com\/#organization"},"potentialAction":[{"@type":"SearchAction","target":{"@type":"EntryPoint","urlTemplate":"https:\/\/www.votex-bison.com\/?s={search_term_string}"},"query-input":{"@type":"PropertyValueSpecification","valueRequired":true,"valueName":"search_term_string"}}],"inLanguage":"de"},{"@type":"Organization","@id":"https:\/\/www.votex-bison.com\/#organization","name":"Votex Bison","url":"https:\/\/www.votex-bison.com\/","logo":{"@type":"ImageObject","inLanguage":"de","@id":"https:\/\/www.votex-bison.com\/#\/schema\/logo\/image\/","url":"https:\/\/comvote-eveyikli.savviihq.com\/wp-content\/uploads\/2017\/02\/logo-votex-bison.jpg","contentUrl":"https:\/\/comvote-eveyikli.savviihq.com\/wp-content\/uploads\/2017\/02\/logo-votex-bison.jpg","width":352,"height":144,"caption":"Votex Bison"},"image":{"@id":"https:\/\/www.votex-bison.com\/#\/schema\/logo\/image\/"},"sameAs":["https:\/\/www.facebook.com\/votexbison\/","https:\/\/x.com\/votexbison","https:\/\/www.linkedin.com\/company\/votex-bison-material-handling-b-v-","https:\/\/www.youtube.com\/user\/VotexBison"]}]}},"_links":{"self":[{"href":"https:\/\/www.votex-bison.com\/de\/wp-json\/wp\/v2\/pages\/579","targetHints":{"allow":["GET"]}}],"collection":[{"href":"https:\/\/www.votex-bison.com\/de\/wp-json\/wp\/v2\/pages"}],"about":[{"href":"https:\/\/www.votex-bison.com\/de\/wp-json\/wp\/v2\/types\/page"}],"author":[{"embeddable":true,"href":"https:\/\/www.votex-bison.com\/de\/wp-json\/wp\/v2\/users\/1"}],"replies":[{"embeddable":true,"href":"https:\/\/www.votex-bison.com\/de\/wp-json\/wp\/v2\/comments?post=579"}],"version-history":[{"count":5,"href":"https:\/\/www.votex-bison.com\/de\/wp-json\/wp\/v2\/pages\/579\/revisions"}],"predecessor-version":[{"id":10056,"href":"https:\/\/www.votex-bison.com\/de\/wp-json\/wp\/v2\/pages\/579\/revisions\/10056"}],"up":[{"embeddable":true,"href":"https:\/\/www.votex-bison.com\/de\/wp-json\/wp\/v2\/pages\/973"}],"wp:attachment":[{"href":"https:\/\/www.votex-bison.com\/de\/wp-json\/wp\/v2\/media?parent=579"}],"curies":[{"name":"wp","href":"https:\/\/api.w.org\/{rel}","templated":true}]}}