{"id":587,"date":"2017-02-20T10:59:07","date_gmt":"2017-02-20T09:59:07","guid":{"rendered":"https:\/\/comvote-eveyikli.savviihq.com\/?page_id=587"},"modified":"2025-02-21T16:09:10","modified_gmt":"2025-02-21T15:09:10","slug":"metaalunie-bedingungen","status":"publish","type":"page","link":"https:\/\/www.votex-bison.com\/de\/metaalunie-bedingungen\/","title":{"rendered":"Metaalunie Bedingungen"},"content":{"rendered":"<div class=\"wpb-content-wrapper\"><p>[vc_row][vc_column][vc_column_text css=&#8220;&#8220; css_params=&#8220;&#8220;]F\u00fcr alle unsere Angebote, f\u00fcr alle uns erteilten Auftr\u00e4ge und f\u00fcr alle mit uns abgeschlossenen Vertr\u00e4ge kommen die METAALUNIE-BEDINGUNGEN zur Anwendung.<br \/>\nDiese Bedingungen sind deponiert worden bei der Gesch\u00e4ftsstelle des Landgerichts in Rotterdam.<\/p>\n<p>Download: <b><a href=\"https:\/\/www.votex-bison.com\/wp-content\/uploads\/2025\/02\/Metaalunievoorwaarden-2025-Duits-A4.pdf\" target=\"_blank\" rel=\"noopener\">METAALUNIE BEDINGUNGEN<\/a><\/b>[\/vc_column_text][\/vc_column][\/vc_row]<\/p>\n<\/div>","protected":false},"excerpt":{"rendered":"<p>[vc_row][vc_column][vc_column_text css=&#8220;&#8220; css_params=&#8220;&#8220;]F\u00fcr alle unsere Angebote, f\u00fcr alle uns erteilten Auftr\u00e4ge und f\u00fcr alle mit uns abgeschlossenen Vertr\u00e4ge kommen die METAALUNIE-BEDINGUNGEN zur Anwendung. Diese Bedingungen sind deponiert worden bei der Gesch\u00e4ftsstelle des Landgerichts in Rotterdam. Download: METAALUNIE BEDINGUNGEN[\/vc_column_text][\/vc_column][\/vc_row]<\/p>\n","protected":false},"author":1,"featured_media":0,"parent":0,"menu_order":9,"comment_status":"closed","ping_status":"closed","template":"","meta":{"footnotes":""},"class_list":["post-587","page","type-page","status-publish","hentry"],"yoast_head":"<!-- This site is optimized with the Yoast SEO plugin v27.5 - https:\/\/yoast.com\/product\/yoast-seo-wordpress\/ -->\n<title>Metaalunie Bedingungen - Votex Bison<\/title>\n<meta name=\"description\" content=\"F\u00fcr alle unsere Angebote, f\u00fcr alle uns erteilten Auftr\u00e4ge und f\u00fcr alle mit uns abgeschlossenen Vertr\u00e4ge kommen die METAALUNIE-BEDINGUNGEN zur Anwendung.\" \/>\n<meta name=\"robots\" content=\"index, follow, max-snippet:-1, max-image-preview:large, max-video-preview:-1\" \/>\n<link rel=\"canonical\" href=\"https:\/\/www.votex-bison.com\/de\/metaalunie-bedingungen\/\" \/>\n<meta property=\"og:locale\" content=\"de_DE\" \/>\n<meta property=\"og:type\" content=\"article\" \/>\n<meta property=\"og:title\" content=\"Metaalunie Bedingungen - Votex Bison\" \/>\n<meta property=\"og:description\" content=\"F\u00fcr alle unsere Angebote, f\u00fcr alle uns erteilten Auftr\u00e4ge und f\u00fcr alle mit uns abgeschlossenen Vertr\u00e4ge kommen die METAALUNIE-BEDINGUNGEN zur Anwendung.\" \/>\n<meta property=\"og:url\" content=\"https:\/\/www.votex-bison.com\/de\/metaalunie-bedingungen\/\" \/>\n<meta property=\"og:site_name\" content=\"Votex Bison\" \/>\n<meta property=\"article:publisher\" content=\"https:\/\/www.facebook.com\/votexbison\/\" \/>\n<meta property=\"article:modified_time\" content=\"2025-02-21T15:09:10+00:00\" \/>\n<meta name=\"twitter:card\" content=\"summary_large_image\" \/>\n<meta name=\"twitter:site\" content=\"@votexbison\" \/>\n<meta name=\"twitter:label1\" content=\"Gesch\u00e4tzte Lesezeit\" \/>\n\t<meta name=\"twitter:data1\" content=\"1\u00a0Minute\" \/>\n<script type=\"application\/ld+json\" class=\"yoast-schema-graph\">{\"@context\":\"https:\\\/\\\/schema.org\",\"@graph\":[{\"@type\":\"WebPage\",\"@id\":\"https:\\\/\\\/www.votex-bison.com\\\/de\\\/metaalunie-bedingungen\\\/\",\"url\":\"https:\\\/\\\/www.votex-bison.com\\\/de\\\/metaalunie-bedingungen\\\/\",\"name\":\"Metaalunie Bedingungen - Votex Bison\",\"isPartOf\":{\"@id\":\"https:\\\/\\\/www.votex-bison.com\\\/#website\"},\"datePublished\":\"2017-02-20T09:59:07+00:00\",\"dateModified\":\"2025-02-21T15:09:10+00:00\",\"description\":\"F\u00fcr alle unsere Angebote, f\u00fcr alle uns erteilten Auftr\u00e4ge und f\u00fcr alle mit uns abgeschlossenen Vertr\u00e4ge kommen die METAALUNIE-BEDINGUNGEN zur Anwendung.\",\"breadcrumb\":{\"@id\":\"https:\\\/\\\/www.votex-bison.com\\\/de\\\/metaalunie-bedingungen\\\/#breadcrumb\"},\"inLanguage\":\"de\",\"potentialAction\":[{\"@type\":\"ReadAction\",\"target\":[\"https:\\\/\\\/www.votex-bison.com\\\/de\\\/metaalunie-bedingungen\\\/\"]}]},{\"@type\":\"BreadcrumbList\",\"@id\":\"https:\\\/\\\/www.votex-bison.com\\\/de\\\/metaalunie-bedingungen\\\/#breadcrumb\",\"itemListElement\":[{\"@type\":\"ListItem\",\"position\":1,\"name\":\"Home\",\"item\":\"https:\\\/\\\/www.votex-bison.com\\\/de\\\/\"},{\"@type\":\"ListItem\",\"position\":2,\"name\":\"Metaalunie Bedingungen\"}]},{\"@type\":\"WebSite\",\"@id\":\"https:\\\/\\\/www.votex-bison.com\\\/#website\",\"url\":\"https:\\\/\\\/www.votex-bison.com\\\/\",\"name\":\"Votex Bison\",\"description\":\"The power of perfection\",\"publisher\":{\"@id\":\"https:\\\/\\\/www.votex-bison.com\\\/#organization\"},\"potentialAction\":[{\"@type\":\"SearchAction\",\"target\":{\"@type\":\"EntryPoint\",\"urlTemplate\":\"https:\\\/\\\/www.votex-bison.com\\\/?s={search_term_string}\"},\"query-input\":{\"@type\":\"PropertyValueSpecification\",\"valueRequired\":true,\"valueName\":\"search_term_string\"}}],\"inLanguage\":\"de\"},{\"@type\":\"Organization\",\"@id\":\"https:\\\/\\\/www.votex-bison.com\\\/#organization\",\"name\":\"Votex Bison\",\"url\":\"https:\\\/\\\/www.votex-bison.com\\\/\",\"logo\":{\"@type\":\"ImageObject\",\"inLanguage\":\"de\",\"@id\":\"https:\\\/\\\/www.votex-bison.com\\\/#\\\/schema\\\/logo\\\/image\\\/\",\"url\":\"https:\\\/\\\/comvote-eveyikli.savviihq.com\\\/wp-content\\\/uploads\\\/2017\\\/02\\\/logo-votex-bison.jpg\",\"contentUrl\":\"https:\\\/\\\/comvote-eveyikli.savviihq.com\\\/wp-content\\\/uploads\\\/2017\\\/02\\\/logo-votex-bison.jpg\",\"width\":352,\"height\":144,\"caption\":\"Votex Bison\"},\"image\":{\"@id\":\"https:\\\/\\\/www.votex-bison.com\\\/#\\\/schema\\\/logo\\\/image\\\/\"},\"sameAs\":[\"https:\\\/\\\/www.facebook.com\\\/votexbison\\\/\",\"https:\\\/\\\/x.com\\\/votexbison\",\"https:\\\/\\\/www.linkedin.com\\\/company\\\/votex-bison-material-handling-b-v-\",\"https:\\\/\\\/www.youtube.com\\\/user\\\/VotexBison\"]}]}<\/script>\n<!-- \/ Yoast SEO plugin. -->","yoast_head_json":{"title":"Metaalunie Bedingungen - Votex Bison","description":"F\u00fcr alle unsere Angebote, f\u00fcr alle uns erteilten Auftr\u00e4ge und f\u00fcr alle mit uns abgeschlossenen Vertr\u00e4ge kommen die METAALUNIE-BEDINGUNGEN zur Anwendung.","robots":{"index":"index","follow":"follow","max-snippet":"max-snippet:-1","max-image-preview":"max-image-preview:large","max-video-preview":"max-video-preview:-1"},"canonical":"https:\/\/www.votex-bison.com\/de\/metaalunie-bedingungen\/","og_locale":"de_DE","og_type":"article","og_title":"Metaalunie Bedingungen - Votex Bison","og_description":"F\u00fcr alle unsere Angebote, f\u00fcr alle uns erteilten Auftr\u00e4ge und f\u00fcr alle mit uns abgeschlossenen Vertr\u00e4ge kommen die METAALUNIE-BEDINGUNGEN zur Anwendung.","og_url":"https:\/\/www.votex-bison.com\/de\/metaalunie-bedingungen\/","og_site_name":"Votex Bison","article_publisher":"https:\/\/www.facebook.com\/votexbison\/","article_modified_time":"2025-02-21T15:09:10+00:00","twitter_card":"summary_large_image","twitter_site":"@votexbison","twitter_misc":{"Gesch\u00e4tzte Lesezeit":"1\u00a0Minute"},"schema":{"@context":"https:\/\/schema.org","@graph":[{"@type":"WebPage","@id":"https:\/\/www.votex-bison.com\/de\/metaalunie-bedingungen\/","url":"https:\/\/www.votex-bison.com\/de\/metaalunie-bedingungen\/","name":"Metaalunie Bedingungen - Votex Bison","isPartOf":{"@id":"https:\/\/www.votex-bison.com\/#website"},"datePublished":"2017-02-20T09:59:07+00:00","dateModified":"2025-02-21T15:09:10+00:00","description":"F\u00fcr alle unsere Angebote, f\u00fcr alle uns erteilten Auftr\u00e4ge und f\u00fcr alle mit uns abgeschlossenen Vertr\u00e4ge kommen die METAALUNIE-BEDINGUNGEN zur Anwendung.","breadcrumb":{"@id":"https:\/\/www.votex-bison.com\/de\/metaalunie-bedingungen\/#breadcrumb"},"inLanguage":"de","potentialAction":[{"@type":"ReadAction","target":["https:\/\/www.votex-bison.com\/de\/metaalunie-bedingungen\/"]}]},{"@type":"BreadcrumbList","@id":"https:\/\/www.votex-bison.com\/de\/metaalunie-bedingungen\/#breadcrumb","itemListElement":[{"@type":"ListItem","position":1,"name":"Home","item":"https:\/\/www.votex-bison.com\/de\/"},{"@type":"ListItem","position":2,"name":"Metaalunie Bedingungen"}]},{"@type":"WebSite","@id":"https:\/\/www.votex-bison.com\/#website","url":"https:\/\/www.votex-bison.com\/","name":"Votex Bison","description":"The power of perfection","publisher":{"@id":"https:\/\/www.votex-bison.com\/#organization"},"potentialAction":[{"@type":"SearchAction","target":{"@type":"EntryPoint","urlTemplate":"https:\/\/www.votex-bison.com\/?s={search_term_string}"},"query-input":{"@type":"PropertyValueSpecification","valueRequired":true,"valueName":"search_term_string"}}],"inLanguage":"de"},{"@type":"Organization","@id":"https:\/\/www.votex-bison.com\/#organization","name":"Votex Bison","url":"https:\/\/www.votex-bison.com\/","logo":{"@type":"ImageObject","inLanguage":"de","@id":"https:\/\/www.votex-bison.com\/#\/schema\/logo\/image\/","url":"https:\/\/comvote-eveyikli.savviihq.com\/wp-content\/uploads\/2017\/02\/logo-votex-bison.jpg","contentUrl":"https:\/\/comvote-eveyikli.savviihq.com\/wp-content\/uploads\/2017\/02\/logo-votex-bison.jpg","width":352,"height":144,"caption":"Votex Bison"},"image":{"@id":"https:\/\/www.votex-bison.com\/#\/schema\/logo\/image\/"},"sameAs":["https:\/\/www.facebook.com\/votexbison\/","https:\/\/x.com\/votexbison","https:\/\/www.linkedin.com\/company\/votex-bison-material-handling-b-v-","https:\/\/www.youtube.com\/user\/VotexBison"]}]}},"_links":{"self":[{"href":"https:\/\/www.votex-bison.com\/de\/wp-json\/wp\/v2\/pages\/587","targetHints":{"allow":["GET"]}}],"collection":[{"href":"https:\/\/www.votex-bison.com\/de\/wp-json\/wp\/v2\/pages"}],"about":[{"href":"https:\/\/www.votex-bison.com\/de\/wp-json\/wp\/v2\/types\/page"}],"author":[{"embeddable":true,"href":"https:\/\/www.votex-bison.com\/de\/wp-json\/wp\/v2\/users\/1"}],"replies":[{"embeddable":true,"href":"https:\/\/www.votex-bison.com\/de\/wp-json\/wp\/v2\/comments?post=587"}],"version-history":[{"count":4,"href":"https:\/\/www.votex-bison.com\/de\/wp-json\/wp\/v2\/pages\/587\/revisions"}],"predecessor-version":[{"id":10046,"href":"https:\/\/www.votex-bison.com\/de\/wp-json\/wp\/v2\/pages\/587\/revisions\/10046"}],"wp:attachment":[{"href":"https:\/\/www.votex-bison.com\/de\/wp-json\/wp\/v2\/media?parent=587"}],"curies":[{"name":"wp","href":"https:\/\/api.w.org\/{rel}","templated":true}]}}