{"id":6821,"date":"2020-04-02T16:37:11","date_gmt":"2020-04-02T14:37:11","guid":{"rendered":"https:\/\/votex-bison.com\/?page_id=6821"},"modified":"2024-03-12T13:23:51","modified_gmt":"2024-03-12T12:23:51","slug":"covid-19-votex-bison","status":"publish","type":"page","link":"https:\/\/www.votex-bison.com\/de\/covid-19-votex-bison\/","title":{"rendered":"Covid-19"},"content":{"rendered":"<div class=\"wpb-content-wrapper\"><p>[vc_row][vc_column width=&#8220;1\/2&#8243; text_align=&#8220;justify&#8220;][vc_column_text]<strong>Informationen zum Corona-Virus<\/strong><\/p>\n<p><strong>Mit welchen Ma\u00dfnahmen Votex Bison seinen Gesch\u00e4ftsbetrieb sichert und was unsere Kunden jetzt wissen m\u00fcssen.<\/strong><\/p>\n<p>Die rasanten Entwicklungen der Covid-19-Pandemie stellen uns alle vor gro\u00dfe Herausforderungen. An dieser Stelle informieren wir Sie dar\u00fcber, welche Ma\u00dfnahmen wir getroffen haben, um unsere Gesch\u00e4ftst\u00e4tigkeiten zu sichern und die Gesundheit unserer Kunden, Mitarbeiter und Gesch\u00e4ftspartner zu sch\u00fctzen.<\/p>\n<p><strong>Nimmt Votex Bison Kundentermine weiterhin wahr?<\/strong><\/p>\n<p>Wir werden unsere Kunden und Partner weiterhin bestm\u00f6glich betreuen und f\u00fcr sie da sein, wann immer sie uns brauchen. Unsere Beratung werden wir dabei bevorzugt auf digitale Kommunikationskan\u00e4le verlegen, um den direkten, physischen Kontakt (analog zu den Empfehlungen der renommierten Gesundheitsinstitute) so weit wie m\u00f6glich zu reduzieren. Pers\u00f6nliche Treffen von Mitarbeiter*innen, Kunden und Partnern, die sich in einem der erkl\u00e4rten Risikogebiete aufhalten oder aufhielten, werden vermieden.<\/p>\n<p><strong>Welche internen Ma\u00dfnahmen wurden getroffen, um die Belegschaft zu sch\u00fctzen und die Gesch\u00e4ftst\u00e4tigkeit zu wahren?<\/strong><\/p>\n<p>Votex Bison hat schnell, entschlossen und umfassend auf die Ausbreitung von Covid-19 reagiert. Angefangen bei einer breit gestreuten Kommunikation von Hygienema\u00dfnahmen und Regelungen zum pers\u00f6nlichen Umgang mit den Kolleginnen und Kollegen (orientiert an Empfehlungen von Gesundheitsorganisationen wie der WHO) \u00fcber die Einrichtung zentraler und lokaler Krisenst\u00e4be bis hin zur Vermeidung aller nicht zwingend notwendigen Gesch\u00e4ftsreisen und Pr\u00e4senzmeetings tun wir alles, was in unserer Macht steht, um unsere Mitarbeiter, Kunden und Gesch\u00e4ftspartner zu sch\u00fctzen und unsere Gesch\u00e4ftst\u00e4tigkeit zu sichern. \u00dcber ein eigens eingerichtetes Informationsportal und eine kontinuierliche, proaktive Email-Kommunikation stellen wir sicher, dass all unsere Mitarbeiter*Innen bestm\u00f6glich informiert sind und wir damit bestm\u00f6glich f\u00fcr unsere Kunden da sein k\u00f6nnen.[\/vc_column_text][\/vc_column][vc_column width=&#8220;1\/2&#8243;][vc_single_image image=&#8220;6831&#8243; img_size=&#8220;large&#8220; alignment=&#8220;center&#8220;][\/vc_column][\/vc_row]<\/p>\n<\/div>","protected":false},"excerpt":{"rendered":"<p>[vc_row][vc_column width=&#8220;1\/2&#8243; text_align=&#8220;justify&#8220;][vc_column_text]Informationen zum Corona-Virus Mit welchen Ma\u00dfnahmen Votex Bison seinen Gesch\u00e4ftsbetrieb sichert und was unsere Kunden jetzt wissen m\u00fcssen. Die rasanten Entwicklungen der Covid-19-Pandemie stellen uns alle vor gro\u00dfe Herausforderungen. An dieser Stelle informieren wir Sie dar\u00fcber, welche Ma\u00dfnahmen wir getroffen haben, um unsere Gesch\u00e4ftst\u00e4tigkeiten zu sichern und die Gesundheit unserer Kunden, Mitarbeiter und [&hellip;]<\/p>\n","protected":false},"author":2,"featured_media":0,"parent":0,"menu_order":0,"comment_status":"closed","ping_status":"closed","template":"","meta":{"footnotes":""},"class_list":["post-6821","page","type-page","status-publish","hentry"],"yoast_head":"<!-- This site is optimized with the Yoast SEO plugin v27.4 - https:\/\/yoast.com\/product\/yoast-seo-wordpress\/ -->\n<title>Covid-19 - Votex Bison<\/title>\n<meta name=\"description\" content=\"Mit welchen Ma\u00dfnahmen Votex Bison seinen Gesch\u00e4ftsbetrieb sichert und was unsere Kunden jetzt wissen m\u00fcssen.Die rasanten Entwicklungen der Covid-19-Pandemie stellen uns alle vor gro\u00dfe Herausforderungen. An dieser Stelle informieren wir Sie dar\u00fcber, welche Ma\u00dfnahmen wir getroffen haben, um unsere Gesch\u00e4ftst\u00e4tigkeiten zu sichern und die Gesundheit unserer Kunden, Mitarbeiter und Gesch\u00e4ftspartner zu sch\u00fctzen.\" \/>\n<meta name=\"robots\" content=\"index, follow, max-snippet:-1, max-image-preview:large, max-video-preview:-1\" \/>\n<link rel=\"canonical\" href=\"https:\/\/www.votex-bison.com\/de\/covid-19-votex-bison\/\" \/>\n<meta property=\"og:locale\" content=\"de_DE\" \/>\n<meta property=\"og:type\" content=\"article\" \/>\n<meta property=\"og:title\" content=\"Covid-19 - Votex Bison\" \/>\n<meta property=\"og:description\" content=\"Mit welchen Ma\u00dfnahmen Votex Bison seinen Gesch\u00e4ftsbetrieb sichert und was unsere Kunden jetzt wissen m\u00fcssen.Die rasanten Entwicklungen der Covid-19-Pandemie stellen uns alle vor gro\u00dfe Herausforderungen. An dieser Stelle informieren wir Sie dar\u00fcber, welche Ma\u00dfnahmen wir getroffen haben, um unsere Gesch\u00e4ftst\u00e4tigkeiten zu sichern und die Gesundheit unserer Kunden, Mitarbeiter und Gesch\u00e4ftspartner zu sch\u00fctzen.\" \/>\n<meta property=\"og:url\" content=\"https:\/\/www.votex-bison.com\/de\/covid-19-votex-bison\/\" \/>\n<meta property=\"og:site_name\" content=\"Votex Bison\" \/>\n<meta property=\"article:publisher\" content=\"https:\/\/www.facebook.com\/votexbison\/\" \/>\n<meta property=\"article:modified_time\" content=\"2024-03-12T12:23:51+00:00\" \/>\n<meta name=\"twitter:card\" content=\"summary_large_image\" \/>\n<meta name=\"twitter:site\" content=\"@votexbison\" \/>\n<meta name=\"twitter:label1\" content=\"Gesch\u00e4tzte Lesezeit\" \/>\n\t<meta name=\"twitter:data1\" content=\"2\u00a0Minuten\" \/>\n<script type=\"application\/ld+json\" class=\"yoast-schema-graph\">{\"@context\":\"https:\\\/\\\/schema.org\",\"@graph\":[{\"@type\":\"WebPage\",\"@id\":\"https:\\\/\\\/www.votex-bison.com\\\/de\\\/covid-19-votex-bison\\\/\",\"url\":\"https:\\\/\\\/www.votex-bison.com\\\/de\\\/covid-19-votex-bison\\\/\",\"name\":\"Covid-19 - Votex Bison\",\"isPartOf\":{\"@id\":\"https:\\\/\\\/www.votex-bison.com\\\/#website\"},\"datePublished\":\"2020-04-02T14:37:11+00:00\",\"dateModified\":\"2024-03-12T12:23:51+00:00\",\"description\":\"Mit welchen Ma\u00dfnahmen Votex Bison seinen Gesch\u00e4ftsbetrieb sichert und was unsere Kunden jetzt wissen m\u00fcssen.Die rasanten Entwicklungen der Covid-19-Pandemie stellen uns alle vor gro\u00dfe Herausforderungen. An dieser Stelle informieren wir Sie dar\u00fcber, welche Ma\u00dfnahmen wir getroffen haben, um unsere Gesch\u00e4ftst\u00e4tigkeiten zu sichern und die Gesundheit unserer Kunden, Mitarbeiter und Gesch\u00e4ftspartner zu sch\u00fctzen.\",\"breadcrumb\":{\"@id\":\"https:\\\/\\\/www.votex-bison.com\\\/de\\\/covid-19-votex-bison\\\/#breadcrumb\"},\"inLanguage\":\"de\",\"potentialAction\":[{\"@type\":\"ReadAction\",\"target\":[\"https:\\\/\\\/www.votex-bison.com\\\/de\\\/covid-19-votex-bison\\\/\"]}]},{\"@type\":\"BreadcrumbList\",\"@id\":\"https:\\\/\\\/www.votex-bison.com\\\/de\\\/covid-19-votex-bison\\\/#breadcrumb\",\"itemListElement\":[{\"@type\":\"ListItem\",\"position\":1,\"name\":\"Home\",\"item\":\"https:\\\/\\\/www.votex-bison.com\\\/de\\\/\"},{\"@type\":\"ListItem\",\"position\":2,\"name\":\"Covid-19\"}]},{\"@type\":\"WebSite\",\"@id\":\"https:\\\/\\\/www.votex-bison.com\\\/#website\",\"url\":\"https:\\\/\\\/www.votex-bison.com\\\/\",\"name\":\"Votex Bison\",\"description\":\"The power of perfection\",\"publisher\":{\"@id\":\"https:\\\/\\\/www.votex-bison.com\\\/#organization\"},\"potentialAction\":[{\"@type\":\"SearchAction\",\"target\":{\"@type\":\"EntryPoint\",\"urlTemplate\":\"https:\\\/\\\/www.votex-bison.com\\\/?s={search_term_string}\"},\"query-input\":{\"@type\":\"PropertyValueSpecification\",\"valueRequired\":true,\"valueName\":\"search_term_string\"}}],\"inLanguage\":\"de\"},{\"@type\":\"Organization\",\"@id\":\"https:\\\/\\\/www.votex-bison.com\\\/#organization\",\"name\":\"Votex Bison\",\"url\":\"https:\\\/\\\/www.votex-bison.com\\\/\",\"logo\":{\"@type\":\"ImageObject\",\"inLanguage\":\"de\",\"@id\":\"https:\\\/\\\/www.votex-bison.com\\\/#\\\/schema\\\/logo\\\/image\\\/\",\"url\":\"https:\\\/\\\/comvote-eveyikli.savviihq.com\\\/wp-content\\\/uploads\\\/2017\\\/02\\\/logo-votex-bison.jpg\",\"contentUrl\":\"https:\\\/\\\/comvote-eveyikli.savviihq.com\\\/wp-content\\\/uploads\\\/2017\\\/02\\\/logo-votex-bison.jpg\",\"width\":352,\"height\":144,\"caption\":\"Votex Bison\"},\"image\":{\"@id\":\"https:\\\/\\\/www.votex-bison.com\\\/#\\\/schema\\\/logo\\\/image\\\/\"},\"sameAs\":[\"https:\\\/\\\/www.facebook.com\\\/votexbison\\\/\",\"https:\\\/\\\/x.com\\\/votexbison\",\"https:\\\/\\\/www.linkedin.com\\\/company\\\/votex-bison-material-handling-b-v-\",\"https:\\\/\\\/www.youtube.com\\\/user\\\/VotexBison\"]}]}<\/script>\n<!-- \/ Yoast SEO plugin. -->","yoast_head_json":{"title":"Covid-19 - Votex Bison","description":"Mit welchen Ma\u00dfnahmen Votex Bison seinen Gesch\u00e4ftsbetrieb sichert und was unsere Kunden jetzt wissen m\u00fcssen.Die rasanten Entwicklungen der Covid-19-Pandemie stellen uns alle vor gro\u00dfe Herausforderungen. An dieser Stelle informieren wir Sie dar\u00fcber, welche Ma\u00dfnahmen wir getroffen haben, um unsere Gesch\u00e4ftst\u00e4tigkeiten zu sichern und die Gesundheit unserer Kunden, Mitarbeiter und Gesch\u00e4ftspartner zu sch\u00fctzen.","robots":{"index":"index","follow":"follow","max-snippet":"max-snippet:-1","max-image-preview":"max-image-preview:large","max-video-preview":"max-video-preview:-1"},"canonical":"https:\/\/www.votex-bison.com\/de\/covid-19-votex-bison\/","og_locale":"de_DE","og_type":"article","og_title":"Covid-19 - Votex Bison","og_description":"Mit welchen Ma\u00dfnahmen Votex Bison seinen Gesch\u00e4ftsbetrieb sichert und was unsere Kunden jetzt wissen m\u00fcssen.Die rasanten Entwicklungen der Covid-19-Pandemie stellen uns alle vor gro\u00dfe Herausforderungen. An dieser Stelle informieren wir Sie dar\u00fcber, welche Ma\u00dfnahmen wir getroffen haben, um unsere Gesch\u00e4ftst\u00e4tigkeiten zu sichern und die Gesundheit unserer Kunden, Mitarbeiter und Gesch\u00e4ftspartner zu sch\u00fctzen.","og_url":"https:\/\/www.votex-bison.com\/de\/covid-19-votex-bison\/","og_site_name":"Votex Bison","article_publisher":"https:\/\/www.facebook.com\/votexbison\/","article_modified_time":"2024-03-12T12:23:51+00:00","twitter_card":"summary_large_image","twitter_site":"@votexbison","twitter_misc":{"Gesch\u00e4tzte Lesezeit":"2\u00a0Minuten"},"schema":{"@context":"https:\/\/schema.org","@graph":[{"@type":"WebPage","@id":"https:\/\/www.votex-bison.com\/de\/covid-19-votex-bison\/","url":"https:\/\/www.votex-bison.com\/de\/covid-19-votex-bison\/","name":"Covid-19 - Votex Bison","isPartOf":{"@id":"https:\/\/www.votex-bison.com\/#website"},"datePublished":"2020-04-02T14:37:11+00:00","dateModified":"2024-03-12T12:23:51+00:00","description":"Mit welchen Ma\u00dfnahmen Votex Bison seinen Gesch\u00e4ftsbetrieb sichert und was unsere Kunden jetzt wissen m\u00fcssen.Die rasanten Entwicklungen der Covid-19-Pandemie stellen uns alle vor gro\u00dfe Herausforderungen. An dieser Stelle informieren wir Sie dar\u00fcber, welche Ma\u00dfnahmen wir getroffen haben, um unsere Gesch\u00e4ftst\u00e4tigkeiten zu sichern und die Gesundheit unserer Kunden, Mitarbeiter und Gesch\u00e4ftspartner zu sch\u00fctzen.","breadcrumb":{"@id":"https:\/\/www.votex-bison.com\/de\/covid-19-votex-bison\/#breadcrumb"},"inLanguage":"de","potentialAction":[{"@type":"ReadAction","target":["https:\/\/www.votex-bison.com\/de\/covid-19-votex-bison\/"]}]},{"@type":"BreadcrumbList","@id":"https:\/\/www.votex-bison.com\/de\/covid-19-votex-bison\/#breadcrumb","itemListElement":[{"@type":"ListItem","position":1,"name":"Home","item":"https:\/\/www.votex-bison.com\/de\/"},{"@type":"ListItem","position":2,"name":"Covid-19"}]},{"@type":"WebSite","@id":"https:\/\/www.votex-bison.com\/#website","url":"https:\/\/www.votex-bison.com\/","name":"Votex Bison","description":"The power of perfection","publisher":{"@id":"https:\/\/www.votex-bison.com\/#organization"},"potentialAction":[{"@type":"SearchAction","target":{"@type":"EntryPoint","urlTemplate":"https:\/\/www.votex-bison.com\/?s={search_term_string}"},"query-input":{"@type":"PropertyValueSpecification","valueRequired":true,"valueName":"search_term_string"}}],"inLanguage":"de"},{"@type":"Organization","@id":"https:\/\/www.votex-bison.com\/#organization","name":"Votex Bison","url":"https:\/\/www.votex-bison.com\/","logo":{"@type":"ImageObject","inLanguage":"de","@id":"https:\/\/www.votex-bison.com\/#\/schema\/logo\/image\/","url":"https:\/\/comvote-eveyikli.savviihq.com\/wp-content\/uploads\/2017\/02\/logo-votex-bison.jpg","contentUrl":"https:\/\/comvote-eveyikli.savviihq.com\/wp-content\/uploads\/2017\/02\/logo-votex-bison.jpg","width":352,"height":144,"caption":"Votex Bison"},"image":{"@id":"https:\/\/www.votex-bison.com\/#\/schema\/logo\/image\/"},"sameAs":["https:\/\/www.facebook.com\/votexbison\/","https:\/\/x.com\/votexbison","https:\/\/www.linkedin.com\/company\/votex-bison-material-handling-b-v-","https:\/\/www.youtube.com\/user\/VotexBison"]}]}},"_links":{"self":[{"href":"https:\/\/www.votex-bison.com\/de\/wp-json\/wp\/v2\/pages\/6821","targetHints":{"allow":["GET"]}}],"collection":[{"href":"https:\/\/www.votex-bison.com\/de\/wp-json\/wp\/v2\/pages"}],"about":[{"href":"https:\/\/www.votex-bison.com\/de\/wp-json\/wp\/v2\/types\/page"}],"author":[{"embeddable":true,"href":"https:\/\/www.votex-bison.com\/de\/wp-json\/wp\/v2\/users\/2"}],"replies":[{"embeddable":true,"href":"https:\/\/www.votex-bison.com\/de\/wp-json\/wp\/v2\/comments?post=6821"}],"version-history":[{"count":5,"href":"https:\/\/www.votex-bison.com\/de\/wp-json\/wp\/v2\/pages\/6821\/revisions"}],"predecessor-version":[{"id":9478,"href":"https:\/\/www.votex-bison.com\/de\/wp-json\/wp\/v2\/pages\/6821\/revisions\/9478"}],"wp:attachment":[{"href":"https:\/\/www.votex-bison.com\/de\/wp-json\/wp\/v2\/media?parent=6821"}],"curies":[{"name":"wp","href":"https:\/\/api.w.org\/{rel}","templated":true}]}}