{"id":7644,"date":"2020-04-20T12:10:28","date_gmt":"2020-04-20T10:10:28","guid":{"rendered":"https:\/\/votex-bison.com\/?page_id=7644"},"modified":"2025-03-03T09:27:58","modified_gmt":"2025-03-03T08:27:58","slug":"schulungen","status":"publish","type":"page","link":"https:\/\/www.votex-bison.com\/de\/schulungen\/","title":{"rendered":"Service Schulungen"},"content":{"rendered":"<div class=\"wpb-content-wrapper\"><p>[vc_row][vc_column width=&#8220;1\/2&#8243; text_align=&#8220;justify&#8220;][vc_column_text css=&#8220;&#8220; css_params=&#8220;&#8220;]<\/p>\n<h3 data-start=\"0\" data-end=\"101\"><strong data-start=\"4\" data-end=\"101\">Bleiben Sie Vorne mit den Schulungen von Votex Bison \u2013 Halten Sie Ihre Maschinen in Bestform!<\/strong><\/h3>\n<p data-start=\"103\" data-end=\"524\">Die Technologie entwickelt sich rasant, und um Ihre Maschinen effizient zu warten und zu reparieren, ist es entscheidend, mit den neuesten Entwicklungen Schritt zu halten. Bei <strong data-start=\"279\" data-end=\"317\">Votex Bison Material Handling B.V.<\/strong> bieten wir ma\u00dfgeschneiderte Schulungen an, um sicherzustellen, dass Ihr Team stets mit dem notwendigen Wissen und den richtigen F\u00e4higkeiten ausgestattet ist, um den besten Service f\u00fcr Ihre Kunden zu bieten.<\/p>\n<p data-start=\"526\" data-end=\"891\">Unsere Schulungsprogramme wurden entwickelt, um Sie immer einen Schritt voraus zu bringen. Sie bieten Expertenwissen \u00fcber die neuesten Fortschritte in der Welt der Materialhandhabungsger\u00e4te. Durch die Investition in <strong data-start=\"742\" data-end=\"768\">Votex Bison-Schulungen<\/strong> gew\u00e4hrleisten Sie, dass Ihre Maschinen stets optimal laufen, Ausfallzeiten minimiert und die Produktivit\u00e4t maximiert wird.<\/p>\n<p data-start=\"893\" data-end=\"1121\" data-is-last-node=\"\" data-is-only-node=\"\"><strong data-start=\"893\" data-end=\"1006\">Schulen Sie Ihr Team, verbessern Sie die Servicequalit\u00e4t und steigern Sie die Zuverl\u00e4ssigkeit Ihrer Maschinen<\/strong> \u2013 mit den <strong data-start=\"1017\" data-end=\"1056\">Schulungsprogrammen von Votex Bison<\/strong> helfen wir Ihnen, in der Branche immer an der Spitze zu bleiben.<\/p>\n<p>[\/vc_column_text][\/vc_column][vc_column width=&#8220;1\/2&#8243;][vc_single_image image=&#8220;7661&#8243; img_size=&#8220;full&#8220; css=&#8220;&#8220;][vc_single_image image=&#8220;7674&#8243; img_size=&#8220;full&#8220; css=&#8220;&#8220;][\/vc_column][\/vc_row]<\/p>\n<\/div>","protected":false},"excerpt":{"rendered":"<p>[vc_row][vc_column width=&#8220;1\/2&#8243; text_align=&#8220;justify&#8220;][vc_column_text css=&#8220;&#8220; css_params=&#8220;&#8220;] Bleiben Sie Vorne mit den Schulungen von Votex Bison \u2013 Halten Sie Ihre Maschinen in Bestform! Die Technologie entwickelt sich rasant, und um Ihre Maschinen effizient zu warten und zu reparieren, ist es entscheidend, mit den neuesten Entwicklungen Schritt zu halten. Bei Votex Bison Material Handling B.V. bieten wir ma\u00dfgeschneiderte [&hellip;]<\/p>\n","protected":false},"author":2,"featured_media":0,"parent":0,"menu_order":0,"comment_status":"closed","ping_status":"closed","template":"","meta":{"footnotes":""},"class_list":["post-7644","page","type-page","status-publish","hentry"],"yoast_head":"<!-- This site is optimized with the Yoast SEO plugin v27.4 - https:\/\/yoast.com\/product\/yoast-seo-wordpress\/ -->\n<title>Service Schulungen - Votex Bison<\/title>\n<meta name=\"description\" content=\"Service Schulungen - Votex Bison\" \/>\n<meta name=\"robots\" content=\"index, follow, max-snippet:-1, max-image-preview:large, max-video-preview:-1\" \/>\n<link rel=\"canonical\" href=\"https:\/\/www.votex-bison.com\/de\/schulungen\/\" \/>\n<meta property=\"og:locale\" content=\"de_DE\" \/>\n<meta property=\"og:type\" content=\"article\" \/>\n<meta property=\"og:title\" content=\"Service Schulungen - Votex Bison\" \/>\n<meta property=\"og:description\" content=\"Service Schulungen - Votex Bison\" \/>\n<meta property=\"og:url\" content=\"https:\/\/www.votex-bison.com\/de\/schulungen\/\" \/>\n<meta property=\"og:site_name\" content=\"Votex Bison\" \/>\n<meta property=\"article:publisher\" content=\"https:\/\/www.facebook.com\/votexbison\/\" \/>\n<meta property=\"article:modified_time\" content=\"2025-03-03T08:27:58+00:00\" \/>\n<meta name=\"twitter:card\" content=\"summary_large_image\" \/>\n<meta name=\"twitter:site\" content=\"@votexbison\" \/>\n<meta name=\"twitter:label1\" content=\"Gesch\u00e4tzte Lesezeit\" \/>\n\t<meta name=\"twitter:data1\" content=\"1\u00a0Minute\" \/>\n<script type=\"application\/ld+json\" class=\"yoast-schema-graph\">{\"@context\":\"https:\\\/\\\/schema.org\",\"@graph\":[{\"@type\":\"WebPage\",\"@id\":\"https:\\\/\\\/www.votex-bison.com\\\/de\\\/schulungen\\\/\",\"url\":\"https:\\\/\\\/www.votex-bison.com\\\/de\\\/schulungen\\\/\",\"name\":\"Service Schulungen - Votex Bison\",\"isPartOf\":{\"@id\":\"https:\\\/\\\/www.votex-bison.com\\\/#website\"},\"datePublished\":\"2020-04-20T10:10:28+00:00\",\"dateModified\":\"2025-03-03T08:27:58+00:00\",\"description\":\"Service Schulungen - Votex Bison\",\"breadcrumb\":{\"@id\":\"https:\\\/\\\/www.votex-bison.com\\\/de\\\/schulungen\\\/#breadcrumb\"},\"inLanguage\":\"de\",\"potentialAction\":[{\"@type\":\"ReadAction\",\"target\":[\"https:\\\/\\\/www.votex-bison.com\\\/de\\\/schulungen\\\/\"]}]},{\"@type\":\"BreadcrumbList\",\"@id\":\"https:\\\/\\\/www.votex-bison.com\\\/de\\\/schulungen\\\/#breadcrumb\",\"itemListElement\":[{\"@type\":\"ListItem\",\"position\":1,\"name\":\"Home\",\"item\":\"https:\\\/\\\/www.votex-bison.com\\\/de\\\/\"},{\"@type\":\"ListItem\",\"position\":2,\"name\":\"Service Schulungen\"}]},{\"@type\":\"WebSite\",\"@id\":\"https:\\\/\\\/www.votex-bison.com\\\/#website\",\"url\":\"https:\\\/\\\/www.votex-bison.com\\\/\",\"name\":\"Votex Bison\",\"description\":\"The power of perfection\",\"publisher\":{\"@id\":\"https:\\\/\\\/www.votex-bison.com\\\/#organization\"},\"potentialAction\":[{\"@type\":\"SearchAction\",\"target\":{\"@type\":\"EntryPoint\",\"urlTemplate\":\"https:\\\/\\\/www.votex-bison.com\\\/?s={search_term_string}\"},\"query-input\":{\"@type\":\"PropertyValueSpecification\",\"valueRequired\":true,\"valueName\":\"search_term_string\"}}],\"inLanguage\":\"de\"},{\"@type\":\"Organization\",\"@id\":\"https:\\\/\\\/www.votex-bison.com\\\/#organization\",\"name\":\"Votex Bison\",\"url\":\"https:\\\/\\\/www.votex-bison.com\\\/\",\"logo\":{\"@type\":\"ImageObject\",\"inLanguage\":\"de\",\"@id\":\"https:\\\/\\\/www.votex-bison.com\\\/#\\\/schema\\\/logo\\\/image\\\/\",\"url\":\"https:\\\/\\\/comvote-eveyikli.savviihq.com\\\/wp-content\\\/uploads\\\/2017\\\/02\\\/logo-votex-bison.jpg\",\"contentUrl\":\"https:\\\/\\\/comvote-eveyikli.savviihq.com\\\/wp-content\\\/uploads\\\/2017\\\/02\\\/logo-votex-bison.jpg\",\"width\":352,\"height\":144,\"caption\":\"Votex Bison\"},\"image\":{\"@id\":\"https:\\\/\\\/www.votex-bison.com\\\/#\\\/schema\\\/logo\\\/image\\\/\"},\"sameAs\":[\"https:\\\/\\\/www.facebook.com\\\/votexbison\\\/\",\"https:\\\/\\\/x.com\\\/votexbison\",\"https:\\\/\\\/www.linkedin.com\\\/company\\\/votex-bison-material-handling-b-v-\",\"https:\\\/\\\/www.youtube.com\\\/user\\\/VotexBison\"]}]}<\/script>\n<!-- \/ Yoast SEO plugin. -->","yoast_head_json":{"title":"Service Schulungen - Votex Bison","description":"Service Schulungen - Votex Bison","robots":{"index":"index","follow":"follow","max-snippet":"max-snippet:-1","max-image-preview":"max-image-preview:large","max-video-preview":"max-video-preview:-1"},"canonical":"https:\/\/www.votex-bison.com\/de\/schulungen\/","og_locale":"de_DE","og_type":"article","og_title":"Service Schulungen - Votex Bison","og_description":"Service Schulungen - Votex Bison","og_url":"https:\/\/www.votex-bison.com\/de\/schulungen\/","og_site_name":"Votex Bison","article_publisher":"https:\/\/www.facebook.com\/votexbison\/","article_modified_time":"2025-03-03T08:27:58+00:00","twitter_card":"summary_large_image","twitter_site":"@votexbison","twitter_misc":{"Gesch\u00e4tzte Lesezeit":"1\u00a0Minute"},"schema":{"@context":"https:\/\/schema.org","@graph":[{"@type":"WebPage","@id":"https:\/\/www.votex-bison.com\/de\/schulungen\/","url":"https:\/\/www.votex-bison.com\/de\/schulungen\/","name":"Service Schulungen - Votex Bison","isPartOf":{"@id":"https:\/\/www.votex-bison.com\/#website"},"datePublished":"2020-04-20T10:10:28+00:00","dateModified":"2025-03-03T08:27:58+00:00","description":"Service Schulungen - Votex Bison","breadcrumb":{"@id":"https:\/\/www.votex-bison.com\/de\/schulungen\/#breadcrumb"},"inLanguage":"de","potentialAction":[{"@type":"ReadAction","target":["https:\/\/www.votex-bison.com\/de\/schulungen\/"]}]},{"@type":"BreadcrumbList","@id":"https:\/\/www.votex-bison.com\/de\/schulungen\/#breadcrumb","itemListElement":[{"@type":"ListItem","position":1,"name":"Home","item":"https:\/\/www.votex-bison.com\/de\/"},{"@type":"ListItem","position":2,"name":"Service Schulungen"}]},{"@type":"WebSite","@id":"https:\/\/www.votex-bison.com\/#website","url":"https:\/\/www.votex-bison.com\/","name":"Votex Bison","description":"The power of perfection","publisher":{"@id":"https:\/\/www.votex-bison.com\/#organization"},"potentialAction":[{"@type":"SearchAction","target":{"@type":"EntryPoint","urlTemplate":"https:\/\/www.votex-bison.com\/?s={search_term_string}"},"query-input":{"@type":"PropertyValueSpecification","valueRequired":true,"valueName":"search_term_string"}}],"inLanguage":"de"},{"@type":"Organization","@id":"https:\/\/www.votex-bison.com\/#organization","name":"Votex Bison","url":"https:\/\/www.votex-bison.com\/","logo":{"@type":"ImageObject","inLanguage":"de","@id":"https:\/\/www.votex-bison.com\/#\/schema\/logo\/image\/","url":"https:\/\/comvote-eveyikli.savviihq.com\/wp-content\/uploads\/2017\/02\/logo-votex-bison.jpg","contentUrl":"https:\/\/comvote-eveyikli.savviihq.com\/wp-content\/uploads\/2017\/02\/logo-votex-bison.jpg","width":352,"height":144,"caption":"Votex Bison"},"image":{"@id":"https:\/\/www.votex-bison.com\/#\/schema\/logo\/image\/"},"sameAs":["https:\/\/www.facebook.com\/votexbison\/","https:\/\/x.com\/votexbison","https:\/\/www.linkedin.com\/company\/votex-bison-material-handling-b-v-","https:\/\/www.youtube.com\/user\/VotexBison"]}]}},"_links":{"self":[{"href":"https:\/\/www.votex-bison.com\/de\/wp-json\/wp\/v2\/pages\/7644","targetHints":{"allow":["GET"]}}],"collection":[{"href":"https:\/\/www.votex-bison.com\/de\/wp-json\/wp\/v2\/pages"}],"about":[{"href":"https:\/\/www.votex-bison.com\/de\/wp-json\/wp\/v2\/types\/page"}],"author":[{"embeddable":true,"href":"https:\/\/www.votex-bison.com\/de\/wp-json\/wp\/v2\/users\/2"}],"replies":[{"embeddable":true,"href":"https:\/\/www.votex-bison.com\/de\/wp-json\/wp\/v2\/comments?post=7644"}],"version-history":[{"count":5,"href":"https:\/\/www.votex-bison.com\/de\/wp-json\/wp\/v2\/pages\/7644\/revisions"}],"predecessor-version":[{"id":10155,"href":"https:\/\/www.votex-bison.com\/de\/wp-json\/wp\/v2\/pages\/7644\/revisions\/10155"}],"wp:attachment":[{"href":"https:\/\/www.votex-bison.com\/de\/wp-json\/wp\/v2\/media?parent=7644"}],"curies":[{"name":"wp","href":"https:\/\/api.w.org\/{rel}","templated":true}]}}