{"id":7692,"date":"2020-04-20T14:11:24","date_gmt":"2020-04-20T12:11:24","guid":{"rendered":"https:\/\/votex-bison.com\/engineering\/"},"modified":"2024-10-31T18:16:47","modified_gmt":"2024-10-31T17:16:47","slug":"engineering","status":"publish","type":"page","link":"https:\/\/www.votex-bison.com\/de\/engineering\/","title":{"rendered":"Engineering"},"content":{"rendered":"<div class=\"wpb-content-wrapper\"><p>[vc_row][vc_column width=&#8220;1\/2&#8243;][vc_column_text]Wenn Sie nach einer geeigneten L\u00f6sung suchen, k\u00fcmmern wir uns mit unserer kompetenten Konstruktionsabteilung darum.<br \/>\nF\u00fcr jedes Logistikproblem sind Sie bei uns genau richtig.<\/p>\n<p><strong>Projektprozess<\/strong><br \/>\n<em>Von der ersten Anfrage bis zur erfolgreichen Inbetriebnahme und dar\u00fcber hinaus<\/em><\/p>\n<p>Unsere Projektierung basiert auf jahrzehntelanger Erfahrung in der Entwicklung und Optimierung von Flurf\u00f6rderfahrzeugen.<br \/>\nDennoch analysieren wir jedes Projekt individuell, um die Anforderungen unserer Kunden bestm\u00f6glich zu erf\u00fcllen und innovative L\u00f6sungen zu bieten.[\/vc_column_text][\/vc_column][vc_column width=&#8220;1\/2&#8243;][vc_gallery type=&#8220;image_grid&#8220; images=&#8220;7686&#8243;][\/vc_column][\/vc_row]<\/p>\n<\/div>","protected":false},"excerpt":{"rendered":"<p>[vc_row][vc_column width=&#8220;1\/2&#8243;][vc_column_text]Wenn Sie nach einer geeigneten L\u00f6sung suchen, k\u00fcmmern wir uns mit unserer kompetenten Konstruktionsabteilung darum. F\u00fcr jedes Logistikproblem sind Sie bei uns genau richtig. Projektprozess Von der ersten Anfrage bis zur erfolgreichen Inbetriebnahme und dar\u00fcber hinaus Unsere Projektierung basiert auf jahrzehntelanger Erfahrung in der Entwicklung und Optimierung von Flurf\u00f6rderfahrzeugen. Dennoch analysieren wir jedes Projekt [&hellip;]<\/p>\n","protected":false},"author":2,"featured_media":0,"parent":0,"menu_order":0,"comment_status":"closed","ping_status":"closed","template":"","meta":{"footnotes":""},"class_list":["post-7692","page","type-page","status-publish","hentry"],"yoast_head":"<!-- This site is optimized with the Yoast SEO plugin v27.4 - https:\/\/yoast.com\/product\/yoast-seo-wordpress\/ -->\n<title>Engineering - Votex Bison<\/title>\n<meta name=\"description\" content=\"Engineering - Votex Bison Wenn Sie nach einer geeigneten L\u00f6sung suchen, k\u00fcmmern wir uns mit unserer kompetenten Konstruktionsabteilung darum.F\u00fcr jedes Logistikproblem sind Sie bei uns genau richtig.\" \/>\n<meta name=\"robots\" content=\"index, follow, max-snippet:-1, max-image-preview:large, max-video-preview:-1\" \/>\n<link rel=\"canonical\" href=\"https:\/\/www.votex-bison.com\/de\/engineering\/\" \/>\n<meta property=\"og:locale\" content=\"de_DE\" \/>\n<meta property=\"og:type\" content=\"article\" \/>\n<meta property=\"og:title\" content=\"Engineering - Votex Bison\" \/>\n<meta property=\"og:description\" content=\"Engineering - Votex Bison Wenn Sie nach einer geeigneten L\u00f6sung suchen, k\u00fcmmern wir uns mit unserer kompetenten Konstruktionsabteilung darum.F\u00fcr jedes Logistikproblem sind Sie bei uns genau richtig.\" \/>\n<meta property=\"og:url\" content=\"https:\/\/www.votex-bison.com\/de\/engineering\/\" \/>\n<meta property=\"og:site_name\" content=\"Votex Bison\" \/>\n<meta property=\"article:publisher\" content=\"https:\/\/www.facebook.com\/votexbison\/\" \/>\n<meta property=\"article:modified_time\" content=\"2024-10-31T17:16:47+00:00\" \/>\n<meta name=\"twitter:card\" content=\"summary_large_image\" \/>\n<meta name=\"twitter:site\" content=\"@votexbison\" \/>\n<meta name=\"twitter:label1\" content=\"Gesch\u00e4tzte Lesezeit\" \/>\n\t<meta name=\"twitter:data1\" content=\"1\u00a0Minute\" \/>\n<script type=\"application\/ld+json\" class=\"yoast-schema-graph\">{\"@context\":\"https:\\\/\\\/schema.org\",\"@graph\":[{\"@type\":\"WebPage\",\"@id\":\"https:\\\/\\\/www.votex-bison.com\\\/de\\\/engineering\\\/\",\"url\":\"https:\\\/\\\/www.votex-bison.com\\\/de\\\/engineering\\\/\",\"name\":\"Engineering - Votex Bison\",\"isPartOf\":{\"@id\":\"https:\\\/\\\/www.votex-bison.com\\\/#website\"},\"datePublished\":\"2020-04-20T12:11:24+00:00\",\"dateModified\":\"2024-10-31T17:16:47+00:00\",\"description\":\"Engineering - Votex Bison Wenn Sie nach einer geeigneten L\u00f6sung suchen, k\u00fcmmern wir uns mit unserer kompetenten Konstruktionsabteilung darum.F\u00fcr jedes Logistikproblem sind Sie bei uns genau richtig.\",\"breadcrumb\":{\"@id\":\"https:\\\/\\\/www.votex-bison.com\\\/de\\\/engineering\\\/#breadcrumb\"},\"inLanguage\":\"de\",\"potentialAction\":[{\"@type\":\"ReadAction\",\"target\":[\"https:\\\/\\\/www.votex-bison.com\\\/de\\\/engineering\\\/\"]}]},{\"@type\":\"BreadcrumbList\",\"@id\":\"https:\\\/\\\/www.votex-bison.com\\\/de\\\/engineering\\\/#breadcrumb\",\"itemListElement\":[{\"@type\":\"ListItem\",\"position\":1,\"name\":\"Home\",\"item\":\"https:\\\/\\\/www.votex-bison.com\\\/de\\\/\"},{\"@type\":\"ListItem\",\"position\":2,\"name\":\"Engineering\"}]},{\"@type\":\"WebSite\",\"@id\":\"https:\\\/\\\/www.votex-bison.com\\\/#website\",\"url\":\"https:\\\/\\\/www.votex-bison.com\\\/\",\"name\":\"Votex Bison\",\"description\":\"The power of perfection\",\"publisher\":{\"@id\":\"https:\\\/\\\/www.votex-bison.com\\\/#organization\"},\"potentialAction\":[{\"@type\":\"SearchAction\",\"target\":{\"@type\":\"EntryPoint\",\"urlTemplate\":\"https:\\\/\\\/www.votex-bison.com\\\/?s={search_term_string}\"},\"query-input\":{\"@type\":\"PropertyValueSpecification\",\"valueRequired\":true,\"valueName\":\"search_term_string\"}}],\"inLanguage\":\"de\"},{\"@type\":\"Organization\",\"@id\":\"https:\\\/\\\/www.votex-bison.com\\\/#organization\",\"name\":\"Votex Bison\",\"url\":\"https:\\\/\\\/www.votex-bison.com\\\/\",\"logo\":{\"@type\":\"ImageObject\",\"inLanguage\":\"de\",\"@id\":\"https:\\\/\\\/www.votex-bison.com\\\/#\\\/schema\\\/logo\\\/image\\\/\",\"url\":\"https:\\\/\\\/comvote-eveyikli.savviihq.com\\\/wp-content\\\/uploads\\\/2017\\\/02\\\/logo-votex-bison.jpg\",\"contentUrl\":\"https:\\\/\\\/comvote-eveyikli.savviihq.com\\\/wp-content\\\/uploads\\\/2017\\\/02\\\/logo-votex-bison.jpg\",\"width\":352,\"height\":144,\"caption\":\"Votex Bison\"},\"image\":{\"@id\":\"https:\\\/\\\/www.votex-bison.com\\\/#\\\/schema\\\/logo\\\/image\\\/\"},\"sameAs\":[\"https:\\\/\\\/www.facebook.com\\\/votexbison\\\/\",\"https:\\\/\\\/x.com\\\/votexbison\",\"https:\\\/\\\/www.linkedin.com\\\/company\\\/votex-bison-material-handling-b-v-\",\"https:\\\/\\\/www.youtube.com\\\/user\\\/VotexBison\"]}]}<\/script>\n<!-- \/ Yoast SEO plugin. -->","yoast_head_json":{"title":"Engineering - Votex Bison","description":"Engineering - Votex Bison Wenn Sie nach einer geeigneten L\u00f6sung suchen, k\u00fcmmern wir uns mit unserer kompetenten Konstruktionsabteilung darum.F\u00fcr jedes Logistikproblem sind Sie bei uns genau richtig.","robots":{"index":"index","follow":"follow","max-snippet":"max-snippet:-1","max-image-preview":"max-image-preview:large","max-video-preview":"max-video-preview:-1"},"canonical":"https:\/\/www.votex-bison.com\/de\/engineering\/","og_locale":"de_DE","og_type":"article","og_title":"Engineering - Votex Bison","og_description":"Engineering - Votex Bison Wenn Sie nach einer geeigneten L\u00f6sung suchen, k\u00fcmmern wir uns mit unserer kompetenten Konstruktionsabteilung darum.F\u00fcr jedes Logistikproblem sind Sie bei uns genau richtig.","og_url":"https:\/\/www.votex-bison.com\/de\/engineering\/","og_site_name":"Votex Bison","article_publisher":"https:\/\/www.facebook.com\/votexbison\/","article_modified_time":"2024-10-31T17:16:47+00:00","twitter_card":"summary_large_image","twitter_site":"@votexbison","twitter_misc":{"Gesch\u00e4tzte Lesezeit":"1\u00a0Minute"},"schema":{"@context":"https:\/\/schema.org","@graph":[{"@type":"WebPage","@id":"https:\/\/www.votex-bison.com\/de\/engineering\/","url":"https:\/\/www.votex-bison.com\/de\/engineering\/","name":"Engineering - Votex Bison","isPartOf":{"@id":"https:\/\/www.votex-bison.com\/#website"},"datePublished":"2020-04-20T12:11:24+00:00","dateModified":"2024-10-31T17:16:47+00:00","description":"Engineering - Votex Bison Wenn Sie nach einer geeigneten L\u00f6sung suchen, k\u00fcmmern wir uns mit unserer kompetenten Konstruktionsabteilung darum.F\u00fcr jedes Logistikproblem sind Sie bei uns genau richtig.","breadcrumb":{"@id":"https:\/\/www.votex-bison.com\/de\/engineering\/#breadcrumb"},"inLanguage":"de","potentialAction":[{"@type":"ReadAction","target":["https:\/\/www.votex-bison.com\/de\/engineering\/"]}]},{"@type":"BreadcrumbList","@id":"https:\/\/www.votex-bison.com\/de\/engineering\/#breadcrumb","itemListElement":[{"@type":"ListItem","position":1,"name":"Home","item":"https:\/\/www.votex-bison.com\/de\/"},{"@type":"ListItem","position":2,"name":"Engineering"}]},{"@type":"WebSite","@id":"https:\/\/www.votex-bison.com\/#website","url":"https:\/\/www.votex-bison.com\/","name":"Votex Bison","description":"The power of perfection","publisher":{"@id":"https:\/\/www.votex-bison.com\/#organization"},"potentialAction":[{"@type":"SearchAction","target":{"@type":"EntryPoint","urlTemplate":"https:\/\/www.votex-bison.com\/?s={search_term_string}"},"query-input":{"@type":"PropertyValueSpecification","valueRequired":true,"valueName":"search_term_string"}}],"inLanguage":"de"},{"@type":"Organization","@id":"https:\/\/www.votex-bison.com\/#organization","name":"Votex Bison","url":"https:\/\/www.votex-bison.com\/","logo":{"@type":"ImageObject","inLanguage":"de","@id":"https:\/\/www.votex-bison.com\/#\/schema\/logo\/image\/","url":"https:\/\/comvote-eveyikli.savviihq.com\/wp-content\/uploads\/2017\/02\/logo-votex-bison.jpg","contentUrl":"https:\/\/comvote-eveyikli.savviihq.com\/wp-content\/uploads\/2017\/02\/logo-votex-bison.jpg","width":352,"height":144,"caption":"Votex Bison"},"image":{"@id":"https:\/\/www.votex-bison.com\/#\/schema\/logo\/image\/"},"sameAs":["https:\/\/www.facebook.com\/votexbison\/","https:\/\/x.com\/votexbison","https:\/\/www.linkedin.com\/company\/votex-bison-material-handling-b-v-","https:\/\/www.youtube.com\/user\/VotexBison"]}]}},"_links":{"self":[{"href":"https:\/\/www.votex-bison.com\/de\/wp-json\/wp\/v2\/pages\/7692","targetHints":{"allow":["GET"]}}],"collection":[{"href":"https:\/\/www.votex-bison.com\/de\/wp-json\/wp\/v2\/pages"}],"about":[{"href":"https:\/\/www.votex-bison.com\/de\/wp-json\/wp\/v2\/types\/page"}],"author":[{"embeddable":true,"href":"https:\/\/www.votex-bison.com\/de\/wp-json\/wp\/v2\/users\/2"}],"replies":[{"embeddable":true,"href":"https:\/\/www.votex-bison.com\/de\/wp-json\/wp\/v2\/comments?post=7692"}],"version-history":[{"count":5,"href":"https:\/\/www.votex-bison.com\/de\/wp-json\/wp\/v2\/pages\/7692\/revisions"}],"predecessor-version":[{"id":9822,"href":"https:\/\/www.votex-bison.com\/de\/wp-json\/wp\/v2\/pages\/7692\/revisions\/9822"}],"wp:attachment":[{"href":"https:\/\/www.votex-bison.com\/de\/wp-json\/wp\/v2\/media?parent=7692"}],"curies":[{"name":"wp","href":"https:\/\/api.w.org\/{rel}","templated":true}]}}