{"id":7757,"date":"2020-04-21T16:42:25","date_gmt":"2020-04-21T14:42:25","guid":{"rendered":"https:\/\/votex-bison.com\/?page_id=7757"},"modified":"2025-03-03T09:20:57","modified_gmt":"2025-03-03T08:20:57","slug":"warum-ein-seitenstapler","status":"publish","type":"page","link":"https:\/\/www.votex-bison.com\/de\/warum-ein-seitenstapler\/","title":{"rendered":"Votex-Bison Seitenstapler Warum"},"content":{"rendered":"<div class=\"wpb-content-wrapper\"><p>[vc_row][vc_column width=&#8220;1\/2&#8243; text_align=&#8220;center&#8220;][vc_column_text css=&#8220;&#8220; css_params=&#8220;&#8220;]<\/p>\n<h3 style=\"text-align: left;\" data-start=\"47\" data-end=\"104\"><strong data-start=\"51\" data-end=\"102\">NACHHALTIGE, SICHERE UND RAUMSPARENDEN L\u00d6SUNGEN<\/strong><\/h3>\n<p style=\"text-align: left;\" data-start=\"106\" data-end=\"614\">Seit mehr als 35 Jahren ist <strong data-start=\"134\" data-end=\"149\">Votex Bison<\/strong> der Pionier im Bereich elektrischer Maschinen f\u00fcr den Logistiksektor, mit einem starken Fokus auf <strong data-start=\"248\" data-end=\"271\">Umweltverantwortung<\/strong> und <strong data-start=\"276\" data-end=\"290\">Innovation<\/strong>. Wir bieten <strong data-start=\"303\" data-end=\"344\">100% elektrische 4-Wege-Seitenstapler<\/strong>, die nicht nur Ihre Logistik transformieren, sondern auch einen erheblichen Beitrag zum <strong data-start=\"433\" data-end=\"449\">Umweltschutz<\/strong> leisten. Mit unseren Maschinen k\u00f6nnen Sie <strong data-start=\"492\" data-end=\"523\">Langgut effizienter bewegen<\/strong>, den <strong data-start=\"529\" data-end=\"560\">Energieverbrauch optimieren<\/strong> und gleichzeitig die <strong data-start=\"582\" data-end=\"611\">CO2-Emissionen minimieren<\/strong>.<\/p>\n<h3 style=\"text-align: left;\" data-start=\"616\" data-end=\"677\"><strong data-start=\"620\" data-end=\"675\">Warum sollten Sie sich f\u00fcr Votex Bison entscheiden?<\/strong><\/h3>\n<p style=\"text-align: left;\" data-start=\"679\" data-end=\"1405\">\u2705 <strong data-start=\"681\" data-end=\"707\">Maximale Raumersparnis<\/strong><br data-start=\"707\" data-end=\"710\" \/>Bis zu <strong data-start=\"717\" data-end=\"743\">50% schmalere Gangwege<\/strong> im Vergleich zu traditionellen Gabelstaplern.<br data-start=\"789\" data-end=\"792\" \/>\u2705 <strong data-start=\"794\" data-end=\"813\">100% elektrisch<\/strong> \u2013 <strong data-start=\"816\" data-end=\"833\">emissionsfrei<\/strong>, <strong data-start=\"835\" data-end=\"855\">energieeffizient<\/strong> und <strong data-start=\"860\" data-end=\"875\">ger\u00e4uscharm<br \/>\n<\/strong>ideal f\u00fcr eine saubere Arbeitsumgebung.<br data-start=\"917\" data-end=\"920\" \/>\u2705 <strong data-start=\"922\" data-end=\"948\">Innovative Technologie<\/strong><br data-start=\"948\" data-end=\"951\" data-is-only-node=\"\" \/>Energieeffiziente Antriebssysteme f\u00fcr eine l\u00e4ngere Akkulaufzeit und geringere Betriebskosten.<br data-start=\"1044\" data-end=\"1047\" \/>\u2705 <strong data-start=\"1049\" data-end=\"1070\">Sicher und stabil<\/strong><br data-start=\"1070\" data-end=\"1073\" \/>Perfekte Handhabung von Langgut mit optimaler Sicht und zuverl\u00e4ssiger Leistung.<br data-start=\"1152\" data-end=\"1155\" \/>\u2705 <strong data-start=\"1157\" data-end=\"1194\">Weniger Sch\u00e4den und Ausfallzeiten<\/strong><br data-start=\"1194\" data-end=\"1197\" \/>Robuste Maschinen, die f\u00fcr <strong data-start=\"1224\" data-end=\"1252\">geringere Wartungskosten<\/strong> und weniger St\u00f6rungen sorgen.<br data-start=\"1282\" data-end=\"1285\" \/>\u2705 <strong data-start=\"1287\" data-end=\"1312\">Erh\u00f6hte Produktivit\u00e4t<\/strong><br data-start=\"1312\" data-end=\"1315\" \/>Schnellere und effizientere Arbeitsabl\u00e4ufe f\u00fcr eine <strong data-start=\"1367\" data-end=\"1402\">optimale Nutzung des Lagerraums<\/strong>.<\/p>\n<p style=\"text-align: left;\" data-start=\"1407\" data-end=\"1754\"><strong data-start=\"1407\" data-end=\"1436\">Votex Bison Seitenstapler<\/strong> bieten eine <strong data-start=\"1449\" data-end=\"1481\">un\u00fcbertroffene Raumersparnis<\/strong> in Lagerr\u00e4umen und auf Betriebsgel\u00e4nden, was zu direkten <strong data-start=\"1539\" data-end=\"1561\">Kosteneinsparungen<\/strong> und einer <strong data-start=\"1572\" data-end=\"1598\">h\u00f6heren Lagerkapazit\u00e4t<\/strong> f\u00fchrt. Im Vergleich zu traditionellen Gabelstaplern oder Standard-Seitenstaplern bietet unsere Technologie \u00fcberlegene Wendigkeit und zuverl\u00e4ssige Leistung.<\/p>\n<h3 style=\"text-align: left;\" data-start=\"1756\" data-end=\"1790\"><strong data-start=\"1760\" data-end=\"1788\">Nachhaltigkeit in Aktion<\/strong><\/h3>\n<p style=\"text-align: left;\" data-start=\"1791\" data-end=\"2175\">Bei <strong data-start=\"1795\" data-end=\"1810\">Votex Bison<\/strong> steht <strong data-start=\"1817\" data-end=\"1835\">Nachhaltigkeit<\/strong> im Mittelpunkt unseres Handelns. Wir entwickeln nicht nur Maschinen, die die Produktivit\u00e4t steigern, sondern tragen aktiv zu einer <strong data-start=\"1967\" data-end=\"1987\">gr\u00fcneren Zukunft<\/strong> bei. Unsere <strong data-start=\"2000\" data-end=\"2043\">emissionsfreien, elektrischen Maschinen<\/strong> verringern den <strong data-start=\"2059\" data-end=\"2086\">\u00f6kologischen Fu\u00dfabdruck<\/strong> Ihrer Operationen und senken gleichzeitig die <strong data-start=\"2133\" data-end=\"2143\">Kosten<\/strong> und steigern die <strong data-start=\"2161\" data-end=\"2174\">Effizienz<\/strong>.<\/p>\n<p style=\"text-align: left;\" data-start=\"2177\" data-end=\"2337\"><strong data-start=\"2177\" data-end=\"2337\">Entscheiden Sie sich f\u00fcr Votex Bison \u2013 seit \u00fcber 35 Jahren der Spezialist f\u00fcr elektrische, nachhaltige und raumsparende Seitenstapler im Logistiksektor!<\/strong><\/p>\n<p>[\/vc_column_text][\/vc_column][vc_column width=&#8220;1\/2&#8243;][vc_single_image image=&#8220;7779&#8243; img_size=&#8220;full&#8220; css=&#8220;&#8220; css_params=&#8220;&#8220;][vc_single_image image=&#8220;7788&#8243; img_size=&#8220;full&#8220; alignment=&#8220;center&#8220;][vc_single_image image=&#8220;8017&#8243; img_size=&#8220;full&#8220;][vc_single_image image=&#8220;8570&#8243; img_size=&#8220;full&#8220; css=&#8220;&#8220; label=&#8220;&#8220; css_params=&#8220;&#8220;][\/vc_column][\/vc_row][vc_row][vc_column][vc_column_text css=&#8220;&#8220; css_params=&#8220;&#8220;]<\/p>\n<h3 data-start=\"0\" data-end=\"48\"><strong data-start=\"4\" data-end=\"48\">Votex Bison \u2013 Teil der INDUSTRIE HOLDING<\/strong><\/h3>\n<p data-start=\"50\" data-end=\"423\"><strong data-start=\"50\" data-end=\"88\">Votex Bison Material Handling B.V.<\/strong> ist stolz darauf, Teil der <a href=\"https:\/\/www.industrieholding.com\/\" target=\"_blank\" rel=\"noopener\"><strong data-start=\"116\" data-end=\"137\">Industrie Holding<\/strong><\/a> zu sein, einem renommierten Familienunternehmen mit einem Netzwerk europ\u00e4ischer Technologieunternehmen. Die <strong data-start=\"246\" data-end=\"267\">Industrie Holding<\/strong> ist bekannt f\u00fcr ihren <strong data-start=\"290\" data-end=\"312\" data-is-only-node=\"\">innovativen Ansatz<\/strong>, ihre <strong data-start=\"319\" data-end=\"331\">Qualit\u00e4t<\/strong> und ihre <strong data-start=\"341\" data-end=\"366\">nachhaltigen L\u00f6sungen<\/strong>, die eine breite Palette von Industriesektoren bedienen.<\/p>\n<p data-start=\"425\" data-end=\"718\">Durch die enge Zusammenarbeit mit der <strong data-start=\"463\" data-end=\"484\">Industrie Holding<\/strong> kann Votex Bison auf ein umfassendes <strong data-start=\"522\" data-end=\"532\">Wissen<\/strong>, <strong data-start=\"534\" data-end=\"547\">Erfahrung<\/strong> und <strong data-start=\"552\" data-end=\"581\">technologische Ressourcen<\/strong> zur\u00fcckgreifen, wodurch wir unseren Kunden <strong data-start=\"624\" data-end=\"652\">hervorragende Leistungen<\/strong>, <strong data-start=\"654\" data-end=\"673\">Zuverl\u00e4ssigkeit<\/strong> und <strong data-start=\"678\" data-end=\"703\">erstklassigen Service<\/strong> bieten k\u00f6nnen.<\/p>\n<p data-start=\"720\" data-end=\"883\" data-is-last-node=\"\" data-is-only-node=\"\"><strong data-start=\"720\" data-end=\"735\">Votex Bison<\/strong> \u2013 wo <strong data-start=\"741\" data-end=\"772\">technologischer Fortschritt<\/strong> und <strong data-start=\"777\" data-end=\"794\">Familienwerte<\/strong> aufeinandertreffen, um die besten L\u00f6sungen im Bereich <strong data-start=\"849\" data-end=\"870\" data-is-only-node=\"\">Material Handling<\/strong> zu schaffen.<\/p>\n<p>[\/vc_column_text][\/vc_column][\/vc_row]<\/p>\n<\/div>","protected":false},"excerpt":{"rendered":"<p>[vc_row][vc_column width=&#8220;1\/2&#8243; text_align=&#8220;center&#8220;][vc_column_text css=&#8220;&#8220; css_params=&#8220;&#8220;] NACHHALTIGE, SICHERE UND RAUMSPARENDEN L\u00d6SUNGEN Seit mehr als 35 Jahren ist Votex Bison der Pionier im Bereich elektrischer Maschinen f\u00fcr den Logistiksektor, mit einem starken Fokus auf Umweltverantwortung und Innovation. Wir bieten 100% elektrische 4-Wege-Seitenstapler, die nicht nur Ihre Logistik transformieren, sondern auch einen erheblichen Beitrag zum Umweltschutz leisten. Mit [&hellip;]<\/p>\n","protected":false},"author":2,"featured_media":0,"parent":0,"menu_order":0,"comment_status":"closed","ping_status":"closed","template":"","meta":{"footnotes":""},"class_list":["post-7757","page","type-page","status-publish","hentry"],"yoast_head":"<!-- This site is optimized with the Yoast SEO plugin v27.4 - https:\/\/yoast.com\/product\/yoast-seo-wordpress\/ -->\n<title>Votex-Bison Seitenstapler Warum - Votex Bison<\/title>\n<meta name=\"description\" content=\"Votex-Bison Seitenstapler Warum - Votex Bison zijlader heftruck stapler seitenstapler side loader forklift mehrwegeseitenstapler 4weg zijlader sideloader\" \/>\n<meta name=\"robots\" content=\"index, follow, max-snippet:-1, max-image-preview:large, max-video-preview:-1\" \/>\n<link rel=\"canonical\" href=\"https:\/\/www.votex-bison.com\/de\/warum-ein-seitenstapler\/\" \/>\n<meta property=\"og:locale\" content=\"de_DE\" \/>\n<meta property=\"og:type\" content=\"article\" \/>\n<meta property=\"og:title\" content=\"Waarum ein Votex Bison Seitenstapler\" \/>\n<meta property=\"og:description\" content=\"Transport von langem und sperrigem Material. Verringerung von Personen- und Sachsch\u00e4den. Optimale Sicht nach vorne. Schnelles und einfaches Handling von langen G\u00fctern. Stabiler und sicherer Transport von Langgut. Einsatz in beengten Verh\u00e4ltnissen.\" \/>\n<meta property=\"og:url\" content=\"https:\/\/www.votex-bison.com\/de\/warum-ein-seitenstapler\/\" \/>\n<meta property=\"og:site_name\" content=\"Votex Bison\" \/>\n<meta property=\"article:publisher\" content=\"https:\/\/www.facebook.com\/votexbison\/\" \/>\n<meta property=\"article:modified_time\" content=\"2025-03-03T08:20:57+00:00\" \/>\n<meta property=\"og:image\" content=\"https:\/\/www.votex-bison.com\/wp-content\/uploads\/2020\/04\/Zijlader-in-de-gang-BA-VA.jpg\" \/>\n\t<meta property=\"og:image:width\" content=\"1424\" \/>\n\t<meta property=\"og:image:height\" content=\"828\" \/>\n\t<meta property=\"og:image:type\" content=\"image\/jpeg\" \/>\n<meta name=\"twitter:card\" content=\"summary_large_image\" \/>\n<meta name=\"twitter:site\" content=\"@votexbison\" \/>\n<meta name=\"twitter:label1\" content=\"Gesch\u00e4tzte Lesezeit\" \/>\n\t<meta name=\"twitter:data1\" content=\"2\u00a0Minuten\" \/>\n<script type=\"application\/ld+json\" class=\"yoast-schema-graph\">{\"@context\":\"https:\\\/\\\/schema.org\",\"@graph\":[{\"@type\":\"WebPage\",\"@id\":\"https:\\\/\\\/www.votex-bison.com\\\/de\\\/warum-ein-seitenstapler\\\/\",\"url\":\"https:\\\/\\\/www.votex-bison.com\\\/de\\\/warum-ein-seitenstapler\\\/\",\"name\":\"Votex-Bison Seitenstapler Warum - Votex Bison\",\"isPartOf\":{\"@id\":\"https:\\\/\\\/www.votex-bison.com\\\/#website\"},\"datePublished\":\"2020-04-21T14:42:25+00:00\",\"dateModified\":\"2025-03-03T08:20:57+00:00\",\"description\":\"Votex-Bison Seitenstapler Warum - Votex Bison zijlader heftruck stapler seitenstapler side loader forklift mehrwegeseitenstapler 4weg zijlader sideloader\",\"breadcrumb\":{\"@id\":\"https:\\\/\\\/www.votex-bison.com\\\/de\\\/warum-ein-seitenstapler\\\/#breadcrumb\"},\"inLanguage\":\"de\",\"potentialAction\":[{\"@type\":\"ReadAction\",\"target\":[\"https:\\\/\\\/www.votex-bison.com\\\/de\\\/warum-ein-seitenstapler\\\/\"]}]},{\"@type\":\"BreadcrumbList\",\"@id\":\"https:\\\/\\\/www.votex-bison.com\\\/de\\\/warum-ein-seitenstapler\\\/#breadcrumb\",\"itemListElement\":[{\"@type\":\"ListItem\",\"position\":1,\"name\":\"Home\",\"item\":\"https:\\\/\\\/www.votex-bison.com\\\/de\\\/\"},{\"@type\":\"ListItem\",\"position\":2,\"name\":\"Votex-Bison Seitenstapler Warum\"}]},{\"@type\":\"WebSite\",\"@id\":\"https:\\\/\\\/www.votex-bison.com\\\/#website\",\"url\":\"https:\\\/\\\/www.votex-bison.com\\\/\",\"name\":\"Votex Bison\",\"description\":\"The power of perfection\",\"publisher\":{\"@id\":\"https:\\\/\\\/www.votex-bison.com\\\/#organization\"},\"potentialAction\":[{\"@type\":\"SearchAction\",\"target\":{\"@type\":\"EntryPoint\",\"urlTemplate\":\"https:\\\/\\\/www.votex-bison.com\\\/?s={search_term_string}\"},\"query-input\":{\"@type\":\"PropertyValueSpecification\",\"valueRequired\":true,\"valueName\":\"search_term_string\"}}],\"inLanguage\":\"de\"},{\"@type\":\"Organization\",\"@id\":\"https:\\\/\\\/www.votex-bison.com\\\/#organization\",\"name\":\"Votex Bison\",\"url\":\"https:\\\/\\\/www.votex-bison.com\\\/\",\"logo\":{\"@type\":\"ImageObject\",\"inLanguage\":\"de\",\"@id\":\"https:\\\/\\\/www.votex-bison.com\\\/#\\\/schema\\\/logo\\\/image\\\/\",\"url\":\"https:\\\/\\\/comvote-eveyikli.savviihq.com\\\/wp-content\\\/uploads\\\/2017\\\/02\\\/logo-votex-bison.jpg\",\"contentUrl\":\"https:\\\/\\\/comvote-eveyikli.savviihq.com\\\/wp-content\\\/uploads\\\/2017\\\/02\\\/logo-votex-bison.jpg\",\"width\":352,\"height\":144,\"caption\":\"Votex Bison\"},\"image\":{\"@id\":\"https:\\\/\\\/www.votex-bison.com\\\/#\\\/schema\\\/logo\\\/image\\\/\"},\"sameAs\":[\"https:\\\/\\\/www.facebook.com\\\/votexbison\\\/\",\"https:\\\/\\\/x.com\\\/votexbison\",\"https:\\\/\\\/www.linkedin.com\\\/company\\\/votex-bison-material-handling-b-v-\",\"https:\\\/\\\/www.youtube.com\\\/user\\\/VotexBison\"]}]}<\/script>\n<!-- \/ Yoast SEO plugin. -->","yoast_head_json":{"title":"Votex-Bison Seitenstapler Warum - Votex Bison","description":"Votex-Bison Seitenstapler Warum - Votex Bison zijlader heftruck stapler seitenstapler side loader forklift mehrwegeseitenstapler 4weg zijlader sideloader","robots":{"index":"index","follow":"follow","max-snippet":"max-snippet:-1","max-image-preview":"max-image-preview:large","max-video-preview":"max-video-preview:-1"},"canonical":"https:\/\/www.votex-bison.com\/de\/warum-ein-seitenstapler\/","og_locale":"de_DE","og_type":"article","og_title":"Waarum ein Votex Bison Seitenstapler","og_description":"Transport von langem und sperrigem Material. Verringerung von Personen- und Sachsch\u00e4den. Optimale Sicht nach vorne. Schnelles und einfaches Handling von langen G\u00fctern. Stabiler und sicherer Transport von Langgut. Einsatz in beengten Verh\u00e4ltnissen.","og_url":"https:\/\/www.votex-bison.com\/de\/warum-ein-seitenstapler\/","og_site_name":"Votex Bison","article_publisher":"https:\/\/www.facebook.com\/votexbison\/","article_modified_time":"2025-03-03T08:20:57+00:00","og_image":[{"width":1424,"height":828,"url":"https:\/\/www.votex-bison.com\/wp-content\/uploads\/2020\/04\/Zijlader-in-de-gang-BA-VA.jpg","type":"image\/jpeg"}],"twitter_card":"summary_large_image","twitter_site":"@votexbison","twitter_misc":{"Gesch\u00e4tzte Lesezeit":"2\u00a0Minuten"},"schema":{"@context":"https:\/\/schema.org","@graph":[{"@type":"WebPage","@id":"https:\/\/www.votex-bison.com\/de\/warum-ein-seitenstapler\/","url":"https:\/\/www.votex-bison.com\/de\/warum-ein-seitenstapler\/","name":"Votex-Bison Seitenstapler Warum - Votex Bison","isPartOf":{"@id":"https:\/\/www.votex-bison.com\/#website"},"datePublished":"2020-04-21T14:42:25+00:00","dateModified":"2025-03-03T08:20:57+00:00","description":"Votex-Bison Seitenstapler Warum - Votex Bison zijlader heftruck stapler seitenstapler side loader forklift mehrwegeseitenstapler 4weg zijlader sideloader","breadcrumb":{"@id":"https:\/\/www.votex-bison.com\/de\/warum-ein-seitenstapler\/#breadcrumb"},"inLanguage":"de","potentialAction":[{"@type":"ReadAction","target":["https:\/\/www.votex-bison.com\/de\/warum-ein-seitenstapler\/"]}]},{"@type":"BreadcrumbList","@id":"https:\/\/www.votex-bison.com\/de\/warum-ein-seitenstapler\/#breadcrumb","itemListElement":[{"@type":"ListItem","position":1,"name":"Home","item":"https:\/\/www.votex-bison.com\/de\/"},{"@type":"ListItem","position":2,"name":"Votex-Bison Seitenstapler Warum"}]},{"@type":"WebSite","@id":"https:\/\/www.votex-bison.com\/#website","url":"https:\/\/www.votex-bison.com\/","name":"Votex Bison","description":"The power of perfection","publisher":{"@id":"https:\/\/www.votex-bison.com\/#organization"},"potentialAction":[{"@type":"SearchAction","target":{"@type":"EntryPoint","urlTemplate":"https:\/\/www.votex-bison.com\/?s={search_term_string}"},"query-input":{"@type":"PropertyValueSpecification","valueRequired":true,"valueName":"search_term_string"}}],"inLanguage":"de"},{"@type":"Organization","@id":"https:\/\/www.votex-bison.com\/#organization","name":"Votex Bison","url":"https:\/\/www.votex-bison.com\/","logo":{"@type":"ImageObject","inLanguage":"de","@id":"https:\/\/www.votex-bison.com\/#\/schema\/logo\/image\/","url":"https:\/\/comvote-eveyikli.savviihq.com\/wp-content\/uploads\/2017\/02\/logo-votex-bison.jpg","contentUrl":"https:\/\/comvote-eveyikli.savviihq.com\/wp-content\/uploads\/2017\/02\/logo-votex-bison.jpg","width":352,"height":144,"caption":"Votex Bison"},"image":{"@id":"https:\/\/www.votex-bison.com\/#\/schema\/logo\/image\/"},"sameAs":["https:\/\/www.facebook.com\/votexbison\/","https:\/\/x.com\/votexbison","https:\/\/www.linkedin.com\/company\/votex-bison-material-handling-b-v-","https:\/\/www.youtube.com\/user\/VotexBison"]}]}},"_links":{"self":[{"href":"https:\/\/www.votex-bison.com\/de\/wp-json\/wp\/v2\/pages\/7757","targetHints":{"allow":["GET"]}}],"collection":[{"href":"https:\/\/www.votex-bison.com\/de\/wp-json\/wp\/v2\/pages"}],"about":[{"href":"https:\/\/www.votex-bison.com\/de\/wp-json\/wp\/v2\/types\/page"}],"author":[{"embeddable":true,"href":"https:\/\/www.votex-bison.com\/de\/wp-json\/wp\/v2\/users\/2"}],"replies":[{"embeddable":true,"href":"https:\/\/www.votex-bison.com\/de\/wp-json\/wp\/v2\/comments?post=7757"}],"version-history":[{"count":5,"href":"https:\/\/www.votex-bison.com\/de\/wp-json\/wp\/v2\/pages\/7757\/revisions"}],"predecessor-version":[{"id":10152,"href":"https:\/\/www.votex-bison.com\/de\/wp-json\/wp\/v2\/pages\/7757\/revisions\/10152"}],"wp:attachment":[{"href":"https:\/\/www.votex-bison.com\/de\/wp-json\/wp\/v2\/media?parent=7757"}],"curies":[{"name":"wp","href":"https:\/\/api.w.org\/{rel}","templated":true}]}}