{"id":2830,"date":"2017-05-01T18:33:32","date_gmt":"2017-05-01T16:33:32","guid":{"rendered":"https:\/\/comvote-eveyikli.savviihq.com\/product\/telescoopvorken\/"},"modified":"2019-11-29T15:17:39","modified_gmt":"2019-11-29T14:17:39","slug":"teleskopgabeln","status":"publish","type":"product","link":"https:\/\/www.votex-bison.com\/de\/produkt\/teleskopgabeln\/","title":{"rendered":"Teleskopgabeln"},"content":{"rendered":"","protected":false},"excerpt":{"rendered":"<p>Auf Kundenwunsch k\u00f6nnen Gabeln in allen Formen und Gr\u00f6\u00dfen geliefert werden, es k\u00f6nnen sowohl einfache Gabeln als auch komplexe Teleskopgabeln verwendet werden, die \u00fcber die Joystick-Steuerung in der Kabine hydraulisch ausgefahren werden k\u00f6nnen.\\<\/p>\n<p>&nbsp;<\/p>\n<p>&nbsp;<\/p>\n<p>Eine weitere separate Option ist die M\u00f6glichkeit, eine Gabel in der H\u00f6he so einzustellen, dass die Gabeln bei einer Last oder einer Schr\u00e4glage der Maschine in der H\u00f6he relativ zueinander eingestellt werden k\u00f6nnen.<\/p>\n","protected":false},"featured_media":1236,"comment_status":"closed","ping_status":"closed","template":"","meta":[],"product_brand":[],"product_cat":[96],"product_tag":[],"class_list":{"0":"post-2830","1":"product","2":"type-product","3":"status-publish","4":"has-post-thumbnail","6":"product_cat-zubehoer","8":"first","9":"instock","10":"shipping-taxable","11":"product-type-simple"},"yoast_head":"<!-- This site is optimized with the Yoast SEO plugin v27.5 - https:\/\/yoast.com\/product\/yoast-seo-wordpress\/ -->\n<title>Teleskopgabeln - Votex Bison<\/title>\n<meta name=\"description\" content=\"Teleskopgabeln - Votex Bison\" \/>\n<meta name=\"robots\" content=\"index, follow, max-snippet:-1, max-image-preview:large, max-video-preview:-1\" \/>\n<link rel=\"canonical\" href=\"https:\/\/www.votex-bison.com\/de\/produkt\/teleskopgabeln\/\" \/>\n<meta property=\"og:locale\" content=\"de_DE\" \/>\n<meta property=\"og:type\" content=\"article\" \/>\n<meta property=\"og:title\" content=\"Teleskopgabeln - Votex Bison\" \/>\n<meta property=\"og:description\" content=\"Teleskopgabeln - Votex Bison\" \/>\n<meta property=\"og:url\" content=\"https:\/\/www.votex-bison.com\/de\/produkt\/teleskopgabeln\/\" \/>\n<meta property=\"og:site_name\" content=\"Votex Bison\" \/>\n<meta property=\"article:publisher\" content=\"https:\/\/www.facebook.com\/votexbison\/\" \/>\n<meta property=\"article:modified_time\" content=\"2019-11-29T14:17:39+00:00\" \/>\n<meta property=\"og:image\" content=\"https:\/\/www.votex-bison.com\/wp-content\/uploads\/2017\/02\/teleskoopvorken1.jpg\" \/>\n\t<meta property=\"og:image:width\" content=\"679\" \/>\n\t<meta property=\"og:image:height\" content=\"452\" \/>\n\t<meta property=\"og:image:type\" content=\"image\/jpeg\" \/>\n<meta name=\"twitter:card\" content=\"summary_large_image\" \/>\n<meta name=\"twitter:site\" content=\"@votexbison\" \/>\n<script type=\"application\/ld+json\" class=\"yoast-schema-graph\">{\"@context\":\"https:\\\/\\\/schema.org\",\"@graph\":[{\"@type\":\"WebPage\",\"@id\":\"https:\\\/\\\/www.votex-bison.com\\\/de\\\/produkt\\\/teleskopgabeln\\\/\",\"url\":\"https:\\\/\\\/www.votex-bison.com\\\/de\\\/produkt\\\/teleskopgabeln\\\/\",\"name\":\"Teleskopgabeln - Votex Bison\",\"isPartOf\":{\"@id\":\"https:\\\/\\\/www.votex-bison.com\\\/#website\"},\"primaryImageOfPage\":{\"@id\":\"https:\\\/\\\/www.votex-bison.com\\\/de\\\/produkt\\\/teleskopgabeln\\\/#primaryimage\"},\"image\":{\"@id\":\"https:\\\/\\\/www.votex-bison.com\\\/de\\\/produkt\\\/teleskopgabeln\\\/#primaryimage\"},\"thumbnailUrl\":\"https:\\\/\\\/www.votex-bison.com\\\/wp-content\\\/uploads\\\/2017\\\/02\\\/teleskoopvorken1.jpg\",\"datePublished\":\"2017-05-01T16:33:32+00:00\",\"dateModified\":\"2019-11-29T14:17:39+00:00\",\"description\":\"Teleskopgabeln - Votex Bison\",\"breadcrumb\":{\"@id\":\"https:\\\/\\\/www.votex-bison.com\\\/de\\\/produkt\\\/teleskopgabeln\\\/#breadcrumb\"},\"inLanguage\":\"de\",\"potentialAction\":[{\"@type\":\"ReadAction\",\"target\":[\"https:\\\/\\\/www.votex-bison.com\\\/de\\\/produkt\\\/teleskopgabeln\\\/\"]}]},{\"@type\":\"ImageObject\",\"inLanguage\":\"de\",\"@id\":\"https:\\\/\\\/www.votex-bison.com\\\/de\\\/produkt\\\/teleskopgabeln\\\/#primaryimage\",\"url\":\"https:\\\/\\\/www.votex-bison.com\\\/wp-content\\\/uploads\\\/2017\\\/02\\\/teleskoopvorken1.jpg\",\"contentUrl\":\"https:\\\/\\\/www.votex-bison.com\\\/wp-content\\\/uploads\\\/2017\\\/02\\\/teleskoopvorken1.jpg\",\"width\":679,\"height\":452},{\"@type\":\"BreadcrumbList\",\"@id\":\"https:\\\/\\\/www.votex-bison.com\\\/de\\\/produkt\\\/teleskopgabeln\\\/#breadcrumb\",\"itemListElement\":[{\"@type\":\"ListItem\",\"position\":1,\"name\":\"Home\",\"item\":\"https:\\\/\\\/www.votex-bison.com\\\/de\\\/\"},{\"@type\":\"ListItem\",\"position\":2,\"name\":\"Producten\",\"item\":\"https:\\\/\\\/www.votex-bison.com\\\/de\\\/producten\\\/\"},{\"@type\":\"ListItem\",\"position\":3,\"name\":\"Teleskopgabeln\"}]},{\"@type\":\"WebSite\",\"@id\":\"https:\\\/\\\/www.votex-bison.com\\\/#website\",\"url\":\"https:\\\/\\\/www.votex-bison.com\\\/\",\"name\":\"Votex Bison\",\"description\":\"The power of perfection\",\"publisher\":{\"@id\":\"https:\\\/\\\/www.votex-bison.com\\\/#organization\"},\"potentialAction\":[{\"@type\":\"SearchAction\",\"target\":{\"@type\":\"EntryPoint\",\"urlTemplate\":\"https:\\\/\\\/www.votex-bison.com\\\/?s={search_term_string}\"},\"query-input\":{\"@type\":\"PropertyValueSpecification\",\"valueRequired\":true,\"valueName\":\"search_term_string\"}}],\"inLanguage\":\"de\"},{\"@type\":\"Organization\",\"@id\":\"https:\\\/\\\/www.votex-bison.com\\\/#organization\",\"name\":\"Votex Bison\",\"url\":\"https:\\\/\\\/www.votex-bison.com\\\/\",\"logo\":{\"@type\":\"ImageObject\",\"inLanguage\":\"de\",\"@id\":\"https:\\\/\\\/www.votex-bison.com\\\/#\\\/schema\\\/logo\\\/image\\\/\",\"url\":\"https:\\\/\\\/comvote-eveyikli.savviihq.com\\\/wp-content\\\/uploads\\\/2017\\\/02\\\/logo-votex-bison.jpg\",\"contentUrl\":\"https:\\\/\\\/comvote-eveyikli.savviihq.com\\\/wp-content\\\/uploads\\\/2017\\\/02\\\/logo-votex-bison.jpg\",\"width\":352,\"height\":144,\"caption\":\"Votex Bison\"},\"image\":{\"@id\":\"https:\\\/\\\/www.votex-bison.com\\\/#\\\/schema\\\/logo\\\/image\\\/\"},\"sameAs\":[\"https:\\\/\\\/www.facebook.com\\\/votexbison\\\/\",\"https:\\\/\\\/x.com\\\/votexbison\",\"https:\\\/\\\/www.linkedin.com\\\/company\\\/votex-bison-material-handling-b-v-\",\"https:\\\/\\\/www.youtube.com\\\/user\\\/VotexBison\"]}]}<\/script>\n<!-- \/ Yoast SEO plugin. -->","yoast_head_json":{"title":"Teleskopgabeln - Votex Bison","description":"Teleskopgabeln - Votex Bison","robots":{"index":"index","follow":"follow","max-snippet":"max-snippet:-1","max-image-preview":"max-image-preview:large","max-video-preview":"max-video-preview:-1"},"canonical":"https:\/\/www.votex-bison.com\/de\/produkt\/teleskopgabeln\/","og_locale":"de_DE","og_type":"article","og_title":"Teleskopgabeln - Votex Bison","og_description":"Teleskopgabeln - Votex Bison","og_url":"https:\/\/www.votex-bison.com\/de\/produkt\/teleskopgabeln\/","og_site_name":"Votex Bison","article_publisher":"https:\/\/www.facebook.com\/votexbison\/","article_modified_time":"2019-11-29T14:17:39+00:00","og_image":[{"width":679,"height":452,"url":"https:\/\/www.votex-bison.com\/wp-content\/uploads\/2017\/02\/teleskoopvorken1.jpg","type":"image\/jpeg"}],"twitter_card":"summary_large_image","twitter_site":"@votexbison","schema":{"@context":"https:\/\/schema.org","@graph":[{"@type":"WebPage","@id":"https:\/\/www.votex-bison.com\/de\/produkt\/teleskopgabeln\/","url":"https:\/\/www.votex-bison.com\/de\/produkt\/teleskopgabeln\/","name":"Teleskopgabeln - Votex Bison","isPartOf":{"@id":"https:\/\/www.votex-bison.com\/#website"},"primaryImageOfPage":{"@id":"https:\/\/www.votex-bison.com\/de\/produkt\/teleskopgabeln\/#primaryimage"},"image":{"@id":"https:\/\/www.votex-bison.com\/de\/produkt\/teleskopgabeln\/#primaryimage"},"thumbnailUrl":"https:\/\/www.votex-bison.com\/wp-content\/uploads\/2017\/02\/teleskoopvorken1.jpg","datePublished":"2017-05-01T16:33:32+00:00","dateModified":"2019-11-29T14:17:39+00:00","description":"Teleskopgabeln - Votex Bison","breadcrumb":{"@id":"https:\/\/www.votex-bison.com\/de\/produkt\/teleskopgabeln\/#breadcrumb"},"inLanguage":"de","potentialAction":[{"@type":"ReadAction","target":["https:\/\/www.votex-bison.com\/de\/produkt\/teleskopgabeln\/"]}]},{"@type":"ImageObject","inLanguage":"de","@id":"https:\/\/www.votex-bison.com\/de\/produkt\/teleskopgabeln\/#primaryimage","url":"https:\/\/www.votex-bison.com\/wp-content\/uploads\/2017\/02\/teleskoopvorken1.jpg","contentUrl":"https:\/\/www.votex-bison.com\/wp-content\/uploads\/2017\/02\/teleskoopvorken1.jpg","width":679,"height":452},{"@type":"BreadcrumbList","@id":"https:\/\/www.votex-bison.com\/de\/produkt\/teleskopgabeln\/#breadcrumb","itemListElement":[{"@type":"ListItem","position":1,"name":"Home","item":"https:\/\/www.votex-bison.com\/de\/"},{"@type":"ListItem","position":2,"name":"Producten","item":"https:\/\/www.votex-bison.com\/de\/producten\/"},{"@type":"ListItem","position":3,"name":"Teleskopgabeln"}]},{"@type":"WebSite","@id":"https:\/\/www.votex-bison.com\/#website","url":"https:\/\/www.votex-bison.com\/","name":"Votex Bison","description":"The power of perfection","publisher":{"@id":"https:\/\/www.votex-bison.com\/#organization"},"potentialAction":[{"@type":"SearchAction","target":{"@type":"EntryPoint","urlTemplate":"https:\/\/www.votex-bison.com\/?s={search_term_string}"},"query-input":{"@type":"PropertyValueSpecification","valueRequired":true,"valueName":"search_term_string"}}],"inLanguage":"de"},{"@type":"Organization","@id":"https:\/\/www.votex-bison.com\/#organization","name":"Votex Bison","url":"https:\/\/www.votex-bison.com\/","logo":{"@type":"ImageObject","inLanguage":"de","@id":"https:\/\/www.votex-bison.com\/#\/schema\/logo\/image\/","url":"https:\/\/comvote-eveyikli.savviihq.com\/wp-content\/uploads\/2017\/02\/logo-votex-bison.jpg","contentUrl":"https:\/\/comvote-eveyikli.savviihq.com\/wp-content\/uploads\/2017\/02\/logo-votex-bison.jpg","width":352,"height":144,"caption":"Votex Bison"},"image":{"@id":"https:\/\/www.votex-bison.com\/#\/schema\/logo\/image\/"},"sameAs":["https:\/\/www.facebook.com\/votexbison\/","https:\/\/x.com\/votexbison","https:\/\/www.linkedin.com\/company\/votex-bison-material-handling-b-v-","https:\/\/www.youtube.com\/user\/VotexBison"]}]}},"_links":{"self":[{"href":"https:\/\/www.votex-bison.com\/de\/wp-json\/wp\/v2\/product\/2830","targetHints":{"allow":["GET"]}}],"collection":[{"href":"https:\/\/www.votex-bison.com\/de\/wp-json\/wp\/v2\/product"}],"about":[{"href":"https:\/\/www.votex-bison.com\/de\/wp-json\/wp\/v2\/types\/product"}],"replies":[{"embeddable":true,"href":"https:\/\/www.votex-bison.com\/de\/wp-json\/wp\/v2\/comments?post=2830"}],"wp:featuredmedia":[{"embeddable":true,"href":"https:\/\/www.votex-bison.com\/de\/wp-json\/wp\/v2\/media\/1236"}],"wp:attachment":[{"href":"https:\/\/www.votex-bison.com\/de\/wp-json\/wp\/v2\/media?parent=2830"}],"wp:term":[{"taxonomy":"product_brand","embeddable":true,"href":"https:\/\/www.votex-bison.com\/de\/wp-json\/wp\/v2\/product_brand?post=2830"},{"taxonomy":"product_cat","embeddable":true,"href":"https:\/\/www.votex-bison.com\/de\/wp-json\/wp\/v2\/product_cat?post=2830"},{"taxonomy":"product_tag","embeddable":true,"href":"https:\/\/www.votex-bison.com\/de\/wp-json\/wp\/v2\/product_tag?post=2830"}],"curies":[{"name":"wp","href":"https:\/\/api.w.org\/{rel}","templated":true}]}}