{"id":6367,"date":"2019-11-29T11:38:19","date_gmt":"2019-11-29T10:38:19","guid":{"rendered":"https:\/\/votex-bison.com\/product\/egp-2\/"},"modified":"2020-04-15T15:12:10","modified_gmt":"2020-04-15T13:12:10","slug":"egp","status":"publish","type":"product","link":"https:\/\/www.votex-bison.com\/de\/produkt\/egp\/","title":{"rendered":"EGP"},"content":{"rendered":"","protected":false},"excerpt":{"rendered":"<p>Die Votex Bison Electric Platform-Ger\u00e4te der EGP-Serie sind in ihrer Art beispiellos.<br \/>\nSie transportieren sicher und sicher ultraschwere Lasten von 5 bis 30 Tonnen.<br \/>\nEgal wie gro\u00df oder schwer die Last ist, der Bediener beh\u00e4lt immer die optimale Kontrolle \u00fcber die ergonomische Deichsel.<\/p>\n<p>Wer l\u00e4ngere Strecken zur\u00fccklegt, kann sich f\u00fcr die bequeme Aufsitzplattform oder einen voll ergonomischen Sitzkopf entscheiden. Sicherheit und Zuverl\u00e4ssigkeit sind f\u00fcr Votex Bison von zentraler Bedeutung.<\/p>\n<p>Wir bauen modular und verwenden nur Komponenten, die f\u00fcr ihre schwierige Aufgabe voll ausgestattet sind.<\/p>\n<p>Qualit\u00e4t aus \u00dcberzeugung, das ist Votex Bison.<br \/>\nDie Kraft der Perfektion!<\/p>\n","protected":false},"featured_media":2296,"comment_status":"closed","ping_status":"closed","template":"","meta":[],"product_brand":[],"product_cat":[104],"product_tag":[],"class_list":{"0":"post-6367","1":"product","2":"type-product","3":"status-publish","4":"has-post-thumbnail","6":"product_cat-elektro-hub-wagen-deichselgefuehrtes-elektro-geraete","8":"first","9":"instock","10":"shipping-taxable","11":"product-type-simple"},"yoast_head":"<!-- This site is optimized with the Yoast SEO plugin v27.5 - https:\/\/yoast.com\/product\/yoast-seo-wordpress\/ -->\n<title>EGP - Votex Bison<\/title>\n<meta name=\"description\" content=\"EGP - Votex Bison Die Votex Bison Electric Platform-Ger\u00e4te transportieren sicher und sicher ultraschwere Lasten von 5 bis 30 Tonnen.\" \/>\n<meta name=\"robots\" content=\"index, follow, max-snippet:-1, max-image-preview:large, max-video-preview:-1\" \/>\n<link rel=\"canonical\" href=\"https:\/\/www.votex-bison.com\/de\/produkt\/egp\/\" \/>\n<meta property=\"og:locale\" content=\"de_DE\" \/>\n<meta property=\"og:type\" content=\"article\" \/>\n<meta property=\"og:title\" content=\"EGP - Votex Bison\" \/>\n<meta property=\"og:description\" content=\"EGP - Votex Bison Die Votex Bison Electric Platform-Ger\u00e4te transportieren sicher und sicher ultraschwere Lasten von 5 bis 30 Tonnen.\" \/>\n<meta property=\"og:url\" content=\"https:\/\/www.votex-bison.com\/de\/produkt\/egp\/\" \/>\n<meta property=\"og:site_name\" content=\"Votex Bison\" \/>\n<meta property=\"article:publisher\" content=\"https:\/\/www.facebook.com\/votexbison\/\" \/>\n<meta property=\"article:modified_time\" content=\"2020-04-15T13:12:10+00:00\" \/>\n<meta property=\"og:image\" content=\"https:\/\/www.votex-bison.com\/wp-content\/uploads\/2017\/03\/2013-01-15-10.03.11.jpg\" \/>\n\t<meta property=\"og:image:width\" content=\"1920\" \/>\n\t<meta property=\"og:image:height\" content=\"1440\" \/>\n\t<meta property=\"og:image:type\" content=\"image\/jpeg\" \/>\n<meta name=\"twitter:card\" content=\"summary_large_image\" \/>\n<meta name=\"twitter:site\" content=\"@votexbison\" \/>\n<script type=\"application\/ld+json\" class=\"yoast-schema-graph\">{\"@context\":\"https:\\\/\\\/schema.org\",\"@graph\":[{\"@type\":\"WebPage\",\"@id\":\"https:\\\/\\\/www.votex-bison.com\\\/de\\\/produkt\\\/egp\\\/\",\"url\":\"https:\\\/\\\/www.votex-bison.com\\\/de\\\/produkt\\\/egp\\\/\",\"name\":\"EGP - Votex Bison\",\"isPartOf\":{\"@id\":\"https:\\\/\\\/www.votex-bison.com\\\/#website\"},\"primaryImageOfPage\":{\"@id\":\"https:\\\/\\\/www.votex-bison.com\\\/de\\\/produkt\\\/egp\\\/#primaryimage\"},\"image\":{\"@id\":\"https:\\\/\\\/www.votex-bison.com\\\/de\\\/produkt\\\/egp\\\/#primaryimage\"},\"thumbnailUrl\":\"https:\\\/\\\/www.votex-bison.com\\\/wp-content\\\/uploads\\\/2017\\\/03\\\/2013-01-15-10.03.11.jpg\",\"datePublished\":\"2019-11-29T10:38:19+00:00\",\"dateModified\":\"2020-04-15T13:12:10+00:00\",\"description\":\"EGP - Votex Bison Die Votex Bison Electric Platform-Ger\u00e4te transportieren sicher und sicher ultraschwere Lasten von 5 bis 30 Tonnen.\",\"breadcrumb\":{\"@id\":\"https:\\\/\\\/www.votex-bison.com\\\/de\\\/produkt\\\/egp\\\/#breadcrumb\"},\"inLanguage\":\"de\",\"potentialAction\":[{\"@type\":\"ReadAction\",\"target\":[\"https:\\\/\\\/www.votex-bison.com\\\/de\\\/produkt\\\/egp\\\/\"]}]},{\"@type\":\"ImageObject\",\"inLanguage\":\"de\",\"@id\":\"https:\\\/\\\/www.votex-bison.com\\\/de\\\/produkt\\\/egp\\\/#primaryimage\",\"url\":\"https:\\\/\\\/www.votex-bison.com\\\/wp-content\\\/uploads\\\/2017\\\/03\\\/2013-01-15-10.03.11.jpg\",\"contentUrl\":\"https:\\\/\\\/www.votex-bison.com\\\/wp-content\\\/uploads\\\/2017\\\/03\\\/2013-01-15-10.03.11.jpg\",\"width\":1920,\"height\":1440},{\"@type\":\"BreadcrumbList\",\"@id\":\"https:\\\/\\\/www.votex-bison.com\\\/de\\\/produkt\\\/egp\\\/#breadcrumb\",\"itemListElement\":[{\"@type\":\"ListItem\",\"position\":1,\"name\":\"Home\",\"item\":\"https:\\\/\\\/www.votex-bison.com\\\/de\\\/\"},{\"@type\":\"ListItem\",\"position\":2,\"name\":\"Producten\",\"item\":\"https:\\\/\\\/www.votex-bison.com\\\/de\\\/producten\\\/\"},{\"@type\":\"ListItem\",\"position\":3,\"name\":\"EGP\"}]},{\"@type\":\"WebSite\",\"@id\":\"https:\\\/\\\/www.votex-bison.com\\\/#website\",\"url\":\"https:\\\/\\\/www.votex-bison.com\\\/\",\"name\":\"Votex Bison\",\"description\":\"The power of perfection\",\"publisher\":{\"@id\":\"https:\\\/\\\/www.votex-bison.com\\\/#organization\"},\"potentialAction\":[{\"@type\":\"SearchAction\",\"target\":{\"@type\":\"EntryPoint\",\"urlTemplate\":\"https:\\\/\\\/www.votex-bison.com\\\/?s={search_term_string}\"},\"query-input\":{\"@type\":\"PropertyValueSpecification\",\"valueRequired\":true,\"valueName\":\"search_term_string\"}}],\"inLanguage\":\"de\"},{\"@type\":\"Organization\",\"@id\":\"https:\\\/\\\/www.votex-bison.com\\\/#organization\",\"name\":\"Votex Bison\",\"url\":\"https:\\\/\\\/www.votex-bison.com\\\/\",\"logo\":{\"@type\":\"ImageObject\",\"inLanguage\":\"de\",\"@id\":\"https:\\\/\\\/www.votex-bison.com\\\/#\\\/schema\\\/logo\\\/image\\\/\",\"url\":\"https:\\\/\\\/comvote-eveyikli.savviihq.com\\\/wp-content\\\/uploads\\\/2017\\\/02\\\/logo-votex-bison.jpg\",\"contentUrl\":\"https:\\\/\\\/comvote-eveyikli.savviihq.com\\\/wp-content\\\/uploads\\\/2017\\\/02\\\/logo-votex-bison.jpg\",\"width\":352,\"height\":144,\"caption\":\"Votex Bison\"},\"image\":{\"@id\":\"https:\\\/\\\/www.votex-bison.com\\\/#\\\/schema\\\/logo\\\/image\\\/\"},\"sameAs\":[\"https:\\\/\\\/www.facebook.com\\\/votexbison\\\/\",\"https:\\\/\\\/x.com\\\/votexbison\",\"https:\\\/\\\/www.linkedin.com\\\/company\\\/votex-bison-material-handling-b-v-\",\"https:\\\/\\\/www.youtube.com\\\/user\\\/VotexBison\"]}]}<\/script>\n<!-- \/ Yoast SEO plugin. -->","yoast_head_json":{"title":"EGP - Votex Bison","description":"EGP - Votex Bison Die Votex Bison Electric Platform-Ger\u00e4te transportieren sicher und sicher ultraschwere Lasten von 5 bis 30 Tonnen.","robots":{"index":"index","follow":"follow","max-snippet":"max-snippet:-1","max-image-preview":"max-image-preview:large","max-video-preview":"max-video-preview:-1"},"canonical":"https:\/\/www.votex-bison.com\/de\/produkt\/egp\/","og_locale":"de_DE","og_type":"article","og_title":"EGP - Votex Bison","og_description":"EGP - Votex Bison Die Votex Bison Electric Platform-Ger\u00e4te transportieren sicher und sicher ultraschwere Lasten von 5 bis 30 Tonnen.","og_url":"https:\/\/www.votex-bison.com\/de\/produkt\/egp\/","og_site_name":"Votex Bison","article_publisher":"https:\/\/www.facebook.com\/votexbison\/","article_modified_time":"2020-04-15T13:12:10+00:00","og_image":[{"width":1920,"height":1440,"url":"https:\/\/www.votex-bison.com\/wp-content\/uploads\/2017\/03\/2013-01-15-10.03.11.jpg","type":"image\/jpeg"}],"twitter_card":"summary_large_image","twitter_site":"@votexbison","schema":{"@context":"https:\/\/schema.org","@graph":[{"@type":"WebPage","@id":"https:\/\/www.votex-bison.com\/de\/produkt\/egp\/","url":"https:\/\/www.votex-bison.com\/de\/produkt\/egp\/","name":"EGP - Votex Bison","isPartOf":{"@id":"https:\/\/www.votex-bison.com\/#website"},"primaryImageOfPage":{"@id":"https:\/\/www.votex-bison.com\/de\/produkt\/egp\/#primaryimage"},"image":{"@id":"https:\/\/www.votex-bison.com\/de\/produkt\/egp\/#primaryimage"},"thumbnailUrl":"https:\/\/www.votex-bison.com\/wp-content\/uploads\/2017\/03\/2013-01-15-10.03.11.jpg","datePublished":"2019-11-29T10:38:19+00:00","dateModified":"2020-04-15T13:12:10+00:00","description":"EGP - Votex Bison Die Votex Bison Electric Platform-Ger\u00e4te transportieren sicher und sicher ultraschwere Lasten von 5 bis 30 Tonnen.","breadcrumb":{"@id":"https:\/\/www.votex-bison.com\/de\/produkt\/egp\/#breadcrumb"},"inLanguage":"de","potentialAction":[{"@type":"ReadAction","target":["https:\/\/www.votex-bison.com\/de\/produkt\/egp\/"]}]},{"@type":"ImageObject","inLanguage":"de","@id":"https:\/\/www.votex-bison.com\/de\/produkt\/egp\/#primaryimage","url":"https:\/\/www.votex-bison.com\/wp-content\/uploads\/2017\/03\/2013-01-15-10.03.11.jpg","contentUrl":"https:\/\/www.votex-bison.com\/wp-content\/uploads\/2017\/03\/2013-01-15-10.03.11.jpg","width":1920,"height":1440},{"@type":"BreadcrumbList","@id":"https:\/\/www.votex-bison.com\/de\/produkt\/egp\/#breadcrumb","itemListElement":[{"@type":"ListItem","position":1,"name":"Home","item":"https:\/\/www.votex-bison.com\/de\/"},{"@type":"ListItem","position":2,"name":"Producten","item":"https:\/\/www.votex-bison.com\/de\/producten\/"},{"@type":"ListItem","position":3,"name":"EGP"}]},{"@type":"WebSite","@id":"https:\/\/www.votex-bison.com\/#website","url":"https:\/\/www.votex-bison.com\/","name":"Votex Bison","description":"The power of perfection","publisher":{"@id":"https:\/\/www.votex-bison.com\/#organization"},"potentialAction":[{"@type":"SearchAction","target":{"@type":"EntryPoint","urlTemplate":"https:\/\/www.votex-bison.com\/?s={search_term_string}"},"query-input":{"@type":"PropertyValueSpecification","valueRequired":true,"valueName":"search_term_string"}}],"inLanguage":"de"},{"@type":"Organization","@id":"https:\/\/www.votex-bison.com\/#organization","name":"Votex Bison","url":"https:\/\/www.votex-bison.com\/","logo":{"@type":"ImageObject","inLanguage":"de","@id":"https:\/\/www.votex-bison.com\/#\/schema\/logo\/image\/","url":"https:\/\/comvote-eveyikli.savviihq.com\/wp-content\/uploads\/2017\/02\/logo-votex-bison.jpg","contentUrl":"https:\/\/comvote-eveyikli.savviihq.com\/wp-content\/uploads\/2017\/02\/logo-votex-bison.jpg","width":352,"height":144,"caption":"Votex Bison"},"image":{"@id":"https:\/\/www.votex-bison.com\/#\/schema\/logo\/image\/"},"sameAs":["https:\/\/www.facebook.com\/votexbison\/","https:\/\/x.com\/votexbison","https:\/\/www.linkedin.com\/company\/votex-bison-material-handling-b-v-","https:\/\/www.youtube.com\/user\/VotexBison"]}]}},"_links":{"self":[{"href":"https:\/\/www.votex-bison.com\/de\/wp-json\/wp\/v2\/product\/6367","targetHints":{"allow":["GET"]}}],"collection":[{"href":"https:\/\/www.votex-bison.com\/de\/wp-json\/wp\/v2\/product"}],"about":[{"href":"https:\/\/www.votex-bison.com\/de\/wp-json\/wp\/v2\/types\/product"}],"replies":[{"embeddable":true,"href":"https:\/\/www.votex-bison.com\/de\/wp-json\/wp\/v2\/comments?post=6367"}],"wp:featuredmedia":[{"embeddable":true,"href":"https:\/\/www.votex-bison.com\/de\/wp-json\/wp\/v2\/media\/2296"}],"wp:attachment":[{"href":"https:\/\/www.votex-bison.com\/de\/wp-json\/wp\/v2\/media?parent=6367"}],"wp:term":[{"taxonomy":"product_brand","embeddable":true,"href":"https:\/\/www.votex-bison.com\/de\/wp-json\/wp\/v2\/product_brand?post=6367"},{"taxonomy":"product_cat","embeddable":true,"href":"https:\/\/www.votex-bison.com\/de\/wp-json\/wp\/v2\/product_cat?post=6367"},{"taxonomy":"product_tag","embeddable":true,"href":"https:\/\/www.votex-bison.com\/de\/wp-json\/wp\/v2\/product_tag?post=6367"}],"curies":[{"name":"wp","href":"https:\/\/api.w.org\/{rel}","templated":true}]}}