{"id":6370,"date":"2019-11-29T13:10:13","date_gmt":"2019-11-29T12:17:30","guid":{"rendered":"https:\/\/votex-bison.com\/?post_type=product&#038;p=6370"},"modified":"2019-11-29T14:25:20","modified_gmt":"2019-11-29T13:25:20","slug":"funkferngesteuerter-elektro-vierwege-rohrtransportwagen","status":"publish","type":"product","link":"https:\/\/www.votex-bison.com\/de\/produkt\/funkferngesteuerter-elektro-vierwege-rohrtransportwagen\/","title":{"rendered":"Funkferngesteuerter- Elektro- Vierwege- Rohrtransportwagen"},"content":{"rendered":"","protected":false},"excerpt":{"rendered":"<div><\/div>\n<div class=\"news-article-text-einleitung\">Der Elektro- Vierwege-Rohrtransport-wagen ist f\u00fcr die Verteilung von losem Sch\u00fcttgut von Deckensilo zur Verladegosse.<\/div>\n<p>Dieses Ger\u00e4t ersetzt ein 50 Jahre altes manuell bedientes Ger\u00e4t. Die grosse Herausforderung, ein funkferngesteuertes Ersatzger\u00e4t zu entwickeln, welches die ann\u00e4hernd selben Dimensionen aufweist wie das manuell bediente Ger\u00e4t. Dies ist uns mit einer Dreirad- Konstruktion mit einer Antriebseinheit gelungen.<\/p>\n<p>&nbsp;<\/p>\n<p>Das Ger\u00e4t kann in alle vier Richtungen fahren. Mit einer Ziehleinrichtung (mittels Bildschirm und Kamera wird ein gelber Punkt am Boden anvisiert) wird die Position der Silo\u00f6ffnung in der Decke ermittelt. Anschliessend wird per Laser die Position zur Gosse einjustiert. Jetzt kann das Rohr kraftschl\u00fcssig mit der Decke verbunden und das Rohr zur Gosse ausgefahren werden.<\/p>\n<p>Nun wird das Getreide vom Silo in die Gosse und anschliessend in den LKW transportiert.<\/p>\n","protected":false},"featured_media":6380,"comment_status":"closed","ping_status":"closed","template":"","meta":[],"product_brand":[],"product_cat":[106],"product_tag":[],"class_list":{"0":"post-6370","1":"product","2":"type-product","3":"status-publish","4":"has-post-thumbnail","6":"product_cat-specials-de","8":"first","9":"instock","10":"shipping-taxable","11":"product-type-simple"},"yoast_head":"<!-- This site is optimized with the Yoast SEO plugin v27.5 - https:\/\/yoast.com\/product\/yoast-seo-wordpress\/ -->\n<title>Funkferngesteuerter- Elektro- Vierwege- Rohrtransportwagen - Votex Bison<\/title>\n<meta name=\"description\" content=\"Funkferngesteuerter- Elektro- Vierwege- Rohrtransportwagen - Votex Bison\" \/>\n<meta name=\"robots\" content=\"index, follow, max-snippet:-1, max-image-preview:large, max-video-preview:-1\" \/>\n<link rel=\"canonical\" href=\"https:\/\/www.votex-bison.com\/de\/produkt\/funkferngesteuerter-elektro-vierwege-rohrtransportwagen\/\" \/>\n<meta property=\"og:locale\" content=\"de_DE\" \/>\n<meta property=\"og:type\" content=\"article\" \/>\n<meta property=\"og:title\" content=\"Funkferngesteuerter- Elektro- Vierwege- Rohrtransportwagen - Votex Bison\" \/>\n<meta property=\"og:description\" content=\"Funkferngesteuerter- Elektro- Vierwege- Rohrtransportwagen - Votex Bison\" \/>\n<meta property=\"og:url\" content=\"https:\/\/www.votex-bison.com\/de\/produkt\/funkferngesteuerter-elektro-vierwege-rohrtransportwagen\/\" \/>\n<meta property=\"og:site_name\" content=\"Votex Bison\" \/>\n<meta property=\"article:publisher\" content=\"https:\/\/www.facebook.com\/votexbison\/\" \/>\n<meta property=\"article:modified_time\" content=\"2019-11-29T13:25:20+00:00\" \/>\n<meta property=\"og:image\" content=\"https:\/\/www.votex-bison.com\/wp-content\/uploads\/2019\/11\/Votex-Bison-van-design-naar-werkelijkheid.jpg\" \/>\n\t<meta property=\"og:image:width\" content=\"607\" \/>\n\t<meta property=\"og:image:height\" content=\"525\" \/>\n\t<meta property=\"og:image:type\" content=\"image\/jpeg\" \/>\n<meta name=\"twitter:card\" content=\"summary_large_image\" \/>\n<meta name=\"twitter:site\" content=\"@votexbison\" \/>\n<script type=\"application\/ld+json\" class=\"yoast-schema-graph\">{\"@context\":\"https:\\\/\\\/schema.org\",\"@graph\":[{\"@type\":\"WebPage\",\"@id\":\"https:\\\/\\\/www.votex-bison.com\\\/de\\\/produkt\\\/funkferngesteuerter-elektro-vierwege-rohrtransportwagen\\\/\",\"url\":\"https:\\\/\\\/www.votex-bison.com\\\/de\\\/produkt\\\/funkferngesteuerter-elektro-vierwege-rohrtransportwagen\\\/\",\"name\":\"Funkferngesteuerter- Elektro- Vierwege- Rohrtransportwagen - Votex Bison\",\"isPartOf\":{\"@id\":\"https:\\\/\\\/www.votex-bison.com\\\/#website\"},\"primaryImageOfPage\":{\"@id\":\"https:\\\/\\\/www.votex-bison.com\\\/de\\\/produkt\\\/funkferngesteuerter-elektro-vierwege-rohrtransportwagen\\\/#primaryimage\"},\"image\":{\"@id\":\"https:\\\/\\\/www.votex-bison.com\\\/de\\\/produkt\\\/funkferngesteuerter-elektro-vierwege-rohrtransportwagen\\\/#primaryimage\"},\"thumbnailUrl\":\"https:\\\/\\\/www.votex-bison.com\\\/wp-content\\\/uploads\\\/2019\\\/11\\\/Votex-Bison-van-design-naar-werkelijkheid.jpg\",\"datePublished\":\"2019-11-29T12:17:30+00:00\",\"dateModified\":\"2019-11-29T13:25:20+00:00\",\"description\":\"Funkferngesteuerter- Elektro- Vierwege- Rohrtransportwagen - Votex Bison\",\"breadcrumb\":{\"@id\":\"https:\\\/\\\/www.votex-bison.com\\\/de\\\/produkt\\\/funkferngesteuerter-elektro-vierwege-rohrtransportwagen\\\/#breadcrumb\"},\"inLanguage\":\"de\",\"potentialAction\":[{\"@type\":\"ReadAction\",\"target\":[\"https:\\\/\\\/www.votex-bison.com\\\/de\\\/produkt\\\/funkferngesteuerter-elektro-vierwege-rohrtransportwagen\\\/\"]}]},{\"@type\":\"ImageObject\",\"inLanguage\":\"de\",\"@id\":\"https:\\\/\\\/www.votex-bison.com\\\/de\\\/produkt\\\/funkferngesteuerter-elektro-vierwege-rohrtransportwagen\\\/#primaryimage\",\"url\":\"https:\\\/\\\/www.votex-bison.com\\\/wp-content\\\/uploads\\\/2019\\\/11\\\/Votex-Bison-van-design-naar-werkelijkheid.jpg\",\"contentUrl\":\"https:\\\/\\\/www.votex-bison.com\\\/wp-content\\\/uploads\\\/2019\\\/11\\\/Votex-Bison-van-design-naar-werkelijkheid.jpg\",\"width\":607,\"height\":525,\"caption\":\"zijladers seitenstapler sideloader Votex Bison\"},{\"@type\":\"BreadcrumbList\",\"@id\":\"https:\\\/\\\/www.votex-bison.com\\\/de\\\/produkt\\\/funkferngesteuerter-elektro-vierwege-rohrtransportwagen\\\/#breadcrumb\",\"itemListElement\":[{\"@type\":\"ListItem\",\"position\":1,\"name\":\"Home\",\"item\":\"https:\\\/\\\/www.votex-bison.com\\\/de\\\/\"},{\"@type\":\"ListItem\",\"position\":2,\"name\":\"Producten\",\"item\":\"https:\\\/\\\/www.votex-bison.com\\\/de\\\/producten\\\/\"},{\"@type\":\"ListItem\",\"position\":3,\"name\":\"Funkferngesteuerter- Elektro- Vierwege- Rohrtransportwagen\"}]},{\"@type\":\"WebSite\",\"@id\":\"https:\\\/\\\/www.votex-bison.com\\\/#website\",\"url\":\"https:\\\/\\\/www.votex-bison.com\\\/\",\"name\":\"Votex Bison\",\"description\":\"The power of perfection\",\"publisher\":{\"@id\":\"https:\\\/\\\/www.votex-bison.com\\\/#organization\"},\"potentialAction\":[{\"@type\":\"SearchAction\",\"target\":{\"@type\":\"EntryPoint\",\"urlTemplate\":\"https:\\\/\\\/www.votex-bison.com\\\/?s={search_term_string}\"},\"query-input\":{\"@type\":\"PropertyValueSpecification\",\"valueRequired\":true,\"valueName\":\"search_term_string\"}}],\"inLanguage\":\"de\"},{\"@type\":\"Organization\",\"@id\":\"https:\\\/\\\/www.votex-bison.com\\\/#organization\",\"name\":\"Votex Bison\",\"url\":\"https:\\\/\\\/www.votex-bison.com\\\/\",\"logo\":{\"@type\":\"ImageObject\",\"inLanguage\":\"de\",\"@id\":\"https:\\\/\\\/www.votex-bison.com\\\/#\\\/schema\\\/logo\\\/image\\\/\",\"url\":\"https:\\\/\\\/comvote-eveyikli.savviihq.com\\\/wp-content\\\/uploads\\\/2017\\\/02\\\/logo-votex-bison.jpg\",\"contentUrl\":\"https:\\\/\\\/comvote-eveyikli.savviihq.com\\\/wp-content\\\/uploads\\\/2017\\\/02\\\/logo-votex-bison.jpg\",\"width\":352,\"height\":144,\"caption\":\"Votex Bison\"},\"image\":{\"@id\":\"https:\\\/\\\/www.votex-bison.com\\\/#\\\/schema\\\/logo\\\/image\\\/\"},\"sameAs\":[\"https:\\\/\\\/www.facebook.com\\\/votexbison\\\/\",\"https:\\\/\\\/x.com\\\/votexbison\",\"https:\\\/\\\/www.linkedin.com\\\/company\\\/votex-bison-material-handling-b-v-\",\"https:\\\/\\\/www.youtube.com\\\/user\\\/VotexBison\"]}]}<\/script>\n<!-- \/ Yoast SEO plugin. -->","yoast_head_json":{"title":"Funkferngesteuerter- Elektro- Vierwege- Rohrtransportwagen - Votex Bison","description":"Funkferngesteuerter- Elektro- Vierwege- Rohrtransportwagen - Votex Bison","robots":{"index":"index","follow":"follow","max-snippet":"max-snippet:-1","max-image-preview":"max-image-preview:large","max-video-preview":"max-video-preview:-1"},"canonical":"https:\/\/www.votex-bison.com\/de\/produkt\/funkferngesteuerter-elektro-vierwege-rohrtransportwagen\/","og_locale":"de_DE","og_type":"article","og_title":"Funkferngesteuerter- Elektro- Vierwege- Rohrtransportwagen - Votex Bison","og_description":"Funkferngesteuerter- Elektro- Vierwege- Rohrtransportwagen - Votex Bison","og_url":"https:\/\/www.votex-bison.com\/de\/produkt\/funkferngesteuerter-elektro-vierwege-rohrtransportwagen\/","og_site_name":"Votex Bison","article_publisher":"https:\/\/www.facebook.com\/votexbison\/","article_modified_time":"2019-11-29T13:25:20+00:00","og_image":[{"width":607,"height":525,"url":"https:\/\/www.votex-bison.com\/wp-content\/uploads\/2019\/11\/Votex-Bison-van-design-naar-werkelijkheid.jpg","type":"image\/jpeg"}],"twitter_card":"summary_large_image","twitter_site":"@votexbison","schema":{"@context":"https:\/\/schema.org","@graph":[{"@type":"WebPage","@id":"https:\/\/www.votex-bison.com\/de\/produkt\/funkferngesteuerter-elektro-vierwege-rohrtransportwagen\/","url":"https:\/\/www.votex-bison.com\/de\/produkt\/funkferngesteuerter-elektro-vierwege-rohrtransportwagen\/","name":"Funkferngesteuerter- Elektro- Vierwege- Rohrtransportwagen - Votex Bison","isPartOf":{"@id":"https:\/\/www.votex-bison.com\/#website"},"primaryImageOfPage":{"@id":"https:\/\/www.votex-bison.com\/de\/produkt\/funkferngesteuerter-elektro-vierwege-rohrtransportwagen\/#primaryimage"},"image":{"@id":"https:\/\/www.votex-bison.com\/de\/produkt\/funkferngesteuerter-elektro-vierwege-rohrtransportwagen\/#primaryimage"},"thumbnailUrl":"https:\/\/www.votex-bison.com\/wp-content\/uploads\/2019\/11\/Votex-Bison-van-design-naar-werkelijkheid.jpg","datePublished":"2019-11-29T12:17:30+00:00","dateModified":"2019-11-29T13:25:20+00:00","description":"Funkferngesteuerter- Elektro- Vierwege- Rohrtransportwagen - Votex Bison","breadcrumb":{"@id":"https:\/\/www.votex-bison.com\/de\/produkt\/funkferngesteuerter-elektro-vierwege-rohrtransportwagen\/#breadcrumb"},"inLanguage":"de","potentialAction":[{"@type":"ReadAction","target":["https:\/\/www.votex-bison.com\/de\/produkt\/funkferngesteuerter-elektro-vierwege-rohrtransportwagen\/"]}]},{"@type":"ImageObject","inLanguage":"de","@id":"https:\/\/www.votex-bison.com\/de\/produkt\/funkferngesteuerter-elektro-vierwege-rohrtransportwagen\/#primaryimage","url":"https:\/\/www.votex-bison.com\/wp-content\/uploads\/2019\/11\/Votex-Bison-van-design-naar-werkelijkheid.jpg","contentUrl":"https:\/\/www.votex-bison.com\/wp-content\/uploads\/2019\/11\/Votex-Bison-van-design-naar-werkelijkheid.jpg","width":607,"height":525,"caption":"zijladers seitenstapler sideloader Votex Bison"},{"@type":"BreadcrumbList","@id":"https:\/\/www.votex-bison.com\/de\/produkt\/funkferngesteuerter-elektro-vierwege-rohrtransportwagen\/#breadcrumb","itemListElement":[{"@type":"ListItem","position":1,"name":"Home","item":"https:\/\/www.votex-bison.com\/de\/"},{"@type":"ListItem","position":2,"name":"Producten","item":"https:\/\/www.votex-bison.com\/de\/producten\/"},{"@type":"ListItem","position":3,"name":"Funkferngesteuerter- Elektro- Vierwege- Rohrtransportwagen"}]},{"@type":"WebSite","@id":"https:\/\/www.votex-bison.com\/#website","url":"https:\/\/www.votex-bison.com\/","name":"Votex Bison","description":"The power of perfection","publisher":{"@id":"https:\/\/www.votex-bison.com\/#organization"},"potentialAction":[{"@type":"SearchAction","target":{"@type":"EntryPoint","urlTemplate":"https:\/\/www.votex-bison.com\/?s={search_term_string}"},"query-input":{"@type":"PropertyValueSpecification","valueRequired":true,"valueName":"search_term_string"}}],"inLanguage":"de"},{"@type":"Organization","@id":"https:\/\/www.votex-bison.com\/#organization","name":"Votex Bison","url":"https:\/\/www.votex-bison.com\/","logo":{"@type":"ImageObject","inLanguage":"de","@id":"https:\/\/www.votex-bison.com\/#\/schema\/logo\/image\/","url":"https:\/\/comvote-eveyikli.savviihq.com\/wp-content\/uploads\/2017\/02\/logo-votex-bison.jpg","contentUrl":"https:\/\/comvote-eveyikli.savviihq.com\/wp-content\/uploads\/2017\/02\/logo-votex-bison.jpg","width":352,"height":144,"caption":"Votex Bison"},"image":{"@id":"https:\/\/www.votex-bison.com\/#\/schema\/logo\/image\/"},"sameAs":["https:\/\/www.facebook.com\/votexbison\/","https:\/\/x.com\/votexbison","https:\/\/www.linkedin.com\/company\/votex-bison-material-handling-b-v-","https:\/\/www.youtube.com\/user\/VotexBison"]}]}},"_links":{"self":[{"href":"https:\/\/www.votex-bison.com\/de\/wp-json\/wp\/v2\/product\/6370","targetHints":{"allow":["GET"]}}],"collection":[{"href":"https:\/\/www.votex-bison.com\/de\/wp-json\/wp\/v2\/product"}],"about":[{"href":"https:\/\/www.votex-bison.com\/de\/wp-json\/wp\/v2\/types\/product"}],"replies":[{"embeddable":true,"href":"https:\/\/www.votex-bison.com\/de\/wp-json\/wp\/v2\/comments?post=6370"}],"wp:featuredmedia":[{"embeddable":true,"href":"https:\/\/www.votex-bison.com\/de\/wp-json\/wp\/v2\/media\/6380"}],"wp:attachment":[{"href":"https:\/\/www.votex-bison.com\/de\/wp-json\/wp\/v2\/media?parent=6370"}],"wp:term":[{"taxonomy":"product_brand","embeddable":true,"href":"https:\/\/www.votex-bison.com\/de\/wp-json\/wp\/v2\/product_brand?post=6370"},{"taxonomy":"product_cat","embeddable":true,"href":"https:\/\/www.votex-bison.com\/de\/wp-json\/wp\/v2\/product_cat?post=6370"},{"taxonomy":"product_tag","embeddable":true,"href":"https:\/\/www.votex-bison.com\/de\/wp-json\/wp\/v2\/product_tag?post=6370"}],"curies":[{"name":"wp","href":"https:\/\/api.w.org\/{rel}","templated":true}]}}