{"id":6918,"date":"2020-04-03T14:57:22","date_gmt":"2020-04-03T12:57:22","guid":{"rendered":"https:\/\/votex-bison.com\/?post_type=product&#038;p=6918"},"modified":"2020-04-03T15:08:43","modified_gmt":"2020-04-03T13:08:43","slug":"bluespot","status":"publish","type":"product","link":"https:\/\/www.votex-bison.com\/de\/produkt\/bluespot\/","title":{"rendered":"BlueSpot oder RedSpot"},"content":{"rendered":"","protected":false},"excerpt":{"rendered":"<p>Sicherheit geht vor! Doch ob mit dem Stapler oder zu Fu\u00df unterwegs, im Betriebsablauf verlieren Mitarbeiter schnell den Blick f\u00fcr m\u00f6gliche Risiken. Sie sind unaufmerksam oder in die Arbeit vertieft.<\/p>\n<p>Mit dieser optischen L\u00f6sung wird intuitiv die Aufmerksamkeit auf den sich bewegenden Stapler gezogen. Damit l\u00e4sst sich sowohl im Fahrgassenbereich als auch an un\u00fcbersichtlichen Kreuzungen die Sicherheit deutlich steigern.<\/p>\n<p>Das Licht wird in Form eines blauen Spot projiziert. Damit ist die Fahrtrichtung des Staplers auch an un\u00fcbersichtlichen Kreuzungen eindeutig.<\/p>\n<p>L\u00f6sung wird intuitiv die Aufmerksamkeit auf den sich bewegenden Stapler gezogen. Damit l\u00e4sst sich sowohl im Fahrgassenbereich als auch an un\u00fcbersichtlichen Kreuzungen die Sicherheit deutlich steigern. Das Licht wird in Form eines blauen Spot projiziert. Damit ist die Fahrtrichtung des Staplers auch an un\u00fcbersichtlichen Kreuzungen eindeutig.<\/p>\n","protected":false},"featured_media":6922,"comment_status":"closed","ping_status":"closed","template":"","meta":[],"product_brand":[],"product_cat":[96],"product_tag":[],"class_list":{"0":"post-6918","1":"product","2":"type-product","3":"status-publish","4":"has-post-thumbnail","6":"product_cat-zubehoer","8":"first","9":"instock","10":"shipping-taxable","11":"product-type-simple"},"yoast_head":"<!-- This site is optimized with the Yoast SEO plugin v27.4 - https:\/\/yoast.com\/product\/yoast-seo-wordpress\/ -->\n<title>BlueSpot oder RedSpot Votex Bison<\/title>\n<meta name=\"description\" content=\"Das Licht wird in Form eines blauen Spot projiziert. Damit ist die Fahrtrichtung des Staplers auch an un\u00fcbersichtlichen Kreuzungen eindeutig.\" \/>\n<meta name=\"robots\" content=\"index, follow, max-snippet:-1, max-image-preview:large, max-video-preview:-1\" \/>\n<link rel=\"canonical\" href=\"https:\/\/www.votex-bison.com\/de\/produkt\/bluespot\/\" \/>\n<meta property=\"og:locale\" content=\"de_DE\" \/>\n<meta property=\"og:type\" content=\"article\" \/>\n<meta property=\"og:title\" content=\"BlueSpot oder RedSpot Votex Bison\" \/>\n<meta property=\"og:description\" content=\"Das Licht wird in Form eines blauen Spot projiziert. Damit ist die Fahrtrichtung des Staplers auch an un\u00fcbersichtlichen Kreuzungen eindeutig.\" \/>\n<meta property=\"og:url\" content=\"https:\/\/www.votex-bison.com\/de\/produkt\/bluespot\/\" \/>\n<meta property=\"og:site_name\" content=\"Votex Bison\" \/>\n<meta property=\"article:publisher\" content=\"https:\/\/www.facebook.com\/votexbison\/\" \/>\n<meta property=\"article:modified_time\" content=\"2020-04-03T13:08:43+00:00\" \/>\n<meta property=\"og:image\" content=\"https:\/\/www.votex-bison.com\/wp-content\/uploads\/2020\/04\/Bleu-Spot-Votex-Bison.jpg\" \/>\n\t<meta property=\"og:image:width\" content=\"586\" \/>\n\t<meta property=\"og:image:height\" content=\"566\" \/>\n\t<meta property=\"og:image:type\" content=\"image\/jpeg\" \/>\n<meta name=\"twitter:card\" content=\"summary_large_image\" \/>\n<meta name=\"twitter:site\" content=\"@votexbison\" \/>\n<script type=\"application\/ld+json\" class=\"yoast-schema-graph\">{\"@context\":\"https:\\\/\\\/schema.org\",\"@graph\":[{\"@type\":\"WebPage\",\"@id\":\"https:\\\/\\\/www.votex-bison.com\\\/de\\\/produkt\\\/bluespot\\\/\",\"url\":\"https:\\\/\\\/www.votex-bison.com\\\/de\\\/produkt\\\/bluespot\\\/\",\"name\":\"BlueSpot oder RedSpot Votex Bison\",\"isPartOf\":{\"@id\":\"https:\\\/\\\/www.votex-bison.com\\\/#website\"},\"primaryImageOfPage\":{\"@id\":\"https:\\\/\\\/www.votex-bison.com\\\/de\\\/produkt\\\/bluespot\\\/#primaryimage\"},\"image\":{\"@id\":\"https:\\\/\\\/www.votex-bison.com\\\/de\\\/produkt\\\/bluespot\\\/#primaryimage\"},\"thumbnailUrl\":\"https:\\\/\\\/www.votex-bison.com\\\/wp-content\\\/uploads\\\/2020\\\/04\\\/Bleu-Spot-Votex-Bison.jpg\",\"datePublished\":\"2020-04-03T12:57:22+00:00\",\"dateModified\":\"2020-04-03T13:08:43+00:00\",\"description\":\"Das Licht wird in Form eines blauen Spot projiziert. Damit ist die Fahrtrichtung des Staplers auch an un\u00fcbersichtlichen Kreuzungen eindeutig.\",\"breadcrumb\":{\"@id\":\"https:\\\/\\\/www.votex-bison.com\\\/de\\\/produkt\\\/bluespot\\\/#breadcrumb\"},\"inLanguage\":\"de\",\"potentialAction\":[{\"@type\":\"ReadAction\",\"target\":[\"https:\\\/\\\/www.votex-bison.com\\\/de\\\/produkt\\\/bluespot\\\/\"]}]},{\"@type\":\"ImageObject\",\"inLanguage\":\"de\",\"@id\":\"https:\\\/\\\/www.votex-bison.com\\\/de\\\/produkt\\\/bluespot\\\/#primaryimage\",\"url\":\"https:\\\/\\\/www.votex-bison.com\\\/wp-content\\\/uploads\\\/2020\\\/04\\\/Bleu-Spot-Votex-Bison.jpg\",\"contentUrl\":\"https:\\\/\\\/www.votex-bison.com\\\/wp-content\\\/uploads\\\/2020\\\/04\\\/Bleu-Spot-Votex-Bison.jpg\",\"width\":586,\"height\":566,\"caption\":\"zijladers seitenstapler sideloader Votex Bison\"},{\"@type\":\"BreadcrumbList\",\"@id\":\"https:\\\/\\\/www.votex-bison.com\\\/de\\\/produkt\\\/bluespot\\\/#breadcrumb\",\"itemListElement\":[{\"@type\":\"ListItem\",\"position\":1,\"name\":\"Home\",\"item\":\"https:\\\/\\\/www.votex-bison.com\\\/de\\\/\"},{\"@type\":\"ListItem\",\"position\":2,\"name\":\"Producten\",\"item\":\"https:\\\/\\\/www.votex-bison.com\\\/de\\\/producten\\\/\"},{\"@type\":\"ListItem\",\"position\":3,\"name\":\"BlueSpot oder RedSpot\"}]},{\"@type\":\"WebSite\",\"@id\":\"https:\\\/\\\/www.votex-bison.com\\\/#website\",\"url\":\"https:\\\/\\\/www.votex-bison.com\\\/\",\"name\":\"Votex Bison\",\"description\":\"The power of perfection\",\"publisher\":{\"@id\":\"https:\\\/\\\/www.votex-bison.com\\\/#organization\"},\"potentialAction\":[{\"@type\":\"SearchAction\",\"target\":{\"@type\":\"EntryPoint\",\"urlTemplate\":\"https:\\\/\\\/www.votex-bison.com\\\/?s={search_term_string}\"},\"query-input\":{\"@type\":\"PropertyValueSpecification\",\"valueRequired\":true,\"valueName\":\"search_term_string\"}}],\"inLanguage\":\"de\"},{\"@type\":\"Organization\",\"@id\":\"https:\\\/\\\/www.votex-bison.com\\\/#organization\",\"name\":\"Votex Bison\",\"url\":\"https:\\\/\\\/www.votex-bison.com\\\/\",\"logo\":{\"@type\":\"ImageObject\",\"inLanguage\":\"de\",\"@id\":\"https:\\\/\\\/www.votex-bison.com\\\/#\\\/schema\\\/logo\\\/image\\\/\",\"url\":\"https:\\\/\\\/comvote-eveyikli.savviihq.com\\\/wp-content\\\/uploads\\\/2017\\\/02\\\/logo-votex-bison.jpg\",\"contentUrl\":\"https:\\\/\\\/comvote-eveyikli.savviihq.com\\\/wp-content\\\/uploads\\\/2017\\\/02\\\/logo-votex-bison.jpg\",\"width\":352,\"height\":144,\"caption\":\"Votex Bison\"},\"image\":{\"@id\":\"https:\\\/\\\/www.votex-bison.com\\\/#\\\/schema\\\/logo\\\/image\\\/\"},\"sameAs\":[\"https:\\\/\\\/www.facebook.com\\\/votexbison\\\/\",\"https:\\\/\\\/x.com\\\/votexbison\",\"https:\\\/\\\/www.linkedin.com\\\/company\\\/votex-bison-material-handling-b-v-\",\"https:\\\/\\\/www.youtube.com\\\/user\\\/VotexBison\"]}]}<\/script>\n<!-- \/ Yoast SEO plugin. -->","yoast_head_json":{"title":"BlueSpot oder RedSpot Votex Bison","description":"Das Licht wird in Form eines blauen Spot projiziert. Damit ist die Fahrtrichtung des Staplers auch an un\u00fcbersichtlichen Kreuzungen eindeutig.","robots":{"index":"index","follow":"follow","max-snippet":"max-snippet:-1","max-image-preview":"max-image-preview:large","max-video-preview":"max-video-preview:-1"},"canonical":"https:\/\/www.votex-bison.com\/de\/produkt\/bluespot\/","og_locale":"de_DE","og_type":"article","og_title":"BlueSpot oder RedSpot Votex Bison","og_description":"Das Licht wird in Form eines blauen Spot projiziert. Damit ist die Fahrtrichtung des Staplers auch an un\u00fcbersichtlichen Kreuzungen eindeutig.","og_url":"https:\/\/www.votex-bison.com\/de\/produkt\/bluespot\/","og_site_name":"Votex Bison","article_publisher":"https:\/\/www.facebook.com\/votexbison\/","article_modified_time":"2020-04-03T13:08:43+00:00","og_image":[{"width":586,"height":566,"url":"https:\/\/www.votex-bison.com\/wp-content\/uploads\/2020\/04\/Bleu-Spot-Votex-Bison.jpg","type":"image\/jpeg"}],"twitter_card":"summary_large_image","twitter_site":"@votexbison","schema":{"@context":"https:\/\/schema.org","@graph":[{"@type":"WebPage","@id":"https:\/\/www.votex-bison.com\/de\/produkt\/bluespot\/","url":"https:\/\/www.votex-bison.com\/de\/produkt\/bluespot\/","name":"BlueSpot oder RedSpot Votex Bison","isPartOf":{"@id":"https:\/\/www.votex-bison.com\/#website"},"primaryImageOfPage":{"@id":"https:\/\/www.votex-bison.com\/de\/produkt\/bluespot\/#primaryimage"},"image":{"@id":"https:\/\/www.votex-bison.com\/de\/produkt\/bluespot\/#primaryimage"},"thumbnailUrl":"https:\/\/www.votex-bison.com\/wp-content\/uploads\/2020\/04\/Bleu-Spot-Votex-Bison.jpg","datePublished":"2020-04-03T12:57:22+00:00","dateModified":"2020-04-03T13:08:43+00:00","description":"Das Licht wird in Form eines blauen Spot projiziert. Damit ist die Fahrtrichtung des Staplers auch an un\u00fcbersichtlichen Kreuzungen eindeutig.","breadcrumb":{"@id":"https:\/\/www.votex-bison.com\/de\/produkt\/bluespot\/#breadcrumb"},"inLanguage":"de","potentialAction":[{"@type":"ReadAction","target":["https:\/\/www.votex-bison.com\/de\/produkt\/bluespot\/"]}]},{"@type":"ImageObject","inLanguage":"de","@id":"https:\/\/www.votex-bison.com\/de\/produkt\/bluespot\/#primaryimage","url":"https:\/\/www.votex-bison.com\/wp-content\/uploads\/2020\/04\/Bleu-Spot-Votex-Bison.jpg","contentUrl":"https:\/\/www.votex-bison.com\/wp-content\/uploads\/2020\/04\/Bleu-Spot-Votex-Bison.jpg","width":586,"height":566,"caption":"zijladers seitenstapler sideloader Votex Bison"},{"@type":"BreadcrumbList","@id":"https:\/\/www.votex-bison.com\/de\/produkt\/bluespot\/#breadcrumb","itemListElement":[{"@type":"ListItem","position":1,"name":"Home","item":"https:\/\/www.votex-bison.com\/de\/"},{"@type":"ListItem","position":2,"name":"Producten","item":"https:\/\/www.votex-bison.com\/de\/producten\/"},{"@type":"ListItem","position":3,"name":"BlueSpot oder RedSpot"}]},{"@type":"WebSite","@id":"https:\/\/www.votex-bison.com\/#website","url":"https:\/\/www.votex-bison.com\/","name":"Votex Bison","description":"The power of perfection","publisher":{"@id":"https:\/\/www.votex-bison.com\/#organization"},"potentialAction":[{"@type":"SearchAction","target":{"@type":"EntryPoint","urlTemplate":"https:\/\/www.votex-bison.com\/?s={search_term_string}"},"query-input":{"@type":"PropertyValueSpecification","valueRequired":true,"valueName":"search_term_string"}}],"inLanguage":"de"},{"@type":"Organization","@id":"https:\/\/www.votex-bison.com\/#organization","name":"Votex Bison","url":"https:\/\/www.votex-bison.com\/","logo":{"@type":"ImageObject","inLanguage":"de","@id":"https:\/\/www.votex-bison.com\/#\/schema\/logo\/image\/","url":"https:\/\/comvote-eveyikli.savviihq.com\/wp-content\/uploads\/2017\/02\/logo-votex-bison.jpg","contentUrl":"https:\/\/comvote-eveyikli.savviihq.com\/wp-content\/uploads\/2017\/02\/logo-votex-bison.jpg","width":352,"height":144,"caption":"Votex Bison"},"image":{"@id":"https:\/\/www.votex-bison.com\/#\/schema\/logo\/image\/"},"sameAs":["https:\/\/www.facebook.com\/votexbison\/","https:\/\/x.com\/votexbison","https:\/\/www.linkedin.com\/company\/votex-bison-material-handling-b-v-","https:\/\/www.youtube.com\/user\/VotexBison"]}]}},"_links":{"self":[{"href":"https:\/\/www.votex-bison.com\/de\/wp-json\/wp\/v2\/product\/6918","targetHints":{"allow":["GET"]}}],"collection":[{"href":"https:\/\/www.votex-bison.com\/de\/wp-json\/wp\/v2\/product"}],"about":[{"href":"https:\/\/www.votex-bison.com\/de\/wp-json\/wp\/v2\/types\/product"}],"replies":[{"embeddable":true,"href":"https:\/\/www.votex-bison.com\/de\/wp-json\/wp\/v2\/comments?post=6918"}],"wp:featuredmedia":[{"embeddable":true,"href":"https:\/\/www.votex-bison.com\/de\/wp-json\/wp\/v2\/media\/6922"}],"wp:attachment":[{"href":"https:\/\/www.votex-bison.com\/de\/wp-json\/wp\/v2\/media?parent=6918"}],"wp:term":[{"taxonomy":"product_brand","embeddable":true,"href":"https:\/\/www.votex-bison.com\/de\/wp-json\/wp\/v2\/product_brand?post=6918"},{"taxonomy":"product_cat","embeddable":true,"href":"https:\/\/www.votex-bison.com\/de\/wp-json\/wp\/v2\/product_cat?post=6918"},{"taxonomy":"product_tag","embeddable":true,"href":"https:\/\/www.votex-bison.com\/de\/wp-json\/wp\/v2\/product_tag?post=6918"}],"curies":[{"name":"wp","href":"https:\/\/api.w.org\/{rel}","templated":true}]}}