{"id":882,"date":"2017-02-21T10:16:45","date_gmt":"2017-02-21T11:22:55","guid":{"rendered":"https:\/\/comvote-eveyikli.savviihq.com\/?post_type=product&#038;p=882"},"modified":"2020-06-23T13:39:12","modified_gmt":"2020-06-23T11:39:12","slug":"traffic","status":"publish","type":"product","link":"https:\/\/www.votex-bison.com\/de\/produkt\/traffic\/","title":{"rendered":"TRAFFIC"},"content":{"rendered":"","protected":false},"excerpt":{"rendered":"<p>Der Traffic bildet die Mittelklasse unter den elektrischen Vierwege-Seitenstaplern von Votex-Bison. Mit seiner mittelhohen Plattform und starken 80 V AC-Antrieb eignet er sich f\u00fcr Lasten bis zu 5 Tonnen. Die R\u00e4der k\u00f6nnen wahlweise aus Vulkollan oder aus Gummi hergestellt werden.<\/p>\n<p>Wie die anderen Seitenstaplermodelle ist der Traffic dank der Vierwege-Steuerung extrem wendig. Mithilfe vorprogrammierter Einstellungen kann der Fahrer leicht die Fahrtrichtung und den Steuerungsmodus \u00e4ndern. Dadurch ist der Traffic der ideale Stapler f\u00fcr den Transport langer G\u00fctern in sehr schmalen G\u00e4ngen.<\/p>\n<p>&nbsp;<\/p>\n<p>Bei Votex-Bison steht der Fahrer im Mittelpunkt. Ein m\u00f6glichst gro\u00dfer Kabinenraum, die praktische und ergonomische Bedienung und ein informatives Display sorgen stets f\u00fcr ein besonders sicheres Arbeitsgef\u00fchl. Votex-Bison steht f\u00fcr Qualit\u00e4t durch \u00dcberzeugung.<\/p>\n<p>&nbsp;<\/p>\n<p>&nbsp;<\/p>\n","protected":false},"featured_media":5771,"comment_status":"closed","ping_status":"closed","template":"","meta":[],"product_brand":[],"product_cat":[101],"product_tag":[],"class_list":{"0":"post-882","1":"product","2":"type-product","3":"status-publish","4":"has-post-thumbnail","6":"product_cat-seitenstapler","8":"first","9":"instock","10":"shipping-taxable","11":"product-type-simple"},"yoast_head":"<!-- This site is optimized with the Yoast SEO plugin v27.5 - https:\/\/yoast.com\/product\/yoast-seo-wordpress\/ -->\n<title>TRAFFIC - Votex Bison<\/title>\n<meta name=\"description\" content=\"Der Traffic bildet die Mittelklasse unter den elektrischen Vierwege-Seitenstaplern von Votex-Bison.\" \/>\n<meta name=\"robots\" content=\"index, follow, max-snippet:-1, max-image-preview:large, max-video-preview:-1\" \/>\n<link rel=\"canonical\" href=\"https:\/\/www.votex-bison.com\/de\/produkt\/traffic\/\" \/>\n<meta property=\"og:locale\" content=\"de_DE\" \/>\n<meta property=\"og:type\" content=\"article\" \/>\n<meta property=\"og:title\" content=\"TRAFFIC - Votex Bison\" \/>\n<meta property=\"og:description\" content=\"Der Traffic bildet die Mittelklasse unter den elektrischen Vierwege-Seitenstaplern von Votex-Bison.\" \/>\n<meta property=\"og:url\" content=\"https:\/\/www.votex-bison.com\/de\/produkt\/traffic\/\" \/>\n<meta property=\"og:site_name\" content=\"Votex Bison\" \/>\n<meta property=\"article:publisher\" content=\"https:\/\/www.facebook.com\/votexbison\/\" \/>\n<meta property=\"article:modified_time\" content=\"2020-06-23T11:39:12+00:00\" \/>\n<meta property=\"og:image\" content=\"https:\/\/www.votex-bison.com\/wp-content\/uploads\/2017\/02\/Votex-Bison-TRAFFIC.jpg\" \/>\n\t<meta property=\"og:image:width\" content=\"1920\" \/>\n\t<meta property=\"og:image:height\" content=\"1536\" \/>\n\t<meta property=\"og:image:type\" content=\"image\/jpeg\" \/>\n<meta name=\"twitter:card\" content=\"summary_large_image\" \/>\n<meta name=\"twitter:site\" content=\"@votexbison\" \/>\n<script type=\"application\/ld+json\" class=\"yoast-schema-graph\">{\"@context\":\"https:\\\/\\\/schema.org\",\"@graph\":[{\"@type\":\"WebPage\",\"@id\":\"https:\\\/\\\/www.votex-bison.com\\\/de\\\/produkt\\\/traffic\\\/\",\"url\":\"https:\\\/\\\/www.votex-bison.com\\\/de\\\/produkt\\\/traffic\\\/\",\"name\":\"TRAFFIC - Votex Bison\",\"isPartOf\":{\"@id\":\"https:\\\/\\\/www.votex-bison.com\\\/#website\"},\"primaryImageOfPage\":{\"@id\":\"https:\\\/\\\/www.votex-bison.com\\\/de\\\/produkt\\\/traffic\\\/#primaryimage\"},\"image\":{\"@id\":\"https:\\\/\\\/www.votex-bison.com\\\/de\\\/produkt\\\/traffic\\\/#primaryimage\"},\"thumbnailUrl\":\"https:\\\/\\\/www.votex-bison.com\\\/wp-content\\\/uploads\\\/2017\\\/02\\\/Votex-Bison-TRAFFIC.jpg\",\"datePublished\":\"2017-02-21T11:22:55+00:00\",\"dateModified\":\"2020-06-23T11:39:12+00:00\",\"description\":\"Der Traffic bildet die Mittelklasse unter den elektrischen Vierwege-Seitenstaplern von Votex-Bison.\",\"breadcrumb\":{\"@id\":\"https:\\\/\\\/www.votex-bison.com\\\/de\\\/produkt\\\/traffic\\\/#breadcrumb\"},\"inLanguage\":\"de\",\"potentialAction\":[{\"@type\":\"ReadAction\",\"target\":[\"https:\\\/\\\/www.votex-bison.com\\\/de\\\/produkt\\\/traffic\\\/\"]}]},{\"@type\":\"ImageObject\",\"inLanguage\":\"de\",\"@id\":\"https:\\\/\\\/www.votex-bison.com\\\/de\\\/produkt\\\/traffic\\\/#primaryimage\",\"url\":\"https:\\\/\\\/www.votex-bison.com\\\/wp-content\\\/uploads\\\/2017\\\/02\\\/Votex-Bison-TRAFFIC.jpg\",\"contentUrl\":\"https:\\\/\\\/www.votex-bison.com\\\/wp-content\\\/uploads\\\/2017\\\/02\\\/Votex-Bison-TRAFFIC.jpg\",\"width\":1920,\"height\":1536},{\"@type\":\"BreadcrumbList\",\"@id\":\"https:\\\/\\\/www.votex-bison.com\\\/de\\\/produkt\\\/traffic\\\/#breadcrumb\",\"itemListElement\":[{\"@type\":\"ListItem\",\"position\":1,\"name\":\"Home\",\"item\":\"https:\\\/\\\/www.votex-bison.com\\\/de\\\/\"},{\"@type\":\"ListItem\",\"position\":2,\"name\":\"Producten\",\"item\":\"https:\\\/\\\/www.votex-bison.com\\\/de\\\/producten\\\/\"},{\"@type\":\"ListItem\",\"position\":3,\"name\":\"TRAFFIC\"}]},{\"@type\":\"WebSite\",\"@id\":\"https:\\\/\\\/www.votex-bison.com\\\/#website\",\"url\":\"https:\\\/\\\/www.votex-bison.com\\\/\",\"name\":\"Votex Bison\",\"description\":\"The power of perfection\",\"publisher\":{\"@id\":\"https:\\\/\\\/www.votex-bison.com\\\/#organization\"},\"potentialAction\":[{\"@type\":\"SearchAction\",\"target\":{\"@type\":\"EntryPoint\",\"urlTemplate\":\"https:\\\/\\\/www.votex-bison.com\\\/?s={search_term_string}\"},\"query-input\":{\"@type\":\"PropertyValueSpecification\",\"valueRequired\":true,\"valueName\":\"search_term_string\"}}],\"inLanguage\":\"de\"},{\"@type\":\"Organization\",\"@id\":\"https:\\\/\\\/www.votex-bison.com\\\/#organization\",\"name\":\"Votex Bison\",\"url\":\"https:\\\/\\\/www.votex-bison.com\\\/\",\"logo\":{\"@type\":\"ImageObject\",\"inLanguage\":\"de\",\"@id\":\"https:\\\/\\\/www.votex-bison.com\\\/#\\\/schema\\\/logo\\\/image\\\/\",\"url\":\"https:\\\/\\\/comvote-eveyikli.savviihq.com\\\/wp-content\\\/uploads\\\/2017\\\/02\\\/logo-votex-bison.jpg\",\"contentUrl\":\"https:\\\/\\\/comvote-eveyikli.savviihq.com\\\/wp-content\\\/uploads\\\/2017\\\/02\\\/logo-votex-bison.jpg\",\"width\":352,\"height\":144,\"caption\":\"Votex Bison\"},\"image\":{\"@id\":\"https:\\\/\\\/www.votex-bison.com\\\/#\\\/schema\\\/logo\\\/image\\\/\"},\"sameAs\":[\"https:\\\/\\\/www.facebook.com\\\/votexbison\\\/\",\"https:\\\/\\\/x.com\\\/votexbison\",\"https:\\\/\\\/www.linkedin.com\\\/company\\\/votex-bison-material-handling-b-v-\",\"https:\\\/\\\/www.youtube.com\\\/user\\\/VotexBison\"]}]}<\/script>\n<!-- \/ Yoast SEO plugin. -->","yoast_head_json":{"title":"TRAFFIC - Votex Bison","description":"Der Traffic bildet die Mittelklasse unter den elektrischen Vierwege-Seitenstaplern von Votex-Bison.","robots":{"index":"index","follow":"follow","max-snippet":"max-snippet:-1","max-image-preview":"max-image-preview:large","max-video-preview":"max-video-preview:-1"},"canonical":"https:\/\/www.votex-bison.com\/de\/produkt\/traffic\/","og_locale":"de_DE","og_type":"article","og_title":"TRAFFIC - Votex Bison","og_description":"Der Traffic bildet die Mittelklasse unter den elektrischen Vierwege-Seitenstaplern von Votex-Bison.","og_url":"https:\/\/www.votex-bison.com\/de\/produkt\/traffic\/","og_site_name":"Votex Bison","article_publisher":"https:\/\/www.facebook.com\/votexbison\/","article_modified_time":"2020-06-23T11:39:12+00:00","og_image":[{"width":1920,"height":1536,"url":"https:\/\/www.votex-bison.com\/wp-content\/uploads\/2017\/02\/Votex-Bison-TRAFFIC.jpg","type":"image\/jpeg"}],"twitter_card":"summary_large_image","twitter_site":"@votexbison","schema":{"@context":"https:\/\/schema.org","@graph":[{"@type":"WebPage","@id":"https:\/\/www.votex-bison.com\/de\/produkt\/traffic\/","url":"https:\/\/www.votex-bison.com\/de\/produkt\/traffic\/","name":"TRAFFIC - Votex Bison","isPartOf":{"@id":"https:\/\/www.votex-bison.com\/#website"},"primaryImageOfPage":{"@id":"https:\/\/www.votex-bison.com\/de\/produkt\/traffic\/#primaryimage"},"image":{"@id":"https:\/\/www.votex-bison.com\/de\/produkt\/traffic\/#primaryimage"},"thumbnailUrl":"https:\/\/www.votex-bison.com\/wp-content\/uploads\/2017\/02\/Votex-Bison-TRAFFIC.jpg","datePublished":"2017-02-21T11:22:55+00:00","dateModified":"2020-06-23T11:39:12+00:00","description":"Der Traffic bildet die Mittelklasse unter den elektrischen Vierwege-Seitenstaplern von Votex-Bison.","breadcrumb":{"@id":"https:\/\/www.votex-bison.com\/de\/produkt\/traffic\/#breadcrumb"},"inLanguage":"de","potentialAction":[{"@type":"ReadAction","target":["https:\/\/www.votex-bison.com\/de\/produkt\/traffic\/"]}]},{"@type":"ImageObject","inLanguage":"de","@id":"https:\/\/www.votex-bison.com\/de\/produkt\/traffic\/#primaryimage","url":"https:\/\/www.votex-bison.com\/wp-content\/uploads\/2017\/02\/Votex-Bison-TRAFFIC.jpg","contentUrl":"https:\/\/www.votex-bison.com\/wp-content\/uploads\/2017\/02\/Votex-Bison-TRAFFIC.jpg","width":1920,"height":1536},{"@type":"BreadcrumbList","@id":"https:\/\/www.votex-bison.com\/de\/produkt\/traffic\/#breadcrumb","itemListElement":[{"@type":"ListItem","position":1,"name":"Home","item":"https:\/\/www.votex-bison.com\/de\/"},{"@type":"ListItem","position":2,"name":"Producten","item":"https:\/\/www.votex-bison.com\/de\/producten\/"},{"@type":"ListItem","position":3,"name":"TRAFFIC"}]},{"@type":"WebSite","@id":"https:\/\/www.votex-bison.com\/#website","url":"https:\/\/www.votex-bison.com\/","name":"Votex Bison","description":"The power of perfection","publisher":{"@id":"https:\/\/www.votex-bison.com\/#organization"},"potentialAction":[{"@type":"SearchAction","target":{"@type":"EntryPoint","urlTemplate":"https:\/\/www.votex-bison.com\/?s={search_term_string}"},"query-input":{"@type":"PropertyValueSpecification","valueRequired":true,"valueName":"search_term_string"}}],"inLanguage":"de"},{"@type":"Organization","@id":"https:\/\/www.votex-bison.com\/#organization","name":"Votex Bison","url":"https:\/\/www.votex-bison.com\/","logo":{"@type":"ImageObject","inLanguage":"de","@id":"https:\/\/www.votex-bison.com\/#\/schema\/logo\/image\/","url":"https:\/\/comvote-eveyikli.savviihq.com\/wp-content\/uploads\/2017\/02\/logo-votex-bison.jpg","contentUrl":"https:\/\/comvote-eveyikli.savviihq.com\/wp-content\/uploads\/2017\/02\/logo-votex-bison.jpg","width":352,"height":144,"caption":"Votex Bison"},"image":{"@id":"https:\/\/www.votex-bison.com\/#\/schema\/logo\/image\/"},"sameAs":["https:\/\/www.facebook.com\/votexbison\/","https:\/\/x.com\/votexbison","https:\/\/www.linkedin.com\/company\/votex-bison-material-handling-b-v-","https:\/\/www.youtube.com\/user\/VotexBison"]}]}},"_links":{"self":[{"href":"https:\/\/www.votex-bison.com\/de\/wp-json\/wp\/v2\/product\/882","targetHints":{"allow":["GET"]}}],"collection":[{"href":"https:\/\/www.votex-bison.com\/de\/wp-json\/wp\/v2\/product"}],"about":[{"href":"https:\/\/www.votex-bison.com\/de\/wp-json\/wp\/v2\/types\/product"}],"replies":[{"embeddable":true,"href":"https:\/\/www.votex-bison.com\/de\/wp-json\/wp\/v2\/comments?post=882"}],"wp:featuredmedia":[{"embeddable":true,"href":"https:\/\/www.votex-bison.com\/de\/wp-json\/wp\/v2\/media\/5771"}],"wp:attachment":[{"href":"https:\/\/www.votex-bison.com\/de\/wp-json\/wp\/v2\/media?parent=882"}],"wp:term":[{"taxonomy":"product_brand","embeddable":true,"href":"https:\/\/www.votex-bison.com\/de\/wp-json\/wp\/v2\/product_brand?post=882"},{"taxonomy":"product_cat","embeddable":true,"href":"https:\/\/www.votex-bison.com\/de\/wp-json\/wp\/v2\/product_cat?post=882"},{"taxonomy":"product_tag","embeddable":true,"href":"https:\/\/www.votex-bison.com\/de\/wp-json\/wp\/v2\/product_tag?post=882"}],"curies":[{"name":"wp","href":"https:\/\/api.w.org\/{rel}","templated":true}]}}