{"id":885,"date":"2017-02-21T10:20:26","date_gmt":"2017-02-21T11:31:27","guid":{"rendered":"https:\/\/comvote-eveyikli.savviihq.com\/?post_type=product&#038;p=885"},"modified":"2020-04-14T13:55:02","modified_gmt":"2020-04-14T11:55:02","slug":"allround","status":"publish","type":"product","link":"https:\/\/www.votex-bison.com\/de\/produkt\/allround\/","title":{"rendered":"Allround"},"content":{"rendered":"","protected":false},"excerpt":{"rendered":"<p>Der Allround ist, wie der Name schon sagt, sehr flexibel einsetzbar und zu Recht der Allesk\u00f6nner unter den elektrische Vierwege-Seitenstaplern von Votex-Bison. Die gro\u00dfen R\u00e4der aus Gummi oder Vulkollan bieten besonders viel Bodenfreiheit f\u00fcr den Einsatz auf unebenem Gel\u00e4nde oder beim Fahren \u00fcber Schwellen. Dank des starken 80 V AC-Antriebs ist der Allround f\u00fcr Lasten bis zu 7,0 Tonnen geeignet.<\/p>\n<p>Wie die anderen Seitenstaplermodelle ist der Allround dank der Vierwege-Steuerung extrem wendig. Mithilfe vorprogrammierter Einstellungen kann der Fahrer leicht die Fahrtrichtung und den Steuerungsmodus \u00e4ndern. Ob Au\u00dfen- oder Inneneinsatz, der Allround ist der ideale Stapler f\u00fcr den Transport langer G\u00fcter in sehr schmalen G\u00e4ngen.<\/p>\n<p>Bei Votex-Bison steht der Fahrer im Mittelpunkt. Ein m\u00f6glichst gro\u00dfer Kabinenraum, die praktische und ergonomische Bedienung und ein informatives Display sorgen stets f\u00fcr ein besonders sicheres Arbeitsgef\u00fchl. Votex-Bison steht f\u00fcr Qualit\u00e4t durch \u00dcberzeugung. The power of perfection!<\/p>\n<p>&nbsp;<\/p>\n","protected":false},"featured_media":1252,"comment_status":"closed","ping_status":"closed","template":"","meta":[],"product_brand":[],"product_cat":[101],"product_tag":[],"class_list":{"0":"post-885","1":"product","2":"type-product","3":"status-publish","4":"has-post-thumbnail","6":"product_cat-seitenstapler","8":"first","9":"instock","10":"shipping-taxable","11":"product-type-simple"},"yoast_head":"<!-- This site is optimized with the Yoast SEO plugin v27.4 - https:\/\/yoast.com\/product\/yoast-seo-wordpress\/ -->\n<title>Allround - Votex Bison<\/title>\n<meta name=\"description\" content=\"Der Allround ist, wie der Name schon sagt, sehr flexibel einsetzbar und zu Recht der Allesk\u00f6nner unter den elektrische Vierwege-Seitenstaplern von Votex-Bison.\" \/>\n<meta name=\"robots\" content=\"index, follow, max-snippet:-1, max-image-preview:large, max-video-preview:-1\" \/>\n<link rel=\"canonical\" href=\"https:\/\/www.votex-bison.com\/de\/produkt\/allround\/\" \/>\n<meta property=\"og:locale\" content=\"de_DE\" \/>\n<meta property=\"og:type\" content=\"article\" \/>\n<meta property=\"og:title\" content=\"Allround - Votex Bison\" \/>\n<meta property=\"og:description\" content=\"Der Allround ist, wie der Name schon sagt, sehr flexibel einsetzbar und zu Recht der Allesk\u00f6nner unter den elektrische Vierwege-Seitenstaplern von Votex-Bison.\" \/>\n<meta property=\"og:url\" content=\"https:\/\/www.votex-bison.com\/de\/produkt\/allround\/\" \/>\n<meta property=\"og:site_name\" content=\"Votex Bison\" \/>\n<meta property=\"article:publisher\" content=\"https:\/\/www.facebook.com\/votexbison\/\" \/>\n<meta property=\"article:modified_time\" content=\"2020-04-14T11:55:02+00:00\" \/>\n<meta property=\"og:image\" content=\"https:\/\/www.votex-bison.com\/wp-content\/uploads\/2017\/02\/242votex_0001s_0006_Laag_18.jpg\" \/>\n\t<meta property=\"og:image:width\" content=\"593\" \/>\n\t<meta property=\"og:image:height\" content=\"545\" \/>\n\t<meta property=\"og:image:type\" content=\"image\/jpeg\" \/>\n<meta name=\"twitter:card\" content=\"summary_large_image\" \/>\n<meta name=\"twitter:site\" content=\"@votexbison\" \/>\n<script type=\"application\/ld+json\" class=\"yoast-schema-graph\">{\"@context\":\"https:\\\/\\\/schema.org\",\"@graph\":[{\"@type\":\"WebPage\",\"@id\":\"https:\\\/\\\/www.votex-bison.com\\\/de\\\/produkt\\\/allround\\\/\",\"url\":\"https:\\\/\\\/www.votex-bison.com\\\/de\\\/produkt\\\/allround\\\/\",\"name\":\"Allround - Votex Bison\",\"isPartOf\":{\"@id\":\"https:\\\/\\\/www.votex-bison.com\\\/#website\"},\"primaryImageOfPage\":{\"@id\":\"https:\\\/\\\/www.votex-bison.com\\\/de\\\/produkt\\\/allround\\\/#primaryimage\"},\"image\":{\"@id\":\"https:\\\/\\\/www.votex-bison.com\\\/de\\\/produkt\\\/allround\\\/#primaryimage\"},\"thumbnailUrl\":\"https:\\\/\\\/www.votex-bison.com\\\/wp-content\\\/uploads\\\/2017\\\/02\\\/242votex_0001s_0006_Laag_18.jpg\",\"datePublished\":\"2017-02-21T11:31:27+00:00\",\"dateModified\":\"2020-04-14T11:55:02+00:00\",\"description\":\"Der Allround ist, wie der Name schon sagt, sehr flexibel einsetzbar und zu Recht der Allesk\u00f6nner unter den elektrische Vierwege-Seitenstaplern von Votex-Bison.\",\"breadcrumb\":{\"@id\":\"https:\\\/\\\/www.votex-bison.com\\\/de\\\/produkt\\\/allround\\\/#breadcrumb\"},\"inLanguage\":\"de\",\"potentialAction\":[{\"@type\":\"ReadAction\",\"target\":[\"https:\\\/\\\/www.votex-bison.com\\\/de\\\/produkt\\\/allround\\\/\"]}]},{\"@type\":\"ImageObject\",\"inLanguage\":\"de\",\"@id\":\"https:\\\/\\\/www.votex-bison.com\\\/de\\\/produkt\\\/allround\\\/#primaryimage\",\"url\":\"https:\\\/\\\/www.votex-bison.com\\\/wp-content\\\/uploads\\\/2017\\\/02\\\/242votex_0001s_0006_Laag_18.jpg\",\"contentUrl\":\"https:\\\/\\\/www.votex-bison.com\\\/wp-content\\\/uploads\\\/2017\\\/02\\\/242votex_0001s_0006_Laag_18.jpg\",\"width\":593,\"height\":545},{\"@type\":\"BreadcrumbList\",\"@id\":\"https:\\\/\\\/www.votex-bison.com\\\/de\\\/produkt\\\/allround\\\/#breadcrumb\",\"itemListElement\":[{\"@type\":\"ListItem\",\"position\":1,\"name\":\"Home\",\"item\":\"https:\\\/\\\/www.votex-bison.com\\\/de\\\/\"},{\"@type\":\"ListItem\",\"position\":2,\"name\":\"Producten\",\"item\":\"https:\\\/\\\/www.votex-bison.com\\\/de\\\/producten\\\/\"},{\"@type\":\"ListItem\",\"position\":3,\"name\":\"Allround\"}]},{\"@type\":\"WebSite\",\"@id\":\"https:\\\/\\\/www.votex-bison.com\\\/#website\",\"url\":\"https:\\\/\\\/www.votex-bison.com\\\/\",\"name\":\"Votex Bison\",\"description\":\"The power of perfection\",\"publisher\":{\"@id\":\"https:\\\/\\\/www.votex-bison.com\\\/#organization\"},\"potentialAction\":[{\"@type\":\"SearchAction\",\"target\":{\"@type\":\"EntryPoint\",\"urlTemplate\":\"https:\\\/\\\/www.votex-bison.com\\\/?s={search_term_string}\"},\"query-input\":{\"@type\":\"PropertyValueSpecification\",\"valueRequired\":true,\"valueName\":\"search_term_string\"}}],\"inLanguage\":\"de\"},{\"@type\":\"Organization\",\"@id\":\"https:\\\/\\\/www.votex-bison.com\\\/#organization\",\"name\":\"Votex Bison\",\"url\":\"https:\\\/\\\/www.votex-bison.com\\\/\",\"logo\":{\"@type\":\"ImageObject\",\"inLanguage\":\"de\",\"@id\":\"https:\\\/\\\/www.votex-bison.com\\\/#\\\/schema\\\/logo\\\/image\\\/\",\"url\":\"https:\\\/\\\/comvote-eveyikli.savviihq.com\\\/wp-content\\\/uploads\\\/2017\\\/02\\\/logo-votex-bison.jpg\",\"contentUrl\":\"https:\\\/\\\/comvote-eveyikli.savviihq.com\\\/wp-content\\\/uploads\\\/2017\\\/02\\\/logo-votex-bison.jpg\",\"width\":352,\"height\":144,\"caption\":\"Votex Bison\"},\"image\":{\"@id\":\"https:\\\/\\\/www.votex-bison.com\\\/#\\\/schema\\\/logo\\\/image\\\/\"},\"sameAs\":[\"https:\\\/\\\/www.facebook.com\\\/votexbison\\\/\",\"https:\\\/\\\/x.com\\\/votexbison\",\"https:\\\/\\\/www.linkedin.com\\\/company\\\/votex-bison-material-handling-b-v-\",\"https:\\\/\\\/www.youtube.com\\\/user\\\/VotexBison\"]}]}<\/script>\n<!-- \/ Yoast SEO plugin. -->","yoast_head_json":{"title":"Allround - Votex Bison","description":"Der Allround ist, wie der Name schon sagt, sehr flexibel einsetzbar und zu Recht der Allesk\u00f6nner unter den elektrische Vierwege-Seitenstaplern von Votex-Bison.","robots":{"index":"index","follow":"follow","max-snippet":"max-snippet:-1","max-image-preview":"max-image-preview:large","max-video-preview":"max-video-preview:-1"},"canonical":"https:\/\/www.votex-bison.com\/de\/produkt\/allround\/","og_locale":"de_DE","og_type":"article","og_title":"Allround - Votex Bison","og_description":"Der Allround ist, wie der Name schon sagt, sehr flexibel einsetzbar und zu Recht der Allesk\u00f6nner unter den elektrische Vierwege-Seitenstaplern von Votex-Bison.","og_url":"https:\/\/www.votex-bison.com\/de\/produkt\/allround\/","og_site_name":"Votex Bison","article_publisher":"https:\/\/www.facebook.com\/votexbison\/","article_modified_time":"2020-04-14T11:55:02+00:00","og_image":[{"width":593,"height":545,"url":"https:\/\/www.votex-bison.com\/wp-content\/uploads\/2017\/02\/242votex_0001s_0006_Laag_18.jpg","type":"image\/jpeg"}],"twitter_card":"summary_large_image","twitter_site":"@votexbison","schema":{"@context":"https:\/\/schema.org","@graph":[{"@type":"WebPage","@id":"https:\/\/www.votex-bison.com\/de\/produkt\/allround\/","url":"https:\/\/www.votex-bison.com\/de\/produkt\/allround\/","name":"Allround - Votex Bison","isPartOf":{"@id":"https:\/\/www.votex-bison.com\/#website"},"primaryImageOfPage":{"@id":"https:\/\/www.votex-bison.com\/de\/produkt\/allround\/#primaryimage"},"image":{"@id":"https:\/\/www.votex-bison.com\/de\/produkt\/allround\/#primaryimage"},"thumbnailUrl":"https:\/\/www.votex-bison.com\/wp-content\/uploads\/2017\/02\/242votex_0001s_0006_Laag_18.jpg","datePublished":"2017-02-21T11:31:27+00:00","dateModified":"2020-04-14T11:55:02+00:00","description":"Der Allround ist, wie der Name schon sagt, sehr flexibel einsetzbar und zu Recht der Allesk\u00f6nner unter den elektrische Vierwege-Seitenstaplern von Votex-Bison.","breadcrumb":{"@id":"https:\/\/www.votex-bison.com\/de\/produkt\/allround\/#breadcrumb"},"inLanguage":"de","potentialAction":[{"@type":"ReadAction","target":["https:\/\/www.votex-bison.com\/de\/produkt\/allround\/"]}]},{"@type":"ImageObject","inLanguage":"de","@id":"https:\/\/www.votex-bison.com\/de\/produkt\/allround\/#primaryimage","url":"https:\/\/www.votex-bison.com\/wp-content\/uploads\/2017\/02\/242votex_0001s_0006_Laag_18.jpg","contentUrl":"https:\/\/www.votex-bison.com\/wp-content\/uploads\/2017\/02\/242votex_0001s_0006_Laag_18.jpg","width":593,"height":545},{"@type":"BreadcrumbList","@id":"https:\/\/www.votex-bison.com\/de\/produkt\/allround\/#breadcrumb","itemListElement":[{"@type":"ListItem","position":1,"name":"Home","item":"https:\/\/www.votex-bison.com\/de\/"},{"@type":"ListItem","position":2,"name":"Producten","item":"https:\/\/www.votex-bison.com\/de\/producten\/"},{"@type":"ListItem","position":3,"name":"Allround"}]},{"@type":"WebSite","@id":"https:\/\/www.votex-bison.com\/#website","url":"https:\/\/www.votex-bison.com\/","name":"Votex Bison","description":"The power of perfection","publisher":{"@id":"https:\/\/www.votex-bison.com\/#organization"},"potentialAction":[{"@type":"SearchAction","target":{"@type":"EntryPoint","urlTemplate":"https:\/\/www.votex-bison.com\/?s={search_term_string}"},"query-input":{"@type":"PropertyValueSpecification","valueRequired":true,"valueName":"search_term_string"}}],"inLanguage":"de"},{"@type":"Organization","@id":"https:\/\/www.votex-bison.com\/#organization","name":"Votex Bison","url":"https:\/\/www.votex-bison.com\/","logo":{"@type":"ImageObject","inLanguage":"de","@id":"https:\/\/www.votex-bison.com\/#\/schema\/logo\/image\/","url":"https:\/\/comvote-eveyikli.savviihq.com\/wp-content\/uploads\/2017\/02\/logo-votex-bison.jpg","contentUrl":"https:\/\/comvote-eveyikli.savviihq.com\/wp-content\/uploads\/2017\/02\/logo-votex-bison.jpg","width":352,"height":144,"caption":"Votex Bison"},"image":{"@id":"https:\/\/www.votex-bison.com\/#\/schema\/logo\/image\/"},"sameAs":["https:\/\/www.facebook.com\/votexbison\/","https:\/\/x.com\/votexbison","https:\/\/www.linkedin.com\/company\/votex-bison-material-handling-b-v-","https:\/\/www.youtube.com\/user\/VotexBison"]}]}},"_links":{"self":[{"href":"https:\/\/www.votex-bison.com\/de\/wp-json\/wp\/v2\/product\/885","targetHints":{"allow":["GET"]}}],"collection":[{"href":"https:\/\/www.votex-bison.com\/de\/wp-json\/wp\/v2\/product"}],"about":[{"href":"https:\/\/www.votex-bison.com\/de\/wp-json\/wp\/v2\/types\/product"}],"replies":[{"embeddable":true,"href":"https:\/\/www.votex-bison.com\/de\/wp-json\/wp\/v2\/comments?post=885"}],"wp:featuredmedia":[{"embeddable":true,"href":"https:\/\/www.votex-bison.com\/de\/wp-json\/wp\/v2\/media\/1252"}],"wp:attachment":[{"href":"https:\/\/www.votex-bison.com\/de\/wp-json\/wp\/v2\/media?parent=885"}],"wp:term":[{"taxonomy":"product_brand","embeddable":true,"href":"https:\/\/www.votex-bison.com\/de\/wp-json\/wp\/v2\/product_brand?post=885"},{"taxonomy":"product_cat","embeddable":true,"href":"https:\/\/www.votex-bison.com\/de\/wp-json\/wp\/v2\/product_cat?post=885"},{"taxonomy":"product_tag","embeddable":true,"href":"https:\/\/www.votex-bison.com\/de\/wp-json\/wp\/v2\/product_tag?post=885"}],"curies":[{"name":"wp","href":"https:\/\/api.w.org\/{rel}","templated":true}]}}