{"id":887,"date":"2017-02-21T10:25:54","date_gmt":"2017-02-21T12:12:44","guid":{"rendered":"https:\/\/comvote-eveyikli.savviihq.com\/?post_type=product&#038;p=887"},"modified":"2019-11-27T17:30:39","modified_gmt":"2019-11-27T16:30:39","slug":"aa","status":"publish","type":"product","link":"https:\/\/www.votex-bison.com\/de\/produkt\/aa\/","title":{"rendered":"AA"},"content":{"rendered":"","protected":false},"excerpt":{"rendered":"<p>Der Vierwege-Seitenstapler\u00a0 Model A hat ein Chassis aus einem robusten U-f\u00f6rmigen Rahmen mit integrierten Ausfahrprofilen f\u00fcr die Mastaufnahme und ein 6-Rad-Fahrwerk.<\/p>\n<p>&nbsp;<\/p>\n<p>Das Fahrwerk besteht aus <b>4 stehenden<\/b> Antriebsmotoren und <b>2 drehbaren Tandemr\u00e4dern als Lastr\u00e4der. <\/b>Der automatische Niveauausgleich \u00fcber die Lastr\u00e4der und Antriebsr\u00e4dern (Antriebseinheiten sind montiert in eine Spezielle Wippe Konstruktion) und erlaubt perfekte Bodenanpassung aller 6 R\u00e4der, auch auf unebenen B\u00f6den.<\/p>\n<p>&nbsp;<\/p>\n<p>Dar\u00fcber hinaus sorgt das Hydraulische Ausgleichsystem f\u00fcr Federung und optimale Fahreigenschaften des Staplers. Die Bewegung aller 6 R\u00e4der erfolgt \u00fcber Zahnr\u00e4der und nicht \u00fcber Ketten, die verschlei\u00df mindernd auf die Bandagen wirken.<\/p>\n","protected":false},"featured_media":2819,"comment_status":"closed","ping_status":"closed","template":"","meta":[],"product_brand":[],"product_cat":[101],"product_tag":[],"class_list":{"0":"post-887","1":"product","2":"type-product","3":"status-publish","4":"has-post-thumbnail","6":"product_cat-seitenstapler","8":"first","9":"instock","10":"shipping-taxable","11":"product-type-simple"},"yoast_head":"<!-- This site is optimized with the Yoast SEO plugin v27.5 - https:\/\/yoast.com\/product\/yoast-seo-wordpress\/ -->\n<title>AA - Votex Bison<\/title>\n<meta name=\"description\" content=\"Der automatische Niveauausgleich \u00fcber die Lastr\u00e4der und Antriebsr\u00e4dern (Antriebseinheiten sind montiert in eine Spezielle Wippe Konstruktion) und erlaubt perfekte Bodenanpassung aller 6 R\u00e4der, auch auf unebenen B\u00f6den.\" \/>\n<meta name=\"robots\" content=\"index, follow, max-snippet:-1, max-image-preview:large, max-video-preview:-1\" \/>\n<link rel=\"canonical\" href=\"https:\/\/www.votex-bison.com\/de\/produkt\/aa\/\" \/>\n<meta property=\"og:locale\" content=\"de_DE\" \/>\n<meta property=\"og:type\" content=\"article\" \/>\n<meta property=\"og:title\" content=\"AA - Votex Bison\" \/>\n<meta property=\"og:description\" content=\"Der automatische Niveauausgleich \u00fcber die Lastr\u00e4der und Antriebsr\u00e4dern (Antriebseinheiten sind montiert in eine Spezielle Wippe Konstruktion) und erlaubt perfekte Bodenanpassung aller 6 R\u00e4der, auch auf unebenen B\u00f6den.\" \/>\n<meta property=\"og:url\" content=\"https:\/\/www.votex-bison.com\/de\/produkt\/aa\/\" \/>\n<meta property=\"og:site_name\" content=\"Votex Bison\" \/>\n<meta property=\"article:publisher\" content=\"https:\/\/www.facebook.com\/votexbison\/\" \/>\n<meta property=\"article:modified_time\" content=\"2019-11-27T16:30:39+00:00\" \/>\n<meta property=\"og:image\" content=\"https:\/\/www.votex-bison.com\/wp-content\/uploads\/2018\/02\/IMG-20171020-WA0022.jpg\" \/>\n\t<meta property=\"og:image:width\" content=\"1280\" \/>\n\t<meta property=\"og:image:height\" content=\"960\" \/>\n\t<meta property=\"og:image:type\" content=\"image\/jpeg\" \/>\n<meta name=\"twitter:card\" content=\"summary_large_image\" \/>\n<meta name=\"twitter:site\" content=\"@votexbison\" \/>\n<script type=\"application\/ld+json\" class=\"yoast-schema-graph\">{\"@context\":\"https:\\\/\\\/schema.org\",\"@graph\":[{\"@type\":\"WebPage\",\"@id\":\"https:\\\/\\\/www.votex-bison.com\\\/de\\\/produkt\\\/aa\\\/\",\"url\":\"https:\\\/\\\/www.votex-bison.com\\\/de\\\/produkt\\\/aa\\\/\",\"name\":\"AA - Votex Bison\",\"isPartOf\":{\"@id\":\"https:\\\/\\\/www.votex-bison.com\\\/#website\"},\"primaryImageOfPage\":{\"@id\":\"https:\\\/\\\/www.votex-bison.com\\\/de\\\/produkt\\\/aa\\\/#primaryimage\"},\"image\":{\"@id\":\"https:\\\/\\\/www.votex-bison.com\\\/de\\\/produkt\\\/aa\\\/#primaryimage\"},\"thumbnailUrl\":\"https:\\\/\\\/www.votex-bison.com\\\/wp-content\\\/uploads\\\/2018\\\/02\\\/IMG-20171020-WA0022.jpg\",\"datePublished\":\"2017-02-21T12:12:44+00:00\",\"dateModified\":\"2019-11-27T16:30:39+00:00\",\"description\":\"Der automatische Niveauausgleich \u00fcber die Lastr\u00e4der und Antriebsr\u00e4dern (Antriebseinheiten sind montiert in eine Spezielle Wippe Konstruktion) und erlaubt perfekte Bodenanpassung aller 6 R\u00e4der, auch auf unebenen B\u00f6den.\",\"breadcrumb\":{\"@id\":\"https:\\\/\\\/www.votex-bison.com\\\/de\\\/produkt\\\/aa\\\/#breadcrumb\"},\"inLanguage\":\"de\",\"potentialAction\":[{\"@type\":\"ReadAction\",\"target\":[\"https:\\\/\\\/www.votex-bison.com\\\/de\\\/produkt\\\/aa\\\/\"]}]},{\"@type\":\"ImageObject\",\"inLanguage\":\"de\",\"@id\":\"https:\\\/\\\/www.votex-bison.com\\\/de\\\/produkt\\\/aa\\\/#primaryimage\",\"url\":\"https:\\\/\\\/www.votex-bison.com\\\/wp-content\\\/uploads\\\/2018\\\/02\\\/IMG-20171020-WA0022.jpg\",\"contentUrl\":\"https:\\\/\\\/www.votex-bison.com\\\/wp-content\\\/uploads\\\/2018\\\/02\\\/IMG-20171020-WA0022.jpg\",\"width\":1280,\"height\":960},{\"@type\":\"BreadcrumbList\",\"@id\":\"https:\\\/\\\/www.votex-bison.com\\\/de\\\/produkt\\\/aa\\\/#breadcrumb\",\"itemListElement\":[{\"@type\":\"ListItem\",\"position\":1,\"name\":\"Home\",\"item\":\"https:\\\/\\\/www.votex-bison.com\\\/de\\\/\"},{\"@type\":\"ListItem\",\"position\":2,\"name\":\"Producten\",\"item\":\"https:\\\/\\\/www.votex-bison.com\\\/de\\\/producten\\\/\"},{\"@type\":\"ListItem\",\"position\":3,\"name\":\"AA\"}]},{\"@type\":\"WebSite\",\"@id\":\"https:\\\/\\\/www.votex-bison.com\\\/#website\",\"url\":\"https:\\\/\\\/www.votex-bison.com\\\/\",\"name\":\"Votex Bison\",\"description\":\"The power of perfection\",\"publisher\":{\"@id\":\"https:\\\/\\\/www.votex-bison.com\\\/#organization\"},\"potentialAction\":[{\"@type\":\"SearchAction\",\"target\":{\"@type\":\"EntryPoint\",\"urlTemplate\":\"https:\\\/\\\/www.votex-bison.com\\\/?s={search_term_string}\"},\"query-input\":{\"@type\":\"PropertyValueSpecification\",\"valueRequired\":true,\"valueName\":\"search_term_string\"}}],\"inLanguage\":\"de\"},{\"@type\":\"Organization\",\"@id\":\"https:\\\/\\\/www.votex-bison.com\\\/#organization\",\"name\":\"Votex Bison\",\"url\":\"https:\\\/\\\/www.votex-bison.com\\\/\",\"logo\":{\"@type\":\"ImageObject\",\"inLanguage\":\"de\",\"@id\":\"https:\\\/\\\/www.votex-bison.com\\\/#\\\/schema\\\/logo\\\/image\\\/\",\"url\":\"https:\\\/\\\/comvote-eveyikli.savviihq.com\\\/wp-content\\\/uploads\\\/2017\\\/02\\\/logo-votex-bison.jpg\",\"contentUrl\":\"https:\\\/\\\/comvote-eveyikli.savviihq.com\\\/wp-content\\\/uploads\\\/2017\\\/02\\\/logo-votex-bison.jpg\",\"width\":352,\"height\":144,\"caption\":\"Votex Bison\"},\"image\":{\"@id\":\"https:\\\/\\\/www.votex-bison.com\\\/#\\\/schema\\\/logo\\\/image\\\/\"},\"sameAs\":[\"https:\\\/\\\/www.facebook.com\\\/votexbison\\\/\",\"https:\\\/\\\/x.com\\\/votexbison\",\"https:\\\/\\\/www.linkedin.com\\\/company\\\/votex-bison-material-handling-b-v-\",\"https:\\\/\\\/www.youtube.com\\\/user\\\/VotexBison\"]}]}<\/script>\n<!-- \/ Yoast SEO plugin. -->","yoast_head_json":{"title":"AA - Votex Bison","description":"Der automatische Niveauausgleich \u00fcber die Lastr\u00e4der und Antriebsr\u00e4dern (Antriebseinheiten sind montiert in eine Spezielle Wippe Konstruktion) und erlaubt perfekte Bodenanpassung aller 6 R\u00e4der, auch auf unebenen B\u00f6den.","robots":{"index":"index","follow":"follow","max-snippet":"max-snippet:-1","max-image-preview":"max-image-preview:large","max-video-preview":"max-video-preview:-1"},"canonical":"https:\/\/www.votex-bison.com\/de\/produkt\/aa\/","og_locale":"de_DE","og_type":"article","og_title":"AA - Votex Bison","og_description":"Der automatische Niveauausgleich \u00fcber die Lastr\u00e4der und Antriebsr\u00e4dern (Antriebseinheiten sind montiert in eine Spezielle Wippe Konstruktion) und erlaubt perfekte Bodenanpassung aller 6 R\u00e4der, auch auf unebenen B\u00f6den.","og_url":"https:\/\/www.votex-bison.com\/de\/produkt\/aa\/","og_site_name":"Votex Bison","article_publisher":"https:\/\/www.facebook.com\/votexbison\/","article_modified_time":"2019-11-27T16:30:39+00:00","og_image":[{"width":1280,"height":960,"url":"https:\/\/www.votex-bison.com\/wp-content\/uploads\/2018\/02\/IMG-20171020-WA0022.jpg","type":"image\/jpeg"}],"twitter_card":"summary_large_image","twitter_site":"@votexbison","schema":{"@context":"https:\/\/schema.org","@graph":[{"@type":"WebPage","@id":"https:\/\/www.votex-bison.com\/de\/produkt\/aa\/","url":"https:\/\/www.votex-bison.com\/de\/produkt\/aa\/","name":"AA - Votex Bison","isPartOf":{"@id":"https:\/\/www.votex-bison.com\/#website"},"primaryImageOfPage":{"@id":"https:\/\/www.votex-bison.com\/de\/produkt\/aa\/#primaryimage"},"image":{"@id":"https:\/\/www.votex-bison.com\/de\/produkt\/aa\/#primaryimage"},"thumbnailUrl":"https:\/\/www.votex-bison.com\/wp-content\/uploads\/2018\/02\/IMG-20171020-WA0022.jpg","datePublished":"2017-02-21T12:12:44+00:00","dateModified":"2019-11-27T16:30:39+00:00","description":"Der automatische Niveauausgleich \u00fcber die Lastr\u00e4der und Antriebsr\u00e4dern (Antriebseinheiten sind montiert in eine Spezielle Wippe Konstruktion) und erlaubt perfekte Bodenanpassung aller 6 R\u00e4der, auch auf unebenen B\u00f6den.","breadcrumb":{"@id":"https:\/\/www.votex-bison.com\/de\/produkt\/aa\/#breadcrumb"},"inLanguage":"de","potentialAction":[{"@type":"ReadAction","target":["https:\/\/www.votex-bison.com\/de\/produkt\/aa\/"]}]},{"@type":"ImageObject","inLanguage":"de","@id":"https:\/\/www.votex-bison.com\/de\/produkt\/aa\/#primaryimage","url":"https:\/\/www.votex-bison.com\/wp-content\/uploads\/2018\/02\/IMG-20171020-WA0022.jpg","contentUrl":"https:\/\/www.votex-bison.com\/wp-content\/uploads\/2018\/02\/IMG-20171020-WA0022.jpg","width":1280,"height":960},{"@type":"BreadcrumbList","@id":"https:\/\/www.votex-bison.com\/de\/produkt\/aa\/#breadcrumb","itemListElement":[{"@type":"ListItem","position":1,"name":"Home","item":"https:\/\/www.votex-bison.com\/de\/"},{"@type":"ListItem","position":2,"name":"Producten","item":"https:\/\/www.votex-bison.com\/de\/producten\/"},{"@type":"ListItem","position":3,"name":"AA"}]},{"@type":"WebSite","@id":"https:\/\/www.votex-bison.com\/#website","url":"https:\/\/www.votex-bison.com\/","name":"Votex Bison","description":"The power of perfection","publisher":{"@id":"https:\/\/www.votex-bison.com\/#organization"},"potentialAction":[{"@type":"SearchAction","target":{"@type":"EntryPoint","urlTemplate":"https:\/\/www.votex-bison.com\/?s={search_term_string}"},"query-input":{"@type":"PropertyValueSpecification","valueRequired":true,"valueName":"search_term_string"}}],"inLanguage":"de"},{"@type":"Organization","@id":"https:\/\/www.votex-bison.com\/#organization","name":"Votex Bison","url":"https:\/\/www.votex-bison.com\/","logo":{"@type":"ImageObject","inLanguage":"de","@id":"https:\/\/www.votex-bison.com\/#\/schema\/logo\/image\/","url":"https:\/\/comvote-eveyikli.savviihq.com\/wp-content\/uploads\/2017\/02\/logo-votex-bison.jpg","contentUrl":"https:\/\/comvote-eveyikli.savviihq.com\/wp-content\/uploads\/2017\/02\/logo-votex-bison.jpg","width":352,"height":144,"caption":"Votex Bison"},"image":{"@id":"https:\/\/www.votex-bison.com\/#\/schema\/logo\/image\/"},"sameAs":["https:\/\/www.facebook.com\/votexbison\/","https:\/\/x.com\/votexbison","https:\/\/www.linkedin.com\/company\/votex-bison-material-handling-b-v-","https:\/\/www.youtube.com\/user\/VotexBison"]}]}},"_links":{"self":[{"href":"https:\/\/www.votex-bison.com\/de\/wp-json\/wp\/v2\/product\/887","targetHints":{"allow":["GET"]}}],"collection":[{"href":"https:\/\/www.votex-bison.com\/de\/wp-json\/wp\/v2\/product"}],"about":[{"href":"https:\/\/www.votex-bison.com\/de\/wp-json\/wp\/v2\/types\/product"}],"replies":[{"embeddable":true,"href":"https:\/\/www.votex-bison.com\/de\/wp-json\/wp\/v2\/comments?post=887"}],"wp:featuredmedia":[{"embeddable":true,"href":"https:\/\/www.votex-bison.com\/de\/wp-json\/wp\/v2\/media\/2819"}],"wp:attachment":[{"href":"https:\/\/www.votex-bison.com\/de\/wp-json\/wp\/v2\/media?parent=887"}],"wp:term":[{"taxonomy":"product_brand","embeddable":true,"href":"https:\/\/www.votex-bison.com\/de\/wp-json\/wp\/v2\/product_brand?post=887"},{"taxonomy":"product_cat","embeddable":true,"href":"https:\/\/www.votex-bison.com\/de\/wp-json\/wp\/v2\/product_cat?post=887"},{"taxonomy":"product_tag","embeddable":true,"href":"https:\/\/www.votex-bison.com\/de\/wp-json\/wp\/v2\/product_tag?post=887"}],"curies":[{"name":"wp","href":"https:\/\/api.w.org\/{rel}","templated":true}]}}