{"id":902,"date":"2017-02-21T10:48:17","date_gmt":"2017-02-21T12:56:12","guid":{"rendered":"https:\/\/comvote-eveyikli.savviihq.com\/?post_type=product&#038;p=902"},"modified":"2020-04-14T14:41:25","modified_gmt":"2020-04-14T12:41:25","slug":"egh","status":"publish","type":"product","link":"https:\/\/www.votex-bison.com\/de\/produkt\/egh\/","title":{"rendered":"EGH 5T bis 30T"},"content":{"rendered":"","protected":false},"excerpt":{"rendered":"<p><b>Fahrzeug:<\/b><br \/>\nDas Fahrzeug besteht aus einer massiven Schwei\u00dfkonstruktion<br \/>\nIn Kompaktbauweise oder mit geteilter Karoserie mit Herzbolzenverbindung<br \/>\nJe nach Ger\u00e4t, mit angeflanschtem Getriebemotor bzw. Motoren, Hubvorrichtung Typabh\u00e4ngig, Kippschutzvorrichtung und Batteriebeh\u00e4lter.<\/p>\n<p><b>Lenkung:<\/b><br \/>\nDie Deichsel mit integriertem Fahrschalter Vorw\u00e4rts\/R\u00fcckw\u00e4rts, mit Lenk\u00fcnterstuzung, Anlaufsicherheitsschalter, Totmann- Sicherheitsschalter (NOT\/AUS), Deichsel in Endstellung mit Magnetbremse gekoppelt.<\/p>\n<p><b>Fahrantrieb:<\/b><br \/>\nGetriebe mit senkrecht stehendem AC-Motor bzw. Motoren Typen abh\u00e4ngig.<br \/>\nMikroprozessor gesteuert, hoher Wirkungsgrad mit exzellentem Energiehaushalt. Starke und Stufenlose Beschleunigung. Schneller Fahrrichtungswechsel ohne die sonst \u00fcbliche \u201eGedenksekunde\u201c<br \/>\nWartungsfreier Antriebsmotor bzw. Motore ohne Kohleb\u00fcrsten<\/p>\n<p><b>Herstellung:<\/b><br \/>\nNach Euronorm \/ CE- Anforderungen \/ UVV- Vorschriften und DIN. Die Ausstattung der Stapler ZH1 &#8211; 361 oder obiger Vorschriften entbindet den Betreiber der Regalanlage nicht von seiner Verpflichtung geeignete Ma\u00dfnahmen zur Sicherung der Verkehrswege zu treffen und von der zust\u00e4ndigen Berufsgenossenschaft genehmigen zu lassen.<\/p>\n<p>&nbsp;<\/p>\n<p>&nbsp;<\/p>\n<p>&nbsp;<\/p>\n","protected":false},"featured_media":5406,"comment_status":"closed","ping_status":"closed","template":"","meta":[],"product_brand":[],"product_cat":[104],"product_tag":[],"class_list":{"0":"post-902","1":"product","2":"type-product","3":"status-publish","4":"has-post-thumbnail","6":"product_cat-elektro-hub-wagen-deichselgefuehrtes-elektro-geraete","8":"first","9":"instock","10":"shipping-taxable","11":"product-type-simple"},"yoast_head":"<!-- This site is optimized with the Yoast SEO plugin v27.5 - https:\/\/yoast.com\/product\/yoast-seo-wordpress\/ -->\n<title>EGH 5T bis 30T - Votex Bison<\/title>\n<meta name=\"description\" content=\"EGH 5T bis 30T - Votex Bison De Votex Bison pallettrucks transporteren veilig en zeker ultra zware lasten van 5 tot 30 ton.\" \/>\n<meta name=\"robots\" content=\"index, follow, max-snippet:-1, max-image-preview:large, max-video-preview:-1\" \/>\n<link rel=\"canonical\" href=\"https:\/\/www.votex-bison.com\/de\/produkt\/egh\/\" \/>\n<meta property=\"og:locale\" content=\"de_DE\" \/>\n<meta property=\"og:type\" content=\"article\" \/>\n<meta property=\"og:title\" content=\"EGH 5T bis 30T - Votex Bison\" \/>\n<meta property=\"og:description\" content=\"EGH 5T bis 30T - Votex Bison De Votex Bison pallettrucks transporteren veilig en zeker ultra zware lasten van 5 tot 30 ton.\" \/>\n<meta property=\"og:url\" content=\"https:\/\/www.votex-bison.com\/de\/produkt\/egh\/\" \/>\n<meta property=\"og:site_name\" content=\"Votex Bison\" \/>\n<meta property=\"article:publisher\" content=\"https:\/\/www.facebook.com\/votexbison\/\" \/>\n<meta property=\"article:modified_time\" content=\"2020-04-14T12:41:25+00:00\" \/>\n<meta property=\"og:image\" content=\"https:\/\/www.votex-bison.com\/wp-content\/uploads\/2017\/02\/Votex-Bison-EGH15T-48V.jpg\" \/>\n\t<meta property=\"og:image:width\" content=\"2048\" \/>\n\t<meta property=\"og:image:height\" content=\"1187\" \/>\n\t<meta property=\"og:image:type\" content=\"image\/jpeg\" \/>\n<meta name=\"twitter:card\" content=\"summary_large_image\" \/>\n<meta name=\"twitter:site\" content=\"@votexbison\" \/>\n<script type=\"application\/ld+json\" class=\"yoast-schema-graph\">{\"@context\":\"https:\\\/\\\/schema.org\",\"@graph\":[{\"@type\":\"WebPage\",\"@id\":\"https:\\\/\\\/www.votex-bison.com\\\/de\\\/produkt\\\/egh\\\/\",\"url\":\"https:\\\/\\\/www.votex-bison.com\\\/de\\\/produkt\\\/egh\\\/\",\"name\":\"EGH 5T bis 30T - Votex Bison\",\"isPartOf\":{\"@id\":\"https:\\\/\\\/www.votex-bison.com\\\/#website\"},\"primaryImageOfPage\":{\"@id\":\"https:\\\/\\\/www.votex-bison.com\\\/de\\\/produkt\\\/egh\\\/#primaryimage\"},\"image\":{\"@id\":\"https:\\\/\\\/www.votex-bison.com\\\/de\\\/produkt\\\/egh\\\/#primaryimage\"},\"thumbnailUrl\":\"https:\\\/\\\/www.votex-bison.com\\\/wp-content\\\/uploads\\\/2017\\\/02\\\/Votex-Bison-EGH15T-48V.jpg\",\"datePublished\":\"2017-02-21T12:56:12+00:00\",\"dateModified\":\"2020-04-14T12:41:25+00:00\",\"description\":\"EGH 5T bis 30T - Votex Bison De Votex Bison pallettrucks transporteren veilig en zeker ultra zware lasten van 5 tot 30 ton.\",\"breadcrumb\":{\"@id\":\"https:\\\/\\\/www.votex-bison.com\\\/de\\\/produkt\\\/egh\\\/#breadcrumb\"},\"inLanguage\":\"de\",\"potentialAction\":[{\"@type\":\"ReadAction\",\"target\":[\"https:\\\/\\\/www.votex-bison.com\\\/de\\\/produkt\\\/egh\\\/\"]}]},{\"@type\":\"ImageObject\",\"inLanguage\":\"de\",\"@id\":\"https:\\\/\\\/www.votex-bison.com\\\/de\\\/produkt\\\/egh\\\/#primaryimage\",\"url\":\"https:\\\/\\\/www.votex-bison.com\\\/wp-content\\\/uploads\\\/2017\\\/02\\\/Votex-Bison-EGH15T-48V.jpg\",\"contentUrl\":\"https:\\\/\\\/www.votex-bison.com\\\/wp-content\\\/uploads\\\/2017\\\/02\\\/Votex-Bison-EGH15T-48V.jpg\",\"width\":2048,\"height\":1187},{\"@type\":\"BreadcrumbList\",\"@id\":\"https:\\\/\\\/www.votex-bison.com\\\/de\\\/produkt\\\/egh\\\/#breadcrumb\",\"itemListElement\":[{\"@type\":\"ListItem\",\"position\":1,\"name\":\"Home\",\"item\":\"https:\\\/\\\/www.votex-bison.com\\\/de\\\/\"},{\"@type\":\"ListItem\",\"position\":2,\"name\":\"Producten\",\"item\":\"https:\\\/\\\/www.votex-bison.com\\\/de\\\/producten\\\/\"},{\"@type\":\"ListItem\",\"position\":3,\"name\":\"EGH 5T bis 30T\"}]},{\"@type\":\"WebSite\",\"@id\":\"https:\\\/\\\/www.votex-bison.com\\\/#website\",\"url\":\"https:\\\/\\\/www.votex-bison.com\\\/\",\"name\":\"Votex Bison\",\"description\":\"The power of perfection\",\"publisher\":{\"@id\":\"https:\\\/\\\/www.votex-bison.com\\\/#organization\"},\"potentialAction\":[{\"@type\":\"SearchAction\",\"target\":{\"@type\":\"EntryPoint\",\"urlTemplate\":\"https:\\\/\\\/www.votex-bison.com\\\/?s={search_term_string}\"},\"query-input\":{\"@type\":\"PropertyValueSpecification\",\"valueRequired\":true,\"valueName\":\"search_term_string\"}}],\"inLanguage\":\"de\"},{\"@type\":\"Organization\",\"@id\":\"https:\\\/\\\/www.votex-bison.com\\\/#organization\",\"name\":\"Votex Bison\",\"url\":\"https:\\\/\\\/www.votex-bison.com\\\/\",\"logo\":{\"@type\":\"ImageObject\",\"inLanguage\":\"de\",\"@id\":\"https:\\\/\\\/www.votex-bison.com\\\/#\\\/schema\\\/logo\\\/image\\\/\",\"url\":\"https:\\\/\\\/comvote-eveyikli.savviihq.com\\\/wp-content\\\/uploads\\\/2017\\\/02\\\/logo-votex-bison.jpg\",\"contentUrl\":\"https:\\\/\\\/comvote-eveyikli.savviihq.com\\\/wp-content\\\/uploads\\\/2017\\\/02\\\/logo-votex-bison.jpg\",\"width\":352,\"height\":144,\"caption\":\"Votex Bison\"},\"image\":{\"@id\":\"https:\\\/\\\/www.votex-bison.com\\\/#\\\/schema\\\/logo\\\/image\\\/\"},\"sameAs\":[\"https:\\\/\\\/www.facebook.com\\\/votexbison\\\/\",\"https:\\\/\\\/x.com\\\/votexbison\",\"https:\\\/\\\/www.linkedin.com\\\/company\\\/votex-bison-material-handling-b-v-\",\"https:\\\/\\\/www.youtube.com\\\/user\\\/VotexBison\"]}]}<\/script>\n<!-- \/ Yoast SEO plugin. -->","yoast_head_json":{"title":"EGH 5T bis 30T - Votex Bison","description":"EGH 5T bis 30T - Votex Bison De Votex Bison pallettrucks transporteren veilig en zeker ultra zware lasten van 5 tot 30 ton.","robots":{"index":"index","follow":"follow","max-snippet":"max-snippet:-1","max-image-preview":"max-image-preview:large","max-video-preview":"max-video-preview:-1"},"canonical":"https:\/\/www.votex-bison.com\/de\/produkt\/egh\/","og_locale":"de_DE","og_type":"article","og_title":"EGH 5T bis 30T - Votex Bison","og_description":"EGH 5T bis 30T - Votex Bison De Votex Bison pallettrucks transporteren veilig en zeker ultra zware lasten van 5 tot 30 ton.","og_url":"https:\/\/www.votex-bison.com\/de\/produkt\/egh\/","og_site_name":"Votex Bison","article_publisher":"https:\/\/www.facebook.com\/votexbison\/","article_modified_time":"2020-04-14T12:41:25+00:00","og_image":[{"width":2048,"height":1187,"url":"https:\/\/www.votex-bison.com\/wp-content\/uploads\/2017\/02\/Votex-Bison-EGH15T-48V.jpg","type":"image\/jpeg"}],"twitter_card":"summary_large_image","twitter_site":"@votexbison","schema":{"@context":"https:\/\/schema.org","@graph":[{"@type":"WebPage","@id":"https:\/\/www.votex-bison.com\/de\/produkt\/egh\/","url":"https:\/\/www.votex-bison.com\/de\/produkt\/egh\/","name":"EGH 5T bis 30T - Votex Bison","isPartOf":{"@id":"https:\/\/www.votex-bison.com\/#website"},"primaryImageOfPage":{"@id":"https:\/\/www.votex-bison.com\/de\/produkt\/egh\/#primaryimage"},"image":{"@id":"https:\/\/www.votex-bison.com\/de\/produkt\/egh\/#primaryimage"},"thumbnailUrl":"https:\/\/www.votex-bison.com\/wp-content\/uploads\/2017\/02\/Votex-Bison-EGH15T-48V.jpg","datePublished":"2017-02-21T12:56:12+00:00","dateModified":"2020-04-14T12:41:25+00:00","description":"EGH 5T bis 30T - Votex Bison De Votex Bison pallettrucks transporteren veilig en zeker ultra zware lasten van 5 tot 30 ton.","breadcrumb":{"@id":"https:\/\/www.votex-bison.com\/de\/produkt\/egh\/#breadcrumb"},"inLanguage":"de","potentialAction":[{"@type":"ReadAction","target":["https:\/\/www.votex-bison.com\/de\/produkt\/egh\/"]}]},{"@type":"ImageObject","inLanguage":"de","@id":"https:\/\/www.votex-bison.com\/de\/produkt\/egh\/#primaryimage","url":"https:\/\/www.votex-bison.com\/wp-content\/uploads\/2017\/02\/Votex-Bison-EGH15T-48V.jpg","contentUrl":"https:\/\/www.votex-bison.com\/wp-content\/uploads\/2017\/02\/Votex-Bison-EGH15T-48V.jpg","width":2048,"height":1187},{"@type":"BreadcrumbList","@id":"https:\/\/www.votex-bison.com\/de\/produkt\/egh\/#breadcrumb","itemListElement":[{"@type":"ListItem","position":1,"name":"Home","item":"https:\/\/www.votex-bison.com\/de\/"},{"@type":"ListItem","position":2,"name":"Producten","item":"https:\/\/www.votex-bison.com\/de\/producten\/"},{"@type":"ListItem","position":3,"name":"EGH 5T bis 30T"}]},{"@type":"WebSite","@id":"https:\/\/www.votex-bison.com\/#website","url":"https:\/\/www.votex-bison.com\/","name":"Votex Bison","description":"The power of perfection","publisher":{"@id":"https:\/\/www.votex-bison.com\/#organization"},"potentialAction":[{"@type":"SearchAction","target":{"@type":"EntryPoint","urlTemplate":"https:\/\/www.votex-bison.com\/?s={search_term_string}"},"query-input":{"@type":"PropertyValueSpecification","valueRequired":true,"valueName":"search_term_string"}}],"inLanguage":"de"},{"@type":"Organization","@id":"https:\/\/www.votex-bison.com\/#organization","name":"Votex Bison","url":"https:\/\/www.votex-bison.com\/","logo":{"@type":"ImageObject","inLanguage":"de","@id":"https:\/\/www.votex-bison.com\/#\/schema\/logo\/image\/","url":"https:\/\/comvote-eveyikli.savviihq.com\/wp-content\/uploads\/2017\/02\/logo-votex-bison.jpg","contentUrl":"https:\/\/comvote-eveyikli.savviihq.com\/wp-content\/uploads\/2017\/02\/logo-votex-bison.jpg","width":352,"height":144,"caption":"Votex Bison"},"image":{"@id":"https:\/\/www.votex-bison.com\/#\/schema\/logo\/image\/"},"sameAs":["https:\/\/www.facebook.com\/votexbison\/","https:\/\/x.com\/votexbison","https:\/\/www.linkedin.com\/company\/votex-bison-material-handling-b-v-","https:\/\/www.youtube.com\/user\/VotexBison"]}]}},"_links":{"self":[{"href":"https:\/\/www.votex-bison.com\/de\/wp-json\/wp\/v2\/product\/902","targetHints":{"allow":["GET"]}}],"collection":[{"href":"https:\/\/www.votex-bison.com\/de\/wp-json\/wp\/v2\/product"}],"about":[{"href":"https:\/\/www.votex-bison.com\/de\/wp-json\/wp\/v2\/types\/product"}],"replies":[{"embeddable":true,"href":"https:\/\/www.votex-bison.com\/de\/wp-json\/wp\/v2\/comments?post=902"}],"wp:featuredmedia":[{"embeddable":true,"href":"https:\/\/www.votex-bison.com\/de\/wp-json\/wp\/v2\/media\/5406"}],"wp:attachment":[{"href":"https:\/\/www.votex-bison.com\/de\/wp-json\/wp\/v2\/media?parent=902"}],"wp:term":[{"taxonomy":"product_brand","embeddable":true,"href":"https:\/\/www.votex-bison.com\/de\/wp-json\/wp\/v2\/product_brand?post=902"},{"taxonomy":"product_cat","embeddable":true,"href":"https:\/\/www.votex-bison.com\/de\/wp-json\/wp\/v2\/product_cat?post=902"},{"taxonomy":"product_tag","embeddable":true,"href":"https:\/\/www.votex-bison.com\/de\/wp-json\/wp\/v2\/product_tag?post=902"}],"curies":[{"name":"wp","href":"https:\/\/api.w.org\/{rel}","templated":true}]}}